{"id":196,"date":"2022-09-05T00:57:10","date_gmt":"2022-09-04T23:57:10","guid":{"rendered":"https:\/\/headstashseedbank.com\/?page_id=196"},"modified":"2022-09-05T00:59:45","modified_gmt":"2022-09-04T23:59:45","slug":"legal","status":"publish","type":"page","link":"https:\/\/headstashseedbank.com\/es\/legal\/","title":{"rendered":"Legal"},"content":{"rendered":"<div data-elementor-type=\"wp-page\" data-elementor-id=\"196\" class=\"elementor elementor-196\" data-elementor-post-type=\"page\">\n\t\t\t\t\t\t<section class=\"elementor-section elementor-top-section elementor-element elementor-element-9ab424a elementor-section-boxed elementor-section-height-default elementor-section-height-default\" data-id=\"9ab424a\" data-element_type=\"section\" data-settings=\"{&quot;jet_parallax_layout_list&quot;:[]}\">\n\t\t\t\t\t\t<div class=\"elementor-container elementor-column-gap-default\">\n\t\t\t\t\t<div class=\"elementor-column elementor-col-100 elementor-top-column elementor-element elementor-element-7e6e211\" data-id=\"7e6e211\" data-element_type=\"column\">\n\t\t\t<div class=\"elementor-widget-wrap elementor-element-populated\">\n\t\t\t\t\t\t<div class=\"elementor-element elementor-element-92a18ab elementor-widget elementor-widget-heading\" data-id=\"92a18ab\" data-element_type=\"widget\" data-widget_type=\"heading.default\">\n\t\t\t\t<div class=\"elementor-widget-container\">\n\t\t\t\t\t<h2 class=\"elementor-heading-title elementor-size-default\">Aviso Legal HeadStash BCN<\/h2>\t\t\t\t<\/div>\n\t\t\t\t<\/div>\n\t\t\t\t<div class=\"elementor-element elementor-element-1e3e640 elementor-widget elementor-widget-text-editor\" data-id=\"1e3e640\" data-element_type=\"widget\" data-widget_type=\"text-editor.default\">\n\t\t\t\t<div class=\"elementor-widget-container\">\n\t\t\t\t\t\t\t\t\t<p><span style=\"font-size: 15px;\">Las semillas no son variedades comerciales y no est\u00e1n destinadas a cultivos agr\u00edcolas. Se trata de variedades de aficionado seg\u00fan la Ley 30\/2006, de 26 de julio, de semillas y plantas de vivero y de recursos fitogen\u00e9ticos. Las semillas se venden para uso personal de mayores de 18 a\u00f1os exclusivamente. Comercializamos las semillas de cannabis, como art\u00edculos destinados al coleccionismo o la preservaci\u00f3n gen\u00e9tica, con la restricci\u00f3n espec\u00edfica de que no sean utilizados para fines que contravengan la normativa.<\/span><\/p><p>Las semillas de cannabis no est\u00e1n fiscalizadas por la Convenci\u00f3n \u00danica de 1961 sobre Estupefacientes, firmada en Nueva York el 30 de marzo de 1961, modificada por el Protocolo de Ginebra del 25 de marzo de 1972 y ratificada por el Estado espa\u00f1ol.<\/p><p>La Convenci\u00f3n \u00danica establece qu\u00e9 parte o partes de la planta de Cannabis Sativa L. est\u00e1n fiscalizadas; las sumidades, floridas o con fruto, de la planta de cannabis, as\u00ed como la resina obtenida de la planta de cannabis, pero excluye expresamente las semillas. Las semillas quedan excluidas del concepto legal de cannabis y no se incluyen en sus Listas Anexas.<\/p><p>Las semillas de la planta de Cannabis Sativa L. carecen del principio activo Delta-9 tetrahidrocannabinol (THC).<\/p><p>Por lo tanto, de acuerdo con la Convenci\u00f3n \u00danica, las semillas de la planta de cannabis no est\u00e1n fiscalizadas ni pueden calificarse como estupefacientes.<\/p><p>En Espa\u00f1a, la venta, posesi\u00f3n y cultivo para uso personal de semillas de cannabis no constituye delito. El C\u00f3digo Penal espa\u00f1ol tipifica como delito el cultivo de cannabis con el fin de promover, favorecer o facilitar su consumo por terceros.<\/p><p>Las legislaciones nacionales de aplicaci\u00f3n a las semillas de cannabis difieren mucho entre diferentes pa\u00edses. En algunos, la germinaci\u00f3n y cultivo de cannabis para uso personal, e incluso la mera posesi\u00f3n de las semillas, puede ser constitutivo de infracci\u00f3n penal. HeadstashBCN no quiere inducir a nadie a que infrinja la ley vigente en cualquier pa\u00eds.<\/p><p>Por esta raz\u00f3n, rogamos a los compradores no residentes en Espa\u00f1a que se informen acerca de la legislaci\u00f3n local aplicable. HeadstashBCN anima a sus clientes a actuar con responsabilidad y declina cualquier responsabilidad por los posibles problemas legales que puedan derivarse para los compradores, y no realizar\u00e1 reembolsos por semillas incautadas o rechazadas por los transportistas o las aduanas en el cumplimiento de su deber.<\/p>\t\t\t\t\t\t\t\t<\/div>\n\t\t\t\t<\/div>\n\t\t\t\t<div class=\"elementor-element elementor-element-36b9348 elementor-widget elementor-widget-heading\" data-id=\"36b9348\" data-element_type=\"widget\" data-widget_type=\"heading.default\">\n\t\t\t\t<div class=\"elementor-widget-container\">\n\t\t\t\t\t<h2 class=\"elementor-heading-title elementor-size-default\">Aviso legal HeadStash BCN<\/h2>\t\t\t\t<\/div>\n\t\t\t\t<\/div>\n\t\t\t\t<div class=\"elementor-element elementor-element-a6f3864 elementor-widget elementor-widget-text-editor\" data-id=\"a6f3864\" data-element_type=\"widget\" data-widget_type=\"text-editor.default\">\n\t\t\t\t<div class=\"elementor-widget-container\">\n\t\t\t\t\t\t\t\t\t<p><span style=\"font-size: 15px;\">Las semillas no son variedades comerciales y no est\u00e1n destinadas a cultivos agr\u00edcolas. Son variedades de aficionado seg\u00fan la Ley 30\/2006, de 26 de julio, de semillas y plantas de vivero y de recursos fitogen\u00e9ticos. Las semillas se venden \u00fanicamente para uso personal de mayores de 18 a\u00f1os. Comercializamos semillas de cannabis como art\u00edculos destinados al coleccionismo o a la conservaci\u00f3n gen\u00e9tica, con la restricci\u00f3n espec\u00edfica de que no se utilicen para fines que infrinjan la normativa.<\/span><\/p><p>Las semillas de cannabis no est\u00e1n controladas por la Convenci\u00f3n \u00danica de 1961 sobre Estupefacientes, firmada en Nueva York el 30 de marzo de 1961, modificada por el Protocolo de Ginebra de 25 de marzo de 1972 y ratificada por el Estado espa\u00f1ol.<\/p><p>La Convenci\u00f3n \u00danica establece qu\u00e9 parte o partes de la planta Cannabis Sativa L. est\u00e1n controladas; las sumidades floridas o fruct\u00edferas de la planta de cannabis, as\u00ed como la resina obtenida de la planta de cannabis, pero excluye expresamente las semillas. Las semillas quedan excluidas del concepto legal de cannabis y no se incluyen en sus Listas Anexas.<\/p><p>Las semillas de la planta de Cannabis carecen del principio activo Delta-9 tetrahidrocannabinol (THC).<\/p><p>Por lo tanto, seg\u00fan la Convenci\u00f3n \u00danica, las semillas de la planta de cannabis no est\u00e1n controladas y no pueden clasificarse como estupefacientes.<\/p><p>En Espa\u00f1a, la venta, posesi\u00f3n y cultivo de semillas de cannabis para uso personal no constituye delito. El C\u00f3digo Penal espa\u00f1ol tipifica como delito el cultivo de cannabis para promover, favorecer o facilitar su consumo por terceros.<\/p><p>La legislaci\u00f3n nacional aplicable a las semillas de cannabis difiere enormemente entre los distintos pa\u00edses. En algunos, la germinaci\u00f3n y el cultivo de cannabis para uso personal, e incluso la mera posesi\u00f3n de las semillas, pueden constituir un delito penal. HeadstashBCN no quiere inducir a nadie a infringir la legislaci\u00f3n vigente en ning\u00fan pa\u00eds.<\/p><p>Por este motivo, rogamos a los compradores no residentes en Espa\u00f1a que se informen sobre la legislaci\u00f3n local aplicable. HeadstashBCN anima a sus clientes a actuar con responsabilidad y declina toda responsabilidad por posibles problemas legales de los compradores, y no realizar\u00e1 reembolsos por semillas incautadas o rechazadas por transportistas o aduanas en el cumplimiento de su deber.<\/p>\t\t\t\t\t\t\t\t<\/div>\n\t\t\t\t<\/div>\n\t\t\t\t\t<\/div>\n\t\t<\/div>\n\t\t\t\t\t<\/div>\n\t\t<\/section>\n\t\t\t\t<\/div>","protected":false},"excerpt":{"rendered":"<p>Aviso Legal HeadStash BCN Las semillas no son variedades comerciales y no est\u00e1n destinadas a cultivos agr\u00edcolas. Se trata de variedades de aficionado seg\u00fan la Ley 30\/2006, de 26 de julio, de semillas y plantas de vivero y de recursos fitogen\u00e9ticos. Las semillas se venden para uso personal de mayores de 18 a\u00f1os exclusivamente. Comercializamos [...]<\/p>","protected":false},"author":1,"featured_media":0,"parent":0,"menu_order":0,"comment_status":"closed","ping_status":"closed","template":"","meta":{"footnotes":""},"class_list":["post-196","page","type-page","status-publish","hentry","entry","owp-thumbs-layout-horizontal","owp-btn-normal","owp-tabs-layout-horizontal","has-no-thumbnails","has-product-nav"],"yoast_head":"<!-- This site is optimized with the Yoast SEO plugin v26.1 - https:\/\/yoast.com\/wordpress\/plugins\/seo\/ -->\n<title>Legal - HeadStash SeedBank<\/title>\n<meta name=\"robots\" content=\"index, follow, max-snippet:-1, max-image-preview:large, max-video-preview:-1\" \/>\n<link rel=\"canonical\" href=\"https:\/\/headstashseedbank.com\/es\/legal\/\" \/>\n<meta property=\"og:locale\" content=\"es_ES\" \/>\n<meta property=\"og:type\" content=\"article\" \/>\n<meta property=\"og:title\" content=\"Legal - HeadStash SeedBank\" \/>\n<meta property=\"og:description\" content=\"Aviso Legal HeadStash BCN Las semillas no son variedades comerciales y no est\u00e1n destinadas a cultivos agr\u00edcolas. Se trata de variedades de aficionado seg\u00fan la Ley 30\/2006, de 26 de julio, de semillas y plantas de vivero y de recursos fitogen\u00e9ticos. Las semillas se venden para uso personal de mayores de 18 a\u00f1os exclusivamente. Comercializamos [&hellip;]\" \/>\n<meta property=\"og:url\" content=\"https:\/\/headstashseedbank.com\/es\/legal\/\" \/>\n<meta property=\"og:site_name\" content=\"HeadStash SeedBank\" \/>\n<meta property=\"article:modified_time\" content=\"2022-09-04T23:59:45+00:00\" \/>\n<meta name=\"twitter:card\" content=\"summary_large_image\" \/>\n<meta name=\"twitter:label1\" content=\"Tiempo de lectura\" \/>\n\t<meta name=\"twitter:data1\" content=\"4 minutos\" \/>\n<script type=\"application\/ld+json\" class=\"yoast-schema-graph\">{\"@context\":\"https:\/\/schema.org\",\"@graph\":[{\"@type\":\"WebPage\",\"@id\":\"https:\/\/headstashseedbank.com\/legal\/\",\"url\":\"https:\/\/headstashseedbank.com\/legal\/\",\"name\":\"Legal - HeadStash SeedBank\",\"isPartOf\":{\"@id\":\"https:\/\/headstashseedbank.com\/#website\"},\"datePublished\":\"2022-09-04T23:57:10+00:00\",\"dateModified\":\"2022-09-04T23:59:45+00:00\",\"breadcrumb\":{\"@id\":\"https:\/\/headstashseedbank.com\/legal\/#breadcrumb\"},\"inLanguage\":\"es\",\"potentialAction\":[{\"@type\":\"ReadAction\",\"target\":[\"https:\/\/headstashseedbank.com\/legal\/\"]}]},{\"@type\":\"BreadcrumbList\",\"@id\":\"https:\/\/headstashseedbank.com\/legal\/#breadcrumb\",\"itemListElement\":[{\"@type\":\"ListItem\",\"position\":1,\"name\":\"Home\",\"item\":\"https:\/\/headstashseedbank.com\/\"},{\"@type\":\"ListItem\",\"position\":2,\"name\":\"Legal\"}]},{\"@type\":\"WebSite\",\"@id\":\"https:\/\/headstashseedbank.com\/#website\",\"url\":\"https:\/\/headstashseedbank.com\/\",\"name\":\"HeadStash BCN Seed Bank Page\",\"description\":\"\",\"publisher\":{\"@id\":\"https:\/\/headstashseedbank.com\/#organization\"},\"potentialAction\":[{\"@type\":\"SearchAction\",\"target\":{\"@type\":\"EntryPoint\",\"urlTemplate\":\"https:\/\/headstashseedbank.com\/?s={search_term_string}\"},\"query-input\":{\"@type\":\"PropertyValueSpecification\",\"valueRequired\":true,\"valueName\":\"search_term_string\"}}],\"inLanguage\":\"es\"},{\"@type\":\"Organization\",\"@id\":\"https:\/\/headstashseedbank.com\/#organization\",\"name\":\"HeadStash BCN\",\"url\":\"https:\/\/headstashseedbank.com\/\",\"logo\":{\"@type\":\"ImageObject\",\"inLanguage\":\"es\",\"@id\":\"https:\/\/headstashseedbank.com\/#\/schema\/logo\/image\/\",\"url\":\"https:\/\/headstashseedbank.com\/wp-content\/uploads\/2022\/09\/cropped-Head-Stash-SB-Logo.png\",\"contentUrl\":\"https:\/\/headstashseedbank.com\/wp-content\/uploads\/2022\/09\/cropped-Head-Stash-SB-Logo.png\",\"width\":512,\"height\":512,\"caption\":\"HeadStash BCN\"},\"image\":{\"@id\":\"https:\/\/headstashseedbank.com\/#\/schema\/logo\/image\/\"}}]}<\/script>\n<!-- \/ Yoast SEO plugin. -->","yoast_head_json":{"title":"Legal - HeadStash SeedBank","robots":{"index":"index","follow":"follow","max-snippet":"max-snippet:-1","max-image-preview":"max-image-preview:large","max-video-preview":"max-video-preview:-1"},"canonical":"https:\/\/headstashseedbank.com\/es\/legal\/","og_locale":"es_ES","og_type":"article","og_title":"Legal - HeadStash SeedBank","og_description":"Aviso Legal HeadStash BCN Las semillas no son variedades comerciales y no est\u00e1n destinadas a cultivos agr\u00edcolas. Se trata de variedades de aficionado seg\u00fan la Ley 30\/2006, de 26 de julio, de semillas y plantas de vivero y de recursos fitogen\u00e9ticos. Las semillas se venden para uso personal de mayores de 18 a\u00f1os exclusivamente. Comercializamos [&hellip;]","og_url":"https:\/\/headstashseedbank.com\/es\/legal\/","og_site_name":"HeadStash SeedBank","article_modified_time":"2022-09-04T23:59:45+00:00","twitter_card":"summary_large_image","twitter_misc":{"Tiempo de lectura":"4 minutos"},"schema":{"@context":"https:\/\/schema.org","@graph":[{"@type":"WebPage","@id":"https:\/\/headstashseedbank.com\/legal\/","url":"https:\/\/headstashseedbank.com\/legal\/","name":"Legal - HeadStash SeedBank","isPartOf":{"@id":"https:\/\/headstashseedbank.com\/#website"},"datePublished":"2022-09-04T23:57:10+00:00","dateModified":"2022-09-04T23:59:45+00:00","breadcrumb":{"@id":"https:\/\/headstashseedbank.com\/legal\/#breadcrumb"},"inLanguage":"es","potentialAction":[{"@type":"ReadAction","target":["https:\/\/headstashseedbank.com\/legal\/"]}]},{"@type":"BreadcrumbList","@id":"https:\/\/headstashseedbank.com\/legal\/#breadcrumb","itemListElement":[{"@type":"ListItem","position":1,"name":"Home","item":"https:\/\/headstashseedbank.com\/"},{"@type":"ListItem","position":2,"name":"Legal"}]},{"@type":"WebSite","@id":"https:\/\/headstashseedbank.com\/#website","url":"https:\/\/headstashseedbank.com\/","name":"HeadStash BCN Seed Bank Page","description":"","publisher":{"@id":"https:\/\/headstashseedbank.com\/#organization"},"potentialAction":[{"@type":"SearchAction","target":{"@type":"EntryPoint","urlTemplate":"https:\/\/headstashseedbank.com\/?s={search_term_string}"},"query-input":{"@type":"PropertyValueSpecification","valueRequired":true,"valueName":"search_term_string"}}],"inLanguage":"es"},{"@type":"Organization","@id":"https:\/\/headstashseedbank.com\/#organization","name":"HeadStash BCN","url":"https:\/\/headstashseedbank.com\/","logo":{"@type":"ImageObject","inLanguage":"es","@id":"https:\/\/headstashseedbank.com\/#\/schema\/logo\/image\/","url":"https:\/\/headstashseedbank.com\/wp-content\/uploads\/2022\/09\/cropped-Head-Stash-SB-Logo.png","contentUrl":"https:\/\/headstashseedbank.com\/wp-content\/uploads\/2022\/09\/cropped-Head-Stash-SB-Logo.png","width":512,"height":512,"caption":"HeadStash BCN"},"image":{"@id":"https:\/\/headstashseedbank.com\/#\/schema\/logo\/image\/"}}]}},"_links":{"self":[{"href":"https:\/\/headstashseedbank.com\/es\/wp-json\/wp\/v2\/pages\/196","targetHints":{"allow":["GET"]}}],"collection":[{"href":"https:\/\/headstashseedbank.com\/es\/wp-json\/wp\/v2\/pages"}],"about":[{"href":"https:\/\/headstashseedbank.com\/es\/wp-json\/wp\/v2\/types\/page"}],"author":[{"embeddable":true,"href":"https:\/\/headstashseedbank.com\/es\/wp-json\/wp\/v2\/users\/1"}],"replies":[{"embeddable":true,"href":"https:\/\/headstashseedbank.com\/es\/wp-json\/wp\/v2\/comments?post=196"}],"version-history":[{"count":4,"href":"https:\/\/headstashseedbank.com\/es\/wp-json\/wp\/v2\/pages\/196\/revisions"}],"predecessor-version":[{"id":200,"href":"https:\/\/headstashseedbank.com\/es\/wp-json\/wp\/v2\/pages\/196\/revisions\/200"}],"wp:attachment":[{"href":"https:\/\/headstashseedbank.com\/es\/wp-json\/wp\/v2\/media?parent=196"}],"curies":[{"name":"wp","href":"https:\/\/api.w.org\/{rel}","templated":true}]}}