{"id":205,"date":"2022-09-05T01:05:08","date_gmt":"2022-09-05T00:05:08","guid":{"rendered":"https:\/\/headstashseedbank.com\/?page_id=205"},"modified":"2022-09-05T01:08:48","modified_gmt":"2022-09-05T00:08:48","slug":"shipping-returns","status":"publish","type":"page","link":"https:\/\/headstashseedbank.com\/es\/shipping-returns\/","title":{"rendered":"Env\u00edos y devoluciones"},"content":{"rendered":"<div data-elementor-type=\"wp-page\" data-elementor-id=\"205\" class=\"elementor elementor-205\" data-elementor-post-type=\"page\">\n\t\t\t\t\t\t<section class=\"elementor-section elementor-top-section elementor-element elementor-element-73b857e elementor-section-boxed elementor-section-height-default elementor-section-height-default\" data-id=\"73b857e\" data-element_type=\"section\" data-settings=\"{&quot;jet_parallax_layout_list&quot;:[]}\">\n\t\t\t\t\t\t<div class=\"elementor-container elementor-column-gap-default\">\n\t\t\t\t\t<div class=\"elementor-column elementor-col-100 elementor-top-column elementor-element elementor-element-dab8d47\" data-id=\"dab8d47\" data-element_type=\"column\">\n\t\t\t<div class=\"elementor-widget-wrap elementor-element-populated\">\n\t\t\t\t\t\t<div class=\"elementor-element elementor-element-93cdd09 elementor-widget elementor-widget-heading\" data-id=\"93cdd09\" data-element_type=\"widget\" data-widget_type=\"heading.default\">\n\t\t\t\t<div class=\"elementor-widget-container\">\n\t\t\t\t\t<h1 class=\"elementor-heading-title elementor-size-default\">Env\u00edos y devoluciones<\/h1>\t\t\t\t<\/div>\n\t\t\t\t<\/div>\n\t\t\t\t<div class=\"elementor-element elementor-element-c175c91 elementor-widget elementor-widget-text-editor\" data-id=\"c175c91\" data-element_type=\"widget\" data-widget_type=\"text-editor.default\">\n\t\t\t\t<div class=\"elementor-widget-container\">\n\t\t\t\t\t\t\t\t\t<p>El\u00a0<strong>gasto de env\u00edo depende del peso y tama\u00f1o del producto, y su precio cambia de acuerdo con el mismo, por lo tanto, este ser\u00e1 calculado al momento de su compra. <\/strong><\/p><p>Y para canarias y otros pa\u00edses antes consultar ya que pueden variar dependiendo de los productos.<\/p><p><strong>Env\u00edos:<\/strong><\/p><ol><li>Los productos adquiridos se entregar\u00e1n a la persona y a la direcci\u00f3n indicadas en el pedido.<\/li><li>Por defecto, las facturas se enviar\u00e1n a la direcci\u00f3n email indicada por el cliente en la hora de su alta en HeadstashBCN<\/li><li><strong>Los s\u00e1bados, domingos y fiestas no habr\u00e1 ni salida ni entrega de pedidos.<\/strong><\/li><li>No obstante, su demora no implicar\u00e1 ni anulaci\u00f3n del pedido ni indemnizaci\u00f3n alguna<\/li><\/ol><p><b>Envios de Bateria:<\/b><\/p><p>Las bater\u00edas y las celdas cumplen con el Informe de prueba de la ONU 38.3.<br \/>Las bater\u00edas y las celdas no est\u00e1n defectuosas y no est\u00e1n dise\u00f1adas para su eliminaci\u00f3n.<br \/>MSDS y UN Test Report 38.3 son obligatorios.<br \/>Las bater\u00edas deben tener un embalaje interior y exterior s\u00f3lido al llegar a un almac\u00e9n o enviarse a los clientes finales.<\/p><p>\u00a0Una vez que el pedido sale de nuestras instalaciones\u00a0<strong>pasa a ser responsable la empresa de transporte,<\/strong>\u00a0any incident already be\u00a0<strong>rotura, incidencias con paquetes, retrasos, etc.\u00a0<\/strong><\/p><p>Para env\u00edos fuera de\u00a0<u>Espa\u00f1a y Portugal, consultar y para Baleares Ceuta Melilla e Islas Canarias<\/u>\u00a0tambi\u00e9n cons\u00faltenos.<br \/>ya que las tarifas de envi\u00f3 son distintas.<\/p><p>Nosotros<strong>\u00a0no sabemos los horarios de entrega de la empresa de transporte<\/strong>,<strong>\u00a0<\/strong><strong>tampoco sabemos si llaman por tel\u00e9fono antes de realizar la entrega, cada zona es un mundo y cada repartidor es distinto.<\/strong><\/p><p><strong><u>Podemos ayudarte d\u00e1ndote el tel\u00e9fono de la oficina de la empresa de transporte y numero de expedici\u00f3n de tu pedido<\/u><\/strong>, para que te pongas en contactos con ellos y acuerdes la entrega, es lo \u00fanico que podemos hacer por tu env\u00edo.<\/p><p>2- Plazos de entrega:<\/p><p><u>Contamos con un servicio 24 Horas:\u00a0<\/u><\/p><p>Toda Espa\u00f1a Pen\u00ednsula.<\/p><p><u>Contamos con un servicio 48 Horas:<\/u><\/p><p>Islas Baleares.<\/p><p><strong>Normalmente \u00e9l envi\u00f3 son 24H en el 90% de los casos.<\/strong><\/p><p><u>Como en todas las empresas de transporte a veces no cumplen el plazo de entrega, si nos llamas podremos darte toda la informaci\u00f3n para que te pongas en contacto con ellos. Y trataremos por todos los medios de ayudarte.\u00a0<br \/>Para nosotros es una prioridad tu satisfacci\u00f3n.<\/u><\/p><p><strong>3- Pol\u00edticas de devoluciones y anulaciones<\/strong><\/p><p><strong>3-1 Devoluci\u00f3n de mercanc\u00eda:<\/strong><\/p><p>Nuestra pol\u00edtica, seg\u00fan la normativa vigente en Espa\u00f1a, es concederle cualquier derecho de devoluci\u00f3n de cualquier producto comprado en HeadstashBCN. Tiene un\u00a0<strong>plazo de 14 d\u00edas<\/strong>\u00a0desde la fecha de la recepci\u00f3n.<\/p><p>Para la devoluci\u00f3n es imprescindible que el producto tenga su embalaje original, que est\u00e9 intacto, tal y como se lo enviamos en su momento.<\/p><p>Una vez devuelto, en un plazo de 3 d\u00edas desde que lo recibamos, le podemos hacer el reembolso del dinero, o un vale descuento, como usted prefiera.\u00a0<\/p><p><u>Cuando se realiza una devoluci\u00f3n podemos encontrar estos dos casos:<\/u><\/p><p>\u00a0<\/p><ul><li>Si usted devuelve un art\u00edculo por que se ha equivocado al pedirlo, no lo quiere o no le gusta.\u00a0<strong>Usted debe hacerse cargo del gasto de env\u00edo de devoluci\u00f3n<\/strong><\/li><\/ul><ul><li>En cambio, si nosotros le hemos enviado un producto que no corresponde o defectuoso,\u00a0<strong>HeadstashBCN correr\u00e1 con los gastos de env\u00edo.<\/strong>\u00a0Y sin ninguna molestia para el cliente. D\u00e1ndole todas las facilidades para su devoluci\u00f3n, como recogerle el paquete en su domicilio etc.<\/li><\/ul><p>En los casos de que catalogue un producto como \"defectuoso\" por favor, verifique todos los productos antes de realizar su devoluci\u00f3n; los productos devueltos que funcionen correctamente se devolver\u00e1n al cliente y se realizar\u00e1 un cargo del env\u00edo de ida y vuelta al cliente.<\/p><p>\u00a0<\/p><p><strong>3.2 Condiciones de devoluci\u00f3n<\/strong><\/p><p>No nos hacemos cargo de devoluciones que no vengan correctamente embaladas, por ejemplo:<\/p><p>Si quiere devolver un producto y usted manda el producto sin embalarlo dentro de otra caja, la empresa de transporte le pegar\u00e1 una pegatina de env\u00edo y ese producto quedar\u00e1 inservible para su posterior venta.<\/p><p>Si usted manda una pieza de vidrio sin embalsarla, llegar\u00e1 rota seguro. Si nosotros nos preocupamos de que a usted le llegue correctamente, usted tambi\u00e9n si quiere devolver algo, debe preocuparse de embalsarlo para que nos llegue correctamente.<\/p><p>Adem\u00e1s de que el embalaje insuficiente el producto lo m\u00e1s probable es que sea da\u00f1ado.<\/p><p>No podemos aceptar este tipo de devoluciones.<\/p><p>No nos hacemos cargo de gastos aduaneros ni aranceles, etc. Generados por aduana.<\/p><p><strong>Garant\u00eda de semillas<\/strong><\/p><p>Las semillas de banco tienen que enviarnos las con su embalaje original, por carta certificada, su coste no es mas de 2\u20ac ya que se las tenemos que enviar al banco de semillas.<\/p><p><strong>Las semillas de marihuana se venden con fines decorativos y para coleccionismo. Headstashbcn.com no se hace responsable del uso o cultivo de estas semillas.<\/strong><\/p><p><strong>\u00a0*Ten en cuenta que no podemos aceptar devoluciones de: Semillas, Art\u00edculos desprecintados que puedan ser reproducidos o copiados (DVDs, CDs, etc), env\u00edos sin n\u00famero de incidencia en el exterior o sin su embalaje original.<\/strong><\/p><p><strong>\u00a0<\/strong><\/p><p><strong>Anulaci\u00f3n de pedido:<\/strong><\/p><p>Si la anulaci\u00f3n del pedido llega antes de la salida de mercanc\u00eda el cliente no tendr\u00e1 ning\u00fan gasto. En el caso de una anulaci\u00f3n despu\u00e9s de la salida del pedido, el cliente tendr\u00e1 a su cargo los gastos de env\u00edo, as\u00ed como los gastos de devoluci\u00f3n de este mismo pedido.<\/p><p>\u00a0<\/p><p><strong><em>Este comerciante se compromete a no permitir ninguna transacci\u00f3n que sea ilegal, o se considere por las marcas de tarjetas de cr\u00e9dito o el banco adquiriente, que pueda o tenga el potencial de da\u00f1ar la buena voluntad de estos o influir de manera negativa en ellos. Las siguientes actividades est\u00e1n prohibidas en virtud de los programas de las marcas de tarjetas: la venta u oferta de un producto o servicio que no sea de plena conformidad con todas las leyes aplicables al Comprador, Banco Emisor, Comerciante, Titular de la tarjeta, o tarjetas.<\/em><\/strong><\/p><p>\u00a0<\/p><p><strong><em>Adem\u00e1s, las siguientes actividades tambi\u00e9n est\u00e1n prohibidas expl\u00edcitamente:<\/em><\/strong><\/p><ul><li><strong><em>Vender o enviar semillas de cannabis fuera de Espa\u00f1a.<\/em><\/strong><\/li><li><strong><em>Venta de tabaco\". <\/em><\/strong><p>\u00a0<\/p><\/li><\/ul><p><strong>NO EST\u00c1 PERMITIDO VENDER O ENVIAR SEMILLAS DE CANNABIS FUERA DE ESPA\u00d1A.<\/strong><\/p><p><u><br \/><\/u><strong><u>No est\u00e1 permitida la venta y env\u00edo de semillas de cannabis a Estados Unidos y Canad\u00e1.<\/u><\/strong><\/p>\t\t\t\t\t\t\t\t<\/div>\n\t\t\t\t<\/div>\n\t\t\t\t<div class=\"elementor-element elementor-element-a5e9c89 elementor-widget elementor-widget-heading\" data-id=\"a5e9c89\" data-element_type=\"widget\" data-widget_type=\"heading.default\">\n\t\t\t\t<div class=\"elementor-widget-container\">\n\t\t\t\t\t<h1 class=\"elementor-heading-title elementor-size-default\">Env\u00edos y devoluciones<\/h1>\t\t\t\t<\/div>\n\t\t\t\t<\/div>\n\t\t\t\t<div class=\"elementor-element elementor-element-d0e1d55 elementor-widget elementor-widget-text-editor\" data-id=\"d0e1d55\" data-element_type=\"widget\" data-widget_type=\"text-editor.default\">\n\t\t\t\t<div class=\"elementor-widget-container\">\n\t\t\t\t\t\t\t\t\t<p><b>Precio<\/b><\/p><p>Los gastos de env\u00edo dependen del peso y el tama\u00f1o del producto, y su precio var\u00eda en consecuencia, por lo que se calcular\u00e1n en el momento de la compra.<\/p><p>\u00a0<\/p><p>Y para Canarias y otros pa\u00edses antes de consultar ya que pueden variar en funci\u00f3n de los productos.<\/p><p><b>Env\u00edos:<\/b><\/p><ol><li>Los productos adquiridos se entregar\u00e1n a la persona y direcci\u00f3n indicadas en el pedido.<\/li><li>Por defecto, las facturas se enviar\u00e1n a la direcci\u00f3n de correo electr\u00f3nico indicada por el cliente en el momento de registrarse en HeadstashBCN<\/li><li>Los s\u00e1bados, domingos y festivos no habr\u00e1 salida ni entrega de pedidos.<\/li><li>Sin embargo, su retraso no implicar\u00e1 ni la anulaci\u00f3n del pedido ni indemnizaci\u00f3n alguna.<\/li><\/ol><p>\u00a0Una vez que el pedido sale de nuestras instalaciones, la empresa de transporte se hace responsable de cualquier incidencia, ya sean roturas, incidencias con los paquetes, retrasos, etc.<\/p><p>Para env\u00edos fuera de Espa\u00f1a y Portugal, cons\u00faltenos y para Baleares, Ceuta, Melilla y Canarias, cons\u00faltenos tambi\u00e9n.<\/p><p>ya que las tarifas de env\u00edo son diferentes.<\/p><p>\u00a0<\/p><p>No conocemos los plazos de entrega de la empresa de transporte, ni sabemos si llaman por tel\u00e9fono antes de hacer la entrega, cada zona es diferente, y cada repartidor es diferente.<\/p><p>\u00a0<\/p><p>Podemos ayudarte facilit\u00e1ndote el tel\u00e9fono de la oficina de la empresa de transportes y el n\u00famero de env\u00edo de tu pedido, para que puedas ponerte en contacto con ellos y acordar la entrega, es lo \u00fanico que podemos hacer por tu env\u00edo.<\/p><p>\u00a0<\/p><p><b>2- Plazos de entrega:<\/b><\/p><p>Tenemos un servicio 24 horas:<\/p><p>\u00a0<\/p><p>Toda Espa\u00f1a Pen\u00ednsula.<\/p><p>\u00a0<\/p><p>Tenemos un servicio de 48 horas:<\/p><p>Islas Baleares.<\/p><p>Normalmente envi\u00f3 24 horas en 90% de los casos.<\/p><p>Como en todas las empresas de transporte a veces no cumplen el plazo de entrega, si nos llamas, te podemos dar toda la informaci\u00f3n para que te pongas en contacto con ellos. E intentaremos ayudarte.<\/p><p>Su satisfacci\u00f3n es una prioridad para nosotros.<\/p><p>\u00a0<\/p><p><b>3- Pol\u00edtica de devoluciones y anulaciones<\/b><\/p><p>\u00a0<\/p><p><b>3-1 Devoluci\u00f3n de mercanc\u00edas:<\/b><\/p><p>\u00a0<\/p><p>Nuestra pol\u00edtica, de acuerdo con la normativa vigente en Espa\u00f1a, es concederle cualquier derecho de devoluci\u00f3n de cualquier producto adquirido en HeadstashBCN. Dispones de un plazo de 14 d\u00edas desde la fecha de recepci\u00f3n.<\/p><p>Para la devoluci\u00f3n es imprescindible que el producto tenga su embalaje original, que est\u00e9 intacto, tal y como te lo enviamos en su d\u00eda.<\/p><p>\u00a0<\/p><p>Una vez devuelto, en el plazo de 3 d\u00edas desde su recepci\u00f3n, podemos reembolsarte el dinero, o un vale de descuento, como prefieras.<\/p><p>\u00a0<\/p><p>Cuando se hace una devoluci\u00f3n, podemos encontrar estos dos casos:<\/p><p>\u00a0<\/p><ul><li>Si devuelve un art\u00edculo porque lo pidi\u00f3 mal, no lo quiere o no le gusta. Deber\u00e1 correr con los gastos de env\u00edo de la devoluci\u00f3n<\/li><\/ul><ul><li>Por otro lado, si le hemos enviado un producto que no se corresponde o es defectuoso, HeadstashBCN correr\u00e1 con los gastos de env\u00edo. Y sin ninguna molestia para el cliente. D\u00e1ndole todas las facilidades para su devoluci\u00f3n, como recoger el paquete en su domicilio, etc.<\/li><\/ul><p>En los casos en los que clasifique un producto como \"defectuoso\", compruebe todos los productos antes de realizar la devoluci\u00f3n; los productos devueltos que est\u00e9n en buen estado de funcionamiento se devolver\u00e1n al cliente y se le cobrar\u00e1 un importe de env\u00edo de ida y vuelta.<\/p><p>\u00a0<\/p><p><b>3.2 Condiciones de devoluci\u00f3n<\/b><\/p><p>No nos hacemos responsables de las devoluciones que, por ejemplo, no est\u00e9n correctamente embaladas:<\/p><p>Si quiere devolver un producto y lo env\u00eda sin embalar en otra caja, la empresa de transporte le pegar\u00e1 una etiqueta de env\u00edo y ese producto quedar\u00e1 inutilizado para su posterior venta.<\/p><p>Si env\u00edas un trozo de cristal sin embalar, seguro que llega roto. Si nosotros nos encargamos de que te llegue correctamente, si quieres devolver algo, tambi\u00e9n debes preocuparte de embalarlo para que llegue correctamente.<\/p><p>Adem\u00e1s de un embalaje insuficiente, lo m\u00e1s probable es que el producto est\u00e9 da\u00f1ado.<\/p><p>No podemos aceptar este tipo de devoluciones.<\/p><p>No nos hacemos responsables de las tasas o aranceles aduaneros, etc. Generados por las aduanas.<\/p><p>\u00a0<\/p><p>garant\u00eda de semillas<\/p><p>\u00a0<\/p><p>Las semillas del banco tienen que envi\u00e1rsenos con su embalaje original, por correo certificado, su coste no es superior a 2 euros ya que tenemos que enviarlas al banco de semillas.<\/p><p>Las semillas de marihuana se venden con fines decorativos y para coleccionar. Headstashbcn.com no se hace responsable del uso o cultivo de estas semillas.<\/p><p>\u00a0*Tenga en cuenta que no podemos aceptar devoluciones de: Semillas, Art\u00edculos sin precinto que puedan ser reproducidos o copiados (DVDs, CDs, etc), env\u00edos sin n\u00famero de incidencia en el extranjero o sin su embalaje original.<\/p><p>\u00a0<\/p><p><b>Cancelar pedido:<\/b><\/p><p>Si la anulaci\u00f3n del pedido llega antes de la salida de la mercanc\u00eda, el cliente no tendr\u00e1 ning\u00fan gasto. En caso de anulaci\u00f3n despu\u00e9s de la salida del pedido, el cliente se har\u00e1 cargo de los gastos de env\u00edo, as\u00ed como de los gastos de devoluci\u00f3n de este mismo pedido.<\/p><p>\u00a0<\/p><p>Este comerciante se compromete a no permitir ninguna transacci\u00f3n que sea ilegal, o que las marcas de tarjetas de cr\u00e9dito o el banco adquirente consideren que puede o tiene el potencial de da\u00f1ar su buena voluntad o influir negativamente en ellos. Las siguientes actividades est\u00e1n prohibidas en virtud de los programas de las marcas de tarjetas: la venta u oferta de un producto o servicio que no cumpla plenamente con todas las leyes aplicables al Comprador, Banco Emisor, Comerciante, Titular de la tarjeta o tarjetas.<\/p><p>\u00a0<\/p><p>Adem\u00e1s, tambi\u00e9n se proh\u00edben expl\u00edcitamente las siguientes actividades:<\/p><ul><li>Vender o enviar semillas de cannabis fuera de Espa\u00f1a.<\/li><li>Venta de tabaco\".<\/li><\/ul><p>\u00a0<\/p><p>NO EST\u00c1 PERMITIDO VENDER O ENVIAR SEMILLAS DE CANNABIS FUERA DE ESPA\u00d1A.<\/p><p>\u00a0<\/p><p><strong>No est\u00e1 permitida la venta ni el env\u00edo de semillas de cannabis a Estados Unidos y Canad\u00e1.<\/strong><\/p>\t\t\t\t\t\t\t\t<\/div>\n\t\t\t\t<\/div>\n\t\t\t\t\t<\/div>\n\t\t<\/div>\n\t\t\t\t\t<\/div>\n\t\t<\/section>\n\t\t\t\t<\/div>","protected":false},"excerpt":{"rendered":"<p>Env\u00edos y Devoluciones El gasto de env\u00edo depende del peso y tama\u00f1o del producto, y su precio cambia de acuerdo con el mismo, por lo tanto, este ser\u00e1 calculado al momento de su compra. Y para canarias y otros pa\u00edses antes consultar ya que pueden variar dependiendo de los productos. Env\u00edos: Los productos adquiridos se entregar\u00e1n [...]<\/p>","protected":false},"author":1,"featured_media":0,"parent":0,"menu_order":0,"comment_status":"closed","ping_status":"closed","template":"","meta":{"footnotes":""},"class_list":["post-205","page","type-page","status-publish","hentry","entry","owp-thumbs-layout-horizontal","owp-btn-normal","owp-tabs-layout-horizontal","has-no-thumbnails","has-product-nav"],"yoast_head":"<!-- This site is optimized with the Yoast SEO plugin v26.1 - https:\/\/yoast.com\/wordpress\/plugins\/seo\/ -->\n<title>Shipping &amp; Returns - HeadStash SeedBank<\/title>\n<meta name=\"robots\" content=\"index, follow, max-snippet:-1, max-image-preview:large, max-video-preview:-1\" \/>\n<link rel=\"canonical\" href=\"https:\/\/headstashseedbank.com\/es\/shipping-returns\/\" \/>\n<meta property=\"og:locale\" content=\"es_ES\" \/>\n<meta property=\"og:type\" content=\"article\" \/>\n<meta property=\"og:title\" content=\"Shipping &amp; Returns - HeadStash SeedBank\" \/>\n<meta property=\"og:description\" content=\"Env\u00edos y Devoluciones El\u00a0gasto de env\u00edo depende del peso y tama\u00f1o del producto, y su precio cambia de acuerdo con el mismo, por lo tanto, este ser\u00e1 calculado al momento de su compra. Y para canarias y otros pa\u00edses antes consultar ya que pueden variar dependiendo de los productos. Env\u00edos: Los productos adquiridos se entregar\u00e1n [&hellip;]\" \/>\n<meta property=\"og:url\" content=\"https:\/\/headstashseedbank.com\/es\/shipping-returns\/\" \/>\n<meta property=\"og:site_name\" content=\"HeadStash SeedBank\" \/>\n<meta property=\"article:modified_time\" content=\"2022-09-05T00:08:48+00:00\" \/>\n<meta name=\"twitter:card\" content=\"summary_large_image\" \/>\n<meta name=\"twitter:label1\" content=\"Tiempo de lectura\" \/>\n\t<meta name=\"twitter:data1\" content=\"10 minutos\" \/>\n<script type=\"application\/ld+json\" class=\"yoast-schema-graph\">{\"@context\":\"https:\/\/schema.org\",\"@graph\":[{\"@type\":\"WebPage\",\"@id\":\"https:\/\/headstashseedbank.com\/shipping-returns\/\",\"url\":\"https:\/\/headstashseedbank.com\/shipping-returns\/\",\"name\":\"Shipping & Returns - HeadStash SeedBank\",\"isPartOf\":{\"@id\":\"https:\/\/headstashseedbank.com\/#website\"},\"datePublished\":\"2022-09-05T00:05:08+00:00\",\"dateModified\":\"2022-09-05T00:08:48+00:00\",\"breadcrumb\":{\"@id\":\"https:\/\/headstashseedbank.com\/shipping-returns\/#breadcrumb\"},\"inLanguage\":\"es\",\"potentialAction\":[{\"@type\":\"ReadAction\",\"target\":[\"https:\/\/headstashseedbank.com\/shipping-returns\/\"]}]},{\"@type\":\"BreadcrumbList\",\"@id\":\"https:\/\/headstashseedbank.com\/shipping-returns\/#breadcrumb\",\"itemListElement\":[{\"@type\":\"ListItem\",\"position\":1,\"name\":\"Home\",\"item\":\"https:\/\/headstashseedbank.com\/\"},{\"@type\":\"ListItem\",\"position\":2,\"name\":\"Shipping &#038; Returns\"}]},{\"@type\":\"WebSite\",\"@id\":\"https:\/\/headstashseedbank.com\/#website\",\"url\":\"https:\/\/headstashseedbank.com\/\",\"name\":\"HeadStash BCN Seed Bank Page\",\"description\":\"\",\"publisher\":{\"@id\":\"https:\/\/headstashseedbank.com\/#organization\"},\"potentialAction\":[{\"@type\":\"SearchAction\",\"target\":{\"@type\":\"EntryPoint\",\"urlTemplate\":\"https:\/\/headstashseedbank.com\/?s={search_term_string}\"},\"query-input\":{\"@type\":\"PropertyValueSpecification\",\"valueRequired\":true,\"valueName\":\"search_term_string\"}}],\"inLanguage\":\"es\"},{\"@type\":\"Organization\",\"@id\":\"https:\/\/headstashseedbank.com\/#organization\",\"name\":\"HeadStash BCN\",\"url\":\"https:\/\/headstashseedbank.com\/\",\"logo\":{\"@type\":\"ImageObject\",\"inLanguage\":\"es\",\"@id\":\"https:\/\/headstashseedbank.com\/#\/schema\/logo\/image\/\",\"url\":\"https:\/\/headstashseedbank.com\/wp-content\/uploads\/2022\/09\/cropped-Head-Stash-SB-Logo.png\",\"contentUrl\":\"https:\/\/headstashseedbank.com\/wp-content\/uploads\/2022\/09\/cropped-Head-Stash-SB-Logo.png\",\"width\":512,\"height\":512,\"caption\":\"HeadStash BCN\"},\"image\":{\"@id\":\"https:\/\/headstashseedbank.com\/#\/schema\/logo\/image\/\"}}]}<\/script>\n<!-- \/ Yoast SEO plugin. -->","yoast_head_json":{"title":"Shipping & Returns - HeadStash SeedBank","robots":{"index":"index","follow":"follow","max-snippet":"max-snippet:-1","max-image-preview":"max-image-preview:large","max-video-preview":"max-video-preview:-1"},"canonical":"https:\/\/headstashseedbank.com\/es\/shipping-returns\/","og_locale":"es_ES","og_type":"article","og_title":"Shipping & Returns - HeadStash SeedBank","og_description":"Env\u00edos y Devoluciones El\u00a0gasto de env\u00edo depende del peso y tama\u00f1o del producto, y su precio cambia de acuerdo con el mismo, por lo tanto, este ser\u00e1 calculado al momento de su compra. Y para canarias y otros pa\u00edses antes consultar ya que pueden variar dependiendo de los productos. Env\u00edos: Los productos adquiridos se entregar\u00e1n [&hellip;]","og_url":"https:\/\/headstashseedbank.com\/es\/shipping-returns\/","og_site_name":"HeadStash SeedBank","article_modified_time":"2022-09-05T00:08:48+00:00","twitter_card":"summary_large_image","twitter_misc":{"Tiempo de lectura":"10 minutos"},"schema":{"@context":"https:\/\/schema.org","@graph":[{"@type":"WebPage","@id":"https:\/\/headstashseedbank.com\/shipping-returns\/","url":"https:\/\/headstashseedbank.com\/shipping-returns\/","name":"Shipping & Returns - HeadStash SeedBank","isPartOf":{"@id":"https:\/\/headstashseedbank.com\/#website"},"datePublished":"2022-09-05T00:05:08+00:00","dateModified":"2022-09-05T00:08:48+00:00","breadcrumb":{"@id":"https:\/\/headstashseedbank.com\/shipping-returns\/#breadcrumb"},"inLanguage":"es","potentialAction":[{"@type":"ReadAction","target":["https:\/\/headstashseedbank.com\/shipping-returns\/"]}]},{"@type":"BreadcrumbList","@id":"https:\/\/headstashseedbank.com\/shipping-returns\/#breadcrumb","itemListElement":[{"@type":"ListItem","position":1,"name":"Home","item":"https:\/\/headstashseedbank.com\/"},{"@type":"ListItem","position":2,"name":"Shipping &#038; Returns"}]},{"@type":"WebSite","@id":"https:\/\/headstashseedbank.com\/#website","url":"https:\/\/headstashseedbank.com\/","name":"HeadStash BCN Seed Bank Page","description":"","publisher":{"@id":"https:\/\/headstashseedbank.com\/#organization"},"potentialAction":[{"@type":"SearchAction","target":{"@type":"EntryPoint","urlTemplate":"https:\/\/headstashseedbank.com\/?s={search_term_string}"},"query-input":{"@type":"PropertyValueSpecification","valueRequired":true,"valueName":"search_term_string"}}],"inLanguage":"es"},{"@type":"Organization","@id":"https:\/\/headstashseedbank.com\/#organization","name":"HeadStash BCN","url":"https:\/\/headstashseedbank.com\/","logo":{"@type":"ImageObject","inLanguage":"es","@id":"https:\/\/headstashseedbank.com\/#\/schema\/logo\/image\/","url":"https:\/\/headstashseedbank.com\/wp-content\/uploads\/2022\/09\/cropped-Head-Stash-SB-Logo.png","contentUrl":"https:\/\/headstashseedbank.com\/wp-content\/uploads\/2022\/09\/cropped-Head-Stash-SB-Logo.png","width":512,"height":512,"caption":"HeadStash BCN"},"image":{"@id":"https:\/\/headstashseedbank.com\/#\/schema\/logo\/image\/"}}]}},"_links":{"self":[{"href":"https:\/\/headstashseedbank.com\/es\/wp-json\/wp\/v2\/pages\/205","targetHints":{"allow":["GET"]}}],"collection":[{"href":"https:\/\/headstashseedbank.com\/es\/wp-json\/wp\/v2\/pages"}],"about":[{"href":"https:\/\/headstashseedbank.com\/es\/wp-json\/wp\/v2\/types\/page"}],"author":[{"embeddable":true,"href":"https:\/\/headstashseedbank.com\/es\/wp-json\/wp\/v2\/users\/1"}],"replies":[{"embeddable":true,"href":"https:\/\/headstashseedbank.com\/es\/wp-json\/wp\/v2\/comments?post=205"}],"version-history":[{"count":4,"href":"https:\/\/headstashseedbank.com\/es\/wp-json\/wp\/v2\/pages\/205\/revisions"}],"predecessor-version":[{"id":209,"href":"https:\/\/headstashseedbank.com\/es\/wp-json\/wp\/v2\/pages\/205\/revisions\/209"}],"wp:attachment":[{"href":"https:\/\/headstashseedbank.com\/es\/wp-json\/wp\/v2\/media?parent=205"}],"curies":[{"name":"wp","href":"https:\/\/api.w.org\/{rel}","templated":true}]}}