{"id":324,"date":"2022-09-23T16:14:00","date_gmt":"2022-09-23T15:14:00","guid":{"rendered":"https:\/\/headstashseedbank.com\/?page_id=324"},"modified":"2022-09-23T16:23:52","modified_gmt":"2022-09-23T15:23:52","slug":"terms-conditions","status":"publish","type":"page","link":"https:\/\/headstashseedbank.com\/es\/terms-conditions\/","title":{"rendered":"Condiciones generales"},"content":{"rendered":"<div data-elementor-type=\"wp-page\" data-elementor-id=\"324\" class=\"elementor elementor-324\" data-elementor-post-type=\"page\">\n\t\t\t\t\t\t<section class=\"elementor-section elementor-top-section elementor-element elementor-element-7d6c6da elementor-section-boxed elementor-section-height-default elementor-section-height-default\" data-id=\"7d6c6da\" data-element_type=\"section\" data-settings=\"{&quot;jet_parallax_layout_list&quot;:[]}\">\n\t\t\t\t\t\t<div class=\"elementor-container elementor-column-gap-default\">\n\t\t\t\t\t<div class=\"elementor-column elementor-col-100 elementor-top-column elementor-element elementor-element-20375a7\" data-id=\"20375a7\" data-element_type=\"column\">\n\t\t\t<div class=\"elementor-widget-wrap elementor-element-populated\">\n\t\t\t\t\t\t<div class=\"elementor-element elementor-element-97465a7 elementor-widget elementor-widget-heading\" data-id=\"97465a7\" data-element_type=\"widget\" data-widget_type=\"heading.default\">\n\t\t\t\t<div class=\"elementor-widget-container\">\n\t\t\t\t\t<h1 class=\"elementor-heading-title elementor-size-default\">Condiciones generales<\/h1>\t\t\t\t<\/div>\n\t\t\t\t<\/div>\n\t\t\t\t<div class=\"elementor-element elementor-element-cfd532a elementor-widget elementor-widget-text-editor\" data-id=\"cfd532a\" data-element_type=\"widget\" data-widget_type=\"text-editor.default\">\n\t\t\t\t<div class=\"elementor-widget-container\">\n\t\t\t\t\t\t\t\t\t<p><b>Precio<\/b><\/p><p>Los gastos de env\u00edo dependen del peso y el tama\u00f1o del producto, y su precio var\u00eda en consecuencia, por lo que se calcular\u00e1n en el momento de la compra.<\/p><p>\u00a0<\/p><p>Y para Canarias y otros pa\u00edses antes de consultar ya que pueden variar en funci\u00f3n de los productos.<\/p><p><b>Env\u00edos:<\/b><\/p><ol><li>Los productos adquiridos se entregar\u00e1n a la persona y direcci\u00f3n indicadas en el pedido.<\/li><li>Por defecto, las facturas se enviar\u00e1n a la direcci\u00f3n de correo electr\u00f3nico indicada por el cliente en el momento de registrarse en HeadstashBCN<\/li><li>Los s\u00e1bados, domingos y festivos no habr\u00e1 salida ni entrega de pedidos.<\/li><li>Sin embargo, su retraso no implicar\u00e1 ni la anulaci\u00f3n del pedido ni indemnizaci\u00f3n alguna.<\/li><\/ol><p>\u00a0Una vez que el pedido sale de nuestras instalaciones, la empresa de transporte se hace responsable de cualquier incidencia, ya sean roturas, incidencias con los paquetes, retrasos, etc.<\/p><p>Para env\u00edos fuera de Espa\u00f1a y Portugal, cons\u00faltenos y para Baleares, Ceuta, Melilla y Canarias, cons\u00faltenos tambi\u00e9n.<\/p><p>ya que las tarifas de env\u00edo son diferentes.<\/p><p>\u00a0<\/p><p>No conocemos los plazos de entrega de la empresa de transporte, ni sabemos si llaman por tel\u00e9fono antes de hacer la entrega, cada zona es diferente, y cada repartidor es diferente.<\/p><p>\u00a0<\/p><p>Podemos ayudarte facilit\u00e1ndote el tel\u00e9fono de la oficina de la empresa de transportes y el n\u00famero de env\u00edo de tu pedido, para que puedas ponerte en contacto con ellos y acordar la entrega, es lo \u00fanico que podemos hacer por tu env\u00edo.<\/p><p>\u00a0<\/p><p><b>2- Plazos de entrega:<\/b><\/p><p>Tenemos un servicio 24 horas:<\/p><p>\u00a0<\/p><p>Toda Espa\u00f1a Pen\u00ednsula.<\/p><p>\u00a0<\/p><p>Tenemos un servicio de 48 horas:<\/p><p>Islas Baleares.<\/p><p>Normalmente envi\u00f3 24 horas en 90% de los casos.<\/p><p>Como en todas las empresas de transporte a veces no cumplen el plazo de entrega, si nos llamas, te podemos dar toda la informaci\u00f3n para que te pongas en contacto con ellos. E intentaremos ayudarte.<\/p><p>Su satisfacci\u00f3n es una prioridad para nosotros.<\/p><p>\u00a0<\/p><p><b>3- Pol\u00edtica de devoluciones y anulaciones<\/b><\/p><p>\u00a0<\/p><p><b>3-1 Devoluci\u00f3n de mercanc\u00edas:<\/b><\/p><p>\u00a0<\/p><p>Nuestra pol\u00edtica, de acuerdo con la normativa vigente en Espa\u00f1a, es concederle cualquier derecho de devoluci\u00f3n de cualquier producto adquirido en HeadstashBCN. Dispones de un plazo de 14 d\u00edas desde la fecha de recepci\u00f3n.<\/p><p>Para la devoluci\u00f3n es imprescindible que el producto tenga su embalaje original, que est\u00e9 intacto, tal y como te lo enviamos en su d\u00eda.<\/p><p>\u00a0<\/p><p>Una vez devuelto, en el plazo de 3 d\u00edas desde su recepci\u00f3n, podemos reembolsarte el dinero, o un vale de descuento, como prefieras.<\/p><p>\u00a0<\/p><p>Cuando se hace una devoluci\u00f3n, podemos encontrar estos dos casos:<\/p><p>\u00a0<\/p><ul><li>Si devuelve un art\u00edculo porque lo pidi\u00f3 mal, no lo quiere o no le gusta. Deber\u00e1 correr con los gastos de env\u00edo de la devoluci\u00f3n<\/li><\/ul><ul><li>Por otro lado, si le hemos enviado un producto que no se corresponde o es defectuoso, HeadstashBCN correr\u00e1 con los gastos de env\u00edo. Y sin ninguna molestia para el cliente. D\u00e1ndole todas las facilidades para su devoluci\u00f3n, como recoger el paquete en su domicilio, etc.<\/li><\/ul><p>En los casos en los que clasifique un producto como \"defectuoso\", compruebe todos los productos antes de realizar la devoluci\u00f3n; los productos devueltos que est\u00e9n en buen estado de funcionamiento se devolver\u00e1n al cliente y se le cobrar\u00e1 un importe de env\u00edo de ida y vuelta.<\/p><p>\u00a0<\/p><p><b>3.2 Condiciones de devoluci\u00f3n<\/b><\/p><p>No nos hacemos responsables de las devoluciones que, por ejemplo, no est\u00e9n correctamente embaladas:<\/p><p>Si quiere devolver un producto y lo env\u00eda sin embalar en otra caja, la empresa de transporte le pegar\u00e1 una etiqueta de env\u00edo y ese producto quedar\u00e1 inutilizado para su posterior venta.<\/p><p>Si env\u00edas un trozo de cristal sin embalar, seguro que llega roto. Si nosotros nos encargamos de que te llegue correctamente, si quieres devolver algo, tambi\u00e9n debes preocuparte de embalarlo para que llegue correctamente.<\/p><p>Adem\u00e1s de un embalaje insuficiente, lo m\u00e1s probable es que el producto est\u00e9 da\u00f1ado.<\/p><p>No podemos aceptar este tipo de devoluciones.<\/p><p>No nos hacemos responsables de las tasas o aranceles aduaneros, etc. Generados por las aduanas.<\/p><p>\u00a0<\/p><p>garant\u00eda de semillas<\/p><p>\u00a0<\/p><p>Las semillas del banco tienen que envi\u00e1rsenos con su embalaje original, por correo certificado, su coste no es superior a 2 euros ya que tenemos que enviarlas al banco de semillas.<\/p><p>Las semillas de marihuana se venden con fines decorativos y para coleccionar. Headstashbcn.com no se hace responsable del uso o cultivo de estas semillas.<\/p><p>\u00a0*Tenga en cuenta que no podemos aceptar devoluciones de: Semillas, Art\u00edculos sin precinto que puedan ser reproducidos o copiados (DVDs, CDs, etc), env\u00edos sin n\u00famero de incidencia en el extranjero o sin su embalaje original.<\/p><p>\u00a0<\/p><p><b>Cancelar pedido:<\/b><\/p><p>Si la anulaci\u00f3n del pedido llega antes de la salida de la mercanc\u00eda, el cliente no tendr\u00e1 ning\u00fan gasto. En caso de anulaci\u00f3n despu\u00e9s de la salida del pedido, el cliente se har\u00e1 cargo de los gastos de env\u00edo, as\u00ed como de los gastos de devoluci\u00f3n de este mismo pedido.<\/p><p>\u00a0<\/p><p>Este comerciante se compromete a no permitir ninguna transacci\u00f3n que sea ilegal, o que las marcas de tarjetas de cr\u00e9dito o el banco adquirente consideren que puede o tiene el potencial de da\u00f1ar su buena voluntad o influir negativamente en ellos. Las siguientes actividades est\u00e1n prohibidas en virtud de los programas de las marcas de tarjetas: la venta u oferta de un producto o servicio que no cumpla plenamente con todas las leyes aplicables al Comprador, Banco Emisor, Comerciante, Titular de la tarjeta o tarjetas.<\/p><p>\u00a0<\/p><p>Adem\u00e1s, tambi\u00e9n se proh\u00edben expl\u00edcitamente las siguientes actividades:<\/p><ul><li>Vender o enviar semillas de cannabis fuera de Espa\u00f1a.<\/li><li>Venta de tabaco\".<\/li><\/ul><p>\u00a0<\/p><p>NO EST\u00c1 PERMITIDO VENDER O ENVIAR SEMILLAS DE CANNABIS FUERA DE ESPA\u00d1A.<\/p><p>\u00a0<\/p><p><strong>No est\u00e1 permitida la venta ni el env\u00edo de semillas de cannabis a Estados Unidos y Canad\u00e1.<\/strong><\/p>\t\t\t\t\t\t\t\t<\/div>\n\t\t\t\t<\/div>\n\t\t\t\t<div class=\"elementor-element elementor-element-82a6cad elementor-widget elementor-widget-heading\" data-id=\"82a6cad\" data-element_type=\"widget\" data-widget_type=\"heading.default\">\n\t\t\t\t<div class=\"elementor-widget-container\">\n\t\t\t\t\t<h2 class=\"elementor-heading-title elementor-size-default\">Aviso legal HeadStash BCN<\/h2>\t\t\t\t<\/div>\n\t\t\t\t<\/div>\n\t\t\t\t<div class=\"elementor-element elementor-element-ef372c4 elementor-widget elementor-widget-text-editor\" data-id=\"ef372c4\" data-element_type=\"widget\" data-widget_type=\"text-editor.default\">\n\t\t\t\t<div class=\"elementor-widget-container\">\n\t\t\t\t\t\t\t\t\t<p><span style=\"font-size: 15px;\">Las semillas no son variedades comerciales y no est\u00e1n destinadas a cultivos agr\u00edcolas. Son variedades de aficionado seg\u00fan la Ley 30\/2006, de 26 de julio, de semillas y plantas de vivero y de recursos fitogen\u00e9ticos. Las semillas se venden \u00fanicamente para uso personal de mayores de 18 a\u00f1os. Comercializamos semillas de cannabis como art\u00edculos destinados al coleccionismo o a la conservaci\u00f3n gen\u00e9tica, con la restricci\u00f3n espec\u00edfica de que no se utilicen para fines que infrinjan la normativa.<\/span><\/p><p>Las semillas de cannabis no est\u00e1n controladas por la Convenci\u00f3n \u00danica de 1961 sobre Estupefacientes, firmada en Nueva York el 30 de marzo de 1961, modificada por el Protocolo de Ginebra de 25 de marzo de 1972 y ratificada por el Estado espa\u00f1ol.<\/p><p>La Convenci\u00f3n \u00danica establece qu\u00e9 parte o partes de la planta Cannabis Sativa L. est\u00e1n controladas; las sumidades floridas o fruct\u00edferas de la planta de cannabis, as\u00ed como la resina obtenida de la planta de cannabis, pero excluye expresamente las semillas. Las semillas quedan excluidas del concepto legal de cannabis y no se incluyen en sus Listas Anexas.<\/p><p>Las semillas de la planta de Cannabis carecen del principio activo Delta-9 tetrahidrocannabinol (THC).<\/p><p>Por lo tanto, seg\u00fan la Convenci\u00f3n \u00danica, las semillas de la planta de cannabis no est\u00e1n controladas y no pueden clasificarse como estupefacientes.<\/p><p>En Espa\u00f1a, la venta, posesi\u00f3n y cultivo de semillas de cannabis para uso personal no constituye delito. El C\u00f3digo Penal espa\u00f1ol tipifica como delito el cultivo de cannabis para promover, favorecer o facilitar su consumo por terceros.<\/p><p>La legislaci\u00f3n nacional aplicable a las semillas de cannabis difiere enormemente entre los distintos pa\u00edses. En algunos, la germinaci\u00f3n y el cultivo de cannabis para uso personal, e incluso la mera posesi\u00f3n de las semillas, pueden constituir un delito penal. HeadstashBCN no quiere inducir a nadie a infringir la legislaci\u00f3n vigente en ning\u00fan pa\u00eds.<\/p><p>Por este motivo, rogamos a los compradores no residentes en Espa\u00f1a que se informen sobre la legislaci\u00f3n local aplicable. HeadstashBCN anima a sus clientes a actuar con responsabilidad y declina toda responsabilidad por posibles problemas legales de los compradores, y no realizar\u00e1 reembolsos por semillas incautadas o rechazadas por transportistas o aduanas en el cumplimiento de su deber.<\/p>\t\t\t\t\t\t\t\t<\/div>\n\t\t\t\t<\/div>\n\t\t\t\t\t<\/div>\n\t\t<\/div>\n\t\t\t\t\t<\/div>\n\t\t<\/section>\n\t\t\t\t<\/div>","protected":false},"excerpt":{"rendered":"<p>T\u00e9rminos y Condiciones Precio Los gastos de env\u00edo dependen del peso y tama\u00f1o del producto, y su precio var\u00eda en consecuencia, por lo tanto, se calcular\u00e1n en el momento de la compra.   Y para Canarias y otros pa\u00edses antes de consultar ya que pueden variar en funci\u00f3n de los productos. Env\u00edos: Los productos adquiridos se [...]<\/p>","protected":false},"author":1,"featured_media":0,"parent":0,"menu_order":0,"comment_status":"closed","ping_status":"closed","template":"","meta":{"footnotes":""},"class_list":["post-324","page","type-page","status-publish","hentry","entry","owp-thumbs-layout-horizontal","owp-btn-normal","owp-tabs-layout-horizontal","has-no-thumbnails","has-product-nav"],"yoast_head":"<!-- This site is optimized with the Yoast SEO plugin v26.1 - https:\/\/yoast.com\/wordpress\/plugins\/seo\/ -->\n<title>Terms &amp; Conditions - HeadStash SeedBank<\/title>\n<meta name=\"robots\" content=\"index, follow, max-snippet:-1, max-image-preview:large, max-video-preview:-1\" \/>\n<link rel=\"canonical\" href=\"https:\/\/headstashseedbank.com\/es\/terms-conditions\/\" \/>\n<meta property=\"og:locale\" content=\"es_ES\" \/>\n<meta property=\"og:type\" content=\"article\" \/>\n<meta property=\"og:title\" content=\"Terms &amp; Conditions - HeadStash SeedBank\" \/>\n<meta property=\"og:description\" content=\"Terms &amp; Conditions Price The shipping cost depends on the weight and size of the product, and its price changes accordingly, therefore, it will be calculated at the time of purchase. \u00a0 And for the Canary Islands and other countries before consulting as they may vary depending on the products. Shipments: The purchased products will [&hellip;]\" \/>\n<meta property=\"og:url\" content=\"https:\/\/headstashseedbank.com\/es\/terms-conditions\/\" \/>\n<meta property=\"og:site_name\" content=\"HeadStash SeedBank\" \/>\n<meta property=\"article:modified_time\" content=\"2022-09-23T15:23:52+00:00\" \/>\n<meta name=\"twitter:card\" content=\"summary_large_image\" \/>\n<meta name=\"twitter:label1\" content=\"Tiempo de lectura\" \/>\n\t<meta name=\"twitter:data1\" content=\"6 minutos\" \/>\n<script type=\"application\/ld+json\" class=\"yoast-schema-graph\">{\"@context\":\"https:\/\/schema.org\",\"@graph\":[{\"@type\":\"WebPage\",\"@id\":\"https:\/\/headstashseedbank.com\/terms-conditions\/\",\"url\":\"https:\/\/headstashseedbank.com\/terms-conditions\/\",\"name\":\"Terms & Conditions - HeadStash SeedBank\",\"isPartOf\":{\"@id\":\"https:\/\/headstashseedbank.com\/#website\"},\"datePublished\":\"2022-09-23T15:14:00+00:00\",\"dateModified\":\"2022-09-23T15:23:52+00:00\",\"breadcrumb\":{\"@id\":\"https:\/\/headstashseedbank.com\/terms-conditions\/#breadcrumb\"},\"inLanguage\":\"es\",\"potentialAction\":[{\"@type\":\"ReadAction\",\"target\":[\"https:\/\/headstashseedbank.com\/terms-conditions\/\"]}]},{\"@type\":\"BreadcrumbList\",\"@id\":\"https:\/\/headstashseedbank.com\/terms-conditions\/#breadcrumb\",\"itemListElement\":[{\"@type\":\"ListItem\",\"position\":1,\"name\":\"Home\",\"item\":\"https:\/\/headstashseedbank.com\/\"},{\"@type\":\"ListItem\",\"position\":2,\"name\":\"Terms &#038; Conditions\"}]},{\"@type\":\"WebSite\",\"@id\":\"https:\/\/headstashseedbank.com\/#website\",\"url\":\"https:\/\/headstashseedbank.com\/\",\"name\":\"HeadStash BCN Seed Bank Page\",\"description\":\"\",\"publisher\":{\"@id\":\"https:\/\/headstashseedbank.com\/#organization\"},\"potentialAction\":[{\"@type\":\"SearchAction\",\"target\":{\"@type\":\"EntryPoint\",\"urlTemplate\":\"https:\/\/headstashseedbank.com\/?s={search_term_string}\"},\"query-input\":{\"@type\":\"PropertyValueSpecification\",\"valueRequired\":true,\"valueName\":\"search_term_string\"}}],\"inLanguage\":\"es\"},{\"@type\":\"Organization\",\"@id\":\"https:\/\/headstashseedbank.com\/#organization\",\"name\":\"HeadStash BCN\",\"url\":\"https:\/\/headstashseedbank.com\/\",\"logo\":{\"@type\":\"ImageObject\",\"inLanguage\":\"es\",\"@id\":\"https:\/\/headstashseedbank.com\/#\/schema\/logo\/image\/\",\"url\":\"https:\/\/headstashseedbank.com\/wp-content\/uploads\/2022\/09\/cropped-Head-Stash-SB-Logo.png\",\"contentUrl\":\"https:\/\/headstashseedbank.com\/wp-content\/uploads\/2022\/09\/cropped-Head-Stash-SB-Logo.png\",\"width\":512,\"height\":512,\"caption\":\"HeadStash BCN\"},\"image\":{\"@id\":\"https:\/\/headstashseedbank.com\/#\/schema\/logo\/image\/\"}}]}<\/script>\n<!-- \/ Yoast SEO plugin. -->","yoast_head_json":{"title":"Terms & Conditions - HeadStash SeedBank","robots":{"index":"index","follow":"follow","max-snippet":"max-snippet:-1","max-image-preview":"max-image-preview:large","max-video-preview":"max-video-preview:-1"},"canonical":"https:\/\/headstashseedbank.com\/es\/terms-conditions\/","og_locale":"es_ES","og_type":"article","og_title":"Terms & Conditions - HeadStash SeedBank","og_description":"Terms &amp; Conditions Price The shipping cost depends on the weight and size of the product, and its price changes accordingly, therefore, it will be calculated at the time of purchase. \u00a0 And for the Canary Islands and other countries before consulting as they may vary depending on the products. Shipments: The purchased products will [&hellip;]","og_url":"https:\/\/headstashseedbank.com\/es\/terms-conditions\/","og_site_name":"HeadStash SeedBank","article_modified_time":"2022-09-23T15:23:52+00:00","twitter_card":"summary_large_image","twitter_misc":{"Tiempo de lectura":"6 minutos"},"schema":{"@context":"https:\/\/schema.org","@graph":[{"@type":"WebPage","@id":"https:\/\/headstashseedbank.com\/terms-conditions\/","url":"https:\/\/headstashseedbank.com\/terms-conditions\/","name":"Terms & Conditions - HeadStash SeedBank","isPartOf":{"@id":"https:\/\/headstashseedbank.com\/#website"},"datePublished":"2022-09-23T15:14:00+00:00","dateModified":"2022-09-23T15:23:52+00:00","breadcrumb":{"@id":"https:\/\/headstashseedbank.com\/terms-conditions\/#breadcrumb"},"inLanguage":"es","potentialAction":[{"@type":"ReadAction","target":["https:\/\/headstashseedbank.com\/terms-conditions\/"]}]},{"@type":"BreadcrumbList","@id":"https:\/\/headstashseedbank.com\/terms-conditions\/#breadcrumb","itemListElement":[{"@type":"ListItem","position":1,"name":"Home","item":"https:\/\/headstashseedbank.com\/"},{"@type":"ListItem","position":2,"name":"Terms &#038; Conditions"}]},{"@type":"WebSite","@id":"https:\/\/headstashseedbank.com\/#website","url":"https:\/\/headstashseedbank.com\/","name":"HeadStash BCN Seed Bank Page","description":"","publisher":{"@id":"https:\/\/headstashseedbank.com\/#organization"},"potentialAction":[{"@type":"SearchAction","target":{"@type":"EntryPoint","urlTemplate":"https:\/\/headstashseedbank.com\/?s={search_term_string}"},"query-input":{"@type":"PropertyValueSpecification","valueRequired":true,"valueName":"search_term_string"}}],"inLanguage":"es"},{"@type":"Organization","@id":"https:\/\/headstashseedbank.com\/#organization","name":"HeadStash BCN","url":"https:\/\/headstashseedbank.com\/","logo":{"@type":"ImageObject","inLanguage":"es","@id":"https:\/\/headstashseedbank.com\/#\/schema\/logo\/image\/","url":"https:\/\/headstashseedbank.com\/wp-content\/uploads\/2022\/09\/cropped-Head-Stash-SB-Logo.png","contentUrl":"https:\/\/headstashseedbank.com\/wp-content\/uploads\/2022\/09\/cropped-Head-Stash-SB-Logo.png","width":512,"height":512,"caption":"HeadStash BCN"},"image":{"@id":"https:\/\/headstashseedbank.com\/#\/schema\/logo\/image\/"}}]}},"_links":{"self":[{"href":"https:\/\/headstashseedbank.com\/es\/wp-json\/wp\/v2\/pages\/324","targetHints":{"allow":["GET"]}}],"collection":[{"href":"https:\/\/headstashseedbank.com\/es\/wp-json\/wp\/v2\/pages"}],"about":[{"href":"https:\/\/headstashseedbank.com\/es\/wp-json\/wp\/v2\/types\/page"}],"author":[{"embeddable":true,"href":"https:\/\/headstashseedbank.com\/es\/wp-json\/wp\/v2\/users\/1"}],"replies":[{"embeddable":true,"href":"https:\/\/headstashseedbank.com\/es\/wp-json\/wp\/v2\/comments?post=324"}],"version-history":[{"count":8,"href":"https:\/\/headstashseedbank.com\/es\/wp-json\/wp\/v2\/pages\/324\/revisions"}],"predecessor-version":[{"id":654,"href":"https:\/\/headstashseedbank.com\/es\/wp-json\/wp\/v2\/pages\/324\/revisions\/654"}],"wp:attachment":[{"href":"https:\/\/headstashseedbank.com\/es\/wp-json\/wp\/v2\/media?parent=324"}],"curies":[{"name":"wp","href":"https:\/\/api.w.org\/{rel}","templated":true}]}}