{"id":118,"date":"2022-08-31T16:59:46","date_gmt":"2022-08-31T15:59:46","guid":{"rendered":"https:\/\/headstashseedbank.com\/?post_type=product&#038;p=118"},"modified":"2023-06-30T15:09:39","modified_gmt":"2023-06-30T14:09:39","slug":"bloom-seed-co-the-fizz-sherb-cake-x-strawberry-guava","status":"publish","type":"product","link":"https:\/\/headstashseedbank.com\/es\/producto\/bloom-seed-co-the-fizz-sherb-cake-x-strawberry-guava\/","title":{"rendered":"Bloom Seed Co |The Fizz -Sherb Cake x Fresa Guayaba"},"content":{"rendered":"<p><strong>La efervescencia\u00a0<\/strong>Bloom Seed Co Seeds es una Indica nacida de un cruce de\u00a0<strong>Sherb Cake x Fresa Guayaba<\/strong><\/p>\n<p>Strawberry Guava es una variedad indica dominante (70% indica\/30% sativa) creada mediante el cruce de la potente Strawberry Banana X Papaya.<\/p>\n<p>Llamado as\u00ed por su apetitoso sabor.<\/p>\n<p>Como su nombre indica, Strawberry Guava tiene un sabor dulce y afrutado a fresa con toques de guayaba tropical al exhalar.<\/p>\n<p>El aroma es muy similar, aunque con un efecto acre y h\u00famedo que llena cualquier habitaci\u00f3n con su pesado hedor a medida que los cogollos se deshacen y se queman.<\/p>\n<p>Sherb cake es una variedad h\u00edbrida \u00edndica dominante (85% \u00edndica\/15% sativa) creada a trav\u00e9s de un cruce s\u00faper sabroso de Pink Panties X Girl Scout Cookies.<\/p>\n<p>Este cogollo es una variedad hermana de la querida Sunset Sherbet y tiene un sabor delicioso, casi como una bola de helado de sorbete.<\/p>\n<p>El sabor a tarta Sherb ha sido descrito como dulce y cremoso con un suave regusto a galleta ligeramente a nuez con un regusto azucarado.<\/p>\n<p>El aroma es igual de delicioso, con un olor a galleta de nuez acentuado por frutas cremosas y menta dulce.<\/p>","protected":false},"excerpt":{"rendered":"<ul>\n<li>Linaje: Sherb Cake x Fresa Guayaba<\/li>\n<li>Tama\u00f1o del paquete: 12 semillas.<\/li>\n<li>Tipo de semilla: Feminizada.<\/li>\n<li>Familia: 70\/30 Indica.<\/li>\n<li>Rendimiento al aire libre: 1200 gr.<\/li>\n<li>Rendimiento en interior: 700 gr\/m2.<\/li>\n<li>Floraci\u00f3n exterior: Mediados de octubre<\/li>\n<li>Floraci\u00f3n interior: 10 semanas.<\/li>\n<li class=\"last\">Terpenos: Guayaba Tropical, Fresa, Galletas, Cremoso.<\/li>\n<\/ul>","protected":false},"featured_media":112,"template":"","meta":[],"pwb-brand":[26],"product_brand":[],"product_cat":[20,23],"product_tag":[],"class_list":{"0":"post-118","1":"product","2":"type-product","3":"status-publish","4":"has-post-thumbnail","6":"pwb-brand-bloom-seed-co","7":"product_cat-seeds","8":"product_cat-feminized","10":"entry","11":"has-media","13":"first","14":"outofstock","15":"taxable","16":"shipping-taxable","17":"purchasable","18":"product-type-simple","19":"has-product-nav","20":"col","21":"span_1_of_3","22":"owp-content-center","23":"owp-thumbs-layout-horizontal","24":"owp-btn-normal","25":"owp-tabs-layout-horizontal","26":"has-no-thumbnails"},"yoast_head":"<!-- This site is optimized with the Yoast SEO plugin v26.1 - https:\/\/yoast.com\/wordpress\/plugins\/seo\/ -->\n<title>Bloom Seed Co |The Fizz -Sherb Cake x Strawberry Guava - HeadStash SeedBank<\/title>\n<meta name=\"robots\" content=\"index, follow, max-snippet:-1, max-image-preview:large, max-video-preview:-1\" \/>\n<link rel=\"canonical\" href=\"https:\/\/headstashseedbank.com\/es\/producto\/bloom-seed-co-the-fizz-sherb-cake-x-strawberry-guava\/\" \/>\n<meta property=\"og:locale\" content=\"es_ES\" \/>\n<meta property=\"og:type\" content=\"article\" \/>\n<meta property=\"og:title\" content=\"Bloom Seed Co |The Fizz -Sherb Cake x Strawberry Guava - HeadStash SeedBank\" \/>\n<meta property=\"og:description\" content=\"Lineage: Sherb Cake x Strawberry Guava  Pack size: 12 seeds.  Seed type: Feminized.  Family: 70\/30 Indica.  Outdoor yield: 1200 gr.  Indoor yield: 700 gr\/m2.  Outdoor flowering time: Mid October  Indoor flowering time: 10 weeks.  Terpenes:\u00a0Tropical Guava, Strawberry, Cookies, Creamy.\" \/>\n<meta property=\"og:url\" content=\"https:\/\/headstashseedbank.com\/es\/producto\/bloom-seed-co-the-fizz-sherb-cake-x-strawberry-guava\/\" \/>\n<meta property=\"og:site_name\" content=\"HeadStash SeedBank\" \/>\n<meta property=\"article:modified_time\" content=\"2023-06-30T14:09:39+00:00\" \/>\n<meta property=\"og:image\" content=\"https:\/\/headstashseedbank.com\/wp-content\/uploads\/2022\/08\/bloom-seed-co-logo-growlet.png\" \/>\n\t<meta property=\"og:image:width\" content=\"339\" \/>\n\t<meta property=\"og:image:height\" content=\"339\" \/>\n\t<meta property=\"og:image:type\" content=\"image\/png\" \/>\n<meta name=\"twitter:card\" content=\"summary_large_image\" \/>\n<meta name=\"twitter:label1\" content=\"Tiempo de lectura\" \/>\n\t<meta name=\"twitter:data1\" content=\"1 minuto\" \/>\n<script type=\"application\/ld+json\" class=\"yoast-schema-graph\">{\"@context\":\"https:\/\/schema.org\",\"@graph\":[{\"@type\":\"WebPage\",\"@id\":\"https:\/\/headstashseedbank.com\/product\/bloom-seed-co-the-fizz-sherb-cake-x-strawberry-guava\/\",\"url\":\"https:\/\/headstashseedbank.com\/product\/bloom-seed-co-the-fizz-sherb-cake-x-strawberry-guava\/\",\"name\":\"Bloom Seed Co |The Fizz -Sherb Cake x Strawberry Guava - HeadStash SeedBank\",\"isPartOf\":{\"@id\":\"https:\/\/headstashseedbank.com\/#website\"},\"primaryImageOfPage\":{\"@id\":\"https:\/\/headstashseedbank.com\/product\/bloom-seed-co-the-fizz-sherb-cake-x-strawberry-guava\/#primaryimage\"},\"image\":{\"@id\":\"https:\/\/headstashseedbank.com\/product\/bloom-seed-co-the-fizz-sherb-cake-x-strawberry-guava\/#primaryimage\"},\"thumbnailUrl\":\"https:\/\/headstashseedbank.com\/wp-content\/uploads\/2022\/08\/bloom-seed-co-logo-growlet.png\",\"datePublished\":\"2022-08-31T15:59:46+00:00\",\"dateModified\":\"2023-06-30T14:09:39+00:00\",\"breadcrumb\":{\"@id\":\"https:\/\/headstashseedbank.com\/product\/bloom-seed-co-the-fizz-sherb-cake-x-strawberry-guava\/#breadcrumb\"},\"inLanguage\":\"es\",\"potentialAction\":[{\"@type\":\"ReadAction\",\"target\":[\"https:\/\/headstashseedbank.com\/product\/bloom-seed-co-the-fizz-sherb-cake-x-strawberry-guava\/\"]}]},{\"@type\":\"ImageObject\",\"inLanguage\":\"es\",\"@id\":\"https:\/\/headstashseedbank.com\/product\/bloom-seed-co-the-fizz-sherb-cake-x-strawberry-guava\/#primaryimage\",\"url\":\"https:\/\/headstashseedbank.com\/wp-content\/uploads\/2022\/08\/bloom-seed-co-logo-growlet.png\",\"contentUrl\":\"https:\/\/headstashseedbank.com\/wp-content\/uploads\/2022\/08\/bloom-seed-co-logo-growlet.png\",\"width\":339,\"height\":339},{\"@type\":\"BreadcrumbList\",\"@id\":\"https:\/\/headstashseedbank.com\/product\/bloom-seed-co-the-fizz-sherb-cake-x-strawberry-guava\/#breadcrumb\",\"itemListElement\":[{\"@type\":\"ListItem\",\"position\":1,\"name\":\"Home\",\"item\":\"https:\/\/headstashseedbank.com\/\"},{\"@type\":\"ListItem\",\"position\":2,\"name\":\"Shop\",\"item\":\"https:\/\/headstashseedbank.com\/shop\/\"},{\"@type\":\"ListItem\",\"position\":3,\"name\":\"Bloom Seed Co |The Fizz -Sherb Cake x Strawberry Guava\"}]},{\"@type\":\"WebSite\",\"@id\":\"https:\/\/headstashseedbank.com\/#website\",\"url\":\"https:\/\/headstashseedbank.com\/\",\"name\":\"HeadStash BCN Seed Bank Page\",\"description\":\"\",\"publisher\":{\"@id\":\"https:\/\/headstashseedbank.com\/#organization\"},\"potentialAction\":[{\"@type\":\"SearchAction\",\"target\":{\"@type\":\"EntryPoint\",\"urlTemplate\":\"https:\/\/headstashseedbank.com\/?s={search_term_string}\"},\"query-input\":{\"@type\":\"PropertyValueSpecification\",\"valueRequired\":true,\"valueName\":\"search_term_string\"}}],\"inLanguage\":\"es\"},{\"@type\":\"Organization\",\"@id\":\"https:\/\/headstashseedbank.com\/#organization\",\"name\":\"HeadStash BCN\",\"url\":\"https:\/\/headstashseedbank.com\/\",\"logo\":{\"@type\":\"ImageObject\",\"inLanguage\":\"es\",\"@id\":\"https:\/\/headstashseedbank.com\/#\/schema\/logo\/image\/\",\"url\":\"https:\/\/headstashseedbank.com\/wp-content\/uploads\/2022\/09\/cropped-Head-Stash-SB-Logo.png\",\"contentUrl\":\"https:\/\/headstashseedbank.com\/wp-content\/uploads\/2022\/09\/cropped-Head-Stash-SB-Logo.png\",\"width\":512,\"height\":512,\"caption\":\"HeadStash BCN\"},\"image\":{\"@id\":\"https:\/\/headstashseedbank.com\/#\/schema\/logo\/image\/\"}}]}<\/script>\n<!-- \/ Yoast SEO plugin. -->","yoast_head_json":{"title":"Bloom Seed Co |The Fizz -Sherb Cake x Strawberry Guava - HeadStash SeedBank","robots":{"index":"index","follow":"follow","max-snippet":"max-snippet:-1","max-image-preview":"max-image-preview:large","max-video-preview":"max-video-preview:-1"},"canonical":"https:\/\/headstashseedbank.com\/es\/producto\/bloom-seed-co-the-fizz-sherb-cake-x-strawberry-guava\/","og_locale":"es_ES","og_type":"article","og_title":"Bloom Seed Co |The Fizz -Sherb Cake x Strawberry Guava - HeadStash SeedBank","og_description":"Lineage: Sherb Cake x Strawberry Guava  Pack size: 12 seeds.  Seed type: Feminized.  Family: 70\/30 Indica.  Outdoor yield: 1200 gr.  Indoor yield: 700 gr\/m2.  Outdoor flowering time: Mid October  Indoor flowering time: 10 weeks.  Terpenes:\u00a0Tropical Guava, Strawberry, Cookies, Creamy.","og_url":"https:\/\/headstashseedbank.com\/es\/producto\/bloom-seed-co-the-fizz-sherb-cake-x-strawberry-guava\/","og_site_name":"HeadStash SeedBank","article_modified_time":"2023-06-30T14:09:39+00:00","og_image":[{"width":339,"height":339,"url":"https:\/\/headstashseedbank.com\/wp-content\/uploads\/2022\/08\/bloom-seed-co-logo-growlet.png","type":"image\/png"}],"twitter_card":"summary_large_image","twitter_misc":{"Tiempo de lectura":"1 minuto"},"schema":{"@context":"https:\/\/schema.org","@graph":[{"@type":"WebPage","@id":"https:\/\/headstashseedbank.com\/product\/bloom-seed-co-the-fizz-sherb-cake-x-strawberry-guava\/","url":"https:\/\/headstashseedbank.com\/product\/bloom-seed-co-the-fizz-sherb-cake-x-strawberry-guava\/","name":"Bloom Seed Co |The Fizz -Sherb Cake x Strawberry Guava - HeadStash SeedBank","isPartOf":{"@id":"https:\/\/headstashseedbank.com\/#website"},"primaryImageOfPage":{"@id":"https:\/\/headstashseedbank.com\/product\/bloom-seed-co-the-fizz-sherb-cake-x-strawberry-guava\/#primaryimage"},"image":{"@id":"https:\/\/headstashseedbank.com\/product\/bloom-seed-co-the-fizz-sherb-cake-x-strawberry-guava\/#primaryimage"},"thumbnailUrl":"https:\/\/headstashseedbank.com\/wp-content\/uploads\/2022\/08\/bloom-seed-co-logo-growlet.png","datePublished":"2022-08-31T15:59:46+00:00","dateModified":"2023-06-30T14:09:39+00:00","breadcrumb":{"@id":"https:\/\/headstashseedbank.com\/product\/bloom-seed-co-the-fizz-sherb-cake-x-strawberry-guava\/#breadcrumb"},"inLanguage":"es","potentialAction":[{"@type":"ReadAction","target":["https:\/\/headstashseedbank.com\/product\/bloom-seed-co-the-fizz-sherb-cake-x-strawberry-guava\/"]}]},{"@type":"ImageObject","inLanguage":"es","@id":"https:\/\/headstashseedbank.com\/product\/bloom-seed-co-the-fizz-sherb-cake-x-strawberry-guava\/#primaryimage","url":"https:\/\/headstashseedbank.com\/wp-content\/uploads\/2022\/08\/bloom-seed-co-logo-growlet.png","contentUrl":"https:\/\/headstashseedbank.com\/wp-content\/uploads\/2022\/08\/bloom-seed-co-logo-growlet.png","width":339,"height":339},{"@type":"BreadcrumbList","@id":"https:\/\/headstashseedbank.com\/product\/bloom-seed-co-the-fizz-sherb-cake-x-strawberry-guava\/#breadcrumb","itemListElement":[{"@type":"ListItem","position":1,"name":"Home","item":"https:\/\/headstashseedbank.com\/"},{"@type":"ListItem","position":2,"name":"Shop","item":"https:\/\/headstashseedbank.com\/shop\/"},{"@type":"ListItem","position":3,"name":"Bloom Seed Co |The Fizz -Sherb Cake x Strawberry Guava"}]},{"@type":"WebSite","@id":"https:\/\/headstashseedbank.com\/#website","url":"https:\/\/headstashseedbank.com\/","name":"HeadStash BCN Seed Bank Page","description":"","publisher":{"@id":"https:\/\/headstashseedbank.com\/#organization"},"potentialAction":[{"@type":"SearchAction","target":{"@type":"EntryPoint","urlTemplate":"https:\/\/headstashseedbank.com\/?s={search_term_string}"},"query-input":{"@type":"PropertyValueSpecification","valueRequired":true,"valueName":"search_term_string"}}],"inLanguage":"es"},{"@type":"Organization","@id":"https:\/\/headstashseedbank.com\/#organization","name":"HeadStash BCN","url":"https:\/\/headstashseedbank.com\/","logo":{"@type":"ImageObject","inLanguage":"es","@id":"https:\/\/headstashseedbank.com\/#\/schema\/logo\/image\/","url":"https:\/\/headstashseedbank.com\/wp-content\/uploads\/2022\/09\/cropped-Head-Stash-SB-Logo.png","contentUrl":"https:\/\/headstashseedbank.com\/wp-content\/uploads\/2022\/09\/cropped-Head-Stash-SB-Logo.png","width":512,"height":512,"caption":"HeadStash BCN"},"image":{"@id":"https:\/\/headstashseedbank.com\/#\/schema\/logo\/image\/"}}]}},"brands":[{"id":26,"name":"Bloom Seed Co","slug":"bloom-seed-co"}],"_links":{"self":[{"href":"https:\/\/headstashseedbank.com\/es\/wp-json\/wp\/v2\/product\/118","targetHints":{"allow":["GET"]}}],"collection":[{"href":"https:\/\/headstashseedbank.com\/es\/wp-json\/wp\/v2\/product"}],"about":[{"href":"https:\/\/headstashseedbank.com\/es\/wp-json\/wp\/v2\/types\/product"}],"wp:featuredmedia":[{"embeddable":true,"href":"https:\/\/headstashseedbank.com\/es\/wp-json\/wp\/v2\/media\/112"}],"wp:attachment":[{"href":"https:\/\/headstashseedbank.com\/es\/wp-json\/wp\/v2\/media?parent=118"}],"wp:term":[{"taxonomy":"pwb-brand","embeddable":true,"href":"https:\/\/headstashseedbank.com\/es\/wp-json\/wp\/v2\/pwb-brand?post=118"},{"taxonomy":"product_brand","embeddable":true,"href":"https:\/\/headstashseedbank.com\/es\/wp-json\/wp\/v2\/product_brand?post=118"},{"taxonomy":"product_cat","embeddable":true,"href":"https:\/\/headstashseedbank.com\/es\/wp-json\/wp\/v2\/product_cat?post=118"},{"taxonomy":"product_tag","embeddable":true,"href":"https:\/\/headstashseedbank.com\/es\/wp-json\/wp\/v2\/product_tag?post=118"}],"curies":[{"name":"wp","href":"https:\/\/api.w.org\/{rel}","templated":true}]}}