{"id":1390,"date":"2024-08-02T10:40:04","date_gmt":"2024-08-02T09:40:04","guid":{"rendered":"https:\/\/headstashseedbank.com\/?post_type=product&#038;p=1390"},"modified":"2025-08-13T16:12:12","modified_gmt":"2025-08-13T15:12:12","slug":"grounded-genetics-strawberry-gummys-strawberries-n-cream-x-papayadawg","status":"publish","type":"product","link":"https:\/\/headstashseedbank.com\/es\/producto\/grounded-genetics-strawberry-gummys-strawberries-n-cream-x-papayadawg\/","title":{"rendered":"Grounded Genetics | Strawberry Gummys | Strawberries n Cream x Papayadawg"},"content":{"rendered":"","protected":false},"excerpt":{"rendered":"<p>Strawberry Gummy's hace honor a su nombre con un perfil de terpenos irresistiblemente dulce que recuerda a intensos caramelos artificiales con sabor a fresa y frutas ex\u00f3ticas. El perfil de sabor se traduce bien de su aroma, la entrega de una explosi\u00f3n de fresa bondad en la inhalaci\u00f3n, seguido de sutiles notas de papaya tropical y un toque de especias terrosas en la exhalaci\u00f3n.<\/p>\n<p>&nbsp;<\/p>\n<p>Polinic\u00e9 un fenotipo \u00fanico de Strawberries n Cream (Strawberry Jelly x Cookies n Cream) seleccionado por nuestro amigo Roots Farms, con nuestro preciado esqueje PapayaDawg, que cuenta con los terpenos tropicales de papaya m\u00e1s intensos que he encontrado. Ambas potencias son reinas probadas del hach\u00eds, particularmente la PapayaDawg que devuelve consistentemente 5%+ de hach\u00eds de planta entera de agua fresca congelada, \u00a1as\u00ed que la progenie est\u00e1 llena de volcadores de resina!<\/p>\n<p>&nbsp;<\/p>\n<p>No es s\u00f3lo una planta de hach\u00eds, produce cogollos perfectos, densos, coloridos, con incrustaciones de resina y terpenos \u00fanicos que se traducen perfectamente en un porro, Strawberry Gummy's es un verdadero todo terreno.<\/p>\n<p>&nbsp;<\/p>\n<p>El tiempo de floraci\u00f3n es de 8-9 semanas, los cultivadores pueden esperar un estiramiento medio en esta.<\/p>","protected":false},"featured_media":988,"template":"","meta":[],"pwb-brand":[50],"product_brand":[],"product_cat":[20,23],"product_tag":[51],"class_list":{"0":"post-1390","1":"product","2":"type-product","3":"status-publish","4":"has-post-thumbnail","6":"pwb-brand-grounded-genetics","7":"product_cat-seeds","8":"product_cat-feminized","9":"product_tag-grounded-genetics","11":"entry","12":"has-media","14":"first","15":"instock","16":"taxable","17":"shipping-taxable","18":"purchasable","19":"product-type-simple","20":"has-product-nav","21":"col","22":"span_1_of_3","23":"owp-content-center","24":"owp-thumbs-layout-horizontal","25":"owp-btn-normal","26":"owp-tabs-layout-horizontal","27":"has-no-thumbnails"},"yoast_head":"<!-- This site is optimized with the Yoast SEO plugin v26.1 - https:\/\/yoast.com\/wordpress\/plugins\/seo\/ -->\n<title>Grounded Genetics | Strawberry Gummys | Strawberries n Cream x Papayadawg - HeadStash SeedBank<\/title>\n<meta name=\"robots\" content=\"index, follow, max-snippet:-1, max-image-preview:large, max-video-preview:-1\" \/>\n<link rel=\"canonical\" href=\"https:\/\/headstashseedbank.com\/es\/producto\/grounded-genetics-strawberry-gummys-strawberries-n-cream-x-papayadawg\/\" \/>\n<meta property=\"og:locale\" content=\"es_ES\" \/>\n<meta property=\"og:type\" content=\"article\" \/>\n<meta property=\"og:title\" content=\"Grounded Genetics | Strawberry Gummys | Strawberries n Cream x Papayadawg - HeadStash SeedBank\" \/>\n<meta property=\"og:description\" content=\"Strawberry Gummy\u2019s lives up to its name with an irresistibly sweet terp profile reminiscent of intense artificial strawberry flavoured candy and exotic fruits. The flavor profile translates well from its aroma, delivering a burst of strawberry goodness on the inhale, followed by subtle notes of tropical papaya and a hint of earthy spice on the exhale.  &nbsp;  I pollinated a super unique pheno of Strawberries n Cream (Strawberry Jelly x Cookies n Cream) selected by our friend Roots Farms, with our prized PapayaDawg cut which boasts the most intense tropical papaya terps I\u2019ve come across. Both of these powerhouses are proven hash queens, particularly the PapayaDawg which consistently returns 5%+ from whole plant fresh frozen water hash, so the progeny is full of resin dumpers!  &nbsp;  She\u2019s not just a hash plant though, producing picture perfect, dense, colourful, resin encrusted nugs and unique terps which translate perfectly in a joint, Strawberry Gummy\u2019s is a true all round box ticker.  &nbsp;  Flowering time is 8-9 weeks, growers can expect a medium stretch on this one.\" \/>\n<meta property=\"og:url\" content=\"https:\/\/headstashseedbank.com\/es\/producto\/grounded-genetics-strawberry-gummys-strawberries-n-cream-x-papayadawg\/\" \/>\n<meta property=\"og:site_name\" content=\"HeadStash SeedBank\" \/>\n<meta property=\"article:modified_time\" content=\"2025-08-13T15:12:12+00:00\" \/>\n<meta property=\"og:image\" content=\"https:\/\/headstashseedbank.com\/wp-content\/uploads\/2023\/08\/grounded-genetics-170-1-1-150x150-1.webp\" \/>\n\t<meta property=\"og:image:width\" content=\"150\" \/>\n\t<meta property=\"og:image:height\" content=\"150\" \/>\n\t<meta property=\"og:image:type\" content=\"image\/webp\" \/>\n<meta name=\"twitter:card\" content=\"summary_large_image\" \/>\n<meta name=\"twitter:label1\" content=\"Tiempo de lectura\" \/>\n\t<meta name=\"twitter:data1\" content=\"1 minuto\" \/>\n<script type=\"application\/ld+json\" class=\"yoast-schema-graph\">{\"@context\":\"https:\/\/schema.org\",\"@graph\":[{\"@type\":\"WebPage\",\"@id\":\"https:\/\/headstashseedbank.com\/product\/grounded-genetics-strawberry-gummys-strawberries-n-cream-x-papayadawg\/\",\"url\":\"https:\/\/headstashseedbank.com\/product\/grounded-genetics-strawberry-gummys-strawberries-n-cream-x-papayadawg\/\",\"name\":\"Grounded Genetics | Strawberry Gummys | Strawberries n Cream x Papayadawg - HeadStash SeedBank\",\"isPartOf\":{\"@id\":\"https:\/\/headstashseedbank.com\/#website\"},\"primaryImageOfPage\":{\"@id\":\"https:\/\/headstashseedbank.com\/product\/grounded-genetics-strawberry-gummys-strawberries-n-cream-x-papayadawg\/#primaryimage\"},\"image\":{\"@id\":\"https:\/\/headstashseedbank.com\/product\/grounded-genetics-strawberry-gummys-strawberries-n-cream-x-papayadawg\/#primaryimage\"},\"thumbnailUrl\":\"https:\/\/headstashseedbank.com\/wp-content\/uploads\/2023\/08\/grounded-genetics-170-1-1-150x150-1.webp\",\"datePublished\":\"2024-08-02T09:40:04+00:00\",\"dateModified\":\"2025-08-13T15:12:12+00:00\",\"breadcrumb\":{\"@id\":\"https:\/\/headstashseedbank.com\/product\/grounded-genetics-strawberry-gummys-strawberries-n-cream-x-papayadawg\/#breadcrumb\"},\"inLanguage\":\"es\",\"potentialAction\":[{\"@type\":\"ReadAction\",\"target\":[\"https:\/\/headstashseedbank.com\/product\/grounded-genetics-strawberry-gummys-strawberries-n-cream-x-papayadawg\/\"]}]},{\"@type\":\"ImageObject\",\"inLanguage\":\"es\",\"@id\":\"https:\/\/headstashseedbank.com\/product\/grounded-genetics-strawberry-gummys-strawberries-n-cream-x-papayadawg\/#primaryimage\",\"url\":\"https:\/\/headstashseedbank.com\/wp-content\/uploads\/2023\/08\/grounded-genetics-170-1-1-150x150-1.webp\",\"contentUrl\":\"https:\/\/headstashseedbank.com\/wp-content\/uploads\/2023\/08\/grounded-genetics-170-1-1-150x150-1.webp\",\"width\":150,\"height\":150},{\"@type\":\"BreadcrumbList\",\"@id\":\"https:\/\/headstashseedbank.com\/product\/grounded-genetics-strawberry-gummys-strawberries-n-cream-x-papayadawg\/#breadcrumb\",\"itemListElement\":[{\"@type\":\"ListItem\",\"position\":1,\"name\":\"Home\",\"item\":\"https:\/\/headstashseedbank.com\/\"},{\"@type\":\"ListItem\",\"position\":2,\"name\":\"Shop\",\"item\":\"https:\/\/headstashseedbank.com\/shop\/\"},{\"@type\":\"ListItem\",\"position\":3,\"name\":\"Grounded Genetics | Strawberry Gummys | Strawberries n Cream x Papayadawg\"}]},{\"@type\":\"WebSite\",\"@id\":\"https:\/\/headstashseedbank.com\/#website\",\"url\":\"https:\/\/headstashseedbank.com\/\",\"name\":\"HeadStash BCN Seed Bank Page\",\"description\":\"\",\"publisher\":{\"@id\":\"https:\/\/headstashseedbank.com\/#organization\"},\"potentialAction\":[{\"@type\":\"SearchAction\",\"target\":{\"@type\":\"EntryPoint\",\"urlTemplate\":\"https:\/\/headstashseedbank.com\/?s={search_term_string}\"},\"query-input\":{\"@type\":\"PropertyValueSpecification\",\"valueRequired\":true,\"valueName\":\"search_term_string\"}}],\"inLanguage\":\"es\"},{\"@type\":\"Organization\",\"@id\":\"https:\/\/headstashseedbank.com\/#organization\",\"name\":\"HeadStash BCN\",\"url\":\"https:\/\/headstashseedbank.com\/\",\"logo\":{\"@type\":\"ImageObject\",\"inLanguage\":\"es\",\"@id\":\"https:\/\/headstashseedbank.com\/#\/schema\/logo\/image\/\",\"url\":\"https:\/\/headstashseedbank.com\/wp-content\/uploads\/2022\/09\/cropped-Head-Stash-SB-Logo.png\",\"contentUrl\":\"https:\/\/headstashseedbank.com\/wp-content\/uploads\/2022\/09\/cropped-Head-Stash-SB-Logo.png\",\"width\":512,\"height\":512,\"caption\":\"HeadStash BCN\"},\"image\":{\"@id\":\"https:\/\/headstashseedbank.com\/#\/schema\/logo\/image\/\"}}]}<\/script>\n<!-- \/ Yoast SEO plugin. -->","yoast_head_json":{"title":"Grounded Genetics | Strawberry Gummys | Strawberries n Cream x Papayadawg - HeadStash SeedBank","robots":{"index":"index","follow":"follow","max-snippet":"max-snippet:-1","max-image-preview":"max-image-preview:large","max-video-preview":"max-video-preview:-1"},"canonical":"https:\/\/headstashseedbank.com\/es\/producto\/grounded-genetics-strawberry-gummys-strawberries-n-cream-x-papayadawg\/","og_locale":"es_ES","og_type":"article","og_title":"Grounded Genetics | Strawberry Gummys | Strawberries n Cream x Papayadawg - HeadStash SeedBank","og_description":"Strawberry Gummy\u2019s lives up to its name with an irresistibly sweet terp profile reminiscent of intense artificial strawberry flavoured candy and exotic fruits. The flavor profile translates well from its aroma, delivering a burst of strawberry goodness on the inhale, followed by subtle notes of tropical papaya and a hint of earthy spice on the exhale.  &nbsp;  I pollinated a super unique pheno of Strawberries n Cream (Strawberry Jelly x Cookies n Cream) selected by our friend Roots Farms, with our prized PapayaDawg cut which boasts the most intense tropical papaya terps I\u2019ve come across. Both of these powerhouses are proven hash queens, particularly the PapayaDawg which consistently returns 5%+ from whole plant fresh frozen water hash, so the progeny is full of resin dumpers!  &nbsp;  She\u2019s not just a hash plant though, producing picture perfect, dense, colourful, resin encrusted nugs and unique terps which translate perfectly in a joint, Strawberry Gummy\u2019s is a true all round box ticker.  &nbsp;  Flowering time is 8-9 weeks, growers can expect a medium stretch on this one.","og_url":"https:\/\/headstashseedbank.com\/es\/producto\/grounded-genetics-strawberry-gummys-strawberries-n-cream-x-papayadawg\/","og_site_name":"HeadStash SeedBank","article_modified_time":"2025-08-13T15:12:12+00:00","og_image":[{"width":150,"height":150,"url":"https:\/\/headstashseedbank.com\/wp-content\/uploads\/2023\/08\/grounded-genetics-170-1-1-150x150-1.webp","type":"image\/webp"}],"twitter_card":"summary_large_image","twitter_misc":{"Tiempo de lectura":"1 minuto"},"schema":{"@context":"https:\/\/schema.org","@graph":[{"@type":"WebPage","@id":"https:\/\/headstashseedbank.com\/product\/grounded-genetics-strawberry-gummys-strawberries-n-cream-x-papayadawg\/","url":"https:\/\/headstashseedbank.com\/product\/grounded-genetics-strawberry-gummys-strawberries-n-cream-x-papayadawg\/","name":"Grounded Genetics | Strawberry Gummys | Strawberries n Cream x Papayadawg - HeadStash SeedBank","isPartOf":{"@id":"https:\/\/headstashseedbank.com\/#website"},"primaryImageOfPage":{"@id":"https:\/\/headstashseedbank.com\/product\/grounded-genetics-strawberry-gummys-strawberries-n-cream-x-papayadawg\/#primaryimage"},"image":{"@id":"https:\/\/headstashseedbank.com\/product\/grounded-genetics-strawberry-gummys-strawberries-n-cream-x-papayadawg\/#primaryimage"},"thumbnailUrl":"https:\/\/headstashseedbank.com\/wp-content\/uploads\/2023\/08\/grounded-genetics-170-1-1-150x150-1.webp","datePublished":"2024-08-02T09:40:04+00:00","dateModified":"2025-08-13T15:12:12+00:00","breadcrumb":{"@id":"https:\/\/headstashseedbank.com\/product\/grounded-genetics-strawberry-gummys-strawberries-n-cream-x-papayadawg\/#breadcrumb"},"inLanguage":"es","potentialAction":[{"@type":"ReadAction","target":["https:\/\/headstashseedbank.com\/product\/grounded-genetics-strawberry-gummys-strawberries-n-cream-x-papayadawg\/"]}]},{"@type":"ImageObject","inLanguage":"es","@id":"https:\/\/headstashseedbank.com\/product\/grounded-genetics-strawberry-gummys-strawberries-n-cream-x-papayadawg\/#primaryimage","url":"https:\/\/headstashseedbank.com\/wp-content\/uploads\/2023\/08\/grounded-genetics-170-1-1-150x150-1.webp","contentUrl":"https:\/\/headstashseedbank.com\/wp-content\/uploads\/2023\/08\/grounded-genetics-170-1-1-150x150-1.webp","width":150,"height":150},{"@type":"BreadcrumbList","@id":"https:\/\/headstashseedbank.com\/product\/grounded-genetics-strawberry-gummys-strawberries-n-cream-x-papayadawg\/#breadcrumb","itemListElement":[{"@type":"ListItem","position":1,"name":"Home","item":"https:\/\/headstashseedbank.com\/"},{"@type":"ListItem","position":2,"name":"Shop","item":"https:\/\/headstashseedbank.com\/shop\/"},{"@type":"ListItem","position":3,"name":"Grounded Genetics | Strawberry Gummys | Strawberries n Cream x Papayadawg"}]},{"@type":"WebSite","@id":"https:\/\/headstashseedbank.com\/#website","url":"https:\/\/headstashseedbank.com\/","name":"HeadStash BCN Seed Bank Page","description":"","publisher":{"@id":"https:\/\/headstashseedbank.com\/#organization"},"potentialAction":[{"@type":"SearchAction","target":{"@type":"EntryPoint","urlTemplate":"https:\/\/headstashseedbank.com\/?s={search_term_string}"},"query-input":{"@type":"PropertyValueSpecification","valueRequired":true,"valueName":"search_term_string"}}],"inLanguage":"es"},{"@type":"Organization","@id":"https:\/\/headstashseedbank.com\/#organization","name":"HeadStash BCN","url":"https:\/\/headstashseedbank.com\/","logo":{"@type":"ImageObject","inLanguage":"es","@id":"https:\/\/headstashseedbank.com\/#\/schema\/logo\/image\/","url":"https:\/\/headstashseedbank.com\/wp-content\/uploads\/2022\/09\/cropped-Head-Stash-SB-Logo.png","contentUrl":"https:\/\/headstashseedbank.com\/wp-content\/uploads\/2022\/09\/cropped-Head-Stash-SB-Logo.png","width":512,"height":512,"caption":"HeadStash BCN"},"image":{"@id":"https:\/\/headstashseedbank.com\/#\/schema\/logo\/image\/"}}]}},"brands":[{"id":50,"name":"Grounded Genetics","slug":"grounded-genetics"}],"_links":{"self":[{"href":"https:\/\/headstashseedbank.com\/es\/wp-json\/wp\/v2\/product\/1390","targetHints":{"allow":["GET"]}}],"collection":[{"href":"https:\/\/headstashseedbank.com\/es\/wp-json\/wp\/v2\/product"}],"about":[{"href":"https:\/\/headstashseedbank.com\/es\/wp-json\/wp\/v2\/types\/product"}],"wp:featuredmedia":[{"embeddable":true,"href":"https:\/\/headstashseedbank.com\/es\/wp-json\/wp\/v2\/media\/988"}],"wp:attachment":[{"href":"https:\/\/headstashseedbank.com\/es\/wp-json\/wp\/v2\/media?parent=1390"}],"wp:term":[{"taxonomy":"pwb-brand","embeddable":true,"href":"https:\/\/headstashseedbank.com\/es\/wp-json\/wp\/v2\/pwb-brand?post=1390"},{"taxonomy":"product_brand","embeddable":true,"href":"https:\/\/headstashseedbank.com\/es\/wp-json\/wp\/v2\/product_brand?post=1390"},{"taxonomy":"product_cat","embeddable":true,"href":"https:\/\/headstashseedbank.com\/es\/wp-json\/wp\/v2\/product_cat?post=1390"},{"taxonomy":"product_tag","embeddable":true,"href":"https:\/\/headstashseedbank.com\/es\/wp-json\/wp\/v2\/product_tag?post=1390"}],"curies":[{"name":"wp","href":"https:\/\/api.w.org\/{rel}","templated":true}]}}