{"id":1391,"date":"2024-08-02T10:39:20","date_gmt":"2024-08-02T09:39:20","guid":{"rendered":"https:\/\/headstashseedbank.com\/?post_type=product&#038;p=1391"},"modified":"2024-11-30T05:43:52","modified_gmt":"2024-11-30T04:43:52","slug":"grounded-genetics-pink-honey-papaya-x-gmo-x-ozark","status":"publish","type":"product","link":"https:\/\/headstashseedbank.com\/es\/producto\/grounded-genetics-pink-honey-papaya-x-gmo-x-ozark\/","title":{"rendered":"Grounded Genetics | Pink Honey | ( Papaya x GMO) x Ozark"},"content":{"rendered":"","protected":false},"excerpt":{"rendered":"<p>Pink Honey es el resultado de polinizar un esqueje \u00e9lite de Papaya x GMO con polen hembra invertido de nuestro cuidador Ozark (Oz Kush x Jealousy).<\/p>\n<p>&nbsp;<\/p>\n<p>El perfil de terpenos del esqueje Papaya x GMO que utilizamos se inclina en gran medida hacia el lado tropical de la papaya, al tiempo que hereda la abundante producci\u00f3n de cabezas de tricomas arenosos y el crecimiento el\u00e1stico de su linaje GMO.<\/p>\n<p>&nbsp;<\/p>\n<p>Nuestro guardi\u00e1n de Ozark es un \u00e9xito de p\u00fablico incluso entre los entendidos m\u00e1s exigentes. Un equilibrio perfecto de terpenos Z \/ Sherb y densos cogollos de colores que empacan un potente golpe.<\/p>\n<p>&nbsp;<\/p>\n<p>La progenie de este h\u00edbrido resultante est\u00e1 plagada de fenotipos que muestran pistilos de color rosa vibrante, un rasgo que se encuentra com\u00fanmente en la Papaya original, as\u00ed como una serie de plantas con cabezas de tricomas arenosos y de cuello d\u00e9bil que son muy adecuadas para el hach\u00eds de agua fresca congelada. La nariz dominante es de frutas tropicales con matices de aromas ex\u00f3ticos Sherb\/zkittlez.<\/p>\n<p>&nbsp;<\/p>\n<p>Pink Honey ha sido rigurosamente probada tanto en interior como en exterior, floreciendo en ambos entornos y ofreciendo plantas resistentes de forma consistente. Se espera un tiempo de floraci\u00f3n de 8-9 semanas con un estiramiento medio a alto.<\/p>","protected":false},"featured_media":988,"template":"","meta":[],"pwb-brand":[50],"product_brand":[],"product_cat":[20,23],"product_tag":[51],"class_list":{"0":"post-1391","1":"product","2":"type-product","3":"status-publish","4":"has-post-thumbnail","6":"pwb-brand-grounded-genetics","7":"product_cat-seeds","8":"product_cat-feminized","9":"product_tag-grounded-genetics","11":"entry","12":"has-media","14":"first","15":"instock","16":"taxable","17":"shipping-taxable","18":"purchasable","19":"product-type-simple","20":"has-product-nav","21":"col","22":"span_1_of_3","23":"owp-content-center","24":"owp-thumbs-layout-horizontal","25":"owp-btn-normal","26":"owp-tabs-layout-horizontal","27":"has-no-thumbnails"},"yoast_head":"<!-- This site is optimized with the Yoast SEO plugin v26.1 - https:\/\/yoast.com\/wordpress\/plugins\/seo\/ -->\n<title>Grounded Genetics | Pink Honey | ( Papaya x GMO) x Ozark - HeadStash SeedBank<\/title>\n<meta name=\"robots\" content=\"index, follow, max-snippet:-1, max-image-preview:large, max-video-preview:-1\" \/>\n<link rel=\"canonical\" href=\"https:\/\/headstashseedbank.com\/es\/producto\/grounded-genetics-pink-honey-papaya-x-gmo-x-ozark\/\" \/>\n<meta property=\"og:locale\" content=\"es_ES\" \/>\n<meta property=\"og:type\" content=\"article\" \/>\n<meta property=\"og:title\" content=\"Grounded Genetics | Pink Honey | ( Papaya x GMO) x Ozark - HeadStash SeedBank\" \/>\n<meta property=\"og:description\" content=\"Pink Honey is the result of pollinating an elite cut of Papaya x GMO with reversed fem pollen from our Ozark (Oz Kush x Jealousy) keeper.  &nbsp;  The terp profile on the Papaya x GMO cut we used leans heavily towards the tropical papaya side of things, while inheriting the copious production of sandy trichome heads and stretchy growth from its GMO lineage.  &nbsp;  Our Ozark keeper is a proven crowd pleaser amongst even the pickiest of connoisseurs. A perfect balance of Z \/ Sherb terps and dense colourful nugs which pack a potent punch.  &nbsp;  The progeny of this resulting hybrid are littered with phenotypes displaying vibrant pink pistils, a trait commonly found in the original Papaya, as well as a number of plants with gritty, weak neck trichomes heads which are well suited for fresh frozen water hash. The dominant nose is tropical fruits with undertones of exotic Sherb\/zkittlez aromas.  &nbsp;  Pink Honey has been rigorously tested both indoor and outdoor, flourishing in both settings and delivering resilient plants consistently. Expect a flowering time of 8-9 weeks with a medium to high stretch.\" \/>\n<meta property=\"og:url\" content=\"https:\/\/headstashseedbank.com\/es\/producto\/grounded-genetics-pink-honey-papaya-x-gmo-x-ozark\/\" \/>\n<meta property=\"og:site_name\" content=\"HeadStash SeedBank\" \/>\n<meta property=\"article:modified_time\" content=\"2024-11-30T04:43:52+00:00\" \/>\n<meta property=\"og:image\" content=\"https:\/\/headstashseedbank.com\/wp-content\/uploads\/2023\/08\/grounded-genetics-170-1-1-150x150-1.webp\" \/>\n\t<meta property=\"og:image:width\" content=\"150\" \/>\n\t<meta property=\"og:image:height\" content=\"150\" \/>\n\t<meta property=\"og:image:type\" content=\"image\/webp\" \/>\n<meta name=\"twitter:card\" content=\"summary_large_image\" \/>\n<meta name=\"twitter:label1\" content=\"Tiempo de lectura\" \/>\n\t<meta name=\"twitter:data1\" content=\"1 minuto\" \/>\n<script type=\"application\/ld+json\" class=\"yoast-schema-graph\">{\"@context\":\"https:\/\/schema.org\",\"@graph\":[{\"@type\":\"WebPage\",\"@id\":\"https:\/\/headstashseedbank.com\/product\/grounded-genetics-pink-honey-papaya-x-gmo-x-ozark\/\",\"url\":\"https:\/\/headstashseedbank.com\/product\/grounded-genetics-pink-honey-papaya-x-gmo-x-ozark\/\",\"name\":\"Grounded Genetics | Pink Honey | ( Papaya x GMO) x Ozark - HeadStash SeedBank\",\"isPartOf\":{\"@id\":\"https:\/\/headstashseedbank.com\/#website\"},\"primaryImageOfPage\":{\"@id\":\"https:\/\/headstashseedbank.com\/product\/grounded-genetics-pink-honey-papaya-x-gmo-x-ozark\/#primaryimage\"},\"image\":{\"@id\":\"https:\/\/headstashseedbank.com\/product\/grounded-genetics-pink-honey-papaya-x-gmo-x-ozark\/#primaryimage\"},\"thumbnailUrl\":\"https:\/\/headstashseedbank.com\/wp-content\/uploads\/2023\/08\/grounded-genetics-170-1-1-150x150-1.webp\",\"datePublished\":\"2024-08-02T09:39:20+00:00\",\"dateModified\":\"2024-11-30T04:43:52+00:00\",\"breadcrumb\":{\"@id\":\"https:\/\/headstashseedbank.com\/product\/grounded-genetics-pink-honey-papaya-x-gmo-x-ozark\/#breadcrumb\"},\"inLanguage\":\"es\",\"potentialAction\":[{\"@type\":\"ReadAction\",\"target\":[\"https:\/\/headstashseedbank.com\/product\/grounded-genetics-pink-honey-papaya-x-gmo-x-ozark\/\"]}]},{\"@type\":\"ImageObject\",\"inLanguage\":\"es\",\"@id\":\"https:\/\/headstashseedbank.com\/product\/grounded-genetics-pink-honey-papaya-x-gmo-x-ozark\/#primaryimage\",\"url\":\"https:\/\/headstashseedbank.com\/wp-content\/uploads\/2023\/08\/grounded-genetics-170-1-1-150x150-1.webp\",\"contentUrl\":\"https:\/\/headstashseedbank.com\/wp-content\/uploads\/2023\/08\/grounded-genetics-170-1-1-150x150-1.webp\",\"width\":150,\"height\":150},{\"@type\":\"BreadcrumbList\",\"@id\":\"https:\/\/headstashseedbank.com\/product\/grounded-genetics-pink-honey-papaya-x-gmo-x-ozark\/#breadcrumb\",\"itemListElement\":[{\"@type\":\"ListItem\",\"position\":1,\"name\":\"Home\",\"item\":\"https:\/\/headstashseedbank.com\/\"},{\"@type\":\"ListItem\",\"position\":2,\"name\":\"Shop\",\"item\":\"https:\/\/headstashseedbank.com\/shop\/\"},{\"@type\":\"ListItem\",\"position\":3,\"name\":\"Grounded Genetics | Pink Honey | ( Papaya x GMO) x Ozark\"}]},{\"@type\":\"WebSite\",\"@id\":\"https:\/\/headstashseedbank.com\/#website\",\"url\":\"https:\/\/headstashseedbank.com\/\",\"name\":\"HeadStash BCN Seed Bank Page\",\"description\":\"\",\"publisher\":{\"@id\":\"https:\/\/headstashseedbank.com\/#organization\"},\"potentialAction\":[{\"@type\":\"SearchAction\",\"target\":{\"@type\":\"EntryPoint\",\"urlTemplate\":\"https:\/\/headstashseedbank.com\/?s={search_term_string}\"},\"query-input\":{\"@type\":\"PropertyValueSpecification\",\"valueRequired\":true,\"valueName\":\"search_term_string\"}}],\"inLanguage\":\"es\"},{\"@type\":\"Organization\",\"@id\":\"https:\/\/headstashseedbank.com\/#organization\",\"name\":\"HeadStash BCN\",\"url\":\"https:\/\/headstashseedbank.com\/\",\"logo\":{\"@type\":\"ImageObject\",\"inLanguage\":\"es\",\"@id\":\"https:\/\/headstashseedbank.com\/#\/schema\/logo\/image\/\",\"url\":\"https:\/\/headstashseedbank.com\/wp-content\/uploads\/2022\/09\/cropped-Head-Stash-SB-Logo.png\",\"contentUrl\":\"https:\/\/headstashseedbank.com\/wp-content\/uploads\/2022\/09\/cropped-Head-Stash-SB-Logo.png\",\"width\":512,\"height\":512,\"caption\":\"HeadStash BCN\"},\"image\":{\"@id\":\"https:\/\/headstashseedbank.com\/#\/schema\/logo\/image\/\"}}]}<\/script>\n<!-- \/ Yoast SEO plugin. -->","yoast_head_json":{"title":"Grounded Genetics | Pink Honey | ( Papaya x GMO) x Ozark - HeadStash SeedBank","robots":{"index":"index","follow":"follow","max-snippet":"max-snippet:-1","max-image-preview":"max-image-preview:large","max-video-preview":"max-video-preview:-1"},"canonical":"https:\/\/headstashseedbank.com\/es\/producto\/grounded-genetics-pink-honey-papaya-x-gmo-x-ozark\/","og_locale":"es_ES","og_type":"article","og_title":"Grounded Genetics | Pink Honey | ( Papaya x GMO) x Ozark - HeadStash SeedBank","og_description":"Pink Honey is the result of pollinating an elite cut of Papaya x GMO with reversed fem pollen from our Ozark (Oz Kush x Jealousy) keeper.  &nbsp;  The terp profile on the Papaya x GMO cut we used leans heavily towards the tropical papaya side of things, while inheriting the copious production of sandy trichome heads and stretchy growth from its GMO lineage.  &nbsp;  Our Ozark keeper is a proven crowd pleaser amongst even the pickiest of connoisseurs. A perfect balance of Z \/ Sherb terps and dense colourful nugs which pack a potent punch.  &nbsp;  The progeny of this resulting hybrid are littered with phenotypes displaying vibrant pink pistils, a trait commonly found in the original Papaya, as well as a number of plants with gritty, weak neck trichomes heads which are well suited for fresh frozen water hash. The dominant nose is tropical fruits with undertones of exotic Sherb\/zkittlez aromas.  &nbsp;  Pink Honey has been rigorously tested both indoor and outdoor, flourishing in both settings and delivering resilient plants consistently. Expect a flowering time of 8-9 weeks with a medium to high stretch.","og_url":"https:\/\/headstashseedbank.com\/es\/producto\/grounded-genetics-pink-honey-papaya-x-gmo-x-ozark\/","og_site_name":"HeadStash SeedBank","article_modified_time":"2024-11-30T04:43:52+00:00","og_image":[{"width":150,"height":150,"url":"https:\/\/headstashseedbank.com\/wp-content\/uploads\/2023\/08\/grounded-genetics-170-1-1-150x150-1.webp","type":"image\/webp"}],"twitter_card":"summary_large_image","twitter_misc":{"Tiempo de lectura":"1 minuto"},"schema":{"@context":"https:\/\/schema.org","@graph":[{"@type":"WebPage","@id":"https:\/\/headstashseedbank.com\/product\/grounded-genetics-pink-honey-papaya-x-gmo-x-ozark\/","url":"https:\/\/headstashseedbank.com\/product\/grounded-genetics-pink-honey-papaya-x-gmo-x-ozark\/","name":"Grounded Genetics | Pink Honey | ( Papaya x GMO) x Ozark - HeadStash SeedBank","isPartOf":{"@id":"https:\/\/headstashseedbank.com\/#website"},"primaryImageOfPage":{"@id":"https:\/\/headstashseedbank.com\/product\/grounded-genetics-pink-honey-papaya-x-gmo-x-ozark\/#primaryimage"},"image":{"@id":"https:\/\/headstashseedbank.com\/product\/grounded-genetics-pink-honey-papaya-x-gmo-x-ozark\/#primaryimage"},"thumbnailUrl":"https:\/\/headstashseedbank.com\/wp-content\/uploads\/2023\/08\/grounded-genetics-170-1-1-150x150-1.webp","datePublished":"2024-08-02T09:39:20+00:00","dateModified":"2024-11-30T04:43:52+00:00","breadcrumb":{"@id":"https:\/\/headstashseedbank.com\/product\/grounded-genetics-pink-honey-papaya-x-gmo-x-ozark\/#breadcrumb"},"inLanguage":"es","potentialAction":[{"@type":"ReadAction","target":["https:\/\/headstashseedbank.com\/product\/grounded-genetics-pink-honey-papaya-x-gmo-x-ozark\/"]}]},{"@type":"ImageObject","inLanguage":"es","@id":"https:\/\/headstashseedbank.com\/product\/grounded-genetics-pink-honey-papaya-x-gmo-x-ozark\/#primaryimage","url":"https:\/\/headstashseedbank.com\/wp-content\/uploads\/2023\/08\/grounded-genetics-170-1-1-150x150-1.webp","contentUrl":"https:\/\/headstashseedbank.com\/wp-content\/uploads\/2023\/08\/grounded-genetics-170-1-1-150x150-1.webp","width":150,"height":150},{"@type":"BreadcrumbList","@id":"https:\/\/headstashseedbank.com\/product\/grounded-genetics-pink-honey-papaya-x-gmo-x-ozark\/#breadcrumb","itemListElement":[{"@type":"ListItem","position":1,"name":"Home","item":"https:\/\/headstashseedbank.com\/"},{"@type":"ListItem","position":2,"name":"Shop","item":"https:\/\/headstashseedbank.com\/shop\/"},{"@type":"ListItem","position":3,"name":"Grounded Genetics | Pink Honey | ( Papaya x GMO) x Ozark"}]},{"@type":"WebSite","@id":"https:\/\/headstashseedbank.com\/#website","url":"https:\/\/headstashseedbank.com\/","name":"HeadStash BCN Seed Bank Page","description":"","publisher":{"@id":"https:\/\/headstashseedbank.com\/#organization"},"potentialAction":[{"@type":"SearchAction","target":{"@type":"EntryPoint","urlTemplate":"https:\/\/headstashseedbank.com\/?s={search_term_string}"},"query-input":{"@type":"PropertyValueSpecification","valueRequired":true,"valueName":"search_term_string"}}],"inLanguage":"es"},{"@type":"Organization","@id":"https:\/\/headstashseedbank.com\/#organization","name":"HeadStash BCN","url":"https:\/\/headstashseedbank.com\/","logo":{"@type":"ImageObject","inLanguage":"es","@id":"https:\/\/headstashseedbank.com\/#\/schema\/logo\/image\/","url":"https:\/\/headstashseedbank.com\/wp-content\/uploads\/2022\/09\/cropped-Head-Stash-SB-Logo.png","contentUrl":"https:\/\/headstashseedbank.com\/wp-content\/uploads\/2022\/09\/cropped-Head-Stash-SB-Logo.png","width":512,"height":512,"caption":"HeadStash BCN"},"image":{"@id":"https:\/\/headstashseedbank.com\/#\/schema\/logo\/image\/"}}]}},"brands":[{"id":50,"name":"Grounded Genetics","slug":"grounded-genetics"}],"_links":{"self":[{"href":"https:\/\/headstashseedbank.com\/es\/wp-json\/wp\/v2\/product\/1391","targetHints":{"allow":["GET"]}}],"collection":[{"href":"https:\/\/headstashseedbank.com\/es\/wp-json\/wp\/v2\/product"}],"about":[{"href":"https:\/\/headstashseedbank.com\/es\/wp-json\/wp\/v2\/types\/product"}],"wp:featuredmedia":[{"embeddable":true,"href":"https:\/\/headstashseedbank.com\/es\/wp-json\/wp\/v2\/media\/988"}],"wp:attachment":[{"href":"https:\/\/headstashseedbank.com\/es\/wp-json\/wp\/v2\/media?parent=1391"}],"wp:term":[{"taxonomy":"pwb-brand","embeddable":true,"href":"https:\/\/headstashseedbank.com\/es\/wp-json\/wp\/v2\/pwb-brand?post=1391"},{"taxonomy":"product_brand","embeddable":true,"href":"https:\/\/headstashseedbank.com\/es\/wp-json\/wp\/v2\/product_brand?post=1391"},{"taxonomy":"product_cat","embeddable":true,"href":"https:\/\/headstashseedbank.com\/es\/wp-json\/wp\/v2\/product_cat?post=1391"},{"taxonomy":"product_tag","embeddable":true,"href":"https:\/\/headstashseedbank.com\/es\/wp-json\/wp\/v2\/product_tag?post=1391"}],"curies":[{"name":"wp","href":"https:\/\/api.w.org\/{rel}","templated":true}]}}