{"id":420,"date":"2022-10-27T11:50:18","date_gmt":"2022-10-27T10:50:18","guid":{"rendered":"https:\/\/headstashseedbank.com\/?post_type=product&#038;p=420"},"modified":"2023-06-30T15:36:35","modified_gmt":"2023-06-30T14:36:35","slug":"perfect-tree-seeds-baked-in-paris","status":"publish","type":"product","link":"https:\/\/headstashseedbank.com\/es\/producto\/perfect-tree-seeds-baked-in-paris\/","title":{"rendered":"Perfect Tree Seeds | Baked In Paris"},"content":{"rendered":"<p><strong>Baked in Paris Semillas de Marihuana Femenina de Perfect Tree<\/strong><\/p>\n<p><strong>Semillas de Marihuana Femenina Baked in Paris de Perfect Tree<\/strong>\u00a0es una de las cuatro variedades finales de la prestigiosa l\u00ednea Jet A de Perfect Tree, que utiliza la reversi\u00f3n Jet A para polinizar una impecable mezcla de madres de los establos de Perfect Trees.<\/p>\n<p><strong>Horneado en Par\u00eds<\/strong>\u00a0se cre\u00f3 utilizando\u00a0<strong>\u00c1rbol perfecto\u00a0<\/strong>fenotipo notable del\u00a0<strong>Tarta de boda F4<\/strong>\u00a0de<strong>\u00a0Gen\u00e9tica de Seed Junky<\/strong>\u00a0golpeado con el polen de su corte ganador de la copa del Jet A, que invirtieron de\u00a0<strong>Ex\u00f3tico<\/strong>\u00a0<strong>Genetix<\/strong>.<\/p>\n<p><strong>Horneado en Par\u00eds<\/strong>\u00a0es una absoluta f\u00e1brica de tricomas que produce cogollos densos que parecen casi totalmente blancos gracias a la asombrosa producci\u00f3n de resina, convirti\u00e9ndola en un sue\u00f1o absoluto para los amantes y entusiastas de las variedades sin solventes. Baked in Paris es una mezcla perfecta del cl\u00e1sico perfil de terpenos funky Cookie enriquecido con algunas notas gaseosas profundas y toques de los infames terpenos Gelato.\u00a0<strong>Horneado en Par\u00eds<\/strong>\u00a0no es una variedad para esnifar; gracias a su potencia, incluso los consumidores m\u00e1s experimentados quedar\u00e1n sorprendidos por sus profundos efectos sedantes. En consecuencia,\u00a0<strong>Horneado en Par\u00eds<\/strong>\u00a0es m\u00e1s adecuado para fumar por la noche para la mayor\u00eda de los consumidores.<\/p>","protected":false},"excerpt":{"rendered":"<table id=\"product-attribute-specs-table\" class=\"data table additional-attributes\">\n<tbody>\n<tr>\n<th class=\"col label\" scope=\"row\">Marca<\/th>\n<td class=\"col data\" data-th=\"Brand\">\u00c1rbol perfecto<\/td>\n<\/tr>\n<tr>\n<th class=\"col label\" scope=\"row\">Tama\u00f1o del envase<\/th>\n<td class=\"col data\" data-th=\"Pack Size\">6 semillas por paquete<\/td>\n<\/tr>\n<tr>\n<th class=\"col label\" scope=\"row\">Interior \/ Exterior<\/th>\n<td class=\"col data\" data-th=\"Indoor \/ Outdoor\">Interior \/ Exterior<\/td>\n<\/tr>\n<tr>\n<th class=\"col label\" scope=\"row\">\u00c9poca de floraci\u00f3n<\/th>\n<td class=\"col data\" data-th=\"Flowering Time\">8 semanas<\/td>\n<\/tr>\n<tr>\n<th class=\"col label\" scope=\"row\">Gen\u00e9tica<\/th>\n<td class=\"col data\" data-th=\"Genetics\">H\u00edbrido Indica Dominante<\/td>\n<\/tr>\n<tr>\n<th class=\"col label\" scope=\"row\">Linaje<\/th>\n<td class=\"col data\" data-th=\"Lineage\">Pastel de boda F4 x Jet A<\/td>\n<\/tr>\n<tr>\n<th class=\"col label\" scope=\"row\">Rendimiento<\/th>\n<td class=\"col data\" data-th=\"Yield\">Alta<\/td>\n<\/tr>\n<tr>\n<th class=\"col label\" scope=\"row\">Perfil Terp<\/th>\n<td class=\"col data\" data-th=\"Yield\">Galletas, Gas, Gelato<\/td>\n<\/tr>\n<tr>\n<th class=\"col label\" scope=\"row\">Fecha de publicaci\u00f3n<\/th>\n<td class=\"col data\" data-th=\"Yield\">01\/07 a las 16:20 GMT<\/td>\n<\/tr>\n<tr>\n<th class=\"col label\" scope=\"row\">Tipo de semilla<\/th>\n<td class=\"col data\" data-th=\"Seed Type\">Mujer<\/td>\n<\/tr>\n<\/tbody>\n<\/table>","protected":false},"featured_media":620,"template":"","meta":[],"pwb-brand":[53],"product_brand":[],"product_cat":[20,23],"product_tag":[52,54],"class_list":{"0":"post-420","1":"product","2":"type-product","3":"status-publish","4":"has-post-thumbnail","6":"pwb-brand-perfect-tree-seeds","7":"product_cat-seeds","8":"product_cat-feminized","9":"product_tag-feminized-seeds","10":"product_tag-perfect-tree-seeds","12":"entry","13":"has-media","15":"first","16":"outofstock","17":"taxable","18":"shipping-taxable","19":"purchasable","20":"product-type-simple","21":"has-product-nav","22":"col","23":"span_1_of_3","24":"owp-content-center","25":"owp-thumbs-layout-horizontal","26":"owp-btn-normal","27":"owp-tabs-layout-horizontal","28":"has-no-thumbnails"},"yoast_head":"<!-- This site is optimized with the Yoast SEO plugin v26.1 - https:\/\/yoast.com\/wordpress\/plugins\/seo\/ -->\n<title>Perfect Tree Seeds | Baked In Paris - HeadStash SeedBank<\/title>\n<meta name=\"robots\" content=\"index, follow, max-snippet:-1, max-image-preview:large, max-video-preview:-1\" \/>\n<link rel=\"canonical\" href=\"https:\/\/headstashseedbank.com\/es\/producto\/perfect-tree-seeds-baked-in-paris\/\" \/>\n<meta property=\"og:locale\" content=\"es_ES\" \/>\n<meta property=\"og:type\" content=\"article\" \/>\n<meta property=\"og:title\" content=\"Perfect Tree Seeds | Baked In Paris - HeadStash SeedBank\" \/>\n<meta property=\"og:description\" content=\"Brand Perfect Tree   Pack Size 6 Seeds Per Pack   Indoor \/ Outdoor Indoor \/ Outdoor   Flowering Time 8 Weeks   Genetics Hybrid Indica Dominant   Lineage Wedding Cake F4 x Jet A   Yield High   Terp Profile Cookies, Gas, Gelato   Release Date 01\/07 at 4:20pm GMT   Seed Type Female\" \/>\n<meta property=\"og:url\" content=\"https:\/\/headstashseedbank.com\/es\/producto\/perfect-tree-seeds-baked-in-paris\/\" \/>\n<meta property=\"og:site_name\" content=\"HeadStash SeedBank\" \/>\n<meta property=\"article:modified_time\" content=\"2023-06-30T14:36:35+00:00\" \/>\n<meta property=\"og:image\" content=\"https:\/\/headstashseedbank.com\/wp-content\/uploads\/2022\/10\/IMG_4379.png\" \/>\n\t<meta property=\"og:image:width\" content=\"1024\" \/>\n\t<meta property=\"og:image:height\" content=\"1024\" \/>\n\t<meta property=\"og:image:type\" content=\"image\/png\" \/>\n<meta name=\"twitter:card\" content=\"summary_large_image\" \/>\n<meta name=\"twitter:label1\" content=\"Tiempo de lectura\" \/>\n\t<meta name=\"twitter:data1\" content=\"1 minuto\" \/>\n<script type=\"application\/ld+json\" class=\"yoast-schema-graph\">{\"@context\":\"https:\/\/schema.org\",\"@graph\":[{\"@type\":\"WebPage\",\"@id\":\"https:\/\/headstashseedbank.com\/product\/perfect-tree-seeds-baked-in-paris\/\",\"url\":\"https:\/\/headstashseedbank.com\/product\/perfect-tree-seeds-baked-in-paris\/\",\"name\":\"Perfect Tree Seeds | Baked In Paris - HeadStash SeedBank\",\"isPartOf\":{\"@id\":\"https:\/\/headstashseedbank.com\/#website\"},\"primaryImageOfPage\":{\"@id\":\"https:\/\/headstashseedbank.com\/product\/perfect-tree-seeds-baked-in-paris\/#primaryimage\"},\"image\":{\"@id\":\"https:\/\/headstashseedbank.com\/product\/perfect-tree-seeds-baked-in-paris\/#primaryimage\"},\"thumbnailUrl\":\"https:\/\/headstashseedbank.com\/wp-content\/uploads\/2022\/10\/IMG_4379.png\",\"datePublished\":\"2022-10-27T10:50:18+00:00\",\"dateModified\":\"2023-06-30T14:36:35+00:00\",\"breadcrumb\":{\"@id\":\"https:\/\/headstashseedbank.com\/product\/perfect-tree-seeds-baked-in-paris\/#breadcrumb\"},\"inLanguage\":\"es\",\"potentialAction\":[{\"@type\":\"ReadAction\",\"target\":[\"https:\/\/headstashseedbank.com\/product\/perfect-tree-seeds-baked-in-paris\/\"]}]},{\"@type\":\"ImageObject\",\"inLanguage\":\"es\",\"@id\":\"https:\/\/headstashseedbank.com\/product\/perfect-tree-seeds-baked-in-paris\/#primaryimage\",\"url\":\"https:\/\/headstashseedbank.com\/wp-content\/uploads\/2022\/10\/IMG_4379.png\",\"contentUrl\":\"https:\/\/headstashseedbank.com\/wp-content\/uploads\/2022\/10\/IMG_4379.png\",\"width\":1024,\"height\":1024},{\"@type\":\"BreadcrumbList\",\"@id\":\"https:\/\/headstashseedbank.com\/product\/perfect-tree-seeds-baked-in-paris\/#breadcrumb\",\"itemListElement\":[{\"@type\":\"ListItem\",\"position\":1,\"name\":\"Home\",\"item\":\"https:\/\/headstashseedbank.com\/\"},{\"@type\":\"ListItem\",\"position\":2,\"name\":\"Shop\",\"item\":\"https:\/\/headstashseedbank.com\/shop\/\"},{\"@type\":\"ListItem\",\"position\":3,\"name\":\"Perfect Tree Seeds | Baked In Paris\"}]},{\"@type\":\"WebSite\",\"@id\":\"https:\/\/headstashseedbank.com\/#website\",\"url\":\"https:\/\/headstashseedbank.com\/\",\"name\":\"HeadStash BCN Seed Bank Page\",\"description\":\"\",\"publisher\":{\"@id\":\"https:\/\/headstashseedbank.com\/#organization\"},\"potentialAction\":[{\"@type\":\"SearchAction\",\"target\":{\"@type\":\"EntryPoint\",\"urlTemplate\":\"https:\/\/headstashseedbank.com\/?s={search_term_string}\"},\"query-input\":{\"@type\":\"PropertyValueSpecification\",\"valueRequired\":true,\"valueName\":\"search_term_string\"}}],\"inLanguage\":\"es\"},{\"@type\":\"Organization\",\"@id\":\"https:\/\/headstashseedbank.com\/#organization\",\"name\":\"HeadStash BCN\",\"url\":\"https:\/\/headstashseedbank.com\/\",\"logo\":{\"@type\":\"ImageObject\",\"inLanguage\":\"es\",\"@id\":\"https:\/\/headstashseedbank.com\/#\/schema\/logo\/image\/\",\"url\":\"https:\/\/headstashseedbank.com\/wp-content\/uploads\/2022\/09\/cropped-Head-Stash-SB-Logo.png\",\"contentUrl\":\"https:\/\/headstashseedbank.com\/wp-content\/uploads\/2022\/09\/cropped-Head-Stash-SB-Logo.png\",\"width\":512,\"height\":512,\"caption\":\"HeadStash BCN\"},\"image\":{\"@id\":\"https:\/\/headstashseedbank.com\/#\/schema\/logo\/image\/\"}}]}<\/script>\n<!-- \/ Yoast SEO plugin. -->","yoast_head_json":{"title":"Perfect Tree Seeds | Baked In Paris - HeadStash SeedBank","robots":{"index":"index","follow":"follow","max-snippet":"max-snippet:-1","max-image-preview":"max-image-preview:large","max-video-preview":"max-video-preview:-1"},"canonical":"https:\/\/headstashseedbank.com\/es\/producto\/perfect-tree-seeds-baked-in-paris\/","og_locale":"es_ES","og_type":"article","og_title":"Perfect Tree Seeds | Baked In Paris - HeadStash SeedBank","og_description":"Brand Perfect Tree   Pack Size 6 Seeds Per Pack   Indoor \/ Outdoor Indoor \/ Outdoor   Flowering Time 8 Weeks   Genetics Hybrid Indica Dominant   Lineage Wedding Cake F4 x Jet A   Yield High   Terp Profile Cookies, Gas, Gelato   Release Date 01\/07 at 4:20pm GMT   Seed Type Female","og_url":"https:\/\/headstashseedbank.com\/es\/producto\/perfect-tree-seeds-baked-in-paris\/","og_site_name":"HeadStash SeedBank","article_modified_time":"2023-06-30T14:36:35+00:00","og_image":[{"url":"https:\/\/headstashseedbank.com\/wp-content\/uploads\/2022\/10\/IMG_4379.png","width":1024,"height":1024,"type":"image\/png"}],"twitter_card":"summary_large_image","twitter_misc":{"Tiempo de lectura":"1 minuto"},"schema":{"@context":"https:\/\/schema.org","@graph":[{"@type":"WebPage","@id":"https:\/\/headstashseedbank.com\/product\/perfect-tree-seeds-baked-in-paris\/","url":"https:\/\/headstashseedbank.com\/product\/perfect-tree-seeds-baked-in-paris\/","name":"Perfect Tree Seeds | Baked In Paris - HeadStash SeedBank","isPartOf":{"@id":"https:\/\/headstashseedbank.com\/#website"},"primaryImageOfPage":{"@id":"https:\/\/headstashseedbank.com\/product\/perfect-tree-seeds-baked-in-paris\/#primaryimage"},"image":{"@id":"https:\/\/headstashseedbank.com\/product\/perfect-tree-seeds-baked-in-paris\/#primaryimage"},"thumbnailUrl":"https:\/\/headstashseedbank.com\/wp-content\/uploads\/2022\/10\/IMG_4379.png","datePublished":"2022-10-27T10:50:18+00:00","dateModified":"2023-06-30T14:36:35+00:00","breadcrumb":{"@id":"https:\/\/headstashseedbank.com\/product\/perfect-tree-seeds-baked-in-paris\/#breadcrumb"},"inLanguage":"es","potentialAction":[{"@type":"ReadAction","target":["https:\/\/headstashseedbank.com\/product\/perfect-tree-seeds-baked-in-paris\/"]}]},{"@type":"ImageObject","inLanguage":"es","@id":"https:\/\/headstashseedbank.com\/product\/perfect-tree-seeds-baked-in-paris\/#primaryimage","url":"https:\/\/headstashseedbank.com\/wp-content\/uploads\/2022\/10\/IMG_4379.png","contentUrl":"https:\/\/headstashseedbank.com\/wp-content\/uploads\/2022\/10\/IMG_4379.png","width":1024,"height":1024},{"@type":"BreadcrumbList","@id":"https:\/\/headstashseedbank.com\/product\/perfect-tree-seeds-baked-in-paris\/#breadcrumb","itemListElement":[{"@type":"ListItem","position":1,"name":"Home","item":"https:\/\/headstashseedbank.com\/"},{"@type":"ListItem","position":2,"name":"Shop","item":"https:\/\/headstashseedbank.com\/shop\/"},{"@type":"ListItem","position":3,"name":"Perfect Tree Seeds | Baked In Paris"}]},{"@type":"WebSite","@id":"https:\/\/headstashseedbank.com\/#website","url":"https:\/\/headstashseedbank.com\/","name":"HeadStash BCN Seed Bank Page","description":"","publisher":{"@id":"https:\/\/headstashseedbank.com\/#organization"},"potentialAction":[{"@type":"SearchAction","target":{"@type":"EntryPoint","urlTemplate":"https:\/\/headstashseedbank.com\/?s={search_term_string}"},"query-input":{"@type":"PropertyValueSpecification","valueRequired":true,"valueName":"search_term_string"}}],"inLanguage":"es"},{"@type":"Organization","@id":"https:\/\/headstashseedbank.com\/#organization","name":"HeadStash BCN","url":"https:\/\/headstashseedbank.com\/","logo":{"@type":"ImageObject","inLanguage":"es","@id":"https:\/\/headstashseedbank.com\/#\/schema\/logo\/image\/","url":"https:\/\/headstashseedbank.com\/wp-content\/uploads\/2022\/09\/cropped-Head-Stash-SB-Logo.png","contentUrl":"https:\/\/headstashseedbank.com\/wp-content\/uploads\/2022\/09\/cropped-Head-Stash-SB-Logo.png","width":512,"height":512,"caption":"HeadStash BCN"},"image":{"@id":"https:\/\/headstashseedbank.com\/#\/schema\/logo\/image\/"}}]}},"brands":[{"id":53,"name":"Perfect Tree Seeds","slug":"perfect-tree-seeds"}],"_links":{"self":[{"href":"https:\/\/headstashseedbank.com\/es\/wp-json\/wp\/v2\/product\/420","targetHints":{"allow":["GET"]}}],"collection":[{"href":"https:\/\/headstashseedbank.com\/es\/wp-json\/wp\/v2\/product"}],"about":[{"href":"https:\/\/headstashseedbank.com\/es\/wp-json\/wp\/v2\/types\/product"}],"wp:featuredmedia":[{"embeddable":true,"href":"https:\/\/headstashseedbank.com\/es\/wp-json\/wp\/v2\/media\/620"}],"wp:attachment":[{"href":"https:\/\/headstashseedbank.com\/es\/wp-json\/wp\/v2\/media?parent=420"}],"wp:term":[{"taxonomy":"pwb-brand","embeddable":true,"href":"https:\/\/headstashseedbank.com\/es\/wp-json\/wp\/v2\/pwb-brand?post=420"},{"taxonomy":"product_brand","embeddable":true,"href":"https:\/\/headstashseedbank.com\/es\/wp-json\/wp\/v2\/product_brand?post=420"},{"taxonomy":"product_cat","embeddable":true,"href":"https:\/\/headstashseedbank.com\/es\/wp-json\/wp\/v2\/product_cat?post=420"},{"taxonomy":"product_tag","embeddable":true,"href":"https:\/\/headstashseedbank.com\/es\/wp-json\/wp\/v2\/product_tag?post=420"}],"curies":[{"name":"wp","href":"https:\/\/api.w.org\/{rel}","templated":true}]}}