{"id":437,"date":"2022-10-27T12:39:28","date_gmt":"2022-10-27T11:39:28","guid":{"rendered":"https:\/\/headstashseedbank.com\/?post_type=product&#038;p=437"},"modified":"2024-04-09T10:18:53","modified_gmt":"2024-04-09T09:18:53","slug":"perfect-tree-seeds-rotten-apple","status":"publish","type":"product","link":"https:\/\/headstashseedbank.com\/es\/producto\/perfect-tree-seeds-rotten-apple\/","title":{"rendered":"Perfect Tree Seeds | Manzana podrida"},"content":{"rendered":"<div id=\"description\" class=\"data item content\" role=\"tabpanel\" data-role=\"content\" aria-labelledby=\"tab-label-description\" aria-hidden=\"false\">\n<div class=\"product attribute description\">\n<div class=\"value\">\n<p><strong>Manzana podrida\u00a0<\/strong>es el \u00faltimo cultivar incre\u00edble que ha salido de la\u00a0<strong>Jet A\u00a0<\/strong>proyecto de inversi\u00f3n (<strong>Ex\u00f3tico<\/strong>\u00a0<strong>Genetix<\/strong>) de los aclamados criadores de\u00a0<strong>Perfecto<\/strong>\u00a0<strong>\u00c1rbol.<\/strong><\/p>\n<p>Para crear el\u00a0<strong>Podrido<\/strong>\u00a0<strong>Manzana\u00a0<\/strong>cepa Perfect Tree cruz\u00f3 su selecci\u00f3n del\u00a0<strong>Lim\u00f3n<\/strong>\u00a0<strong>Crema de mantequilla<\/strong>\u00a0(<strong>Tri\u00e1ngulo<\/strong>\u00a0<strong>Kush<\/strong>\u00a0x\u00a0<strong>Agrio<\/strong>\u00a0<strong>Manzana<\/strong>\u00a0<strong>IBL<\/strong>) de Alien Genetics con\u00a0<strong>Perfecto<\/strong>\u00a0<strong>\u00c1rbol<\/strong>de Jet-A.<\/p>\n<p>Este cruce permiti\u00f3 que los incre\u00edbles terps de combustible y gas del\u00a0<strong>Tri\u00e1ngulo<\/strong>\u00a0<strong>Kush<\/strong>\u00a0&amp;\u00a0<strong>Jet-A<\/strong>\u00a0para combinar con el\u00a0<strong>Manzana \u00e1cida<\/strong>\u00a0creando una ex\u00f3tica fragancia fermentada. Este aroma fermentado es agradablemente similar al dulce funk que se encuentra alrededor de los manzanos antes de la cosecha, cuando parte de la fruta ya ha ca\u00eddo al suelo y ha empezado a degradarse, pero el aroma general sigue siendo dulce y fresco como el de las manzanas maduras. Algunos fenotipos son incluso m\u00e1s dulces, gracias a las encantadoras notas de caramelo reci\u00e9n horneado que es casi como el sabor del jarabe de sidra de manzana en el paladar.<\/p>\n<p>Las plantas son bastante f\u00e1ciles de cultivar, generalmente son m\u00e1s cortas que las medianas y los cogollos son pegajosos y gruesos. Encontrar\u00e1s pocas variaciones de fenotipo y, con un poco de suerte, \u00a1encontrar\u00e1s una planta que querr\u00e1s conservar para siempre!<\/p>\n<\/div>\n<\/div>\n<\/div>\n<div id=\"tab-label-additional\" class=\"data item title\" tabindex=\"0\" role=\"tab\" aria-labeledby=\"tab-label-additional-title\" data-role=\"collapsible\" data-collapsible=\"true\" aria-controls=\"additional\" aria-selected=\"false\" aria-expanded=\"false\"><\/div>","protected":false},"excerpt":{"rendered":"<table id=\"product-attribute-specs-table\" class=\"data table additional-attributes\">\n<tbody>\n<tr>\n<th class=\"col label\" scope=\"row\">Marca<\/th>\n<td class=\"col data\" data-th=\"Brand\">\u00c1rbol perfecto<\/td>\n<\/tr>\n<tr>\n<th class=\"col label\" scope=\"row\">Tama\u00f1o del envase<\/th>\n<td class=\"col data\" data-th=\"Pack Size\">6 semillas por paquete<\/td>\n<\/tr>\n<tr>\n<th class=\"col label\" scope=\"row\">Interior \/ Exterior<\/th>\n<td class=\"col data\" data-th=\"Indoor \/ Outdoor\">Interior \/ Exterior<\/td>\n<\/tr>\n<tr>\n<th class=\"col label\" scope=\"row\">\u00c9poca de floraci\u00f3n<\/th>\n<td class=\"col data\" data-th=\"Flowering Time\">8 semanas<\/td>\n<\/tr>\n<tr>\n<th class=\"col label\" scope=\"row\">Floraci\u00f3n exterior<\/th>\n<td class=\"col data\" data-th=\"Flowering Time\">Principios de octubre<\/td>\n<\/tr>\n<tr>\n<th class=\"col label\" scope=\"row\">Gen\u00e9tica<\/th>\n<td class=\"col data\" data-th=\"Genetics\">H\u00edbrido<\/td>\n<\/tr>\n<tr>\n<th class=\"col label\" scope=\"row\">Linaje<\/th>\n<td class=\"col data\" data-th=\"Lineage\">Crema de lim\u00f3n y mantequilla x Jet A (Reversal)<\/td>\n<\/tr>\n<tr>\n<th class=\"col label\" scope=\"row\">Rendimiento<\/th>\n<td class=\"col data\" data-th=\"Yield\">Alta<\/td>\n<\/tr>\n<tr>\n<th class=\"col label\" scope=\"row\">Talla<\/th>\n<td class=\"col data\" data-th=\"Yield\">Corto\/ Medio<\/td>\n<\/tr>\n<tr>\n<th class=\"col label\" scope=\"row\">Tipo de semilla<\/th>\n<td class=\"col data\" data-th=\"Seed Type\">Mujer<\/td>\n<\/tr>\n<\/tbody>\n<\/table>","protected":false},"featured_media":633,"template":"","meta":[],"pwb-brand":[53],"product_brand":[],"product_cat":[20,23],"product_tag":[52,54],"class_list":{"0":"post-437","1":"product","2":"type-product","3":"status-publish","4":"has-post-thumbnail","6":"pwb-brand-perfect-tree-seeds","7":"product_cat-seeds","8":"product_cat-feminized","9":"product_tag-feminized-seeds","10":"product_tag-perfect-tree-seeds","12":"entry","13":"has-media","15":"first","16":"outofstock","17":"taxable","18":"shipping-taxable","19":"purchasable","20":"product-type-simple","21":"has-product-nav","22":"col","23":"span_1_of_3","24":"owp-content-center","25":"owp-thumbs-layout-horizontal","26":"owp-btn-normal","27":"owp-tabs-layout-horizontal","28":"has-no-thumbnails"},"yoast_head":"<!-- This site is optimized with the Yoast SEO plugin v26.1 - https:\/\/yoast.com\/wordpress\/plugins\/seo\/ -->\n<title>Perfect Tree Seeds | Rotten Apple - HeadStash SeedBank<\/title>\n<meta name=\"robots\" content=\"index, follow, max-snippet:-1, max-image-preview:large, max-video-preview:-1\" \/>\n<link rel=\"canonical\" href=\"https:\/\/headstashseedbank.com\/es\/producto\/perfect-tree-seeds-rotten-apple\/\" \/>\n<meta property=\"og:locale\" content=\"es_ES\" \/>\n<meta property=\"og:type\" content=\"article\" \/>\n<meta property=\"og:title\" content=\"Perfect Tree Seeds | Rotten Apple - HeadStash SeedBank\" \/>\n<meta property=\"og:description\" content=\"Brand Perfect Tree   Pack Size 6 Seeds Per Pack   Indoor \/ Outdoor Indoor \/ Outdoor   Flowering Time 8 Weeks   Outdoor Flowering Start of October   Genetics Hybrid   Lineage Lemon Butter Cream x Jet A (Reversal)   Yield High   Size Short\/ Medium   Seed Type Female\" \/>\n<meta property=\"og:url\" content=\"https:\/\/headstashseedbank.com\/es\/producto\/perfect-tree-seeds-rotten-apple\/\" \/>\n<meta property=\"og:site_name\" content=\"HeadStash SeedBank\" \/>\n<meta property=\"article:modified_time\" content=\"2024-04-09T09:18:53+00:00\" \/>\n<meta property=\"og:image\" content=\"https:\/\/headstashseedbank.com\/wp-content\/uploads\/2022\/10\/IMG_4404.png\" \/>\n\t<meta property=\"og:image:width\" content=\"1024\" \/>\n\t<meta property=\"og:image:height\" content=\"1024\" \/>\n\t<meta property=\"og:image:type\" content=\"image\/png\" \/>\n<meta name=\"twitter:card\" content=\"summary_large_image\" \/>\n<meta name=\"twitter:label1\" content=\"Tiempo de lectura\" \/>\n\t<meta name=\"twitter:data1\" content=\"1 minuto\" \/>\n<script type=\"application\/ld+json\" class=\"yoast-schema-graph\">{\"@context\":\"https:\/\/schema.org\",\"@graph\":[{\"@type\":\"WebPage\",\"@id\":\"https:\/\/headstashseedbank.com\/product\/perfect-tree-seeds-rotten-apple\/\",\"url\":\"https:\/\/headstashseedbank.com\/product\/perfect-tree-seeds-rotten-apple\/\",\"name\":\"Perfect Tree Seeds | Rotten Apple - HeadStash SeedBank\",\"isPartOf\":{\"@id\":\"https:\/\/headstashseedbank.com\/#website\"},\"primaryImageOfPage\":{\"@id\":\"https:\/\/headstashseedbank.com\/product\/perfect-tree-seeds-rotten-apple\/#primaryimage\"},\"image\":{\"@id\":\"https:\/\/headstashseedbank.com\/product\/perfect-tree-seeds-rotten-apple\/#primaryimage\"},\"thumbnailUrl\":\"https:\/\/headstashseedbank.com\/wp-content\/uploads\/2022\/10\/IMG_4404.png\",\"datePublished\":\"2022-10-27T11:39:28+00:00\",\"dateModified\":\"2024-04-09T09:18:53+00:00\",\"breadcrumb\":{\"@id\":\"https:\/\/headstashseedbank.com\/product\/perfect-tree-seeds-rotten-apple\/#breadcrumb\"},\"inLanguage\":\"es\",\"potentialAction\":[{\"@type\":\"ReadAction\",\"target\":[\"https:\/\/headstashseedbank.com\/product\/perfect-tree-seeds-rotten-apple\/\"]}]},{\"@type\":\"ImageObject\",\"inLanguage\":\"es\",\"@id\":\"https:\/\/headstashseedbank.com\/product\/perfect-tree-seeds-rotten-apple\/#primaryimage\",\"url\":\"https:\/\/headstashseedbank.com\/wp-content\/uploads\/2022\/10\/IMG_4404.png\",\"contentUrl\":\"https:\/\/headstashseedbank.com\/wp-content\/uploads\/2022\/10\/IMG_4404.png\",\"width\":1024,\"height\":1024},{\"@type\":\"BreadcrumbList\",\"@id\":\"https:\/\/headstashseedbank.com\/product\/perfect-tree-seeds-rotten-apple\/#breadcrumb\",\"itemListElement\":[{\"@type\":\"ListItem\",\"position\":1,\"name\":\"Home\",\"item\":\"https:\/\/headstashseedbank.com\/\"},{\"@type\":\"ListItem\",\"position\":2,\"name\":\"Shop\",\"item\":\"https:\/\/headstashseedbank.com\/shop\/\"},{\"@type\":\"ListItem\",\"position\":3,\"name\":\"Perfect Tree Seeds | Rotten Apple\"}]},{\"@type\":\"WebSite\",\"@id\":\"https:\/\/headstashseedbank.com\/#website\",\"url\":\"https:\/\/headstashseedbank.com\/\",\"name\":\"HeadStash BCN Seed Bank Page\",\"description\":\"\",\"publisher\":{\"@id\":\"https:\/\/headstashseedbank.com\/#organization\"},\"potentialAction\":[{\"@type\":\"SearchAction\",\"target\":{\"@type\":\"EntryPoint\",\"urlTemplate\":\"https:\/\/headstashseedbank.com\/?s={search_term_string}\"},\"query-input\":{\"@type\":\"PropertyValueSpecification\",\"valueRequired\":true,\"valueName\":\"search_term_string\"}}],\"inLanguage\":\"es\"},{\"@type\":\"Organization\",\"@id\":\"https:\/\/headstashseedbank.com\/#organization\",\"name\":\"HeadStash BCN\",\"url\":\"https:\/\/headstashseedbank.com\/\",\"logo\":{\"@type\":\"ImageObject\",\"inLanguage\":\"es\",\"@id\":\"https:\/\/headstashseedbank.com\/#\/schema\/logo\/image\/\",\"url\":\"https:\/\/headstashseedbank.com\/wp-content\/uploads\/2022\/09\/cropped-Head-Stash-SB-Logo.png\",\"contentUrl\":\"https:\/\/headstashseedbank.com\/wp-content\/uploads\/2022\/09\/cropped-Head-Stash-SB-Logo.png\",\"width\":512,\"height\":512,\"caption\":\"HeadStash BCN\"},\"image\":{\"@id\":\"https:\/\/headstashseedbank.com\/#\/schema\/logo\/image\/\"}}]}<\/script>\n<!-- \/ Yoast SEO plugin. -->","yoast_head_json":{"title":"Perfect Tree Seeds | Rotten Apple - HeadStash SeedBank","robots":{"index":"index","follow":"follow","max-snippet":"max-snippet:-1","max-image-preview":"max-image-preview:large","max-video-preview":"max-video-preview:-1"},"canonical":"https:\/\/headstashseedbank.com\/es\/producto\/perfect-tree-seeds-rotten-apple\/","og_locale":"es_ES","og_type":"article","og_title":"Perfect Tree Seeds | Rotten Apple - HeadStash SeedBank","og_description":"Brand Perfect Tree   Pack Size 6 Seeds Per Pack   Indoor \/ Outdoor Indoor \/ Outdoor   Flowering Time 8 Weeks   Outdoor Flowering Start of October   Genetics Hybrid   Lineage Lemon Butter Cream x Jet A (Reversal)   Yield High   Size Short\/ Medium   Seed Type Female","og_url":"https:\/\/headstashseedbank.com\/es\/producto\/perfect-tree-seeds-rotten-apple\/","og_site_name":"HeadStash SeedBank","article_modified_time":"2024-04-09T09:18:53+00:00","og_image":[{"url":"https:\/\/headstashseedbank.com\/wp-content\/uploads\/2022\/10\/IMG_4404.png","width":1024,"height":1024,"type":"image\/png"}],"twitter_card":"summary_large_image","twitter_misc":{"Tiempo de lectura":"1 minuto"},"schema":{"@context":"https:\/\/schema.org","@graph":[{"@type":"WebPage","@id":"https:\/\/headstashseedbank.com\/product\/perfect-tree-seeds-rotten-apple\/","url":"https:\/\/headstashseedbank.com\/product\/perfect-tree-seeds-rotten-apple\/","name":"Perfect Tree Seeds | Rotten Apple - HeadStash SeedBank","isPartOf":{"@id":"https:\/\/headstashseedbank.com\/#website"},"primaryImageOfPage":{"@id":"https:\/\/headstashseedbank.com\/product\/perfect-tree-seeds-rotten-apple\/#primaryimage"},"image":{"@id":"https:\/\/headstashseedbank.com\/product\/perfect-tree-seeds-rotten-apple\/#primaryimage"},"thumbnailUrl":"https:\/\/headstashseedbank.com\/wp-content\/uploads\/2022\/10\/IMG_4404.png","datePublished":"2022-10-27T11:39:28+00:00","dateModified":"2024-04-09T09:18:53+00:00","breadcrumb":{"@id":"https:\/\/headstashseedbank.com\/product\/perfect-tree-seeds-rotten-apple\/#breadcrumb"},"inLanguage":"es","potentialAction":[{"@type":"ReadAction","target":["https:\/\/headstashseedbank.com\/product\/perfect-tree-seeds-rotten-apple\/"]}]},{"@type":"ImageObject","inLanguage":"es","@id":"https:\/\/headstashseedbank.com\/product\/perfect-tree-seeds-rotten-apple\/#primaryimage","url":"https:\/\/headstashseedbank.com\/wp-content\/uploads\/2022\/10\/IMG_4404.png","contentUrl":"https:\/\/headstashseedbank.com\/wp-content\/uploads\/2022\/10\/IMG_4404.png","width":1024,"height":1024},{"@type":"BreadcrumbList","@id":"https:\/\/headstashseedbank.com\/product\/perfect-tree-seeds-rotten-apple\/#breadcrumb","itemListElement":[{"@type":"ListItem","position":1,"name":"Home","item":"https:\/\/headstashseedbank.com\/"},{"@type":"ListItem","position":2,"name":"Shop","item":"https:\/\/headstashseedbank.com\/shop\/"},{"@type":"ListItem","position":3,"name":"Perfect Tree Seeds | Rotten Apple"}]},{"@type":"WebSite","@id":"https:\/\/headstashseedbank.com\/#website","url":"https:\/\/headstashseedbank.com\/","name":"HeadStash BCN Seed Bank Page","description":"","publisher":{"@id":"https:\/\/headstashseedbank.com\/#organization"},"potentialAction":[{"@type":"SearchAction","target":{"@type":"EntryPoint","urlTemplate":"https:\/\/headstashseedbank.com\/?s={search_term_string}"},"query-input":{"@type":"PropertyValueSpecification","valueRequired":true,"valueName":"search_term_string"}}],"inLanguage":"es"},{"@type":"Organization","@id":"https:\/\/headstashseedbank.com\/#organization","name":"HeadStash BCN","url":"https:\/\/headstashseedbank.com\/","logo":{"@type":"ImageObject","inLanguage":"es","@id":"https:\/\/headstashseedbank.com\/#\/schema\/logo\/image\/","url":"https:\/\/headstashseedbank.com\/wp-content\/uploads\/2022\/09\/cropped-Head-Stash-SB-Logo.png","contentUrl":"https:\/\/headstashseedbank.com\/wp-content\/uploads\/2022\/09\/cropped-Head-Stash-SB-Logo.png","width":512,"height":512,"caption":"HeadStash BCN"},"image":{"@id":"https:\/\/headstashseedbank.com\/#\/schema\/logo\/image\/"}}]}},"brands":[{"id":53,"name":"Perfect Tree Seeds","slug":"perfect-tree-seeds"}],"_links":{"self":[{"href":"https:\/\/headstashseedbank.com\/es\/wp-json\/wp\/v2\/product\/437","targetHints":{"allow":["GET"]}}],"collection":[{"href":"https:\/\/headstashseedbank.com\/es\/wp-json\/wp\/v2\/product"}],"about":[{"href":"https:\/\/headstashseedbank.com\/es\/wp-json\/wp\/v2\/types\/product"}],"wp:featuredmedia":[{"embeddable":true,"href":"https:\/\/headstashseedbank.com\/es\/wp-json\/wp\/v2\/media\/633"}],"wp:attachment":[{"href":"https:\/\/headstashseedbank.com\/es\/wp-json\/wp\/v2\/media?parent=437"}],"wp:term":[{"taxonomy":"pwb-brand","embeddable":true,"href":"https:\/\/headstashseedbank.com\/es\/wp-json\/wp\/v2\/pwb-brand?post=437"},{"taxonomy":"product_brand","embeddable":true,"href":"https:\/\/headstashseedbank.com\/es\/wp-json\/wp\/v2\/product_brand?post=437"},{"taxonomy":"product_cat","embeddable":true,"href":"https:\/\/headstashseedbank.com\/es\/wp-json\/wp\/v2\/product_cat?post=437"},{"taxonomy":"product_tag","embeddable":true,"href":"https:\/\/headstashseedbank.com\/es\/wp-json\/wp\/v2\/product_tag?post=437"}],"curies":[{"name":"wp","href":"https:\/\/api.w.org\/{rel}","templated":true}]}}