{"id":438,"date":"2022-10-27T12:44:57","date_gmt":"2022-10-27T11:44:57","guid":{"rendered":"https:\/\/headstashseedbank.com\/?post_type=product&#038;p=438"},"modified":"2023-09-27T13:08:35","modified_gmt":"2023-09-27T12:08:35","slug":"perfect-tree-seeds-granita","status":"publish","type":"product","link":"https:\/\/headstashseedbank.com\/es\/producto\/perfect-tree-seeds-granita\/","title":{"rendered":"Perfect Tree Seeds | Granita"},"content":{"rendered":"<p><strong>Semillas de Marihuana Granita Hembra de Perfect Tree<\/strong><\/p>\n<p><strong>Semillas de Marihuana Granita Hembra de Perfect Tree es<\/strong>\u00a0una de las cuatro cepas finales de estos grandes talentos para dejar caer utilizando la incre\u00edble Jet A invertida como polinizador.<\/p>\n<p>La madre 33 Splitter encontrada haciendo estallar algunas semillas 33 Splitter seleccionadas por\u00a0<strong>Perfecto<\/strong>\u00a0<strong>\u00c1rbol<\/strong>\u00a0de algunas jud\u00edas de Uprising Seeds y del donante de polen Jet A de Exotic Genetix, tambi\u00e9n seleccionado por\u00a0<strong>Perfecto<\/strong>\u00a0<strong>\u00c1rbol<\/strong>son esencialmente del mismo linaje. Ambas cepas parentales combinan el infame esqueje de criador de la Gelato 33 cruzado con cepas OG, llenas de gas, la Atom Splitter &amp; Tina (33 Splitter y Jet A, respectivamente). La madre 33 Splitter es un esqueje s\u00f3lido y vigoroso que produce un aroma distintivo y \u00fanico, una estructura llamativa y una capacidad de clonaci\u00f3n r\u00e1pida para apilar un peso masivo, lo que la convierte en la madre perfecta para criar.<\/p>\n<p>La progenie resultante emite ricos terpenos de Gelato como Gelato 33 con esteroides, a la vez que produce cogollos monstruosos cubiertos de tricomas brillantes de arriba abajo.<\/p>\n<p>En\u00a0<strong>Granita<\/strong>\u00a0en\u00a0<strong>feminizado<\/strong>\u00a0<strong>semillas<\/strong>\u00a0es a\u00fan m\u00e1s uniforme que la Grainta normal, ya que casi todos los fenotipos expresan el mismo perfil de terpenos.\u00a0<strong>Granita<\/strong>\u00a0es una cepa intensamente potente que se orienta hacia el consumo nocturno, ya que es definitivamente el tipo de cepa que te har\u00e1 fundirte en tu sof\u00e1 durante horas, un verdadero cerebro congelado. Es mejor que te asegures de no tener ninguna actividad planeada despu\u00e9s de consumir esta.<\/p>","protected":false},"excerpt":{"rendered":"<table id=\"product-attribute-specs-table\" class=\"data table additional-attributes\">\n<tbody>\n<tr>\n<th class=\"col label\" scope=\"row\">Marca<\/th>\n<td class=\"col data\" data-th=\"Brand\">\u00c1rbol perfecto<\/td>\n<\/tr>\n<tr>\n<th class=\"col label\" scope=\"row\">Tama\u00f1o del envase<\/th>\n<td class=\"col data\" data-th=\"Pack Size\">6 semillas por paquete<\/td>\n<\/tr>\n<tr>\n<th class=\"col label\" scope=\"row\">Interior \/ Exterior<\/th>\n<td class=\"col data\" data-th=\"Indoor \/ Outdoor\">Interior \/ Exterior<\/td>\n<\/tr>\n<tr>\n<th class=\"col label\" scope=\"row\">\u00c9poca de floraci\u00f3n<\/th>\n<td class=\"col data\" data-th=\"Flowering Time\">8 semanas<\/td>\n<\/tr>\n<tr>\n<th class=\"col label\" scope=\"row\">Gen\u00e9tica<\/th>\n<td class=\"col data\" data-th=\"Genetics\">H\u00edbrido Indica Dominante<\/td>\n<\/tr>\n<tr>\n<th class=\"col label\" scope=\"row\">Linaje<\/th>\n<td class=\"col data\" data-th=\"Lineage\">33 Divisor x Chorro A<\/td>\n<\/tr>\n<tr>\n<th class=\"col label\" scope=\"row\">Rendimiento<\/th>\n<td class=\"col data\" data-th=\"Yield\">Alta<\/td>\n<\/tr>\n<tr>\n<th class=\"col label\" scope=\"row\">Perfil Terp<\/th>\n<td class=\"col data\" data-th=\"Yield\">Serious Gelato terps<\/td>\n<\/tr>\n<tr>\n<th class=\"col label\" scope=\"row\">Fecha de publicaci\u00f3n<\/th>\n<td class=\"col data\" data-th=\"Yield\">01\/07 a las 16:20 GMT<\/td>\n<\/tr>\n<tr>\n<th class=\"col label\" scope=\"row\">Tipo de semilla<\/th>\n<td class=\"col data\" data-th=\"Seed Type\">Mujer<\/td>\n<\/tr>\n<\/tbody>\n<\/table>","protected":false},"featured_media":634,"template":"","meta":[],"pwb-brand":[53],"product_brand":[],"product_cat":[20,23],"product_tag":[55,54],"class_list":{"0":"post-438","1":"product","2":"type-product","3":"status-publish","4":"has-post-thumbnail","6":"pwb-brand-perfect-tree-seeds","7":"product_cat-seeds","8":"product_cat-feminized","9":"product_tag-feminzed-seeds","10":"product_tag-perfect-tree-seeds","12":"entry","13":"has-media","15":"first","16":"outofstock","17":"taxable","18":"shipping-taxable","19":"purchasable","20":"product-type-simple","21":"has-product-nav","22":"col","23":"span_1_of_3","24":"owp-content-center","25":"owp-thumbs-layout-horizontal","26":"owp-btn-normal","27":"owp-tabs-layout-horizontal","28":"has-no-thumbnails"},"yoast_head":"<!-- This site is optimized with the Yoast SEO plugin v26.1 - https:\/\/yoast.com\/wordpress\/plugins\/seo\/ -->\n<title>Perfect Tree Seeds | Granita - HeadStash SeedBank<\/title>\n<meta name=\"robots\" content=\"index, follow, max-snippet:-1, max-image-preview:large, max-video-preview:-1\" \/>\n<link rel=\"canonical\" href=\"https:\/\/headstashseedbank.com\/es\/producto\/perfect-tree-seeds-granita\/\" \/>\n<meta property=\"og:locale\" content=\"es_ES\" \/>\n<meta property=\"og:type\" content=\"article\" \/>\n<meta property=\"og:title\" content=\"Perfect Tree Seeds | Granita - HeadStash SeedBank\" \/>\n<meta property=\"og:description\" content=\"Brand Perfect Tree   Pack Size 6 Seeds Per Pack   Indoor \/ Outdoor Indoor \/ Outdoor   Flowering Time 8 Weeks   Genetics Hybrid Indica Dominant   Lineage 33 Splitter x Jet A   Yield High   Terp Profile Serious Gelato terps   Release Date 01\/07 at 4:20pm GMT   Seed Type Female\" \/>\n<meta property=\"og:url\" content=\"https:\/\/headstashseedbank.com\/es\/producto\/perfect-tree-seeds-granita\/\" \/>\n<meta property=\"og:site_name\" content=\"HeadStash SeedBank\" \/>\n<meta property=\"article:modified_time\" content=\"2023-09-27T12:08:35+00:00\" \/>\n<meta property=\"og:image\" content=\"https:\/\/headstashseedbank.com\/wp-content\/uploads\/2022\/10\/IMG_4387.png\" \/>\n\t<meta property=\"og:image:width\" content=\"1024\" \/>\n\t<meta property=\"og:image:height\" content=\"1024\" \/>\n\t<meta property=\"og:image:type\" content=\"image\/png\" \/>\n<meta name=\"twitter:card\" content=\"summary_large_image\" \/>\n<meta name=\"twitter:label1\" content=\"Tiempo de lectura\" \/>\n\t<meta name=\"twitter:data1\" content=\"1 minuto\" \/>\n<script type=\"application\/ld+json\" class=\"yoast-schema-graph\">{\"@context\":\"https:\/\/schema.org\",\"@graph\":[{\"@type\":\"WebPage\",\"@id\":\"https:\/\/headstashseedbank.com\/product\/perfect-tree-seeds-granita\/\",\"url\":\"https:\/\/headstashseedbank.com\/product\/perfect-tree-seeds-granita\/\",\"name\":\"Perfect Tree Seeds | Granita - HeadStash SeedBank\",\"isPartOf\":{\"@id\":\"https:\/\/headstashseedbank.com\/#website\"},\"primaryImageOfPage\":{\"@id\":\"https:\/\/headstashseedbank.com\/product\/perfect-tree-seeds-granita\/#primaryimage\"},\"image\":{\"@id\":\"https:\/\/headstashseedbank.com\/product\/perfect-tree-seeds-granita\/#primaryimage\"},\"thumbnailUrl\":\"https:\/\/headstashseedbank.com\/wp-content\/uploads\/2022\/10\/IMG_4387.png\",\"datePublished\":\"2022-10-27T11:44:57+00:00\",\"dateModified\":\"2023-09-27T12:08:35+00:00\",\"breadcrumb\":{\"@id\":\"https:\/\/headstashseedbank.com\/product\/perfect-tree-seeds-granita\/#breadcrumb\"},\"inLanguage\":\"es\",\"potentialAction\":[{\"@type\":\"ReadAction\",\"target\":[\"https:\/\/headstashseedbank.com\/product\/perfect-tree-seeds-granita\/\"]}]},{\"@type\":\"ImageObject\",\"inLanguage\":\"es\",\"@id\":\"https:\/\/headstashseedbank.com\/product\/perfect-tree-seeds-granita\/#primaryimage\",\"url\":\"https:\/\/headstashseedbank.com\/wp-content\/uploads\/2022\/10\/IMG_4387.png\",\"contentUrl\":\"https:\/\/headstashseedbank.com\/wp-content\/uploads\/2022\/10\/IMG_4387.png\",\"width\":1024,\"height\":1024},{\"@type\":\"BreadcrumbList\",\"@id\":\"https:\/\/headstashseedbank.com\/product\/perfect-tree-seeds-granita\/#breadcrumb\",\"itemListElement\":[{\"@type\":\"ListItem\",\"position\":1,\"name\":\"Home\",\"item\":\"https:\/\/headstashseedbank.com\/\"},{\"@type\":\"ListItem\",\"position\":2,\"name\":\"Shop\",\"item\":\"https:\/\/headstashseedbank.com\/shop\/\"},{\"@type\":\"ListItem\",\"position\":3,\"name\":\"Perfect Tree Seeds | Granita\"}]},{\"@type\":\"WebSite\",\"@id\":\"https:\/\/headstashseedbank.com\/#website\",\"url\":\"https:\/\/headstashseedbank.com\/\",\"name\":\"HeadStash BCN Seed Bank Page\",\"description\":\"\",\"publisher\":{\"@id\":\"https:\/\/headstashseedbank.com\/#organization\"},\"potentialAction\":[{\"@type\":\"SearchAction\",\"target\":{\"@type\":\"EntryPoint\",\"urlTemplate\":\"https:\/\/headstashseedbank.com\/?s={search_term_string}\"},\"query-input\":{\"@type\":\"PropertyValueSpecification\",\"valueRequired\":true,\"valueName\":\"search_term_string\"}}],\"inLanguage\":\"es\"},{\"@type\":\"Organization\",\"@id\":\"https:\/\/headstashseedbank.com\/#organization\",\"name\":\"HeadStash BCN\",\"url\":\"https:\/\/headstashseedbank.com\/\",\"logo\":{\"@type\":\"ImageObject\",\"inLanguage\":\"es\",\"@id\":\"https:\/\/headstashseedbank.com\/#\/schema\/logo\/image\/\",\"url\":\"https:\/\/headstashseedbank.com\/wp-content\/uploads\/2022\/09\/cropped-Head-Stash-SB-Logo.png\",\"contentUrl\":\"https:\/\/headstashseedbank.com\/wp-content\/uploads\/2022\/09\/cropped-Head-Stash-SB-Logo.png\",\"width\":512,\"height\":512,\"caption\":\"HeadStash BCN\"},\"image\":{\"@id\":\"https:\/\/headstashseedbank.com\/#\/schema\/logo\/image\/\"}}]}<\/script>\n<!-- \/ Yoast SEO plugin. -->","yoast_head_json":{"title":"Perfect Tree Seeds | Granita - HeadStash SeedBank","robots":{"index":"index","follow":"follow","max-snippet":"max-snippet:-1","max-image-preview":"max-image-preview:large","max-video-preview":"max-video-preview:-1"},"canonical":"https:\/\/headstashseedbank.com\/es\/producto\/perfect-tree-seeds-granita\/","og_locale":"es_ES","og_type":"article","og_title":"Perfect Tree Seeds | Granita - HeadStash SeedBank","og_description":"Brand Perfect Tree   Pack Size 6 Seeds Per Pack   Indoor \/ Outdoor Indoor \/ Outdoor   Flowering Time 8 Weeks   Genetics Hybrid Indica Dominant   Lineage 33 Splitter x Jet A   Yield High   Terp Profile Serious Gelato terps   Release Date 01\/07 at 4:20pm GMT   Seed Type Female","og_url":"https:\/\/headstashseedbank.com\/es\/producto\/perfect-tree-seeds-granita\/","og_site_name":"HeadStash SeedBank","article_modified_time":"2023-09-27T12:08:35+00:00","og_image":[{"url":"https:\/\/headstashseedbank.com\/wp-content\/uploads\/2022\/10\/IMG_4387.png","width":1024,"height":1024,"type":"image\/png"}],"twitter_card":"summary_large_image","twitter_misc":{"Tiempo de lectura":"1 minuto"},"schema":{"@context":"https:\/\/schema.org","@graph":[{"@type":"WebPage","@id":"https:\/\/headstashseedbank.com\/product\/perfect-tree-seeds-granita\/","url":"https:\/\/headstashseedbank.com\/product\/perfect-tree-seeds-granita\/","name":"Perfect Tree Seeds | Granita - HeadStash SeedBank","isPartOf":{"@id":"https:\/\/headstashseedbank.com\/#website"},"primaryImageOfPage":{"@id":"https:\/\/headstashseedbank.com\/product\/perfect-tree-seeds-granita\/#primaryimage"},"image":{"@id":"https:\/\/headstashseedbank.com\/product\/perfect-tree-seeds-granita\/#primaryimage"},"thumbnailUrl":"https:\/\/headstashseedbank.com\/wp-content\/uploads\/2022\/10\/IMG_4387.png","datePublished":"2022-10-27T11:44:57+00:00","dateModified":"2023-09-27T12:08:35+00:00","breadcrumb":{"@id":"https:\/\/headstashseedbank.com\/product\/perfect-tree-seeds-granita\/#breadcrumb"},"inLanguage":"es","potentialAction":[{"@type":"ReadAction","target":["https:\/\/headstashseedbank.com\/product\/perfect-tree-seeds-granita\/"]}]},{"@type":"ImageObject","inLanguage":"es","@id":"https:\/\/headstashseedbank.com\/product\/perfect-tree-seeds-granita\/#primaryimage","url":"https:\/\/headstashseedbank.com\/wp-content\/uploads\/2022\/10\/IMG_4387.png","contentUrl":"https:\/\/headstashseedbank.com\/wp-content\/uploads\/2022\/10\/IMG_4387.png","width":1024,"height":1024},{"@type":"BreadcrumbList","@id":"https:\/\/headstashseedbank.com\/product\/perfect-tree-seeds-granita\/#breadcrumb","itemListElement":[{"@type":"ListItem","position":1,"name":"Home","item":"https:\/\/headstashseedbank.com\/"},{"@type":"ListItem","position":2,"name":"Shop","item":"https:\/\/headstashseedbank.com\/shop\/"},{"@type":"ListItem","position":3,"name":"Perfect Tree Seeds | Granita"}]},{"@type":"WebSite","@id":"https:\/\/headstashseedbank.com\/#website","url":"https:\/\/headstashseedbank.com\/","name":"HeadStash BCN Seed Bank Page","description":"","publisher":{"@id":"https:\/\/headstashseedbank.com\/#organization"},"potentialAction":[{"@type":"SearchAction","target":{"@type":"EntryPoint","urlTemplate":"https:\/\/headstashseedbank.com\/?s={search_term_string}"},"query-input":{"@type":"PropertyValueSpecification","valueRequired":true,"valueName":"search_term_string"}}],"inLanguage":"es"},{"@type":"Organization","@id":"https:\/\/headstashseedbank.com\/#organization","name":"HeadStash BCN","url":"https:\/\/headstashseedbank.com\/","logo":{"@type":"ImageObject","inLanguage":"es","@id":"https:\/\/headstashseedbank.com\/#\/schema\/logo\/image\/","url":"https:\/\/headstashseedbank.com\/wp-content\/uploads\/2022\/09\/cropped-Head-Stash-SB-Logo.png","contentUrl":"https:\/\/headstashseedbank.com\/wp-content\/uploads\/2022\/09\/cropped-Head-Stash-SB-Logo.png","width":512,"height":512,"caption":"HeadStash BCN"},"image":{"@id":"https:\/\/headstashseedbank.com\/#\/schema\/logo\/image\/"}}]}},"brands":[{"id":53,"name":"Perfect Tree Seeds","slug":"perfect-tree-seeds"}],"_links":{"self":[{"href":"https:\/\/headstashseedbank.com\/es\/wp-json\/wp\/v2\/product\/438","targetHints":{"allow":["GET"]}}],"collection":[{"href":"https:\/\/headstashseedbank.com\/es\/wp-json\/wp\/v2\/product"}],"about":[{"href":"https:\/\/headstashseedbank.com\/es\/wp-json\/wp\/v2\/types\/product"}],"wp:featuredmedia":[{"embeddable":true,"href":"https:\/\/headstashseedbank.com\/es\/wp-json\/wp\/v2\/media\/634"}],"wp:attachment":[{"href":"https:\/\/headstashseedbank.com\/es\/wp-json\/wp\/v2\/media?parent=438"}],"wp:term":[{"taxonomy":"pwb-brand","embeddable":true,"href":"https:\/\/headstashseedbank.com\/es\/wp-json\/wp\/v2\/pwb-brand?post=438"},{"taxonomy":"product_brand","embeddable":true,"href":"https:\/\/headstashseedbank.com\/es\/wp-json\/wp\/v2\/product_brand?post=438"},{"taxonomy":"product_cat","embeddable":true,"href":"https:\/\/headstashseedbank.com\/es\/wp-json\/wp\/v2\/product_cat?post=438"},{"taxonomy":"product_tag","embeddable":true,"href":"https:\/\/headstashseedbank.com\/es\/wp-json\/wp\/v2\/product_tag?post=438"}],"curies":[{"name":"wp","href":"https:\/\/api.w.org\/{rel}","templated":true}]}}