{"id":439,"date":"2022-10-27T12:47:18","date_gmt":"2022-10-27T11:47:18","guid":{"rendered":"https:\/\/headstashseedbank.com\/?post_type=product&#038;p=439"},"modified":"2023-08-22T14:11:45","modified_gmt":"2023-08-22T13:11:45","slug":"perfect-tree-seeds-puff-mints","status":"publish","type":"product","link":"https:\/\/headstashseedbank.com\/es\/producto\/perfect-tree-seeds-puff-mints\/","title":{"rendered":"Perfect Tree Seeds | Mentas de Hojaldre"},"content":{"rendered":"<p><strong>Semillas de Hierba Hembra Puff Mints\u00a0<\/strong>por\u00a0<strong>\u00c1rbol perfecto<\/strong>\u00a0es una creaci\u00f3n de 2 cultivares de clase mundial que se combinan sin esfuerzo para crear esta variedad Indica dominante, relajante y llena de terpenos.<strong>\u00a0<\/strong><\/p>\n<p>De la selecci\u00f3n de Perfect Tree\u00a0<strong>Kush<\/strong>\u00a0<strong>Mentas<\/strong>\u00a0<strong>F2<\/strong>\u00a0por\u00a0<strong>Semilla<\/strong>\u00a0<strong>Junky<\/strong>\u00a0<strong>Gen\u00e9tica<\/strong>En el jard\u00edn de la casa, ten\u00edan una planta con tanta escarcha por todas partes que s\u00f3lo con verla ya sabes que es una aut\u00e9ntica reina del hach\u00eds.<\/p>\n<p>Afortunadamente, estos atributos tambi\u00e9n se encuentran en la mayor\u00eda de los fenotipos de Puff Mints.<\/p>\n<p>El perfil arom\u00e1tico\u00a0<strong>Puff<\/strong>\u00a0<strong>Mentas<\/strong>\u00a0crea una galleta mixta, tonos pastosos que son incre\u00edblemente dulces y cremosos, se aseguraron de evitar los terpenos de galleta tostada que el\u00a0<strong>Perfecto<\/strong>\u00a0<strong>\u00c1rbol\u00a0<\/strong>criadores no disfrutan consumiendo o trabajando con. El gas extremadamente potente viene como se esperaba de las m\u00faltiples copas ganadoras de Jet A (reversi\u00f3n), las plantas mismas crecen fornidas a una altura corta\/media y est\u00e1n fuertemente recubiertas de hermosas gl\u00e1ndulas de resina. Las cepas Puff Mints tienden a expresar 2 fenotipos principales, uno que es verde oscuro y el otro que es p\u00farpura oscuro.<\/p>\n<p><strong>Puff<\/strong>\u00a0<strong>Mentas<\/strong>\u00a0es una variedad facil de cultivar y agradable de trabajar, y sus efectos son perfectos para equilibrar tu dia si te gustan las variedades Indica y al contrario de lo que podrias pensar no es una variedad noqueadora pero definitivamente te bendecira con sus efectos profundamente relajantes. La producci\u00f3n de resina tambi\u00e9n es est\u00fapidamente alta, notar\u00e1s r\u00e1pidamente que caen masas de tricomas de la planta cuando la manipulas, \u00a1incluso cuando apenas la tocas! Por supuesto, produce una resina de tan alta calidad con un alto rendimiento que hace que Puff Mints sea una planta imprescindible para los verdaderos Hashishins.<\/p>\n<p>&nbsp;<\/p>","protected":false},"excerpt":{"rendered":"<table id=\"product-attribute-specs-table\" class=\"data table additional-attributes\">\n<tbody>\n<tr>\n<th class=\"col label\" scope=\"row\">Marca<\/th>\n<td class=\"col data\" data-th=\"Brand\">\u00c1rbol perfecto<\/td>\n<\/tr>\n<tr>\n<th class=\"col label\" scope=\"row\">Tama\u00f1o del envase<\/th>\n<td class=\"col data\" data-th=\"Pack Size\">6 semillas por paquete<\/td>\n<\/tr>\n<tr>\n<th class=\"col label\" scope=\"row\">Interior \/ Exterior<\/th>\n<td class=\"col data\" data-th=\"Indoor \/ Outdoor\">Interior \/ Exterior<\/td>\n<\/tr>\n<tr>\n<th class=\"col label\" scope=\"row\">\u00c9poca de floraci\u00f3n<\/th>\n<td class=\"col data\" data-th=\"Flowering Time\">8 semanas<\/td>\n<\/tr>\n<tr>\n<th class=\"col label\" scope=\"row\">Floraci\u00f3n Exterior<\/th>\n<td class=\"col data\" data-th=\"Flowering Time\">Principios de octubre<\/td>\n<\/tr>\n<tr>\n<th class=\"col label\" scope=\"row\">Gen\u00e9tica<\/th>\n<td class=\"col data\" data-th=\"Genetics\">H\u00edbrido con dominancia Indica<\/td>\n<\/tr>\n<tr>\n<th class=\"col label\" scope=\"row\">Linaje<\/th>\n<td class=\"col data\" data-th=\"Lineage\">Kush Mints x Jet A (Reversal)<\/td>\n<\/tr>\n<tr>\n<th class=\"col label\" scope=\"row\">Talla<\/th>\n<td class=\"col data\" data-th=\"Lineage\">Peque\u00f1o \/ Mediano<\/td>\n<\/tr>\n<tr>\n<th class=\"col label\" scope=\"row\">Rendimiento<\/th>\n<td class=\"col data\" data-th=\"Yield\">Bien<\/td>\n<\/tr>\n<tr>\n<th class=\"col label\" scope=\"row\">Tipo de semilla<\/th>\n<td class=\"col data\" data-th=\"Seed Type\">Mujer<\/td>\n<\/tr>\n<\/tbody>\n<\/table>","protected":false},"featured_media":635,"template":"","meta":[],"pwb-brand":[53],"product_brand":[],"product_cat":[20,23],"product_tag":[52,54],"class_list":{"0":"post-439","1":"product","2":"type-product","3":"status-publish","4":"has-post-thumbnail","6":"pwb-brand-perfect-tree-seeds","7":"product_cat-seeds","8":"product_cat-feminized","9":"product_tag-feminized-seeds","10":"product_tag-perfect-tree-seeds","12":"entry","13":"has-media","15":"first","16":"outofstock","17":"taxable","18":"shipping-taxable","19":"purchasable","20":"product-type-simple","21":"has-product-nav","22":"col","23":"span_1_of_3","24":"owp-content-center","25":"owp-thumbs-layout-horizontal","26":"owp-btn-normal","27":"owp-tabs-layout-horizontal","28":"has-no-thumbnails"},"yoast_head":"<!-- This site is optimized with the Yoast SEO plugin v26.1 - https:\/\/yoast.com\/wordpress\/plugins\/seo\/ -->\n<title>Perfect Tree Seeds | Puff Mints - HeadStash SeedBank<\/title>\n<meta name=\"robots\" content=\"index, follow, max-snippet:-1, max-image-preview:large, max-video-preview:-1\" \/>\n<link rel=\"canonical\" href=\"https:\/\/headstashseedbank.com\/es\/producto\/perfect-tree-seeds-puff-mints\/\" \/>\n<meta property=\"og:locale\" content=\"es_ES\" \/>\n<meta property=\"og:type\" content=\"article\" \/>\n<meta property=\"og:title\" content=\"Perfect Tree Seeds | Puff Mints - HeadStash SeedBank\" \/>\n<meta property=\"og:description\" content=\"Brand Perfect Tree   Pack Size 6 Seeds Per Pack   Indoor \/ Outdoor Indoor \/ Outdoor   Flowering Time 8 Weeks   Flowering Outdoor Beginning of October   Genetics Indica Dominant Hybrid   Lineage Kush Mints x Jet A (Reversal)   Size Small \/ Medium   Yield Good   Seed Type Female\" \/>\n<meta property=\"og:url\" content=\"https:\/\/headstashseedbank.com\/es\/producto\/perfect-tree-seeds-puff-mints\/\" \/>\n<meta property=\"og:site_name\" content=\"HeadStash SeedBank\" \/>\n<meta property=\"article:modified_time\" content=\"2023-08-22T13:11:45+00:00\" \/>\n<meta property=\"og:image\" content=\"https:\/\/headstashseedbank.com\/wp-content\/uploads\/2022\/10\/IMG_4402.png\" \/>\n\t<meta property=\"og:image:width\" content=\"1024\" \/>\n\t<meta property=\"og:image:height\" content=\"1024\" \/>\n\t<meta property=\"og:image:type\" content=\"image\/png\" \/>\n<meta name=\"twitter:card\" content=\"summary_large_image\" \/>\n<meta name=\"twitter:label1\" content=\"Tiempo de lectura\" \/>\n\t<meta name=\"twitter:data1\" content=\"1 minuto\" \/>\n<script type=\"application\/ld+json\" class=\"yoast-schema-graph\">{\"@context\":\"https:\/\/schema.org\",\"@graph\":[{\"@type\":\"WebPage\",\"@id\":\"https:\/\/headstashseedbank.com\/product\/perfect-tree-seeds-puff-mints\/\",\"url\":\"https:\/\/headstashseedbank.com\/product\/perfect-tree-seeds-puff-mints\/\",\"name\":\"Perfect Tree Seeds | Puff Mints - HeadStash SeedBank\",\"isPartOf\":{\"@id\":\"https:\/\/headstashseedbank.com\/#website\"},\"primaryImageOfPage\":{\"@id\":\"https:\/\/headstashseedbank.com\/product\/perfect-tree-seeds-puff-mints\/#primaryimage\"},\"image\":{\"@id\":\"https:\/\/headstashseedbank.com\/product\/perfect-tree-seeds-puff-mints\/#primaryimage\"},\"thumbnailUrl\":\"https:\/\/headstashseedbank.com\/wp-content\/uploads\/2022\/10\/IMG_4402.png\",\"datePublished\":\"2022-10-27T11:47:18+00:00\",\"dateModified\":\"2023-08-22T13:11:45+00:00\",\"breadcrumb\":{\"@id\":\"https:\/\/headstashseedbank.com\/product\/perfect-tree-seeds-puff-mints\/#breadcrumb\"},\"inLanguage\":\"es\",\"potentialAction\":[{\"@type\":\"ReadAction\",\"target\":[\"https:\/\/headstashseedbank.com\/product\/perfect-tree-seeds-puff-mints\/\"]}]},{\"@type\":\"ImageObject\",\"inLanguage\":\"es\",\"@id\":\"https:\/\/headstashseedbank.com\/product\/perfect-tree-seeds-puff-mints\/#primaryimage\",\"url\":\"https:\/\/headstashseedbank.com\/wp-content\/uploads\/2022\/10\/IMG_4402.png\",\"contentUrl\":\"https:\/\/headstashseedbank.com\/wp-content\/uploads\/2022\/10\/IMG_4402.png\",\"width\":1024,\"height\":1024},{\"@type\":\"BreadcrumbList\",\"@id\":\"https:\/\/headstashseedbank.com\/product\/perfect-tree-seeds-puff-mints\/#breadcrumb\",\"itemListElement\":[{\"@type\":\"ListItem\",\"position\":1,\"name\":\"Home\",\"item\":\"https:\/\/headstashseedbank.com\/\"},{\"@type\":\"ListItem\",\"position\":2,\"name\":\"Shop\",\"item\":\"https:\/\/headstashseedbank.com\/shop\/\"},{\"@type\":\"ListItem\",\"position\":3,\"name\":\"Perfect Tree Seeds | Puff Mints\"}]},{\"@type\":\"WebSite\",\"@id\":\"https:\/\/headstashseedbank.com\/#website\",\"url\":\"https:\/\/headstashseedbank.com\/\",\"name\":\"HeadStash BCN Seed Bank Page\",\"description\":\"\",\"publisher\":{\"@id\":\"https:\/\/headstashseedbank.com\/#organization\"},\"potentialAction\":[{\"@type\":\"SearchAction\",\"target\":{\"@type\":\"EntryPoint\",\"urlTemplate\":\"https:\/\/headstashseedbank.com\/?s={search_term_string}\"},\"query-input\":{\"@type\":\"PropertyValueSpecification\",\"valueRequired\":true,\"valueName\":\"search_term_string\"}}],\"inLanguage\":\"es\"},{\"@type\":\"Organization\",\"@id\":\"https:\/\/headstashseedbank.com\/#organization\",\"name\":\"HeadStash BCN\",\"url\":\"https:\/\/headstashseedbank.com\/\",\"logo\":{\"@type\":\"ImageObject\",\"inLanguage\":\"es\",\"@id\":\"https:\/\/headstashseedbank.com\/#\/schema\/logo\/image\/\",\"url\":\"https:\/\/headstashseedbank.com\/wp-content\/uploads\/2022\/09\/cropped-Head-Stash-SB-Logo.png\",\"contentUrl\":\"https:\/\/headstashseedbank.com\/wp-content\/uploads\/2022\/09\/cropped-Head-Stash-SB-Logo.png\",\"width\":512,\"height\":512,\"caption\":\"HeadStash BCN\"},\"image\":{\"@id\":\"https:\/\/headstashseedbank.com\/#\/schema\/logo\/image\/\"}}]}<\/script>\n<!-- \/ Yoast SEO plugin. -->","yoast_head_json":{"title":"Perfect Tree Seeds | Puff Mints - HeadStash SeedBank","robots":{"index":"index","follow":"follow","max-snippet":"max-snippet:-1","max-image-preview":"max-image-preview:large","max-video-preview":"max-video-preview:-1"},"canonical":"https:\/\/headstashseedbank.com\/es\/producto\/perfect-tree-seeds-puff-mints\/","og_locale":"es_ES","og_type":"article","og_title":"Perfect Tree Seeds | Puff Mints - HeadStash SeedBank","og_description":"Brand Perfect Tree   Pack Size 6 Seeds Per Pack   Indoor \/ Outdoor Indoor \/ Outdoor   Flowering Time 8 Weeks   Flowering Outdoor Beginning of October   Genetics Indica Dominant Hybrid   Lineage Kush Mints x Jet A (Reversal)   Size Small \/ Medium   Yield Good   Seed Type Female","og_url":"https:\/\/headstashseedbank.com\/es\/producto\/perfect-tree-seeds-puff-mints\/","og_site_name":"HeadStash SeedBank","article_modified_time":"2023-08-22T13:11:45+00:00","og_image":[{"url":"https:\/\/headstashseedbank.com\/wp-content\/uploads\/2022\/10\/IMG_4402.png","width":1024,"height":1024,"type":"image\/png"}],"twitter_card":"summary_large_image","twitter_misc":{"Tiempo de lectura":"1 minuto"},"schema":{"@context":"https:\/\/schema.org","@graph":[{"@type":"WebPage","@id":"https:\/\/headstashseedbank.com\/product\/perfect-tree-seeds-puff-mints\/","url":"https:\/\/headstashseedbank.com\/product\/perfect-tree-seeds-puff-mints\/","name":"Perfect Tree Seeds | Puff Mints - HeadStash SeedBank","isPartOf":{"@id":"https:\/\/headstashseedbank.com\/#website"},"primaryImageOfPage":{"@id":"https:\/\/headstashseedbank.com\/product\/perfect-tree-seeds-puff-mints\/#primaryimage"},"image":{"@id":"https:\/\/headstashseedbank.com\/product\/perfect-tree-seeds-puff-mints\/#primaryimage"},"thumbnailUrl":"https:\/\/headstashseedbank.com\/wp-content\/uploads\/2022\/10\/IMG_4402.png","datePublished":"2022-10-27T11:47:18+00:00","dateModified":"2023-08-22T13:11:45+00:00","breadcrumb":{"@id":"https:\/\/headstashseedbank.com\/product\/perfect-tree-seeds-puff-mints\/#breadcrumb"},"inLanguage":"es","potentialAction":[{"@type":"ReadAction","target":["https:\/\/headstashseedbank.com\/product\/perfect-tree-seeds-puff-mints\/"]}]},{"@type":"ImageObject","inLanguage":"es","@id":"https:\/\/headstashseedbank.com\/product\/perfect-tree-seeds-puff-mints\/#primaryimage","url":"https:\/\/headstashseedbank.com\/wp-content\/uploads\/2022\/10\/IMG_4402.png","contentUrl":"https:\/\/headstashseedbank.com\/wp-content\/uploads\/2022\/10\/IMG_4402.png","width":1024,"height":1024},{"@type":"BreadcrumbList","@id":"https:\/\/headstashseedbank.com\/product\/perfect-tree-seeds-puff-mints\/#breadcrumb","itemListElement":[{"@type":"ListItem","position":1,"name":"Home","item":"https:\/\/headstashseedbank.com\/"},{"@type":"ListItem","position":2,"name":"Shop","item":"https:\/\/headstashseedbank.com\/shop\/"},{"@type":"ListItem","position":3,"name":"Perfect Tree Seeds | Puff Mints"}]},{"@type":"WebSite","@id":"https:\/\/headstashseedbank.com\/#website","url":"https:\/\/headstashseedbank.com\/","name":"HeadStash BCN Seed Bank Page","description":"","publisher":{"@id":"https:\/\/headstashseedbank.com\/#organization"},"potentialAction":[{"@type":"SearchAction","target":{"@type":"EntryPoint","urlTemplate":"https:\/\/headstashseedbank.com\/?s={search_term_string}"},"query-input":{"@type":"PropertyValueSpecification","valueRequired":true,"valueName":"search_term_string"}}],"inLanguage":"es"},{"@type":"Organization","@id":"https:\/\/headstashseedbank.com\/#organization","name":"HeadStash BCN","url":"https:\/\/headstashseedbank.com\/","logo":{"@type":"ImageObject","inLanguage":"es","@id":"https:\/\/headstashseedbank.com\/#\/schema\/logo\/image\/","url":"https:\/\/headstashseedbank.com\/wp-content\/uploads\/2022\/09\/cropped-Head-Stash-SB-Logo.png","contentUrl":"https:\/\/headstashseedbank.com\/wp-content\/uploads\/2022\/09\/cropped-Head-Stash-SB-Logo.png","width":512,"height":512,"caption":"HeadStash BCN"},"image":{"@id":"https:\/\/headstashseedbank.com\/#\/schema\/logo\/image\/"}}]}},"brands":[{"id":53,"name":"Perfect Tree Seeds","slug":"perfect-tree-seeds"}],"_links":{"self":[{"href":"https:\/\/headstashseedbank.com\/es\/wp-json\/wp\/v2\/product\/439","targetHints":{"allow":["GET"]}}],"collection":[{"href":"https:\/\/headstashseedbank.com\/es\/wp-json\/wp\/v2\/product"}],"about":[{"href":"https:\/\/headstashseedbank.com\/es\/wp-json\/wp\/v2\/types\/product"}],"wp:featuredmedia":[{"embeddable":true,"href":"https:\/\/headstashseedbank.com\/es\/wp-json\/wp\/v2\/media\/635"}],"wp:attachment":[{"href":"https:\/\/headstashseedbank.com\/es\/wp-json\/wp\/v2\/media?parent=439"}],"wp:term":[{"taxonomy":"pwb-brand","embeddable":true,"href":"https:\/\/headstashseedbank.com\/es\/wp-json\/wp\/v2\/pwb-brand?post=439"},{"taxonomy":"product_brand","embeddable":true,"href":"https:\/\/headstashseedbank.com\/es\/wp-json\/wp\/v2\/product_brand?post=439"},{"taxonomy":"product_cat","embeddable":true,"href":"https:\/\/headstashseedbank.com\/es\/wp-json\/wp\/v2\/product_cat?post=439"},{"taxonomy":"product_tag","embeddable":true,"href":"https:\/\/headstashseedbank.com\/es\/wp-json\/wp\/v2\/product_tag?post=439"}],"curies":[{"name":"wp","href":"https:\/\/api.w.org\/{rel}","templated":true}]}}