{"id":444,"date":"2022-10-27T12:53:09","date_gmt":"2022-10-27T11:53:09","guid":{"rendered":"https:\/\/headstashseedbank.com\/?post_type=product&#038;p=444"},"modified":"2024-04-05T14:16:52","modified_gmt":"2024-04-05T13:16:52","slug":"perfect-tree-seeds-peach-lassi-2","status":"publish","type":"product","link":"https:\/\/headstashseedbank.com\/es\/producto\/perfect-tree-seeds-peach-lassi-2\/","title":{"rendered":"Perfect Tree Seeds | Melocot\u00f3n Lassi"},"content":{"rendered":"<p>En\u00a0<strong>Semillas de Marihuana Peach Lassi Regular<\/strong>\u00a0por\u00a0<strong>Semillas de \u00e1rboles perfectos<\/strong>\u00a0es un cruce entre nuestro esqueje seleccionado de Peach Ozz de Dying Breed Seeds y nuestro macho Jet A de Exotic Genetix. Es una hermosa cola que produce cogollos densos y sabrosos. Tiene muchas de las caracteristicas de nuestro clon Peach Ozz, reforzadas por la estructura del super potente macho Jet A. El aroma es tan cremoso, que nos treminded de esta bebida que se puede encontrar en casi todas partes en la India.<\/p>\n<p>Perfecta para los d\u00edas calurosos de verano, la Peach Lassi no te dejar\u00e1 boquiabierto y te llenar\u00e1 la boca de deliciosos terpenos. Algunos fenotipos aportar\u00e1n m\u00e1s gases y tendr\u00e1n un potente efecto corporal. Es un cruce vigoroso que crece r\u00e1pido. Tiene esos largos pistilos peludos de la Peach Ozz y la formaci\u00f3n de cogollos tipo Jet A. La resina es fant\u00e1stica y har\u00e1 impresionantes extractos sin disolventes. \u00a1\u00a1\u00a1Peach Lassi es un gran hibrido hecho para todos los amantes de los terpenos afrutados, cremosos y helados !!!<\/p>","protected":false},"excerpt":{"rendered":"<table id=\"product-attribute-specs-table\" class=\"data table additional-attributes\">\n<tbody>\n<tr>\n<th class=\"col label\" scope=\"row\">Marca<\/th>\n<td class=\"col data\" data-th=\"Brand\">\u00c1rbol perfecto<\/td>\n<\/tr>\n<tr>\n<th class=\"col label\" scope=\"row\">Tama\u00f1o del envase<\/th>\n<td class=\"col data\" data-th=\"Pack Size\">12 semillas por paquete<\/td>\n<\/tr>\n<tr>\n<th class=\"col label\" scope=\"row\">Interior \/ Exterior<\/th>\n<td class=\"col data\" data-th=\"Indoor \/ Outdoor\">Interior \/ Exterior<\/td>\n<\/tr>\n<tr>\n<th class=\"col label\" scope=\"row\">\u00c9poca de floraci\u00f3n<\/th>\n<td class=\"col data\" data-th=\"Flowering Time\">8-9 semanas<\/td>\n<\/tr>\n<tr>\n<th class=\"col label\" scope=\"row\">Gen\u00e9tica<\/th>\n<td class=\"col data\" data-th=\"Genetics\">H\u00edbrido<\/td>\n<\/tr>\n<tr>\n<th class=\"col label\" scope=\"row\">Linaje<\/th>\n<td class=\"col data\" data-th=\"Lineage\">Peach Ozz x Jet A (Macho)<\/td>\n<\/tr>\n<tr>\n<th class=\"col label\" scope=\"row\">Rendimiento<\/th>\n<td class=\"col data\" data-th=\"Yield\">Gran<\/td>\n<\/tr>\n<tr>\n<th class=\"col label\" scope=\"row\">Tipo de semilla<\/th>\n<td class=\"col data\" data-th=\"Seed Type\">Regular<\/td>\n<\/tr>\n<\/tbody>\n<\/table>","protected":false},"featured_media":636,"template":"","meta":[],"pwb-brand":[53],"product_brand":[],"product_cat":[20,22],"product_tag":[54,56],"class_list":{"0":"post-444","1":"product","2":"type-product","3":"status-publish","4":"has-post-thumbnail","6":"pwb-brand-perfect-tree-seeds","7":"product_cat-seeds","8":"product_cat-regular","9":"product_tag-perfect-tree-seeds","10":"product_tag-regular-seeds","12":"entry","13":"has-media","15":"first","16":"outofstock","17":"taxable","18":"shipping-taxable","19":"purchasable","20":"product-type-simple","21":"has-product-nav","22":"col","23":"span_1_of_3","24":"owp-content-center","25":"owp-thumbs-layout-horizontal","26":"owp-btn-normal","27":"owp-tabs-layout-horizontal","28":"has-no-thumbnails"},"yoast_head":"<!-- This site is optimized with the Yoast SEO plugin v26.1 - https:\/\/yoast.com\/wordpress\/plugins\/seo\/ -->\n<title>Perfect Tree Seeds | Peach Lassi - HeadStash SeedBank<\/title>\n<meta name=\"robots\" content=\"index, follow, max-snippet:-1, max-image-preview:large, max-video-preview:-1\" \/>\n<link rel=\"canonical\" href=\"https:\/\/headstashseedbank.com\/es\/producto\/perfect-tree-seeds-peach-lassi-2\/\" \/>\n<meta property=\"og:locale\" content=\"es_ES\" \/>\n<meta property=\"og:type\" content=\"article\" \/>\n<meta property=\"og:title\" content=\"Perfect Tree Seeds | Peach Lassi - HeadStash SeedBank\" \/>\n<meta property=\"og:description\" content=\"Brand Perfect Tree   Pack Size 12 Seeds Per Pack   Indoor \/ Outdoor Indoor \/ Outdoor   Flowering Time 8-9 Weeks   Genetics Hybrid   Lineage Peach Ozz x Jet A (Male)   Yield Big   Seed Type Regular\" \/>\n<meta property=\"og:url\" content=\"https:\/\/headstashseedbank.com\/es\/producto\/perfect-tree-seeds-peach-lassi-2\/\" \/>\n<meta property=\"og:site_name\" content=\"HeadStash SeedBank\" \/>\n<meta property=\"article:modified_time\" content=\"2024-04-05T13:16:52+00:00\" \/>\n<meta property=\"og:image\" content=\"https:\/\/headstashseedbank.com\/wp-content\/uploads\/2022\/10\/IMG_4401.png\" \/>\n\t<meta property=\"og:image:width\" content=\"1024\" \/>\n\t<meta property=\"og:image:height\" content=\"1024\" \/>\n\t<meta property=\"og:image:type\" content=\"image\/png\" \/>\n<meta name=\"twitter:card\" content=\"summary_large_image\" \/>\n<meta name=\"twitter:label1\" content=\"Tiempo de lectura\" \/>\n\t<meta name=\"twitter:data1\" content=\"1 minuto\" \/>\n<script type=\"application\/ld+json\" class=\"yoast-schema-graph\">{\"@context\":\"https:\/\/schema.org\",\"@graph\":[{\"@type\":\"WebPage\",\"@id\":\"https:\/\/headstashseedbank.com\/product\/perfect-tree-seeds-peach-lassi-2\/\",\"url\":\"https:\/\/headstashseedbank.com\/product\/perfect-tree-seeds-peach-lassi-2\/\",\"name\":\"Perfect Tree Seeds | Peach Lassi - HeadStash SeedBank\",\"isPartOf\":{\"@id\":\"https:\/\/headstashseedbank.com\/#website\"},\"primaryImageOfPage\":{\"@id\":\"https:\/\/headstashseedbank.com\/product\/perfect-tree-seeds-peach-lassi-2\/#primaryimage\"},\"image\":{\"@id\":\"https:\/\/headstashseedbank.com\/product\/perfect-tree-seeds-peach-lassi-2\/#primaryimage\"},\"thumbnailUrl\":\"https:\/\/headstashseedbank.com\/wp-content\/uploads\/2022\/10\/IMG_4401.png\",\"datePublished\":\"2022-10-27T11:53:09+00:00\",\"dateModified\":\"2024-04-05T13:16:52+00:00\",\"breadcrumb\":{\"@id\":\"https:\/\/headstashseedbank.com\/product\/perfect-tree-seeds-peach-lassi-2\/#breadcrumb\"},\"inLanguage\":\"es\",\"potentialAction\":[{\"@type\":\"ReadAction\",\"target\":[\"https:\/\/headstashseedbank.com\/product\/perfect-tree-seeds-peach-lassi-2\/\"]}]},{\"@type\":\"ImageObject\",\"inLanguage\":\"es\",\"@id\":\"https:\/\/headstashseedbank.com\/product\/perfect-tree-seeds-peach-lassi-2\/#primaryimage\",\"url\":\"https:\/\/headstashseedbank.com\/wp-content\/uploads\/2022\/10\/IMG_4401.png\",\"contentUrl\":\"https:\/\/headstashseedbank.com\/wp-content\/uploads\/2022\/10\/IMG_4401.png\",\"width\":1024,\"height\":1024},{\"@type\":\"BreadcrumbList\",\"@id\":\"https:\/\/headstashseedbank.com\/product\/perfect-tree-seeds-peach-lassi-2\/#breadcrumb\",\"itemListElement\":[{\"@type\":\"ListItem\",\"position\":1,\"name\":\"Home\",\"item\":\"https:\/\/headstashseedbank.com\/\"},{\"@type\":\"ListItem\",\"position\":2,\"name\":\"Shop\",\"item\":\"https:\/\/headstashseedbank.com\/shop\/\"},{\"@type\":\"ListItem\",\"position\":3,\"name\":\"Perfect Tree Seeds | Peach Lassi\"}]},{\"@type\":\"WebSite\",\"@id\":\"https:\/\/headstashseedbank.com\/#website\",\"url\":\"https:\/\/headstashseedbank.com\/\",\"name\":\"HeadStash BCN Seed Bank Page\",\"description\":\"\",\"publisher\":{\"@id\":\"https:\/\/headstashseedbank.com\/#organization\"},\"potentialAction\":[{\"@type\":\"SearchAction\",\"target\":{\"@type\":\"EntryPoint\",\"urlTemplate\":\"https:\/\/headstashseedbank.com\/?s={search_term_string}\"},\"query-input\":{\"@type\":\"PropertyValueSpecification\",\"valueRequired\":true,\"valueName\":\"search_term_string\"}}],\"inLanguage\":\"es\"},{\"@type\":\"Organization\",\"@id\":\"https:\/\/headstashseedbank.com\/#organization\",\"name\":\"HeadStash BCN\",\"url\":\"https:\/\/headstashseedbank.com\/\",\"logo\":{\"@type\":\"ImageObject\",\"inLanguage\":\"es\",\"@id\":\"https:\/\/headstashseedbank.com\/#\/schema\/logo\/image\/\",\"url\":\"https:\/\/headstashseedbank.com\/wp-content\/uploads\/2022\/09\/cropped-Head-Stash-SB-Logo.png\",\"contentUrl\":\"https:\/\/headstashseedbank.com\/wp-content\/uploads\/2022\/09\/cropped-Head-Stash-SB-Logo.png\",\"width\":512,\"height\":512,\"caption\":\"HeadStash BCN\"},\"image\":{\"@id\":\"https:\/\/headstashseedbank.com\/#\/schema\/logo\/image\/\"}}]}<\/script>\n<!-- \/ Yoast SEO plugin. -->","yoast_head_json":{"title":"Perfect Tree Seeds | Peach Lassi - HeadStash SeedBank","robots":{"index":"index","follow":"follow","max-snippet":"max-snippet:-1","max-image-preview":"max-image-preview:large","max-video-preview":"max-video-preview:-1"},"canonical":"https:\/\/headstashseedbank.com\/es\/producto\/perfect-tree-seeds-peach-lassi-2\/","og_locale":"es_ES","og_type":"article","og_title":"Perfect Tree Seeds | Peach Lassi - HeadStash SeedBank","og_description":"Brand Perfect Tree   Pack Size 12 Seeds Per Pack   Indoor \/ Outdoor Indoor \/ Outdoor   Flowering Time 8-9 Weeks   Genetics Hybrid   Lineage Peach Ozz x Jet A (Male)   Yield Big   Seed Type Regular","og_url":"https:\/\/headstashseedbank.com\/es\/producto\/perfect-tree-seeds-peach-lassi-2\/","og_site_name":"HeadStash SeedBank","article_modified_time":"2024-04-05T13:16:52+00:00","og_image":[{"url":"https:\/\/headstashseedbank.com\/wp-content\/uploads\/2022\/10\/IMG_4401.png","width":1024,"height":1024,"type":"image\/png"}],"twitter_card":"summary_large_image","twitter_misc":{"Tiempo de lectura":"1 minuto"},"schema":{"@context":"https:\/\/schema.org","@graph":[{"@type":"WebPage","@id":"https:\/\/headstashseedbank.com\/product\/perfect-tree-seeds-peach-lassi-2\/","url":"https:\/\/headstashseedbank.com\/product\/perfect-tree-seeds-peach-lassi-2\/","name":"Perfect Tree Seeds | Peach Lassi - HeadStash SeedBank","isPartOf":{"@id":"https:\/\/headstashseedbank.com\/#website"},"primaryImageOfPage":{"@id":"https:\/\/headstashseedbank.com\/product\/perfect-tree-seeds-peach-lassi-2\/#primaryimage"},"image":{"@id":"https:\/\/headstashseedbank.com\/product\/perfect-tree-seeds-peach-lassi-2\/#primaryimage"},"thumbnailUrl":"https:\/\/headstashseedbank.com\/wp-content\/uploads\/2022\/10\/IMG_4401.png","datePublished":"2022-10-27T11:53:09+00:00","dateModified":"2024-04-05T13:16:52+00:00","breadcrumb":{"@id":"https:\/\/headstashseedbank.com\/product\/perfect-tree-seeds-peach-lassi-2\/#breadcrumb"},"inLanguage":"es","potentialAction":[{"@type":"ReadAction","target":["https:\/\/headstashseedbank.com\/product\/perfect-tree-seeds-peach-lassi-2\/"]}]},{"@type":"ImageObject","inLanguage":"es","@id":"https:\/\/headstashseedbank.com\/product\/perfect-tree-seeds-peach-lassi-2\/#primaryimage","url":"https:\/\/headstashseedbank.com\/wp-content\/uploads\/2022\/10\/IMG_4401.png","contentUrl":"https:\/\/headstashseedbank.com\/wp-content\/uploads\/2022\/10\/IMG_4401.png","width":1024,"height":1024},{"@type":"BreadcrumbList","@id":"https:\/\/headstashseedbank.com\/product\/perfect-tree-seeds-peach-lassi-2\/#breadcrumb","itemListElement":[{"@type":"ListItem","position":1,"name":"Home","item":"https:\/\/headstashseedbank.com\/"},{"@type":"ListItem","position":2,"name":"Shop","item":"https:\/\/headstashseedbank.com\/shop\/"},{"@type":"ListItem","position":3,"name":"Perfect Tree Seeds | Peach Lassi"}]},{"@type":"WebSite","@id":"https:\/\/headstashseedbank.com\/#website","url":"https:\/\/headstashseedbank.com\/","name":"HeadStash BCN Seed Bank Page","description":"","publisher":{"@id":"https:\/\/headstashseedbank.com\/#organization"},"potentialAction":[{"@type":"SearchAction","target":{"@type":"EntryPoint","urlTemplate":"https:\/\/headstashseedbank.com\/?s={search_term_string}"},"query-input":{"@type":"PropertyValueSpecification","valueRequired":true,"valueName":"search_term_string"}}],"inLanguage":"es"},{"@type":"Organization","@id":"https:\/\/headstashseedbank.com\/#organization","name":"HeadStash BCN","url":"https:\/\/headstashseedbank.com\/","logo":{"@type":"ImageObject","inLanguage":"es","@id":"https:\/\/headstashseedbank.com\/#\/schema\/logo\/image\/","url":"https:\/\/headstashseedbank.com\/wp-content\/uploads\/2022\/09\/cropped-Head-Stash-SB-Logo.png","contentUrl":"https:\/\/headstashseedbank.com\/wp-content\/uploads\/2022\/09\/cropped-Head-Stash-SB-Logo.png","width":512,"height":512,"caption":"HeadStash BCN"},"image":{"@id":"https:\/\/headstashseedbank.com\/#\/schema\/logo\/image\/"}}]}},"brands":[{"id":53,"name":"Perfect Tree Seeds","slug":"perfect-tree-seeds"}],"_links":{"self":[{"href":"https:\/\/headstashseedbank.com\/es\/wp-json\/wp\/v2\/product\/444","targetHints":{"allow":["GET"]}}],"collection":[{"href":"https:\/\/headstashseedbank.com\/es\/wp-json\/wp\/v2\/product"}],"about":[{"href":"https:\/\/headstashseedbank.com\/es\/wp-json\/wp\/v2\/types\/product"}],"wp:featuredmedia":[{"embeddable":true,"href":"https:\/\/headstashseedbank.com\/es\/wp-json\/wp\/v2\/media\/636"}],"wp:attachment":[{"href":"https:\/\/headstashseedbank.com\/es\/wp-json\/wp\/v2\/media?parent=444"}],"wp:term":[{"taxonomy":"pwb-brand","embeddable":true,"href":"https:\/\/headstashseedbank.com\/es\/wp-json\/wp\/v2\/pwb-brand?post=444"},{"taxonomy":"product_brand","embeddable":true,"href":"https:\/\/headstashseedbank.com\/es\/wp-json\/wp\/v2\/product_brand?post=444"},{"taxonomy":"product_cat","embeddable":true,"href":"https:\/\/headstashseedbank.com\/es\/wp-json\/wp\/v2\/product_cat?post=444"},{"taxonomy":"product_tag","embeddable":true,"href":"https:\/\/headstashseedbank.com\/es\/wp-json\/wp\/v2\/product_tag?post=444"}],"curies":[{"name":"wp","href":"https:\/\/api.w.org\/{rel}","templated":true}]}}