{"id":521,"date":"2022-11-07T14:57:35","date_gmt":"2022-11-07T13:57:35","guid":{"rendered":"https:\/\/headstashseedbank.com\/?post_type=product&#038;p=521"},"modified":"2024-07-19T14:29:14","modified_gmt":"2024-07-19T13:29:14","slug":"boston-roots-seed-co-x-bloom-seed-co-fritter-banger","status":"publish","type":"product","link":"https:\/\/headstashseedbank.com\/es\/producto\/boston-roots-seed-co-x-bloom-seed-co-fritter-banger\/","title":{"rendered":"Boston Roots Seed Co x Bloom Seed Co | Fritter Banger"},"content":{"rendered":"<p>Animamos a todos los clientes a seguir las leyes establecidas por su pa\u00eds, estado \/ provincia y los municipios locales. Cualquier semilla vendida se considerar\u00e1 vendida S\u00d3LO PARA PROP\u00d3SITOS NOVEDARIOS. No asumimos ninguna responsabilidad si se utilizan de cualquier manera que pueda considerarse il\u00edcita o ilegal. Todas las ventas son finales.<\/p>","protected":false},"excerpt":{"rendered":"<ul>\n<li><strong>Linaje:<\/strong> Bu\u00f1uelo de manzana x Sherbanger<\/li>\n<li><strong>Semillas por paquete:<\/strong> 12<\/li>\n<li><strong>Sexo: <\/strong>Regular<\/li>\n<\/ul>","protected":false},"featured_media":110,"template":"","meta":[],"pwb-brand":[26,57],"product_brand":[],"product_cat":[20,22],"product_tag":[59,58],"class_list":{"0":"post-521","1":"product","2":"type-product","3":"status-publish","4":"has-post-thumbnail","6":"pwb-brand-bloom-seed-co","7":"pwb-brand-boston-roots-seed-co","8":"product_cat-seeds","9":"product_cat-regular","10":"product_tag-bloom-seed-co","11":"product_tag-boston-roots-seed-co","13":"entry","14":"has-media","16":"first","17":"instock","18":"taxable","19":"shipping-taxable","20":"purchasable","21":"product-type-simple","22":"has-product-nav","23":"col","24":"span_1_of_3","25":"owp-content-center","26":"owp-thumbs-layout-horizontal","27":"owp-btn-normal","28":"owp-tabs-layout-horizontal","29":"has-no-thumbnails"},"yoast_head":"<!-- This site is optimized with the Yoast SEO plugin v26.1 - https:\/\/yoast.com\/wordpress\/plugins\/seo\/ -->\n<title>Boston Roots Seed Co x Bloom Seed Co | Fritter Banger - HeadStash SeedBank<\/title>\n<meta name=\"robots\" content=\"index, follow, max-snippet:-1, max-image-preview:large, max-video-preview:-1\" \/>\n<link rel=\"canonical\" href=\"https:\/\/headstashseedbank.com\/es\/producto\/boston-roots-seed-co-x-bloom-seed-co-fritter-banger\/\" \/>\n<meta property=\"og:locale\" content=\"es_ES\" \/>\n<meta property=\"og:type\" content=\"article\" \/>\n<meta property=\"og:title\" content=\"Boston Roots Seed Co x Bloom Seed Co | Fritter Banger - HeadStash SeedBank\" \/>\n<meta property=\"og:description\" content=\"Lineage: Apple Fritter x Sherbanger  Seeds Per Pack: 12  Sex: Regular\" \/>\n<meta property=\"og:url\" content=\"https:\/\/headstashseedbank.com\/es\/producto\/boston-roots-seed-co-x-bloom-seed-co-fritter-banger\/\" \/>\n<meta property=\"og:site_name\" content=\"HeadStash SeedBank\" \/>\n<meta property=\"article:modified_time\" content=\"2024-07-19T13:29:14+00:00\" \/>\n<meta property=\"og:image\" content=\"https:\/\/headstashseedbank.com\/wp-content\/uploads\/2022\/08\/boston-and-bloom.jpg\" \/>\n\t<meta property=\"og:image:width\" content=\"1080\" \/>\n\t<meta property=\"og:image:height\" content=\"1251\" \/>\n\t<meta property=\"og:image:type\" content=\"image\/jpeg\" \/>\n<meta name=\"twitter:card\" content=\"summary_large_image\" \/>\n<script type=\"application\/ld+json\" class=\"yoast-schema-graph\">{\"@context\":\"https:\/\/schema.org\",\"@graph\":[{\"@type\":\"WebPage\",\"@id\":\"https:\/\/headstashseedbank.com\/product\/boston-roots-seed-co-x-bloom-seed-co-fritter-banger\/\",\"url\":\"https:\/\/headstashseedbank.com\/product\/boston-roots-seed-co-x-bloom-seed-co-fritter-banger\/\",\"name\":\"Boston Roots Seed Co x Bloom Seed Co | Fritter Banger - HeadStash SeedBank\",\"isPartOf\":{\"@id\":\"https:\/\/headstashseedbank.com\/#website\"},\"primaryImageOfPage\":{\"@id\":\"https:\/\/headstashseedbank.com\/product\/boston-roots-seed-co-x-bloom-seed-co-fritter-banger\/#primaryimage\"},\"image\":{\"@id\":\"https:\/\/headstashseedbank.com\/product\/boston-roots-seed-co-x-bloom-seed-co-fritter-banger\/#primaryimage\"},\"thumbnailUrl\":\"https:\/\/headstashseedbank.com\/wp-content\/uploads\/2022\/08\/boston-and-bloom.jpg\",\"datePublished\":\"2022-11-07T13:57:35+00:00\",\"dateModified\":\"2024-07-19T13:29:14+00:00\",\"breadcrumb\":{\"@id\":\"https:\/\/headstashseedbank.com\/product\/boston-roots-seed-co-x-bloom-seed-co-fritter-banger\/#breadcrumb\"},\"inLanguage\":\"es\",\"potentialAction\":[{\"@type\":\"ReadAction\",\"target\":[\"https:\/\/headstashseedbank.com\/product\/boston-roots-seed-co-x-bloom-seed-co-fritter-banger\/\"]}]},{\"@type\":\"ImageObject\",\"inLanguage\":\"es\",\"@id\":\"https:\/\/headstashseedbank.com\/product\/boston-roots-seed-co-x-bloom-seed-co-fritter-banger\/#primaryimage\",\"url\":\"https:\/\/headstashseedbank.com\/wp-content\/uploads\/2022\/08\/boston-and-bloom.jpg\",\"contentUrl\":\"https:\/\/headstashseedbank.com\/wp-content\/uploads\/2022\/08\/boston-and-bloom.jpg\",\"width\":1080,\"height\":1251},{\"@type\":\"BreadcrumbList\",\"@id\":\"https:\/\/headstashseedbank.com\/product\/boston-roots-seed-co-x-bloom-seed-co-fritter-banger\/#breadcrumb\",\"itemListElement\":[{\"@type\":\"ListItem\",\"position\":1,\"name\":\"Home\",\"item\":\"https:\/\/headstashseedbank.com\/\"},{\"@type\":\"ListItem\",\"position\":2,\"name\":\"Shop\",\"item\":\"https:\/\/headstashseedbank.com\/shop\/\"},{\"@type\":\"ListItem\",\"position\":3,\"name\":\"Boston Roots Seed Co x Bloom Seed Co | Fritter Banger\"}]},{\"@type\":\"WebSite\",\"@id\":\"https:\/\/headstashseedbank.com\/#website\",\"url\":\"https:\/\/headstashseedbank.com\/\",\"name\":\"HeadStash BCN Seed Bank Page\",\"description\":\"\",\"publisher\":{\"@id\":\"https:\/\/headstashseedbank.com\/#organization\"},\"potentialAction\":[{\"@type\":\"SearchAction\",\"target\":{\"@type\":\"EntryPoint\",\"urlTemplate\":\"https:\/\/headstashseedbank.com\/?s={search_term_string}\"},\"query-input\":{\"@type\":\"PropertyValueSpecification\",\"valueRequired\":true,\"valueName\":\"search_term_string\"}}],\"inLanguage\":\"es\"},{\"@type\":\"Organization\",\"@id\":\"https:\/\/headstashseedbank.com\/#organization\",\"name\":\"HeadStash BCN\",\"url\":\"https:\/\/headstashseedbank.com\/\",\"logo\":{\"@type\":\"ImageObject\",\"inLanguage\":\"es\",\"@id\":\"https:\/\/headstashseedbank.com\/#\/schema\/logo\/image\/\",\"url\":\"https:\/\/headstashseedbank.com\/wp-content\/uploads\/2022\/09\/cropped-Head-Stash-SB-Logo.png\",\"contentUrl\":\"https:\/\/headstashseedbank.com\/wp-content\/uploads\/2022\/09\/cropped-Head-Stash-SB-Logo.png\",\"width\":512,\"height\":512,\"caption\":\"HeadStash BCN\"},\"image\":{\"@id\":\"https:\/\/headstashseedbank.com\/#\/schema\/logo\/image\/\"}}]}<\/script>\n<!-- \/ Yoast SEO plugin. -->","yoast_head_json":{"title":"Boston Roots Seed Co x Bloom Seed Co | Fritter Banger - HeadStash SeedBank","robots":{"index":"index","follow":"follow","max-snippet":"max-snippet:-1","max-image-preview":"max-image-preview:large","max-video-preview":"max-video-preview:-1"},"canonical":"https:\/\/headstashseedbank.com\/es\/producto\/boston-roots-seed-co-x-bloom-seed-co-fritter-banger\/","og_locale":"es_ES","og_type":"article","og_title":"Boston Roots Seed Co x Bloom Seed Co | Fritter Banger - HeadStash SeedBank","og_description":"Lineage: Apple Fritter x Sherbanger  Seeds Per Pack: 12  Sex: Regular","og_url":"https:\/\/headstashseedbank.com\/es\/producto\/boston-roots-seed-co-x-bloom-seed-co-fritter-banger\/","og_site_name":"HeadStash SeedBank","article_modified_time":"2024-07-19T13:29:14+00:00","og_image":[{"width":1080,"height":1251,"url":"https:\/\/headstashseedbank.com\/wp-content\/uploads\/2022\/08\/boston-and-bloom.jpg","type":"image\/jpeg"}],"twitter_card":"summary_large_image","schema":{"@context":"https:\/\/schema.org","@graph":[{"@type":"WebPage","@id":"https:\/\/headstashseedbank.com\/product\/boston-roots-seed-co-x-bloom-seed-co-fritter-banger\/","url":"https:\/\/headstashseedbank.com\/product\/boston-roots-seed-co-x-bloom-seed-co-fritter-banger\/","name":"Boston Roots Seed Co x Bloom Seed Co | Fritter Banger - HeadStash SeedBank","isPartOf":{"@id":"https:\/\/headstashseedbank.com\/#website"},"primaryImageOfPage":{"@id":"https:\/\/headstashseedbank.com\/product\/boston-roots-seed-co-x-bloom-seed-co-fritter-banger\/#primaryimage"},"image":{"@id":"https:\/\/headstashseedbank.com\/product\/boston-roots-seed-co-x-bloom-seed-co-fritter-banger\/#primaryimage"},"thumbnailUrl":"https:\/\/headstashseedbank.com\/wp-content\/uploads\/2022\/08\/boston-and-bloom.jpg","datePublished":"2022-11-07T13:57:35+00:00","dateModified":"2024-07-19T13:29:14+00:00","breadcrumb":{"@id":"https:\/\/headstashseedbank.com\/product\/boston-roots-seed-co-x-bloom-seed-co-fritter-banger\/#breadcrumb"},"inLanguage":"es","potentialAction":[{"@type":"ReadAction","target":["https:\/\/headstashseedbank.com\/product\/boston-roots-seed-co-x-bloom-seed-co-fritter-banger\/"]}]},{"@type":"ImageObject","inLanguage":"es","@id":"https:\/\/headstashseedbank.com\/product\/boston-roots-seed-co-x-bloom-seed-co-fritter-banger\/#primaryimage","url":"https:\/\/headstashseedbank.com\/wp-content\/uploads\/2022\/08\/boston-and-bloom.jpg","contentUrl":"https:\/\/headstashseedbank.com\/wp-content\/uploads\/2022\/08\/boston-and-bloom.jpg","width":1080,"height":1251},{"@type":"BreadcrumbList","@id":"https:\/\/headstashseedbank.com\/product\/boston-roots-seed-co-x-bloom-seed-co-fritter-banger\/#breadcrumb","itemListElement":[{"@type":"ListItem","position":1,"name":"Home","item":"https:\/\/headstashseedbank.com\/"},{"@type":"ListItem","position":2,"name":"Shop","item":"https:\/\/headstashseedbank.com\/shop\/"},{"@type":"ListItem","position":3,"name":"Boston Roots Seed Co x Bloom Seed Co | Fritter Banger"}]},{"@type":"WebSite","@id":"https:\/\/headstashseedbank.com\/#website","url":"https:\/\/headstashseedbank.com\/","name":"HeadStash BCN Seed Bank Page","description":"","publisher":{"@id":"https:\/\/headstashseedbank.com\/#organization"},"potentialAction":[{"@type":"SearchAction","target":{"@type":"EntryPoint","urlTemplate":"https:\/\/headstashseedbank.com\/?s={search_term_string}"},"query-input":{"@type":"PropertyValueSpecification","valueRequired":true,"valueName":"search_term_string"}}],"inLanguage":"es"},{"@type":"Organization","@id":"https:\/\/headstashseedbank.com\/#organization","name":"HeadStash BCN","url":"https:\/\/headstashseedbank.com\/","logo":{"@type":"ImageObject","inLanguage":"es","@id":"https:\/\/headstashseedbank.com\/#\/schema\/logo\/image\/","url":"https:\/\/headstashseedbank.com\/wp-content\/uploads\/2022\/09\/cropped-Head-Stash-SB-Logo.png","contentUrl":"https:\/\/headstashseedbank.com\/wp-content\/uploads\/2022\/09\/cropped-Head-Stash-SB-Logo.png","width":512,"height":512,"caption":"HeadStash BCN"},"image":{"@id":"https:\/\/headstashseedbank.com\/#\/schema\/logo\/image\/"}}]}},"brands":[{"id":26,"name":"Bloom Seed Co","slug":"bloom-seed-co"},{"id":57,"name":"Boston Roots Seed Co","slug":"boston-roots-seed-co"}],"_links":{"self":[{"href":"https:\/\/headstashseedbank.com\/es\/wp-json\/wp\/v2\/product\/521","targetHints":{"allow":["GET"]}}],"collection":[{"href":"https:\/\/headstashseedbank.com\/es\/wp-json\/wp\/v2\/product"}],"about":[{"href":"https:\/\/headstashseedbank.com\/es\/wp-json\/wp\/v2\/types\/product"}],"wp:featuredmedia":[{"embeddable":true,"href":"https:\/\/headstashseedbank.com\/es\/wp-json\/wp\/v2\/media\/110"}],"wp:attachment":[{"href":"https:\/\/headstashseedbank.com\/es\/wp-json\/wp\/v2\/media?parent=521"}],"wp:term":[{"taxonomy":"pwb-brand","embeddable":true,"href":"https:\/\/headstashseedbank.com\/es\/wp-json\/wp\/v2\/pwb-brand?post=521"},{"taxonomy":"product_brand","embeddable":true,"href":"https:\/\/headstashseedbank.com\/es\/wp-json\/wp\/v2\/product_brand?post=521"},{"taxonomy":"product_cat","embeddable":true,"href":"https:\/\/headstashseedbank.com\/es\/wp-json\/wp\/v2\/product_cat?post=521"},{"taxonomy":"product_tag","embeddable":true,"href":"https:\/\/headstashseedbank.com\/es\/wp-json\/wp\/v2\/product_tag?post=521"}],"curies":[{"name":"wp","href":"https:\/\/api.w.org\/{rel}","templated":true}]}}