{"id":70,"date":"2022-08-31T16:58:59","date_gmt":"2022-08-31T15:58:59","guid":{"rendered":"https:\/\/headstashseedbank.com\/?post_type=product&#038;p=70"},"modified":"2025-04-08T12:16:28","modified_gmt":"2025-04-08T11:16:28","slug":"karma-genetics-sour-leda-regular-seeds","status":"publish","type":"product","link":"https:\/\/headstashseedbank.com\/es\/producto\/karma-genetics-sour-leda-regular-seeds\/","title":{"rendered":"Karma Genetics | Sour Leda Semillas Regulares"},"content":{"rendered":"<p>La madre utilizada es una Leda Uno de un viejo criador holand\u00e9s KC Brain, con mucho vigor y de r\u00e1pido crecimiento, un perfil de sabor que van desde Terpetine a lim\u00f3n, ella es una f\u00e1cil de cultivar, combin\u00e1ndolo con el Karma Sour D Bx2 da una verdadera alta velocidad vigoris plantas, haciendo grandes hojas y mejor ramificaci\u00f3n que el Karma Sour D Bx2 por s\u00ed mismo, grandes plantas para principiantes y expiereced cultivadores.<\/p>\n<p>Las semillas se venden \u00fanicamente como recuerdo y deben considerarse una novedad.<\/p>","protected":false},"excerpt":{"rendered":"<table id=\"product-attribute-specs-table\" class=\"data table additional-attributes\">\n<tbody>\n<tr>\n<th class=\"col label\" scope=\"row\">Marca<\/th>\n<td class=\"col data\" data-th=\"Brand\">Karma Gen\u00e9tica<\/td>\n<\/tr>\n<tr>\n<th class=\"col label\" scope=\"row\">Tama\u00f1o del envase<\/th>\n<td class=\"col data\" data-th=\"Pack Size\">12 semillas por paquete<\/td>\n<\/tr>\n<tr>\n<th class=\"col label\" scope=\"row\">Interior \/ Exterior<\/th>\n<td class=\"col data\" data-th=\"Indoor \/ Outdoor\">Interior \/ Exterior<\/td>\n<\/tr>\n<tr>\n<th class=\"col label\" scope=\"row\">\u00c9poca de floraci\u00f3n<\/th>\n<td class=\"col data\" data-th=\"Flowering Time\">10-11 semanas<\/td>\n<\/tr>\n<tr>\n<th class=\"col label\" scope=\"row\">Linaje<\/th>\n<td class=\"col data\" data-th=\"Lineage\">Leda Uno x Karma Sour D Bx2<\/td>\n<\/tr>\n<tr>\n<th class=\"col label\" scope=\"row\">Rendimiento<\/th>\n<td class=\"col data\" data-th=\"Yield\">Medio\/Alto<\/td>\n<\/tr>\n<tr>\n<th class=\"col label\" scope=\"row\">Tipo<\/th>\n<td class=\"col data\" data-th=\"Yield\">H\u00edbrido<\/td>\n<\/tr>\n<tr>\n<th class=\"col label\" scope=\"row\">Tipo de semilla<\/th>\n<td class=\"col data\" data-th=\"Seed Type\">Regular<\/td>\n<\/tr>\n<\/tbody>\n<\/table>","protected":false},"featured_media":83,"template":"","meta":[],"pwb-brand":[29],"product_brand":[],"product_cat":[20,22],"product_tag":[],"class_list":{"0":"post-70","1":"product","2":"type-product","3":"status-publish","4":"has-post-thumbnail","6":"pwb-brand-karma-genetics","7":"product_cat-seeds","8":"product_cat-regular","10":"entry","11":"has-media","13":"first","14":"instock","15":"taxable","16":"shipping-taxable","17":"purchasable","18":"product-type-simple","19":"has-product-nav","20":"col","21":"span_1_of_3","22":"owp-content-center","23":"owp-thumbs-layout-horizontal","24":"owp-btn-normal","25":"owp-tabs-layout-horizontal","26":"has-no-thumbnails"},"yoast_head":"<!-- This site is optimized with the Yoast SEO plugin v26.1 - https:\/\/yoast.com\/wordpress\/plugins\/seo\/ -->\n<title>Karma Genetics | Sour Leda Regular Seeds - HeadStash SeedBank<\/title>\n<meta name=\"robots\" content=\"index, follow, max-snippet:-1, max-image-preview:large, max-video-preview:-1\" \/>\n<link rel=\"canonical\" href=\"https:\/\/headstashseedbank.com\/es\/producto\/karma-genetics-sour-leda-regular-seeds\/\" \/>\n<meta property=\"og:locale\" content=\"es_ES\" \/>\n<meta property=\"og:type\" content=\"article\" \/>\n<meta property=\"og:title\" content=\"Karma Genetics | Sour Leda Regular Seeds - HeadStash SeedBank\" \/>\n<meta property=\"og:description\" content=\"Brand Karma Genetics   Pack Size 12 Seeds Per Pack   Indoor \/ Outdoor Indoor \/ Outdoor   Flowering Time 10-11 Weeks   Lineage Leda Uno x Karma Sour D Bx2   Yield Medium\/High   Type Hybrid   Seed Type Regular\" \/>\n<meta property=\"og:url\" content=\"https:\/\/headstashseedbank.com\/es\/producto\/karma-genetics-sour-leda-regular-seeds\/\" \/>\n<meta property=\"og:site_name\" content=\"HeadStash SeedBank\" \/>\n<meta property=\"article:modified_time\" content=\"2025-04-08T11:16:28+00:00\" \/>\n<meta property=\"og:image\" content=\"https:\/\/headstashseedbank.com\/wp-content\/uploads\/2022\/08\/Karma-Genetics-Archive-Product.jpg\" \/>\n\t<meta property=\"og:image:width\" content=\"720\" \/>\n\t<meta property=\"og:image:height\" content=\"720\" \/>\n\t<meta property=\"og:image:type\" content=\"image\/jpeg\" \/>\n<meta name=\"twitter:card\" content=\"summary_large_image\" \/>\n<script type=\"application\/ld+json\" class=\"yoast-schema-graph\">{\"@context\":\"https:\/\/schema.org\",\"@graph\":[{\"@type\":\"WebPage\",\"@id\":\"https:\/\/headstashseedbank.com\/product\/karma-genetics-sour-leda-regular-seeds\/\",\"url\":\"https:\/\/headstashseedbank.com\/product\/karma-genetics-sour-leda-regular-seeds\/\",\"name\":\"Karma Genetics | Sour Leda Regular Seeds - HeadStash SeedBank\",\"isPartOf\":{\"@id\":\"https:\/\/headstashseedbank.com\/#website\"},\"primaryImageOfPage\":{\"@id\":\"https:\/\/headstashseedbank.com\/product\/karma-genetics-sour-leda-regular-seeds\/#primaryimage\"},\"image\":{\"@id\":\"https:\/\/headstashseedbank.com\/product\/karma-genetics-sour-leda-regular-seeds\/#primaryimage\"},\"thumbnailUrl\":\"https:\/\/headstashseedbank.com\/wp-content\/uploads\/2022\/08\/Karma-Genetics-Archive-Product.jpg\",\"datePublished\":\"2022-08-31T15:58:59+00:00\",\"dateModified\":\"2025-04-08T11:16:28+00:00\",\"breadcrumb\":{\"@id\":\"https:\/\/headstashseedbank.com\/product\/karma-genetics-sour-leda-regular-seeds\/#breadcrumb\"},\"inLanguage\":\"es\",\"potentialAction\":[{\"@type\":\"ReadAction\",\"target\":[\"https:\/\/headstashseedbank.com\/product\/karma-genetics-sour-leda-regular-seeds\/\"]}]},{\"@type\":\"ImageObject\",\"inLanguage\":\"es\",\"@id\":\"https:\/\/headstashseedbank.com\/product\/karma-genetics-sour-leda-regular-seeds\/#primaryimage\",\"url\":\"https:\/\/headstashseedbank.com\/wp-content\/uploads\/2022\/08\/Karma-Genetics-Archive-Product.jpg\",\"contentUrl\":\"https:\/\/headstashseedbank.com\/wp-content\/uploads\/2022\/08\/Karma-Genetics-Archive-Product.jpg\",\"width\":720,\"height\":720},{\"@type\":\"BreadcrumbList\",\"@id\":\"https:\/\/headstashseedbank.com\/product\/karma-genetics-sour-leda-regular-seeds\/#breadcrumb\",\"itemListElement\":[{\"@type\":\"ListItem\",\"position\":1,\"name\":\"Home\",\"item\":\"https:\/\/headstashseedbank.com\/\"},{\"@type\":\"ListItem\",\"position\":2,\"name\":\"Shop\",\"item\":\"https:\/\/headstashseedbank.com\/shop\/\"},{\"@type\":\"ListItem\",\"position\":3,\"name\":\"Karma Genetics | Sour Leda Regular Seeds\"}]},{\"@type\":\"WebSite\",\"@id\":\"https:\/\/headstashseedbank.com\/#website\",\"url\":\"https:\/\/headstashseedbank.com\/\",\"name\":\"HeadStash BCN Seed Bank Page\",\"description\":\"\",\"publisher\":{\"@id\":\"https:\/\/headstashseedbank.com\/#organization\"},\"potentialAction\":[{\"@type\":\"SearchAction\",\"target\":{\"@type\":\"EntryPoint\",\"urlTemplate\":\"https:\/\/headstashseedbank.com\/?s={search_term_string}\"},\"query-input\":{\"@type\":\"PropertyValueSpecification\",\"valueRequired\":true,\"valueName\":\"search_term_string\"}}],\"inLanguage\":\"es\"},{\"@type\":\"Organization\",\"@id\":\"https:\/\/headstashseedbank.com\/#organization\",\"name\":\"HeadStash BCN\",\"url\":\"https:\/\/headstashseedbank.com\/\",\"logo\":{\"@type\":\"ImageObject\",\"inLanguage\":\"es\",\"@id\":\"https:\/\/headstashseedbank.com\/#\/schema\/logo\/image\/\",\"url\":\"https:\/\/headstashseedbank.com\/wp-content\/uploads\/2022\/09\/cropped-Head-Stash-SB-Logo.png\",\"contentUrl\":\"https:\/\/headstashseedbank.com\/wp-content\/uploads\/2022\/09\/cropped-Head-Stash-SB-Logo.png\",\"width\":512,\"height\":512,\"caption\":\"HeadStash BCN\"},\"image\":{\"@id\":\"https:\/\/headstashseedbank.com\/#\/schema\/logo\/image\/\"}}]}<\/script>\n<!-- \/ Yoast SEO plugin. -->","yoast_head_json":{"title":"Karma Genetics | Sour Leda Regular Seeds - HeadStash SeedBank","robots":{"index":"index","follow":"follow","max-snippet":"max-snippet:-1","max-image-preview":"max-image-preview:large","max-video-preview":"max-video-preview:-1"},"canonical":"https:\/\/headstashseedbank.com\/es\/producto\/karma-genetics-sour-leda-regular-seeds\/","og_locale":"es_ES","og_type":"article","og_title":"Karma Genetics | Sour Leda Regular Seeds - HeadStash SeedBank","og_description":"Brand Karma Genetics   Pack Size 12 Seeds Per Pack   Indoor \/ Outdoor Indoor \/ Outdoor   Flowering Time 10-11 Weeks   Lineage Leda Uno x Karma Sour D Bx2   Yield Medium\/High   Type Hybrid   Seed Type Regular","og_url":"https:\/\/headstashseedbank.com\/es\/producto\/karma-genetics-sour-leda-regular-seeds\/","og_site_name":"HeadStash SeedBank","article_modified_time":"2025-04-08T11:16:28+00:00","og_image":[{"width":720,"height":720,"url":"https:\/\/headstashseedbank.com\/wp-content\/uploads\/2022\/08\/Karma-Genetics-Archive-Product.jpg","type":"image\/jpeg"}],"twitter_card":"summary_large_image","schema":{"@context":"https:\/\/schema.org","@graph":[{"@type":"WebPage","@id":"https:\/\/headstashseedbank.com\/product\/karma-genetics-sour-leda-regular-seeds\/","url":"https:\/\/headstashseedbank.com\/product\/karma-genetics-sour-leda-regular-seeds\/","name":"Karma Genetics | Sour Leda Regular Seeds - HeadStash SeedBank","isPartOf":{"@id":"https:\/\/headstashseedbank.com\/#website"},"primaryImageOfPage":{"@id":"https:\/\/headstashseedbank.com\/product\/karma-genetics-sour-leda-regular-seeds\/#primaryimage"},"image":{"@id":"https:\/\/headstashseedbank.com\/product\/karma-genetics-sour-leda-regular-seeds\/#primaryimage"},"thumbnailUrl":"https:\/\/headstashseedbank.com\/wp-content\/uploads\/2022\/08\/Karma-Genetics-Archive-Product.jpg","datePublished":"2022-08-31T15:58:59+00:00","dateModified":"2025-04-08T11:16:28+00:00","breadcrumb":{"@id":"https:\/\/headstashseedbank.com\/product\/karma-genetics-sour-leda-regular-seeds\/#breadcrumb"},"inLanguage":"es","potentialAction":[{"@type":"ReadAction","target":["https:\/\/headstashseedbank.com\/product\/karma-genetics-sour-leda-regular-seeds\/"]}]},{"@type":"ImageObject","inLanguage":"es","@id":"https:\/\/headstashseedbank.com\/product\/karma-genetics-sour-leda-regular-seeds\/#primaryimage","url":"https:\/\/headstashseedbank.com\/wp-content\/uploads\/2022\/08\/Karma-Genetics-Archive-Product.jpg","contentUrl":"https:\/\/headstashseedbank.com\/wp-content\/uploads\/2022\/08\/Karma-Genetics-Archive-Product.jpg","width":720,"height":720},{"@type":"BreadcrumbList","@id":"https:\/\/headstashseedbank.com\/product\/karma-genetics-sour-leda-regular-seeds\/#breadcrumb","itemListElement":[{"@type":"ListItem","position":1,"name":"Home","item":"https:\/\/headstashseedbank.com\/"},{"@type":"ListItem","position":2,"name":"Shop","item":"https:\/\/headstashseedbank.com\/shop\/"},{"@type":"ListItem","position":3,"name":"Karma Genetics | Sour Leda Regular Seeds"}]},{"@type":"WebSite","@id":"https:\/\/headstashseedbank.com\/#website","url":"https:\/\/headstashseedbank.com\/","name":"HeadStash BCN Seed Bank Page","description":"","publisher":{"@id":"https:\/\/headstashseedbank.com\/#organization"},"potentialAction":[{"@type":"SearchAction","target":{"@type":"EntryPoint","urlTemplate":"https:\/\/headstashseedbank.com\/?s={search_term_string}"},"query-input":{"@type":"PropertyValueSpecification","valueRequired":true,"valueName":"search_term_string"}}],"inLanguage":"es"},{"@type":"Organization","@id":"https:\/\/headstashseedbank.com\/#organization","name":"HeadStash BCN","url":"https:\/\/headstashseedbank.com\/","logo":{"@type":"ImageObject","inLanguage":"es","@id":"https:\/\/headstashseedbank.com\/#\/schema\/logo\/image\/","url":"https:\/\/headstashseedbank.com\/wp-content\/uploads\/2022\/09\/cropped-Head-Stash-SB-Logo.png","contentUrl":"https:\/\/headstashseedbank.com\/wp-content\/uploads\/2022\/09\/cropped-Head-Stash-SB-Logo.png","width":512,"height":512,"caption":"HeadStash BCN"},"image":{"@id":"https:\/\/headstashseedbank.com\/#\/schema\/logo\/image\/"}}]}},"brands":[{"id":29,"name":"Karma Genetics","slug":"karma-genetics"}],"_links":{"self":[{"href":"https:\/\/headstashseedbank.com\/es\/wp-json\/wp\/v2\/product\/70","targetHints":{"allow":["GET"]}}],"collection":[{"href":"https:\/\/headstashseedbank.com\/es\/wp-json\/wp\/v2\/product"}],"about":[{"href":"https:\/\/headstashseedbank.com\/es\/wp-json\/wp\/v2\/types\/product"}],"wp:featuredmedia":[{"embeddable":true,"href":"https:\/\/headstashseedbank.com\/es\/wp-json\/wp\/v2\/media\/83"}],"wp:attachment":[{"href":"https:\/\/headstashseedbank.com\/es\/wp-json\/wp\/v2\/media?parent=70"}],"wp:term":[{"taxonomy":"pwb-brand","embeddable":true,"href":"https:\/\/headstashseedbank.com\/es\/wp-json\/wp\/v2\/pwb-brand?post=70"},{"taxonomy":"product_brand","embeddable":true,"href":"https:\/\/headstashseedbank.com\/es\/wp-json\/wp\/v2\/product_brand?post=70"},{"taxonomy":"product_cat","embeddable":true,"href":"https:\/\/headstashseedbank.com\/es\/wp-json\/wp\/v2\/product_cat?post=70"},{"taxonomy":"product_tag","embeddable":true,"href":"https:\/\/headstashseedbank.com\/es\/wp-json\/wp\/v2\/product_tag?post=70"}],"curies":[{"name":"wp","href":"https:\/\/api.w.org\/{rel}","templated":true}]}}