{"id":90,"date":"2022-08-31T16:59:31","date_gmt":"2022-08-31T15:59:31","guid":{"rendered":"https:\/\/headstashseedbank.com\/?post_type=product&#038;p=90"},"modified":"2024-08-09T12:07:20","modified_gmt":"2024-08-09T11:07:20","slug":"cannarado-genetics-dubble-grape-sour-dubble-x-grape-pie-bx","status":"publish","type":"product","link":"https:\/\/headstashseedbank.com\/es\/producto\/cannarado-genetics-dubble-grape-sour-dubble-x-grape-pie-bx\/","title":{"rendered":"Cannarado Genetics | Dubble Grape | Sour Dubble x Grape Pie BX"},"content":{"rendered":"<p><b>Dubble Grape semillas de cannabis regulares\u00a0<\/b>de\u00a0<b>Gen\u00e9tica Cannarado\u00a0<\/b>es una nueva variedad de cannabis que forma parte de un lanzamiento de nuevas semillas de este legendario criador de Colorado, todas ellas basadas en la gen\u00e9tica especial de su c\u00e9lebre variedad\u00a0<b>Pastel de uva BX<\/b>.<\/p>\n<p>Dubble Grape procede de un cruce seleccionado de \u00a0<b>Sour Dubble x Grape Pie BX\u00a0<\/b>para producir un h\u00edbrido \u00e1cido, afrutado y de gran potencia.<br \/>\nLos cultivadores que operan en zonas legales pueden esperar plantas estables y uniformes con abundante ramificaci\u00f3n y estructura. Dubble Grape tambi\u00e9n es una excelente opci\u00f3n para extracciones de hierbas en t\u00e9rminos de producci\u00f3n de resina y perfil de terpenos.<\/p>\n<p>Los sabores y aromas son deliciosamente \u00e1cidos, con una explosi\u00f3n de fruta madura en el paladar. Este h\u00edbrido de alto rendimiento tiene una floraci\u00f3n media de entre 8 y 9 semanas.<\/p>\n<p><strong>Descargo de responsabilidad: Las semillas se venden \u00fanicamente como novedad.<\/strong><\/p>","protected":false},"excerpt":{"rendered":"<table id=\"product-attribute-specs-table\" class=\"data table additional-attributes\">\n<tbody>\n<tr>\n<th class=\"col label\" scope=\"row\">Marca<\/th>\n<td class=\"col data\" data-th=\"Brand\">Gen\u00e9tica Cannarado<\/td>\n<\/tr>\n<tr>\n<th class=\"col label\" scope=\"row\">Tama\u00f1o del envase<\/th>\n<td class=\"col data\" data-th=\"Pack Size\">10 semillas por paquete<\/td>\n<\/tr>\n<tr>\n<th class=\"col label\" scope=\"row\">Interior \/ Exterior<\/th>\n<td class=\"col data\" data-th=\"Indoor \/ Outdoor\">Interior \/ Exterior<\/td>\n<\/tr>\n<tr>\n<th class=\"col label\" scope=\"row\">\u00c9poca de floraci\u00f3n<\/th>\n<td class=\"col data\" data-th=\"Flowering Time\">8-9 semanas<\/td>\n<\/tr>\n<tr>\n<th class=\"col label\" scope=\"row\">Gen\u00e9tica<\/th>\n<td class=\"col data\" data-th=\"Genetics\">H\u00edbrido<\/td>\n<\/tr>\n<tr>\n<th class=\"col label\" scope=\"row\">Linaje<\/th>\n<td class=\"col data\" data-th=\"Lineage\">Sour Dubble x Grape Pie BX<\/td>\n<\/tr>\n<tr>\n<th class=\"col label\" scope=\"row\">Rendimiento<\/th>\n<td class=\"col data\" data-th=\"Yield\">Media a alta<\/td>\n<\/tr>\n<tr>\n<th class=\"col label\" scope=\"row\">Tipo de semilla<\/th>\n<td class=\"col data\" data-th=\"Seed Type\">Regular<\/td>\n<\/tr>\n<\/tbody>\n<\/table>","protected":false},"featured_media":109,"template":"","meta":[],"pwb-brand":[35],"product_brand":[],"product_cat":[20,22],"product_tag":[],"class_list":{"0":"post-90","1":"product","2":"type-product","3":"status-publish","4":"has-post-thumbnail","6":"pwb-brand-cannarado-genetics","7":"product_cat-seeds","8":"product_cat-regular","10":"entry","11":"has-media","13":"first","14":"outofstock","15":"taxable","16":"shipping-taxable","17":"purchasable","18":"product-type-simple","19":"has-product-nav","20":"col","21":"span_1_of_3","22":"owp-content-center","23":"owp-thumbs-layout-horizontal","24":"owp-btn-normal","25":"owp-tabs-layout-horizontal","26":"has-no-thumbnails"},"yoast_head":"<!-- This site is optimized with the Yoast SEO plugin v26.1 - https:\/\/yoast.com\/wordpress\/plugins\/seo\/ -->\n<title>Cannarado Genetics | Dubble Grape | Sour Dubble x Grape Pie BX - HeadStash SeedBank<\/title>\n<meta name=\"robots\" content=\"index, follow, max-snippet:-1, max-image-preview:large, max-video-preview:-1\" \/>\n<link rel=\"canonical\" href=\"https:\/\/headstashseedbank.com\/es\/producto\/cannarado-genetics-dubble-grape-sour-dubble-x-grape-pie-bx\/\" \/>\n<meta property=\"og:locale\" content=\"es_ES\" \/>\n<meta property=\"og:type\" content=\"article\" \/>\n<meta property=\"og:title\" content=\"Cannarado Genetics | Dubble Grape | Sour Dubble x Grape Pie BX - HeadStash SeedBank\" \/>\n<meta property=\"og:description\" content=\"Brand Cannarado Genetics   Pack Size 10 Seeds Per Pack   Indoor \/ Outdoor Indoor \/ Outdoor   Flowering Time 8-9 Weeks   Genetics Hybrid   Lineage Sour Dubble x Grape Pie BX   Yield Medium to High   Seed Type Regular\" \/>\n<meta property=\"og:url\" content=\"https:\/\/headstashseedbank.com\/es\/producto\/cannarado-genetics-dubble-grape-sour-dubble-x-grape-pie-bx\/\" \/>\n<meta property=\"og:site_name\" content=\"HeadStash SeedBank\" \/>\n<meta property=\"article:modified_time\" content=\"2024-08-09T11:07:20+00:00\" \/>\n<meta property=\"og:image\" content=\"https:\/\/headstashseedbank.com\/wp-content\/uploads\/2022\/08\/Cannarado-Genetics-Archive-Product.jpg\" \/>\n\t<meta property=\"og:image:width\" content=\"720\" \/>\n\t<meta property=\"og:image:height\" content=\"720\" \/>\n\t<meta property=\"og:image:type\" content=\"image\/jpeg\" \/>\n<meta name=\"twitter:card\" content=\"summary_large_image\" \/>\n<meta name=\"twitter:label1\" content=\"Tiempo de lectura\" \/>\n\t<meta name=\"twitter:data1\" content=\"1 minuto\" \/>\n<script type=\"application\/ld+json\" class=\"yoast-schema-graph\">{\"@context\":\"https:\/\/schema.org\",\"@graph\":[{\"@type\":\"WebPage\",\"@id\":\"https:\/\/headstashseedbank.com\/product\/cannarado-genetics-dubble-grape-sour-dubble-x-grape-pie-bx\/\",\"url\":\"https:\/\/headstashseedbank.com\/product\/cannarado-genetics-dubble-grape-sour-dubble-x-grape-pie-bx\/\",\"name\":\"Cannarado Genetics | Dubble Grape | Sour Dubble x Grape Pie BX - HeadStash SeedBank\",\"isPartOf\":{\"@id\":\"https:\/\/headstashseedbank.com\/#website\"},\"primaryImageOfPage\":{\"@id\":\"https:\/\/headstashseedbank.com\/product\/cannarado-genetics-dubble-grape-sour-dubble-x-grape-pie-bx\/#primaryimage\"},\"image\":{\"@id\":\"https:\/\/headstashseedbank.com\/product\/cannarado-genetics-dubble-grape-sour-dubble-x-grape-pie-bx\/#primaryimage\"},\"thumbnailUrl\":\"https:\/\/headstashseedbank.com\/wp-content\/uploads\/2022\/08\/Cannarado-Genetics-Archive-Product.jpg\",\"datePublished\":\"2022-08-31T15:59:31+00:00\",\"dateModified\":\"2024-08-09T11:07:20+00:00\",\"breadcrumb\":{\"@id\":\"https:\/\/headstashseedbank.com\/product\/cannarado-genetics-dubble-grape-sour-dubble-x-grape-pie-bx\/#breadcrumb\"},\"inLanguage\":\"es\",\"potentialAction\":[{\"@type\":\"ReadAction\",\"target\":[\"https:\/\/headstashseedbank.com\/product\/cannarado-genetics-dubble-grape-sour-dubble-x-grape-pie-bx\/\"]}]},{\"@type\":\"ImageObject\",\"inLanguage\":\"es\",\"@id\":\"https:\/\/headstashseedbank.com\/product\/cannarado-genetics-dubble-grape-sour-dubble-x-grape-pie-bx\/#primaryimage\",\"url\":\"https:\/\/headstashseedbank.com\/wp-content\/uploads\/2022\/08\/Cannarado-Genetics-Archive-Product.jpg\",\"contentUrl\":\"https:\/\/headstashseedbank.com\/wp-content\/uploads\/2022\/08\/Cannarado-Genetics-Archive-Product.jpg\",\"width\":720,\"height\":720},{\"@type\":\"BreadcrumbList\",\"@id\":\"https:\/\/headstashseedbank.com\/product\/cannarado-genetics-dubble-grape-sour-dubble-x-grape-pie-bx\/#breadcrumb\",\"itemListElement\":[{\"@type\":\"ListItem\",\"position\":1,\"name\":\"Home\",\"item\":\"https:\/\/headstashseedbank.com\/\"},{\"@type\":\"ListItem\",\"position\":2,\"name\":\"Shop\",\"item\":\"https:\/\/headstashseedbank.com\/shop\/\"},{\"@type\":\"ListItem\",\"position\":3,\"name\":\"Cannarado Genetics | Dubble Grape | Sour Dubble x Grape Pie BX\"}]},{\"@type\":\"WebSite\",\"@id\":\"https:\/\/headstashseedbank.com\/#website\",\"url\":\"https:\/\/headstashseedbank.com\/\",\"name\":\"HeadStash BCN Seed Bank Page\",\"description\":\"\",\"publisher\":{\"@id\":\"https:\/\/headstashseedbank.com\/#organization\"},\"potentialAction\":[{\"@type\":\"SearchAction\",\"target\":{\"@type\":\"EntryPoint\",\"urlTemplate\":\"https:\/\/headstashseedbank.com\/?s={search_term_string}\"},\"query-input\":{\"@type\":\"PropertyValueSpecification\",\"valueRequired\":true,\"valueName\":\"search_term_string\"}}],\"inLanguage\":\"es\"},{\"@type\":\"Organization\",\"@id\":\"https:\/\/headstashseedbank.com\/#organization\",\"name\":\"HeadStash BCN\",\"url\":\"https:\/\/headstashseedbank.com\/\",\"logo\":{\"@type\":\"ImageObject\",\"inLanguage\":\"es\",\"@id\":\"https:\/\/headstashseedbank.com\/#\/schema\/logo\/image\/\",\"url\":\"https:\/\/headstashseedbank.com\/wp-content\/uploads\/2022\/09\/cropped-Head-Stash-SB-Logo.png\",\"contentUrl\":\"https:\/\/headstashseedbank.com\/wp-content\/uploads\/2022\/09\/cropped-Head-Stash-SB-Logo.png\",\"width\":512,\"height\":512,\"caption\":\"HeadStash BCN\"},\"image\":{\"@id\":\"https:\/\/headstashseedbank.com\/#\/schema\/logo\/image\/\"}}]}<\/script>\n<!-- \/ Yoast SEO plugin. -->","yoast_head_json":{"title":"Cannarado Genetics | Dubble Grape | Sour Dubble x Grape Pie BX - HeadStash SeedBank","robots":{"index":"index","follow":"follow","max-snippet":"max-snippet:-1","max-image-preview":"max-image-preview:large","max-video-preview":"max-video-preview:-1"},"canonical":"https:\/\/headstashseedbank.com\/es\/producto\/cannarado-genetics-dubble-grape-sour-dubble-x-grape-pie-bx\/","og_locale":"es_ES","og_type":"article","og_title":"Cannarado Genetics | Dubble Grape | Sour Dubble x Grape Pie BX - HeadStash SeedBank","og_description":"Brand Cannarado Genetics   Pack Size 10 Seeds Per Pack   Indoor \/ Outdoor Indoor \/ Outdoor   Flowering Time 8-9 Weeks   Genetics Hybrid   Lineage Sour Dubble x Grape Pie BX   Yield Medium to High   Seed Type Regular","og_url":"https:\/\/headstashseedbank.com\/es\/producto\/cannarado-genetics-dubble-grape-sour-dubble-x-grape-pie-bx\/","og_site_name":"HeadStash SeedBank","article_modified_time":"2024-08-09T11:07:20+00:00","og_image":[{"width":720,"height":720,"url":"https:\/\/headstashseedbank.com\/wp-content\/uploads\/2022\/08\/Cannarado-Genetics-Archive-Product.jpg","type":"image\/jpeg"}],"twitter_card":"summary_large_image","twitter_misc":{"Tiempo de lectura":"1 minuto"},"schema":{"@context":"https:\/\/schema.org","@graph":[{"@type":"WebPage","@id":"https:\/\/headstashseedbank.com\/product\/cannarado-genetics-dubble-grape-sour-dubble-x-grape-pie-bx\/","url":"https:\/\/headstashseedbank.com\/product\/cannarado-genetics-dubble-grape-sour-dubble-x-grape-pie-bx\/","name":"Cannarado Genetics | Dubble Grape | Sour Dubble x Grape Pie BX - HeadStash SeedBank","isPartOf":{"@id":"https:\/\/headstashseedbank.com\/#website"},"primaryImageOfPage":{"@id":"https:\/\/headstashseedbank.com\/product\/cannarado-genetics-dubble-grape-sour-dubble-x-grape-pie-bx\/#primaryimage"},"image":{"@id":"https:\/\/headstashseedbank.com\/product\/cannarado-genetics-dubble-grape-sour-dubble-x-grape-pie-bx\/#primaryimage"},"thumbnailUrl":"https:\/\/headstashseedbank.com\/wp-content\/uploads\/2022\/08\/Cannarado-Genetics-Archive-Product.jpg","datePublished":"2022-08-31T15:59:31+00:00","dateModified":"2024-08-09T11:07:20+00:00","breadcrumb":{"@id":"https:\/\/headstashseedbank.com\/product\/cannarado-genetics-dubble-grape-sour-dubble-x-grape-pie-bx\/#breadcrumb"},"inLanguage":"es","potentialAction":[{"@type":"ReadAction","target":["https:\/\/headstashseedbank.com\/product\/cannarado-genetics-dubble-grape-sour-dubble-x-grape-pie-bx\/"]}]},{"@type":"ImageObject","inLanguage":"es","@id":"https:\/\/headstashseedbank.com\/product\/cannarado-genetics-dubble-grape-sour-dubble-x-grape-pie-bx\/#primaryimage","url":"https:\/\/headstashseedbank.com\/wp-content\/uploads\/2022\/08\/Cannarado-Genetics-Archive-Product.jpg","contentUrl":"https:\/\/headstashseedbank.com\/wp-content\/uploads\/2022\/08\/Cannarado-Genetics-Archive-Product.jpg","width":720,"height":720},{"@type":"BreadcrumbList","@id":"https:\/\/headstashseedbank.com\/product\/cannarado-genetics-dubble-grape-sour-dubble-x-grape-pie-bx\/#breadcrumb","itemListElement":[{"@type":"ListItem","position":1,"name":"Home","item":"https:\/\/headstashseedbank.com\/"},{"@type":"ListItem","position":2,"name":"Shop","item":"https:\/\/headstashseedbank.com\/shop\/"},{"@type":"ListItem","position":3,"name":"Cannarado Genetics | Dubble Grape | Sour Dubble x Grape Pie BX"}]},{"@type":"WebSite","@id":"https:\/\/headstashseedbank.com\/#website","url":"https:\/\/headstashseedbank.com\/","name":"HeadStash BCN Seed Bank Page","description":"","publisher":{"@id":"https:\/\/headstashseedbank.com\/#organization"},"potentialAction":[{"@type":"SearchAction","target":{"@type":"EntryPoint","urlTemplate":"https:\/\/headstashseedbank.com\/?s={search_term_string}"},"query-input":{"@type":"PropertyValueSpecification","valueRequired":true,"valueName":"search_term_string"}}],"inLanguage":"es"},{"@type":"Organization","@id":"https:\/\/headstashseedbank.com\/#organization","name":"HeadStash BCN","url":"https:\/\/headstashseedbank.com\/","logo":{"@type":"ImageObject","inLanguage":"es","@id":"https:\/\/headstashseedbank.com\/#\/schema\/logo\/image\/","url":"https:\/\/headstashseedbank.com\/wp-content\/uploads\/2022\/09\/cropped-Head-Stash-SB-Logo.png","contentUrl":"https:\/\/headstashseedbank.com\/wp-content\/uploads\/2022\/09\/cropped-Head-Stash-SB-Logo.png","width":512,"height":512,"caption":"HeadStash BCN"},"image":{"@id":"https:\/\/headstashseedbank.com\/#\/schema\/logo\/image\/"}}]}},"brands":[{"id":35,"name":"Cannarado Genetics","slug":"cannarado-genetics"}],"_links":{"self":[{"href":"https:\/\/headstashseedbank.com\/es\/wp-json\/wp\/v2\/product\/90","targetHints":{"allow":["GET"]}}],"collection":[{"href":"https:\/\/headstashseedbank.com\/es\/wp-json\/wp\/v2\/product"}],"about":[{"href":"https:\/\/headstashseedbank.com\/es\/wp-json\/wp\/v2\/types\/product"}],"wp:featuredmedia":[{"embeddable":true,"href":"https:\/\/headstashseedbank.com\/es\/wp-json\/wp\/v2\/media\/109"}],"wp:attachment":[{"href":"https:\/\/headstashseedbank.com\/es\/wp-json\/wp\/v2\/media?parent=90"}],"wp:term":[{"taxonomy":"pwb-brand","embeddable":true,"href":"https:\/\/headstashseedbank.com\/es\/wp-json\/wp\/v2\/pwb-brand?post=90"},{"taxonomy":"product_brand","embeddable":true,"href":"https:\/\/headstashseedbank.com\/es\/wp-json\/wp\/v2\/product_brand?post=90"},{"taxonomy":"product_cat","embeddable":true,"href":"https:\/\/headstashseedbank.com\/es\/wp-json\/wp\/v2\/product_cat?post=90"},{"taxonomy":"product_tag","embeddable":true,"href":"https:\/\/headstashseedbank.com\/es\/wp-json\/wp\/v2\/product_tag?post=90"}],"curies":[{"name":"wp","href":"https:\/\/api.w.org\/{rel}","templated":true}]}}