{"id":942,"date":"2023-07-18T13:59:11","date_gmt":"2023-07-18T12:59:11","guid":{"rendered":"https:\/\/headstashseedbank.com\/?post_type=product&#038;p=942"},"modified":"2023-07-18T13:59:11","modified_gmt":"2023-07-18T12:59:11","slug":"green-bodhi-hazy-girl","status":"publish","type":"product","link":"https:\/\/headstashseedbank.com\/es\/producto\/green-bodhi-hazy-girl\/","title":{"rendered":"Green Bodhi | Hazy Girl"},"content":{"rendered":"<p>Experimenta el delicioso abrazo de Hazy Girl, una\u00a0<a class=\"\" title=\"Feminizada\" href=\"https:\/\/www.seedsman.com\/eu-es\/semillas-de-cannabis\/tipo-de-floraci%C3%B3n\/semillas-feminizadas-de-cannabis\" target=\"_self\" rel=\"noopener\">feminizado<\/a>\u00a0variedad de cannabis creada por el renombrado criador Green Bodhi. Esta variedad h\u00edbrida es el resultado del cruce de la renombrada variedad Platinum GSC de la Bay Area con la Hazy Kush revertida de Green Bodhi. El resultado es una cautivadora combinaci\u00f3n de sabores, aromas y efectos que hacen de Hazy Girl una tentadora elecci\u00f3n para los entusiastas del cannabis.<\/p>\n<h4>Cultivo:<\/h4>\n<p>Hazy Girl es una variedad de fotoper\u00edodo que prospera en una gran variedad de entornos de cultivo. Con una naturaleza f\u00e1cil de cultivar, esta cepa es adecuada para cultivadores de todos los niveles, incluidos los principiantes. La planta alcanza una altura manejable de unos 120 cm, lo que la hace apta para cultivos de interior y exterior. Para apoyar su vigoroso crecimiento, se recomienda utilizar jaulas o enrejados, con un m\u00ednimo o ning\u00fan relleno. La variedad destaca en la t\u00e9cnica Screen of Green (SCRoG), mostrando su estructura y ramificaci\u00f3n bilateral. Hazy Girl presume de un ratio hoja\/flor bajo, lo que permite que los cogollos florezcan y sea f\u00e1cil recortarlos. Su tiempo de floraci\u00f3n\u00a0<a class=\"\" title=\"Adentro\" href=\"https:\/\/www.seedsman.com\/eu-es\/semillas-de-cannabis\/cultivo\/cultivo-en-interiores\" target=\"_self\" rel=\"noopener\">en el interior<\/a>\u00a0dura aproximadamente de 56 a 70 d\u00edas, mientras que los cultivadores de exterior pueden esperar cosechar en octubre en el hemisferio norte. En condiciones \u00f3ptimas, el rendimiento m\u00e1ximo en interior es de unos 500 gr\/m2, mientras que el cultivo en exterior puede producir unos impresionantes 750 gramos por planta o incluso m\u00e1s.<\/p>\n<h4>Sabores y aromas:<\/h4>\n<p>La cepa emite un olor de potencia media que abarca notas de masa, jazm\u00edn, lim\u00f3n\/lima y sutiles toques de combustible. Esta mezcla arom\u00e1tica crea una tentadora fragancia que prepara el terreno para una experiencia cann\u00e1bica realmente agradable. Hazy Girl presenta cogollos densos y compactos que son visualmente atractivos. Los cogollos son conocidos por su impecable densidad, proporcionando una vista exquisita para los conocedores del cannabis. La variedad presenta una gama de colores que refleja la combinaci\u00f3n de su herencia gen\u00e9tica. Cuando se trata de extracciones, Hazy Girl brilla. La cepa ofrece excelentes resultados, lo que la convierte en una de las favoritas entre los entusiastas que disfrutan extrayendo cannabinoides y terpenos para concentrados, aceites, etc.<\/p>\n<h4>Efectos:<\/h4>\n<p>Hazy Girl presume de un contenido de THC que puede llegar a 23%, y con un contenido de CBD inferior a 1%, esta cepa se centra principalmente en ofrecer una experiencia rica en THC. Prep\u00e1rate para un viaje euf\u00f3rico a medida que se desarrolla el subid\u00f3n de Hazy Girl. A\u00a0<a class=\"\" title=\"Haze\" href=\"https:\/\/www.seedsman.com\/eu-es\/semillas-de-cannabis\/tipo-de-variedad\/haze\" target=\"_self\" rel=\"noopener\">Haze<\/a>-Un efecto de subid\u00f3n envuelve la cabeza y los ojos. Poco a poco, este efecto cerebral va acompa\u00f1ado de un relajante subid\u00f3n corporal, ofreciendo al usuario una experiencia tanto cerebral como f\u00edsica. Esta combinaci\u00f3n de relajaci\u00f3n mental y f\u00edsica hace de Hazy Girl una elecci\u00f3n ideal para personas que buscan aliviar la ansiedad o para aquellos que quieren relajarse despu\u00e9s de un d\u00eda agotador. El potencial terap\u00e9utico de esta cepa reside en su capacidad para promover la relajaci\u00f3n y aliviar el estr\u00e9s, proporcionando un merecido respiro tanto a la mente como al cuerpo.<\/p>","protected":false},"excerpt":{"rendered":"<table id=\"product-attribute-specs-table\" class=\"data table additional-attributes\">\n<tbody>\n<tr>\n<th class=\"col label\" scope=\"row\">Criador\/Marca<\/th>\n<td class=\"col data\" data-th=\"Breeder\/Brand\">Bodhi verde<\/td>\n<\/tr>\n<tr>\n<th class=\"col label\" scope=\"row\">Talla<\/th>\n<td class=\"col data\" data-th=\"Size\">1049<\/td>\n<\/tr>\n<tr>\n<th class=\"col label\" scope=\"row\">Tama\u00f1o del envase<\/th>\n<td class=\"col data\" data-th=\"Pack Size\">5 Semillas<\/td>\n<\/tr>\n<tr>\n<th class=\"col label\" scope=\"row\">Gen\u00e9tica<\/th>\n<td class=\"col data\" data-th=\"Genetics\">PGSC x Hazy Kush<\/td>\n<\/tr>\n<tr>\n<th class=\"col label\" scope=\"row\">Variedad<\/th>\n<td class=\"col data\" data-th=\"Variety\">H\u00edbrido<\/td>\n<\/tr>\n<tr>\n<th class=\"col label\" scope=\"row\">Tipo de floraci\u00f3n<\/th>\n<td class=\"col data\" data-th=\"Flowering Type\">Fotoperiodo<\/td>\n<\/tr>\n<tr>\n<th class=\"col label\" scope=\"row\">Sexo<\/th>\n<td class=\"col data\" data-th=\"Sex\">Feminizada<\/td>\n<\/tr>\n<tr>\n<th class=\"col label\" scope=\"row\">Max. Contenido de THC %<\/th>\n<td class=\"col data\" data-th=\"Max. THC Content %\">23%<\/td>\n<\/tr>\n<tr>\n<th class=\"col label\" scope=\"row\">Contenido CBD %<\/th>\n<td class=\"col data\" data-th=\"CBD Content %\">Sin datos<\/td>\n<\/tr>\n<tr>\n<th class=\"col label\" scope=\"row\">Max. Rendimiento Exterior gr\/planta<\/th>\n<td class=\"col data\" data-th=\"Max. Yield Outdoor gr\/plant\">750 gr<\/td>\n<\/tr>\n<tr>\n<th class=\"col label\" scope=\"row\">Rendimiento Interior gr\/m2<\/th>\n<td class=\"col data\" data-th=\"Yield Indoor gr\/m2\">Alta (450-600 gr\/m2)<\/td>\n<\/tr>\n<tr>\n<th class=\"col label\" scope=\"row\">Max. Altura de la planta cm<\/th>\n<td class=\"col data\" data-th=\"Max. Plant Height cm\">120 cm<\/td>\n<\/tr>\n<tr>\n<th class=\"col label\" scope=\"row\">Mes de la cosecha del Norte<\/th>\n<td class=\"col data\" data-th=\"Harvest Month Northern\">Octubre<\/td>\n<\/tr>\n<tr>\n<th class=\"col label\" scope=\"row\">Sabor<\/th>\n<td class=\"col data\" data-th=\"Taste\/Flavour\">Pastoso, lim\u00f3n\/lima y toques de combustible<\/td>\n<\/tr>\n<tr>\n<th class=\"col label\" scope=\"row\">Efecto<\/th>\n<td class=\"col data\" data-th=\"Effect\">Efectos cerebrales y f\u00edsicos equilibrados<\/td>\n<\/tr>\n<tr>\n<th class=\"col label\" scope=\"row\">\u00c9poca de floraci\u00f3n<\/th>\n<td class=\"col data\" data-th=\"Flowering Time\">De 8 a 10 semanas<\/td>\n<\/tr>\n<\/tbody>\n<\/table>","protected":false},"featured_media":940,"template":"","meta":[],"pwb-brand":[76],"product_brand":[],"product_cat":[20,23],"product_tag":[52,77,79],"class_list":{"0":"post-942","1":"product","2":"type-product","3":"status-publish","4":"has-post-thumbnail","6":"pwb-brand-green-bodhi","7":"product_cat-seeds","8":"product_cat-feminized","9":"product_tag-feminized-seeds","10":"product_tag-green-bodhi","11":"product_tag-hazy-girl","13":"entry","14":"has-media","16":"first","17":"instock","18":"taxable","19":"shipping-taxable","20":"purchasable","21":"product-type-simple","22":"has-product-nav","23":"col","24":"span_1_of_3","25":"owp-content-center","26":"owp-thumbs-layout-horizontal","27":"owp-btn-normal","28":"owp-tabs-layout-horizontal","29":"has-no-thumbnails"},"yoast_head":"<!-- This site is optimized with the Yoast SEO plugin v26.1 - https:\/\/yoast.com\/wordpress\/plugins\/seo\/ -->\n<title>Green Bodhi | Hazy Girl - HeadStash SeedBank<\/title>\n<meta name=\"robots\" content=\"index, follow, max-snippet:-1, max-image-preview:large, max-video-preview:-1\" \/>\n<link rel=\"canonical\" href=\"https:\/\/headstashseedbank.com\/es\/producto\/green-bodhi-hazy-girl\/\" \/>\n<meta property=\"og:locale\" content=\"es_ES\" \/>\n<meta property=\"og:type\" content=\"article\" \/>\n<meta property=\"og:title\" content=\"Green Bodhi | Hazy Girl - HeadStash SeedBank\" \/>\n<meta property=\"og:description\" content=\"Breeder\/Brand Green Bodhi   Size 1049   Pack Size 5 Seeds   Genetics PGSC x Hazy Kush   Variety Hybrid   Flowering Type Photoperiod   Sex Feminised   Max. THC Content % 23%   CBD Content % No data   Max. Yield Outdoor gr\/plant 750 gr   Yield Indoor gr\/m2 High (450-600 gr\/m2)   Max. Plant Height cm 120 cm   Harvest Month Northern October   Taste\/Flavour Doughy, lemon\/lime, and hints of fuel   Effect Balanced cerebral and physical effects   Flowering Time 8 to 10 weeks\" \/>\n<meta property=\"og:url\" content=\"https:\/\/headstashseedbank.com\/es\/producto\/green-bodhi-hazy-girl\/\" \/>\n<meta property=\"og:site_name\" content=\"HeadStash SeedBank\" \/>\n<meta property=\"og:image\" content=\"https:\/\/headstashseedbank.com\/wp-content\/uploads\/2023\/07\/Page-1-879x1024.png\" \/>\n\t<meta property=\"og:image:width\" content=\"879\" \/>\n\t<meta property=\"og:image:height\" content=\"1024\" \/>\n\t<meta property=\"og:image:type\" content=\"image\/png\" \/>\n<meta name=\"twitter:card\" content=\"summary_large_image\" \/>\n<meta name=\"twitter:label1\" content=\"Tiempo de lectura\" \/>\n\t<meta name=\"twitter:data1\" content=\"2 minutos\" \/>\n<script type=\"application\/ld+json\" class=\"yoast-schema-graph\">{\"@context\":\"https:\/\/schema.org\",\"@graph\":[{\"@type\":\"WebPage\",\"@id\":\"https:\/\/headstashseedbank.com\/product\/green-bodhi-hazy-girl\/\",\"url\":\"https:\/\/headstashseedbank.com\/product\/green-bodhi-hazy-girl\/\",\"name\":\"Green Bodhi | Hazy Girl - HeadStash SeedBank\",\"isPartOf\":{\"@id\":\"https:\/\/headstashseedbank.com\/#website\"},\"primaryImageOfPage\":{\"@id\":\"https:\/\/headstashseedbank.com\/product\/green-bodhi-hazy-girl\/#primaryimage\"},\"image\":{\"@id\":\"https:\/\/headstashseedbank.com\/product\/green-bodhi-hazy-girl\/#primaryimage\"},\"thumbnailUrl\":\"https:\/\/headstashseedbank.com\/wp-content\/uploads\/2023\/07\/Page-1.png\",\"datePublished\":\"2023-07-18T12:59:11+00:00\",\"breadcrumb\":{\"@id\":\"https:\/\/headstashseedbank.com\/product\/green-bodhi-hazy-girl\/#breadcrumb\"},\"inLanguage\":\"es\",\"potentialAction\":[{\"@type\":\"ReadAction\",\"target\":[\"https:\/\/headstashseedbank.com\/product\/green-bodhi-hazy-girl\/\"]}]},{\"@type\":\"ImageObject\",\"inLanguage\":\"es\",\"@id\":\"https:\/\/headstashseedbank.com\/product\/green-bodhi-hazy-girl\/#primaryimage\",\"url\":\"https:\/\/headstashseedbank.com\/wp-content\/uploads\/2023\/07\/Page-1.png\",\"contentUrl\":\"https:\/\/headstashseedbank.com\/wp-content\/uploads\/2023\/07\/Page-1.png\",\"width\":2327,\"height\":2712},{\"@type\":\"BreadcrumbList\",\"@id\":\"https:\/\/headstashseedbank.com\/product\/green-bodhi-hazy-girl\/#breadcrumb\",\"itemListElement\":[{\"@type\":\"ListItem\",\"position\":1,\"name\":\"Home\",\"item\":\"https:\/\/headstashseedbank.com\/\"},{\"@type\":\"ListItem\",\"position\":2,\"name\":\"Shop\",\"item\":\"https:\/\/headstashseedbank.com\/shop\/\"},{\"@type\":\"ListItem\",\"position\":3,\"name\":\"Green Bodhi | Hazy Girl\"}]},{\"@type\":\"WebSite\",\"@id\":\"https:\/\/headstashseedbank.com\/#website\",\"url\":\"https:\/\/headstashseedbank.com\/\",\"name\":\"HeadStash BCN Seed Bank Page\",\"description\":\"\",\"publisher\":{\"@id\":\"https:\/\/headstashseedbank.com\/#organization\"},\"potentialAction\":[{\"@type\":\"SearchAction\",\"target\":{\"@type\":\"EntryPoint\",\"urlTemplate\":\"https:\/\/headstashseedbank.com\/?s={search_term_string}\"},\"query-input\":{\"@type\":\"PropertyValueSpecification\",\"valueRequired\":true,\"valueName\":\"search_term_string\"}}],\"inLanguage\":\"es\"},{\"@type\":\"Organization\",\"@id\":\"https:\/\/headstashseedbank.com\/#organization\",\"name\":\"HeadStash BCN\",\"url\":\"https:\/\/headstashseedbank.com\/\",\"logo\":{\"@type\":\"ImageObject\",\"inLanguage\":\"es\",\"@id\":\"https:\/\/headstashseedbank.com\/#\/schema\/logo\/image\/\",\"url\":\"https:\/\/headstashseedbank.com\/wp-content\/uploads\/2022\/09\/cropped-Head-Stash-SB-Logo.png\",\"contentUrl\":\"https:\/\/headstashseedbank.com\/wp-content\/uploads\/2022\/09\/cropped-Head-Stash-SB-Logo.png\",\"width\":512,\"height\":512,\"caption\":\"HeadStash BCN\"},\"image\":{\"@id\":\"https:\/\/headstashseedbank.com\/#\/schema\/logo\/image\/\"}}]}<\/script>\n<!-- \/ Yoast SEO plugin. -->","yoast_head_json":{"title":"Green Bodhi | Hazy Girl - HeadStash SeedBank","robots":{"index":"index","follow":"follow","max-snippet":"max-snippet:-1","max-image-preview":"max-image-preview:large","max-video-preview":"max-video-preview:-1"},"canonical":"https:\/\/headstashseedbank.com\/es\/producto\/green-bodhi-hazy-girl\/","og_locale":"es_ES","og_type":"article","og_title":"Green Bodhi | Hazy Girl - HeadStash SeedBank","og_description":"Breeder\/Brand Green Bodhi   Size 1049   Pack Size 5 Seeds   Genetics PGSC x Hazy Kush   Variety Hybrid   Flowering Type Photoperiod   Sex Feminised   Max. THC Content % 23%   CBD Content % No data   Max. Yield Outdoor gr\/plant 750 gr   Yield Indoor gr\/m2 High (450-600 gr\/m2)   Max. Plant Height cm 120 cm   Harvest Month Northern October   Taste\/Flavour Doughy, lemon\/lime, and hints of fuel   Effect Balanced cerebral and physical effects   Flowering Time 8 to 10 weeks","og_url":"https:\/\/headstashseedbank.com\/es\/producto\/green-bodhi-hazy-girl\/","og_site_name":"HeadStash SeedBank","og_image":[{"width":879,"height":1024,"url":"https:\/\/headstashseedbank.com\/wp-content\/uploads\/2023\/07\/Page-1-879x1024.png","type":"image\/png"}],"twitter_card":"summary_large_image","twitter_misc":{"Tiempo de lectura":"2 minutos"},"schema":{"@context":"https:\/\/schema.org","@graph":[{"@type":"WebPage","@id":"https:\/\/headstashseedbank.com\/product\/green-bodhi-hazy-girl\/","url":"https:\/\/headstashseedbank.com\/product\/green-bodhi-hazy-girl\/","name":"Green Bodhi | Hazy Girl - HeadStash SeedBank","isPartOf":{"@id":"https:\/\/headstashseedbank.com\/#website"},"primaryImageOfPage":{"@id":"https:\/\/headstashseedbank.com\/product\/green-bodhi-hazy-girl\/#primaryimage"},"image":{"@id":"https:\/\/headstashseedbank.com\/product\/green-bodhi-hazy-girl\/#primaryimage"},"thumbnailUrl":"https:\/\/headstashseedbank.com\/wp-content\/uploads\/2023\/07\/Page-1.png","datePublished":"2023-07-18T12:59:11+00:00","breadcrumb":{"@id":"https:\/\/headstashseedbank.com\/product\/green-bodhi-hazy-girl\/#breadcrumb"},"inLanguage":"es","potentialAction":[{"@type":"ReadAction","target":["https:\/\/headstashseedbank.com\/product\/green-bodhi-hazy-girl\/"]}]},{"@type":"ImageObject","inLanguage":"es","@id":"https:\/\/headstashseedbank.com\/product\/green-bodhi-hazy-girl\/#primaryimage","url":"https:\/\/headstashseedbank.com\/wp-content\/uploads\/2023\/07\/Page-1.png","contentUrl":"https:\/\/headstashseedbank.com\/wp-content\/uploads\/2023\/07\/Page-1.png","width":2327,"height":2712},{"@type":"BreadcrumbList","@id":"https:\/\/headstashseedbank.com\/product\/green-bodhi-hazy-girl\/#breadcrumb","itemListElement":[{"@type":"ListItem","position":1,"name":"Home","item":"https:\/\/headstashseedbank.com\/"},{"@type":"ListItem","position":2,"name":"Shop","item":"https:\/\/headstashseedbank.com\/shop\/"},{"@type":"ListItem","position":3,"name":"Green Bodhi | Hazy Girl"}]},{"@type":"WebSite","@id":"https:\/\/headstashseedbank.com\/#website","url":"https:\/\/headstashseedbank.com\/","name":"HeadStash BCN Seed Bank Page","description":"","publisher":{"@id":"https:\/\/headstashseedbank.com\/#organization"},"potentialAction":[{"@type":"SearchAction","target":{"@type":"EntryPoint","urlTemplate":"https:\/\/headstashseedbank.com\/?s={search_term_string}"},"query-input":{"@type":"PropertyValueSpecification","valueRequired":true,"valueName":"search_term_string"}}],"inLanguage":"es"},{"@type":"Organization","@id":"https:\/\/headstashseedbank.com\/#organization","name":"HeadStash BCN","url":"https:\/\/headstashseedbank.com\/","logo":{"@type":"ImageObject","inLanguage":"es","@id":"https:\/\/headstashseedbank.com\/#\/schema\/logo\/image\/","url":"https:\/\/headstashseedbank.com\/wp-content\/uploads\/2022\/09\/cropped-Head-Stash-SB-Logo.png","contentUrl":"https:\/\/headstashseedbank.com\/wp-content\/uploads\/2022\/09\/cropped-Head-Stash-SB-Logo.png","width":512,"height":512,"caption":"HeadStash BCN"},"image":{"@id":"https:\/\/headstashseedbank.com\/#\/schema\/logo\/image\/"}}]}},"brands":[{"id":76,"name":"Green Bodhi","slug":"green-bodhi"}],"_links":{"self":[{"href":"https:\/\/headstashseedbank.com\/es\/wp-json\/wp\/v2\/product\/942","targetHints":{"allow":["GET"]}}],"collection":[{"href":"https:\/\/headstashseedbank.com\/es\/wp-json\/wp\/v2\/product"}],"about":[{"href":"https:\/\/headstashseedbank.com\/es\/wp-json\/wp\/v2\/types\/product"}],"wp:featuredmedia":[{"embeddable":true,"href":"https:\/\/headstashseedbank.com\/es\/wp-json\/wp\/v2\/media\/940"}],"wp:attachment":[{"href":"https:\/\/headstashseedbank.com\/es\/wp-json\/wp\/v2\/media?parent=942"}],"wp:term":[{"taxonomy":"pwb-brand","embeddable":true,"href":"https:\/\/headstashseedbank.com\/es\/wp-json\/wp\/v2\/pwb-brand?post=942"},{"taxonomy":"product_brand","embeddable":true,"href":"https:\/\/headstashseedbank.com\/es\/wp-json\/wp\/v2\/product_brand?post=942"},{"taxonomy":"product_cat","embeddable":true,"href":"https:\/\/headstashseedbank.com\/es\/wp-json\/wp\/v2\/product_cat?post=942"},{"taxonomy":"product_tag","embeddable":true,"href":"https:\/\/headstashseedbank.com\/es\/wp-json\/wp\/v2\/product_tag?post=942"}],"curies":[{"name":"wp","href":"https:\/\/api.w.org\/{rel}","templated":true}]}}