{"id":944,"date":"2023-07-18T14:11:08","date_gmt":"2023-07-18T13:11:08","guid":{"rendered":"https:\/\/headstashseedbank.com\/?post_type=product&#038;p=944"},"modified":"2024-10-02T12:30:50","modified_gmt":"2024-10-02T11:30:50","slug":"green-bodhi-golden-haze","status":"publish","type":"product","link":"https:\/\/headstashseedbank.com\/es\/producto\/green-bodhi-golden-haze\/","title":{"rendered":"Green Bodhi | Golden Haze"},"content":{"rendered":"<p>Golden Haze Feminizada, criada por Green Bodhi, es una\u00a0<a class=\"\" title=\"Sativa\" href=\"https:\/\/www.seedsman.com\/eu-es\/semillas-de-cannabis\/variedad\/cepas-sativas\" target=\"_self\" rel=\"noopener\">sativa<\/a>-variedad de cannabis dominante que combina la gen\u00e9tica de Golden Pineapple y Hazy Kush. Esta variedad de fotoper\u00edodo est\u00e1 disponible en semillas feminizadas, lo que facilita a los cultivadores el cultivo de plantas hembra. Con su alta resistencia al moho y su nivel de cultivo para principiantes, Golden Haze Feminizada es una excelente elecci\u00f3n para cultivadores novatos.<\/p>\n<h4>Cultivo:<\/h4>\n<p>Golden Haze Feminizada se hace m\u00e1s eficiente con t\u00e9cnicas como SCRoG (Screen of Green), enrejado, y SoG (Sea of Green) cuando se cultiva\u00a0<a class=\"\" title=\"Adentro\" href=\"https:\/\/www.seedsman.com\/eu-es\/semillas-de-cannabis\/cultivo\/cultivo-en-interiores\" target=\"_self\" rel=\"noopener\">en el interior<\/a>. Las plantas muestran un patr\u00f3n de crecimiento vigoroso y desarrollan hojas estrechas para una morfolog\u00eda tan parecida a la de Kush. El per\u00edodo de floraci\u00f3n oscila entre 56 y 70 d\u00edas.\u00a0<a class=\"\" title=\"Adentro\" href=\"https:\/\/www.seedsman.com\/eu-es\/semillas-de-cannabis\/cultivo\/cultivo-en-interiores\" target=\"_self\" rel=\"noopener\">en el interior<\/a>\u00a0con rendimientos en interior que a menudo superan los 600 gr\/m2. En exterior, en el hemisferio norte, el momento \u00f3ptimo para la cosecha es alrededor de octubre. En exterior, cada planta puede rendir m\u00e1s de 750 gramos.<\/p>\n<h4>Sabores y aromas:<\/h4>\n<p>En cuanto a sabor y aroma, Golden Haze Feminizada ofrece una deliciosa combinaci\u00f3n de notas dulces y afrutadas, que recuerdan a la pi\u00f1a, con sutiles toques de gas y matices florales. Estas cualidades arom\u00e1ticas contribuyen a una experiencia de fumada agradable y placentera.<\/p>\n<h4>Efectos:<\/h4>\n<p>Con un contenido de THC de 25% o superior y un contenido m\u00ednimo de CBD (menos de 1%), esta variedad es la preferida de quienes buscan experiencias potentes y no se recomienda para consumidores novatos. Los efectos de Golden Haze Feminizada son particularmente adecuados para el uso diurno, ya que inducen sentimientos edificantes y promueven la concentraci\u00f3n. Esta cepa es conocida por su capacidad para mejorar el estado de \u00e1nimo y proporcionar un subid\u00f3n cerebral, por lo que es una opci\u00f3n popular entre aquellos que buscan una experiencia productiva y energizante. Golden Haze Feminizada tiene cogollos densos y compactos, con un aspecto visualmente atractivo. El excelente potencial de extracci\u00f3n de Golden Haze Feminizada abre excelentes posibilidades para crear diversos concentrados de cannabis.<\/p>\n<p>En t\u00e9rminos de usos terap\u00e9uticos, Golden Haze Feminizada puede ser beneficiosa para las personas que sufren de estr\u00e9s, depresi\u00f3n o fatiga, ya que puede proporcionar un efecto estimulante y vigorizante. Adem\u00e1s, sus propiedades potenciales para mejorar la concentraci\u00f3n pueden ayudar a aquellos que necesitan una mayor concentraci\u00f3n y claridad mental.<\/p>","protected":false},"excerpt":{"rendered":"<table id=\"product-attribute-specs-table\" class=\"data table additional-attributes\">\n<tbody>\n<tr>\n<th class=\"col label\" scope=\"row\">Criador \/ Marca<\/th>\n<td class=\"col data\" data-th=\"Breeder\/Brand\">Bodhi verde<\/td>\n<\/tr>\n<tr>\n<th class=\"col label\" scope=\"row\">Tama\u00f1o<\/th>\n<td class=\"col data\" data-th=\"Size\">1049<\/td>\n<\/tr>\n<tr>\n<th class=\"col label\" scope=\"row\">Tama\u00f1o del paquete<\/th>\n<td class=\"col data\" data-th=\"Pack Size\">5 Semillas<\/td>\n<\/tr>\n<tr>\n<th class=\"col label\" scope=\"row\">Gen\u00e9tica<\/th>\n<td class=\"col data\" data-th=\"Genetics\">Golden Pineapple x Hazy Kush<\/td>\n<\/tr>\n<tr>\n<th class=\"col label\" scope=\"row\">Variedad<\/th>\n<td class=\"col data\" data-th=\"Variety\">Sativa dominante<\/td>\n<\/tr>\n<tr>\n<th class=\"col label\" scope=\"row\">Tipo de floraci\u00f3n<\/th>\n<td class=\"col data\" data-th=\"Flowering Type\">Fotoperiodo<\/td>\n<\/tr>\n<tr>\n<th class=\"col label\" scope=\"row\">Sexo<\/th>\n<td class=\"col data\" data-th=\"Sex\">Feminizada<\/td>\n<\/tr>\n<tr>\n<th class=\"col label\" scope=\"row\">Max. Contenido de THC %.<\/th>\n<td class=\"col data\" data-th=\"Max. THC Content %\">25%+<\/td>\n<\/tr>\n<tr>\n<th class=\"col label\" scope=\"row\">Contenido de CBD %<\/th>\n<td class=\"col data\" data-th=\"CBD Content %\">Bajo (0-1%)<\/td>\n<\/tr>\n<tr>\n<th class=\"col label\" scope=\"row\">Rendimiento interior gr\/m2<\/th>\n<td class=\"col data\" data-th=\"Yield Indoor gr\/m2\">Muy alto (&gt;600 gr\/m2)<\/td>\n<\/tr>\n<tr>\n<th class=\"col label\" scope=\"row\">Max. altura de la planta cm<\/th>\n<td class=\"col data\" data-th=\"Max. Plant Height cm\">120 cm<\/td>\n<\/tr>\n<tr>\n<th class=\"col label\" scope=\"row\">Tiempo de floraci\u00f3n<\/th>\n<td class=\"col data\" data-th=\"Flowering Time\">8 a 10 semanas<\/td>\n<\/tr>\n<tr>\n<th class=\"col label\" scope=\"row\">Mes de cosecha Norte<\/th>\n<td class=\"col data\" data-th=\"Harvest Month Northern\">Octubre<\/td>\n<\/tr>\n<tr>\n<th class=\"col label\" scope=\"row\">Sabor\/Sabor<\/th>\n<td class=\"col data\" data-th=\"Taste\/Flavour\">Dulce, afrutado (pi\u00f1a), combustible, floral<\/td>\n<\/tr>\n<tr>\n<th class=\"col label\" scope=\"row\">Efecto<\/th>\n<td class=\"col data\" data-th=\"Effect\">Estimulante, claridad, concentraci\u00f3n<\/td>\n<\/tr>\n<\/tbody>\n<\/table>","protected":false},"featured_media":940,"template":"","meta":[],"pwb-brand":[76],"product_brand":[],"product_cat":[20,23],"product_tag":[52,81,77],"class_list":{"0":"post-944","1":"product","2":"type-product","3":"status-publish","4":"has-post-thumbnail","6":"pwb-brand-green-bodhi","7":"product_cat-seeds","8":"product_cat-feminized","9":"product_tag-feminized-seeds","10":"product_tag-golden-haze","11":"product_tag-green-bodhi","13":"entry","14":"has-media","16":"first","17":"instock","18":"taxable","19":"shipping-taxable","20":"purchasable","21":"product-type-simple","22":"has-product-nav","23":"col","24":"span_1_of_3","25":"owp-content-center","26":"owp-thumbs-layout-horizontal","27":"owp-btn-normal","28":"owp-tabs-layout-horizontal","29":"has-no-thumbnails"},"yoast_head":"<!-- This site is optimized with the Yoast SEO plugin v26.1 - https:\/\/yoast.com\/wordpress\/plugins\/seo\/ -->\n<title>Green Bodhi | Golden Haze - HeadStash SeedBank<\/title>\n<meta name=\"robots\" content=\"index, follow, max-snippet:-1, max-image-preview:large, max-video-preview:-1\" \/>\n<link rel=\"canonical\" href=\"https:\/\/headstashseedbank.com\/es\/producto\/green-bodhi-golden-haze\/\" \/>\n<meta property=\"og:locale\" content=\"es_ES\" \/>\n<meta property=\"og:type\" content=\"article\" \/>\n<meta property=\"og:title\" content=\"Green Bodhi | Golden Haze - HeadStash SeedBank\" \/>\n<meta property=\"og:description\" content=\"Breeder \/ Marca Green Bodhi   Tama\u00f1o 1049   Tama\u00f1o del paquete 5 Semillas   Gen\u00e9tica Golden Pineapple x Hazy Kush   Variedad Sativa Dominante   Tipo de floraci\u00f3n Fotoperiodo   Sexo Feminizada   Max. Contenido de THC %. 25%+   Contenido de CBD % Bajo (0-1%)   Rendimiento interior gr\/m2 Muy alto (&gt;600 gr\/m2)   Max. altura de la planta cm 120 cm   Tiempo de floraci\u00f3n 8 a 10 semanas   Mes de cosecha Norte Octubre   Sabor\/Sabor Sweet, fruity (pineapple), fuel, floral   Efecto Uplifting, clarity, focus\" \/>\n<meta property=\"og:url\" content=\"https:\/\/headstashseedbank.com\/es\/producto\/green-bodhi-golden-haze\/\" \/>\n<meta property=\"og:site_name\" content=\"HeadStash SeedBank\" \/>\n<meta property=\"article:modified_time\" content=\"2024-10-02T11:30:50+00:00\" \/>\n<meta property=\"og:image\" content=\"https:\/\/headstashseedbank.com\/wp-content\/uploads\/2023\/07\/Page-1-879x1024.png\" \/>\n\t<meta property=\"og:image:width\" content=\"879\" \/>\n\t<meta property=\"og:image:height\" content=\"1024\" \/>\n\t<meta property=\"og:image:type\" content=\"image\/png\" \/>\n<meta name=\"twitter:card\" content=\"summary_large_image\" \/>\n<meta name=\"twitter:label1\" content=\"Tiempo de lectura\" \/>\n\t<meta name=\"twitter:data1\" content=\"2 minutos\" \/>\n<script type=\"application\/ld+json\" class=\"yoast-schema-graph\">{\"@context\":\"https:\/\/schema.org\",\"@graph\":[{\"@type\":\"WebPage\",\"@id\":\"https:\/\/headstashseedbank.com\/product\/green-bodhi-golden-haze\/\",\"url\":\"https:\/\/headstashseedbank.com\/product\/green-bodhi-golden-haze\/\",\"name\":\"Green Bodhi | Golden Haze - HeadStash SeedBank\",\"isPartOf\":{\"@id\":\"https:\/\/headstashseedbank.com\/#website\"},\"primaryImageOfPage\":{\"@id\":\"https:\/\/headstashseedbank.com\/product\/green-bodhi-golden-haze\/#primaryimage\"},\"image\":{\"@id\":\"https:\/\/headstashseedbank.com\/product\/green-bodhi-golden-haze\/#primaryimage\"},\"thumbnailUrl\":\"https:\/\/headstashseedbank.com\/wp-content\/uploads\/2023\/07\/Page-1.png\",\"datePublished\":\"2023-07-18T13:11:08+00:00\",\"dateModified\":\"2024-10-02T11:30:50+00:00\",\"breadcrumb\":{\"@id\":\"https:\/\/headstashseedbank.com\/product\/green-bodhi-golden-haze\/#breadcrumb\"},\"inLanguage\":\"es\",\"potentialAction\":[{\"@type\":\"ReadAction\",\"target\":[\"https:\/\/headstashseedbank.com\/product\/green-bodhi-golden-haze\/\"]}]},{\"@type\":\"ImageObject\",\"inLanguage\":\"es\",\"@id\":\"https:\/\/headstashseedbank.com\/product\/green-bodhi-golden-haze\/#primaryimage\",\"url\":\"https:\/\/headstashseedbank.com\/wp-content\/uploads\/2023\/07\/Page-1.png\",\"contentUrl\":\"https:\/\/headstashseedbank.com\/wp-content\/uploads\/2023\/07\/Page-1.png\",\"width\":2327,\"height\":2712},{\"@type\":\"BreadcrumbList\",\"@id\":\"https:\/\/headstashseedbank.com\/product\/green-bodhi-golden-haze\/#breadcrumb\",\"itemListElement\":[{\"@type\":\"ListItem\",\"position\":1,\"name\":\"Home\",\"item\":\"https:\/\/headstashseedbank.com\/\"},{\"@type\":\"ListItem\",\"position\":2,\"name\":\"Shop\",\"item\":\"https:\/\/headstashseedbank.com\/shop\/\"},{\"@type\":\"ListItem\",\"position\":3,\"name\":\"Green Bodhi | Golden Haze\"}]},{\"@type\":\"WebSite\",\"@id\":\"https:\/\/headstashseedbank.com\/#website\",\"url\":\"https:\/\/headstashseedbank.com\/\",\"name\":\"HeadStash BCN Seed Bank Page\",\"description\":\"\",\"publisher\":{\"@id\":\"https:\/\/headstashseedbank.com\/#organization\"},\"potentialAction\":[{\"@type\":\"SearchAction\",\"target\":{\"@type\":\"EntryPoint\",\"urlTemplate\":\"https:\/\/headstashseedbank.com\/?s={search_term_string}\"},\"query-input\":{\"@type\":\"PropertyValueSpecification\",\"valueRequired\":true,\"valueName\":\"search_term_string\"}}],\"inLanguage\":\"es\"},{\"@type\":\"Organization\",\"@id\":\"https:\/\/headstashseedbank.com\/#organization\",\"name\":\"HeadStash BCN\",\"url\":\"https:\/\/headstashseedbank.com\/\",\"logo\":{\"@type\":\"ImageObject\",\"inLanguage\":\"es\",\"@id\":\"https:\/\/headstashseedbank.com\/#\/schema\/logo\/image\/\",\"url\":\"https:\/\/headstashseedbank.com\/wp-content\/uploads\/2022\/09\/cropped-Head-Stash-SB-Logo.png\",\"contentUrl\":\"https:\/\/headstashseedbank.com\/wp-content\/uploads\/2022\/09\/cropped-Head-Stash-SB-Logo.png\",\"width\":512,\"height\":512,\"caption\":\"HeadStash BCN\"},\"image\":{\"@id\":\"https:\/\/headstashseedbank.com\/#\/schema\/logo\/image\/\"}}]}<\/script>\n<!-- \/ Yoast SEO plugin. -->","yoast_head_json":{"title":"Green Bodhi | Golden Haze - HeadStash SeedBank","robots":{"index":"index","follow":"follow","max-snippet":"max-snippet:-1","max-image-preview":"max-image-preview:large","max-video-preview":"max-video-preview:-1"},"canonical":"https:\/\/headstashseedbank.com\/es\/producto\/green-bodhi-golden-haze\/","og_locale":"es_ES","og_type":"article","og_title":"Green Bodhi | Golden Haze - HeadStash SeedBank","og_description":"Breeder \/ Marca Green Bodhi   Tama\u00f1o 1049   Tama\u00f1o del paquete 5 Semillas   Gen\u00e9tica Golden Pineapple x Hazy Kush   Variedad Sativa Dominante   Tipo de floraci\u00f3n Fotoperiodo   Sexo Feminizada   Max. Contenido de THC %. 25%+   Contenido de CBD % Bajo (0-1%)   Rendimiento interior gr\/m2 Muy alto (&gt;600 gr\/m2)   Max. altura de la planta cm 120 cm   Tiempo de floraci\u00f3n 8 a 10 semanas   Mes de cosecha Norte Octubre   Sabor\/Sabor Sweet, fruity (pineapple), fuel, floral   Efecto Uplifting, clarity, focus","og_url":"https:\/\/headstashseedbank.com\/es\/producto\/green-bodhi-golden-haze\/","og_site_name":"HeadStash SeedBank","article_modified_time":"2024-10-02T11:30:50+00:00","og_image":[{"width":879,"height":1024,"url":"https:\/\/headstashseedbank.com\/wp-content\/uploads\/2023\/07\/Page-1-879x1024.png","type":"image\/png"}],"twitter_card":"summary_large_image","twitter_misc":{"Tiempo de lectura":"2 minutos"},"schema":{"@context":"https:\/\/schema.org","@graph":[{"@type":"WebPage","@id":"https:\/\/headstashseedbank.com\/product\/green-bodhi-golden-haze\/","url":"https:\/\/headstashseedbank.com\/product\/green-bodhi-golden-haze\/","name":"Green Bodhi | Golden Haze - HeadStash SeedBank","isPartOf":{"@id":"https:\/\/headstashseedbank.com\/#website"},"primaryImageOfPage":{"@id":"https:\/\/headstashseedbank.com\/product\/green-bodhi-golden-haze\/#primaryimage"},"image":{"@id":"https:\/\/headstashseedbank.com\/product\/green-bodhi-golden-haze\/#primaryimage"},"thumbnailUrl":"https:\/\/headstashseedbank.com\/wp-content\/uploads\/2023\/07\/Page-1.png","datePublished":"2023-07-18T13:11:08+00:00","dateModified":"2024-10-02T11:30:50+00:00","breadcrumb":{"@id":"https:\/\/headstashseedbank.com\/product\/green-bodhi-golden-haze\/#breadcrumb"},"inLanguage":"es","potentialAction":[{"@type":"ReadAction","target":["https:\/\/headstashseedbank.com\/product\/green-bodhi-golden-haze\/"]}]},{"@type":"ImageObject","inLanguage":"es","@id":"https:\/\/headstashseedbank.com\/product\/green-bodhi-golden-haze\/#primaryimage","url":"https:\/\/headstashseedbank.com\/wp-content\/uploads\/2023\/07\/Page-1.png","contentUrl":"https:\/\/headstashseedbank.com\/wp-content\/uploads\/2023\/07\/Page-1.png","width":2327,"height":2712},{"@type":"BreadcrumbList","@id":"https:\/\/headstashseedbank.com\/product\/green-bodhi-golden-haze\/#breadcrumb","itemListElement":[{"@type":"ListItem","position":1,"name":"Home","item":"https:\/\/headstashseedbank.com\/"},{"@type":"ListItem","position":2,"name":"Shop","item":"https:\/\/headstashseedbank.com\/shop\/"},{"@type":"ListItem","position":3,"name":"Green Bodhi | Golden Haze"}]},{"@type":"WebSite","@id":"https:\/\/headstashseedbank.com\/#website","url":"https:\/\/headstashseedbank.com\/","name":"HeadStash BCN Seed Bank Page","description":"","publisher":{"@id":"https:\/\/headstashseedbank.com\/#organization"},"potentialAction":[{"@type":"SearchAction","target":{"@type":"EntryPoint","urlTemplate":"https:\/\/headstashseedbank.com\/?s={search_term_string}"},"query-input":{"@type":"PropertyValueSpecification","valueRequired":true,"valueName":"search_term_string"}}],"inLanguage":"es"},{"@type":"Organization","@id":"https:\/\/headstashseedbank.com\/#organization","name":"HeadStash BCN","url":"https:\/\/headstashseedbank.com\/","logo":{"@type":"ImageObject","inLanguage":"es","@id":"https:\/\/headstashseedbank.com\/#\/schema\/logo\/image\/","url":"https:\/\/headstashseedbank.com\/wp-content\/uploads\/2022\/09\/cropped-Head-Stash-SB-Logo.png","contentUrl":"https:\/\/headstashseedbank.com\/wp-content\/uploads\/2022\/09\/cropped-Head-Stash-SB-Logo.png","width":512,"height":512,"caption":"HeadStash BCN"},"image":{"@id":"https:\/\/headstashseedbank.com\/#\/schema\/logo\/image\/"}}]}},"brands":[{"id":76,"name":"Green Bodhi","slug":"green-bodhi"}],"_links":{"self":[{"href":"https:\/\/headstashseedbank.com\/es\/wp-json\/wp\/v2\/product\/944","targetHints":{"allow":["GET"]}}],"collection":[{"href":"https:\/\/headstashseedbank.com\/es\/wp-json\/wp\/v2\/product"}],"about":[{"href":"https:\/\/headstashseedbank.com\/es\/wp-json\/wp\/v2\/types\/product"}],"wp:featuredmedia":[{"embeddable":true,"href":"https:\/\/headstashseedbank.com\/es\/wp-json\/wp\/v2\/media\/940"}],"wp:attachment":[{"href":"https:\/\/headstashseedbank.com\/es\/wp-json\/wp\/v2\/media?parent=944"}],"wp:term":[{"taxonomy":"pwb-brand","embeddable":true,"href":"https:\/\/headstashseedbank.com\/es\/wp-json\/wp\/v2\/pwb-brand?post=944"},{"taxonomy":"product_brand","embeddable":true,"href":"https:\/\/headstashseedbank.com\/es\/wp-json\/wp\/v2\/product_brand?post=944"},{"taxonomy":"product_cat","embeddable":true,"href":"https:\/\/headstashseedbank.com\/es\/wp-json\/wp\/v2\/product_cat?post=944"},{"taxonomy":"product_tag","embeddable":true,"href":"https:\/\/headstashseedbank.com\/es\/wp-json\/wp\/v2\/product_tag?post=944"}],"curies":[{"name":"wp","href":"https:\/\/api.w.org\/{rel}","templated":true}]}}