{"id":945,"date":"2023-07-18T14:19:13","date_gmt":"2023-07-18T13:19:13","guid":{"rendered":"https:\/\/headstashseedbank.com\/?post_type=product&#038;p=945"},"modified":"2023-11-02T19:44:29","modified_gmt":"2023-11-02T18:44:29","slug":"green-bodhi-golden-haze-2","status":"publish","type":"product","link":"https:\/\/headstashseedbank.com\/es\/producto\/green-bodhi-golden-haze-2\/","title":{"rendered":"Bodhi verde | Sail Haten"},"content":{"rendered":"<p>Vela Haten\u00a0<a title=\"Feminizada\" href=\"https:\/\/www.seedsman.com\/eu-en\/cannabis-seeds\/flowering-type\/feminised-cannabis-seeds\" target=\"_self\" rel=\"noopener\">Feminizada<\/a>\u00a0es un excepcional\u00a0<a title=\"Sativa\" href=\"https:\/\/www.seedsman.com\/eu-en\/cannabis-seeds\/variety\/sativa-strains\" target=\"_self\" rel=\"noopener\">sativa<\/a>-Sail Haten es una variedad de cannabis dominante creada por Green Bodhi, un criador de renombre. Sail Haten es una variedad f\u00e1cil de cultivar, lo que la convierte en una elecci\u00f3n adecuada para cultivadores de todos los niveles. Sail Haten muestra una alta resistencia al moho, lo que la hace fiable tanto para el cultivo en interior como en exterior.<\/p>\n<h4>Cultivo:<\/h4>\n<p>Sail Haten es una planta vigorosa con ramificaci\u00f3n bilateral y bellos tonos p\u00farpura en todas sus colas. La planta tiene un estiramiento medio y una baja proporci\u00f3n hoja\/flor. Responde bien a las t\u00e9cnicas de enjaulado o espaldera y puede cultivarse con o sin topping. El m\u00e9todo Screen of Green (SCRoG) tambi\u00e9n es perfecto con esta variedad. Los cultivadores de interior pueden esperar rendimientos de aproximadamente 450 a 600 gramos por metro cuadrado, mientras que los cultivadores de exterior pueden lograr impresionantes cosechas de 750 gramos o m\u00e1s por planta. El tiempo de floraci\u00f3n\u00a0<a title=\"En interiores\" href=\"https:\/\/www.seedsman.com\/eu-en\/cannabis-seeds\/cultivation\/grows-indoors\" target=\"_self\" rel=\"noopener\">en el interior<\/a>\u00a0oscila entre 56 y 70 d\u00edas, y las cosechas al aire libre suelen tener lugar en octubre en el hemisferio norte.<\/p>\n<h4>Sabores y aromas:<\/h4>\n<p>Al consumirla, esta cepa ofrece un distintivo\u00a0<a title=\"Haze\" href=\"https:\/\/www.seedsman.com\/eu-en\/cannabis-seeds\/strain-type\/haze\" target=\"_self\" rel=\"noopener\">Haze<\/a>\u00a0acompa\u00f1ado de toques de naranja \u00e1cida. Su perfil de sabor es una deliciosa mezcla de notas c\u00edtricas y especiadas, con un sutil toque de jazm\u00edn.<\/p>\n<h4>Efectos:<\/h4>\n<p>Los efectos de Sail Haten proporcionan una experiencia redonda y agradable. Con niveles de THC que oscilan entre 16 y 24% y un contenido m\u00ednimo de CBD, ofrece un subid\u00f3n equilibrado. Esta cepa promueve la estimulaci\u00f3n energ\u00e9tica y la lucidez, por lo que es ideal para el uso diurno. Los usuarios pueden experimentar un aumento de la claridad mental, la concentraci\u00f3n y la creatividad sin experimentar paranoia ni ansiedad. Adem\u00e1s, Sail Haten induce una relajaci\u00f3n calmante en todo el cuerpo que ayuda a aliviar el estr\u00e9s y la tensi\u00f3n. Tambi\u00e9n ofrece beneficios terap\u00e9uticos potenciales para dolores y molestias menores, al tiempo que mejora el estado de \u00e1nimo y el bienestar general.<\/p>","protected":false},"excerpt":{"rendered":"<table id=\"product-attribute-specs-table\" class=\"data table additional-attributes\">\n<tbody>\n<tr>\n<th class=\"col label\" scope=\"row\">Criador\/Marca<\/th>\n<td class=\"col data\" data-th=\"Breeder\/Brand\">Bodhi verde<\/td>\n<\/tr>\n<tr>\n<th class=\"col label\" scope=\"row\">Talla<\/th>\n<td class=\"col data\" data-th=\"Size\">1049<\/td>\n<\/tr>\n<tr>\n<th class=\"col label\" scope=\"row\">Tama\u00f1o del envase<\/th>\n<td class=\"col data\" data-th=\"Pack Size\">5 Semillas<\/td>\n<\/tr>\n<tr>\n<th class=\"col label\" scope=\"row\">Gen\u00e9tica<\/th>\n<td class=\"col data\" data-th=\"Genetics\">Putang x Hazy Kush<\/td>\n<\/tr>\n<tr>\n<th class=\"col label\" scope=\"row\">Variedad<\/th>\n<td class=\"col data\" data-th=\"Variety\">Sativa dominante<\/td>\n<\/tr>\n<tr>\n<th class=\"col label\" scope=\"row\">Tipo de floraci\u00f3n<\/th>\n<td class=\"col data\" data-th=\"Flowering Type\">Fotoperiodo<\/td>\n<\/tr>\n<tr>\n<th class=\"col label\" scope=\"row\">Sexo<\/th>\n<td class=\"col data\" data-th=\"Sex\">Feminizada<\/td>\n<\/tr>\n<tr>\n<th class=\"col label\" scope=\"row\">Max. Contenido de THC %<\/th>\n<td class=\"col data\" data-th=\"Max. THC Content %\">16 &#8211; 24%<\/td>\n<\/tr>\n<tr>\n<th class=\"col label\" scope=\"row\">Contenido CBD %<\/th>\n<td class=\"col data\" data-th=\"CBD Content %\">Sin datos<\/td>\n<\/tr>\n<tr>\n<th class=\"col label\" scope=\"row\">Rendimiento Interior gr\/m2<\/th>\n<td class=\"col data\" data-th=\"Yield Indoor gr\/m2\">Alta (450-600 gr\/m2)<\/td>\n<\/tr>\n<tr>\n<th class=\"col label\" scope=\"row\">Max. Altura de la planta cm<\/th>\n<td class=\"col data\" data-th=\"Max. Plant Height cm\">150 cm<\/td>\n<\/tr>\n<tr>\n<th class=\"col label\" scope=\"row\">\u00c9poca de floraci\u00f3n<\/th>\n<td class=\"col data\" data-th=\"Flowering Time\">De 8 a 10 semanas<\/td>\n<\/tr>\n<tr>\n<th class=\"col label\" scope=\"row\">Mes de la cosecha del Norte<\/th>\n<td class=\"col data\" data-th=\"Harvest Month Northern\">Octubre<\/td>\n<\/tr>\n<tr>\n<th class=\"col label\" scope=\"row\">Sabor<\/th>\n<td class=\"col data\" data-th=\"Taste\/Flavour\">Haze, naranja<\/td>\n<\/tr>\n<tr>\n<th class=\"col label\" scope=\"row\">Efecto<\/th>\n<td class=\"col data\" data-th=\"Effect\">Equilibrado, energ\u00e9tico, relajante, sin paranoia<\/td>\n<\/tr>\n<\/tbody>\n<\/table>","protected":false},"featured_media":940,"template":"","meta":[],"pwb-brand":[76],"product_brand":[],"product_cat":[20,23],"product_tag":[52,77,82],"class_list":{"0":"post-945","1":"product","2":"type-product","3":"status-publish","4":"has-post-thumbnail","6":"pwb-brand-green-bodhi","7":"product_cat-seeds","8":"product_cat-feminized","9":"product_tag-feminized-seeds","10":"product_tag-green-bodhi","11":"product_tag-sail-haten","13":"entry","14":"has-media","16":"first","17":"instock","18":"taxable","19":"shipping-taxable","20":"purchasable","21":"product-type-simple","22":"has-product-nav","23":"col","24":"span_1_of_3","25":"owp-content-center","26":"owp-thumbs-layout-horizontal","27":"owp-btn-normal","28":"owp-tabs-layout-horizontal","29":"has-no-thumbnails"},"yoast_head":"<!-- This site is optimized with the Yoast SEO plugin v26.1 - https:\/\/yoast.com\/wordpress\/plugins\/seo\/ -->\n<title>Green Bodhi | Sail Haten - HeadStash SeedBank<\/title>\n<meta name=\"robots\" content=\"index, follow, max-snippet:-1, max-image-preview:large, max-video-preview:-1\" \/>\n<link rel=\"canonical\" href=\"https:\/\/headstashseedbank.com\/es\/producto\/green-bodhi-golden-haze-2\/\" \/>\n<meta property=\"og:locale\" content=\"es_ES\" \/>\n<meta property=\"og:type\" content=\"article\" \/>\n<meta property=\"og:title\" content=\"Green Bodhi | Sail Haten - HeadStash SeedBank\" \/>\n<meta property=\"og:description\" content=\"Breeder\/Brand Green Bodhi   Size 1049   Pack Size 5 Seeds   Genetics Putang x Hazy Kush   Variety Sativa Dominant   Flowering Type Photoperiod   Sex Feminised   Max. THC Content % 16 - 24%   CBD Content % No data   Yield Indoor gr\/m2 High (450-600 gr\/m2)   Max. Plant Height cm 150 cm   Flowering Time 8 to 10 weeks   Harvest Month Northern October   Taste\/Flavour Haze, orange   Effect Balanced, energy, relaxing, paranoia-free\" \/>\n<meta property=\"og:url\" content=\"https:\/\/headstashseedbank.com\/es\/producto\/green-bodhi-golden-haze-2\/\" \/>\n<meta property=\"og:site_name\" content=\"HeadStash SeedBank\" \/>\n<meta property=\"article:modified_time\" content=\"2023-11-02T18:44:29+00:00\" \/>\n<meta property=\"og:image\" content=\"https:\/\/headstashseedbank.com\/wp-content\/uploads\/2023\/07\/Page-1-879x1024.png\" \/>\n\t<meta property=\"og:image:width\" content=\"879\" \/>\n\t<meta property=\"og:image:height\" content=\"1024\" \/>\n\t<meta property=\"og:image:type\" content=\"image\/png\" \/>\n<meta name=\"twitter:card\" content=\"summary_large_image\" \/>\n<meta name=\"twitter:label1\" content=\"Tiempo de lectura\" \/>\n\t<meta name=\"twitter:data1\" content=\"1 minuto\" \/>\n<script type=\"application\/ld+json\" class=\"yoast-schema-graph\">{\"@context\":\"https:\/\/schema.org\",\"@graph\":[{\"@type\":\"WebPage\",\"@id\":\"https:\/\/headstashseedbank.com\/product\/green-bodhi-golden-haze-2\/\",\"url\":\"https:\/\/headstashseedbank.com\/product\/green-bodhi-golden-haze-2\/\",\"name\":\"Green Bodhi | Sail Haten - HeadStash SeedBank\",\"isPartOf\":{\"@id\":\"https:\/\/headstashseedbank.com\/#website\"},\"primaryImageOfPage\":{\"@id\":\"https:\/\/headstashseedbank.com\/product\/green-bodhi-golden-haze-2\/#primaryimage\"},\"image\":{\"@id\":\"https:\/\/headstashseedbank.com\/product\/green-bodhi-golden-haze-2\/#primaryimage\"},\"thumbnailUrl\":\"https:\/\/headstashseedbank.com\/wp-content\/uploads\/2023\/07\/Page-1.png\",\"datePublished\":\"2023-07-18T13:19:13+00:00\",\"dateModified\":\"2023-11-02T18:44:29+00:00\",\"breadcrumb\":{\"@id\":\"https:\/\/headstashseedbank.com\/product\/green-bodhi-golden-haze-2\/#breadcrumb\"},\"inLanguage\":\"es\",\"potentialAction\":[{\"@type\":\"ReadAction\",\"target\":[\"https:\/\/headstashseedbank.com\/product\/green-bodhi-golden-haze-2\/\"]}]},{\"@type\":\"ImageObject\",\"inLanguage\":\"es\",\"@id\":\"https:\/\/headstashseedbank.com\/product\/green-bodhi-golden-haze-2\/#primaryimage\",\"url\":\"https:\/\/headstashseedbank.com\/wp-content\/uploads\/2023\/07\/Page-1.png\",\"contentUrl\":\"https:\/\/headstashseedbank.com\/wp-content\/uploads\/2023\/07\/Page-1.png\",\"width\":2327,\"height\":2712},{\"@type\":\"BreadcrumbList\",\"@id\":\"https:\/\/headstashseedbank.com\/product\/green-bodhi-golden-haze-2\/#breadcrumb\",\"itemListElement\":[{\"@type\":\"ListItem\",\"position\":1,\"name\":\"Home\",\"item\":\"https:\/\/headstashseedbank.com\/\"},{\"@type\":\"ListItem\",\"position\":2,\"name\":\"Shop\",\"item\":\"https:\/\/headstashseedbank.com\/shop\/\"},{\"@type\":\"ListItem\",\"position\":3,\"name\":\"Green Bodhi | Sail Haten\"}]},{\"@type\":\"WebSite\",\"@id\":\"https:\/\/headstashseedbank.com\/#website\",\"url\":\"https:\/\/headstashseedbank.com\/\",\"name\":\"HeadStash BCN Seed Bank Page\",\"description\":\"\",\"publisher\":{\"@id\":\"https:\/\/headstashseedbank.com\/#organization\"},\"potentialAction\":[{\"@type\":\"SearchAction\",\"target\":{\"@type\":\"EntryPoint\",\"urlTemplate\":\"https:\/\/headstashseedbank.com\/?s={search_term_string}\"},\"query-input\":{\"@type\":\"PropertyValueSpecification\",\"valueRequired\":true,\"valueName\":\"search_term_string\"}}],\"inLanguage\":\"es\"},{\"@type\":\"Organization\",\"@id\":\"https:\/\/headstashseedbank.com\/#organization\",\"name\":\"HeadStash BCN\",\"url\":\"https:\/\/headstashseedbank.com\/\",\"logo\":{\"@type\":\"ImageObject\",\"inLanguage\":\"es\",\"@id\":\"https:\/\/headstashseedbank.com\/#\/schema\/logo\/image\/\",\"url\":\"https:\/\/headstashseedbank.com\/wp-content\/uploads\/2022\/09\/cropped-Head-Stash-SB-Logo.png\",\"contentUrl\":\"https:\/\/headstashseedbank.com\/wp-content\/uploads\/2022\/09\/cropped-Head-Stash-SB-Logo.png\",\"width\":512,\"height\":512,\"caption\":\"HeadStash BCN\"},\"image\":{\"@id\":\"https:\/\/headstashseedbank.com\/#\/schema\/logo\/image\/\"}}]}<\/script>\n<!-- \/ Yoast SEO plugin. -->","yoast_head_json":{"title":"Green Bodhi | Sail Haten - HeadStash SeedBank","robots":{"index":"index","follow":"follow","max-snippet":"max-snippet:-1","max-image-preview":"max-image-preview:large","max-video-preview":"max-video-preview:-1"},"canonical":"https:\/\/headstashseedbank.com\/es\/producto\/green-bodhi-golden-haze-2\/","og_locale":"es_ES","og_type":"article","og_title":"Green Bodhi | Sail Haten - HeadStash SeedBank","og_description":"Breeder\/Brand Green Bodhi   Size 1049   Pack Size 5 Seeds   Genetics Putang x Hazy Kush   Variety Sativa Dominant   Flowering Type Photoperiod   Sex Feminised   Max. THC Content % 16 - 24%   CBD Content % No data   Yield Indoor gr\/m2 High (450-600 gr\/m2)   Max. Plant Height cm 150 cm   Flowering Time 8 to 10 weeks   Harvest Month Northern October   Taste\/Flavour Haze, orange   Effect Balanced, energy, relaxing, paranoia-free","og_url":"https:\/\/headstashseedbank.com\/es\/producto\/green-bodhi-golden-haze-2\/","og_site_name":"HeadStash SeedBank","article_modified_time":"2023-11-02T18:44:29+00:00","og_image":[{"width":879,"height":1024,"url":"https:\/\/headstashseedbank.com\/wp-content\/uploads\/2023\/07\/Page-1-879x1024.png","type":"image\/png"}],"twitter_card":"summary_large_image","twitter_misc":{"Tiempo de lectura":"1 minuto"},"schema":{"@context":"https:\/\/schema.org","@graph":[{"@type":"WebPage","@id":"https:\/\/headstashseedbank.com\/product\/green-bodhi-golden-haze-2\/","url":"https:\/\/headstashseedbank.com\/product\/green-bodhi-golden-haze-2\/","name":"Green Bodhi | Sail Haten - HeadStash SeedBank","isPartOf":{"@id":"https:\/\/headstashseedbank.com\/#website"},"primaryImageOfPage":{"@id":"https:\/\/headstashseedbank.com\/product\/green-bodhi-golden-haze-2\/#primaryimage"},"image":{"@id":"https:\/\/headstashseedbank.com\/product\/green-bodhi-golden-haze-2\/#primaryimage"},"thumbnailUrl":"https:\/\/headstashseedbank.com\/wp-content\/uploads\/2023\/07\/Page-1.png","datePublished":"2023-07-18T13:19:13+00:00","dateModified":"2023-11-02T18:44:29+00:00","breadcrumb":{"@id":"https:\/\/headstashseedbank.com\/product\/green-bodhi-golden-haze-2\/#breadcrumb"},"inLanguage":"es","potentialAction":[{"@type":"ReadAction","target":["https:\/\/headstashseedbank.com\/product\/green-bodhi-golden-haze-2\/"]}]},{"@type":"ImageObject","inLanguage":"es","@id":"https:\/\/headstashseedbank.com\/product\/green-bodhi-golden-haze-2\/#primaryimage","url":"https:\/\/headstashseedbank.com\/wp-content\/uploads\/2023\/07\/Page-1.png","contentUrl":"https:\/\/headstashseedbank.com\/wp-content\/uploads\/2023\/07\/Page-1.png","width":2327,"height":2712},{"@type":"BreadcrumbList","@id":"https:\/\/headstashseedbank.com\/product\/green-bodhi-golden-haze-2\/#breadcrumb","itemListElement":[{"@type":"ListItem","position":1,"name":"Home","item":"https:\/\/headstashseedbank.com\/"},{"@type":"ListItem","position":2,"name":"Shop","item":"https:\/\/headstashseedbank.com\/shop\/"},{"@type":"ListItem","position":3,"name":"Green Bodhi | Sail Haten"}]},{"@type":"WebSite","@id":"https:\/\/headstashseedbank.com\/#website","url":"https:\/\/headstashseedbank.com\/","name":"HeadStash BCN Seed Bank Page","description":"","publisher":{"@id":"https:\/\/headstashseedbank.com\/#organization"},"potentialAction":[{"@type":"SearchAction","target":{"@type":"EntryPoint","urlTemplate":"https:\/\/headstashseedbank.com\/?s={search_term_string}"},"query-input":{"@type":"PropertyValueSpecification","valueRequired":true,"valueName":"search_term_string"}}],"inLanguage":"es"},{"@type":"Organization","@id":"https:\/\/headstashseedbank.com\/#organization","name":"HeadStash BCN","url":"https:\/\/headstashseedbank.com\/","logo":{"@type":"ImageObject","inLanguage":"es","@id":"https:\/\/headstashseedbank.com\/#\/schema\/logo\/image\/","url":"https:\/\/headstashseedbank.com\/wp-content\/uploads\/2022\/09\/cropped-Head-Stash-SB-Logo.png","contentUrl":"https:\/\/headstashseedbank.com\/wp-content\/uploads\/2022\/09\/cropped-Head-Stash-SB-Logo.png","width":512,"height":512,"caption":"HeadStash BCN"},"image":{"@id":"https:\/\/headstashseedbank.com\/#\/schema\/logo\/image\/"}}]}},"brands":[{"id":76,"name":"Green Bodhi","slug":"green-bodhi"}],"_links":{"self":[{"href":"https:\/\/headstashseedbank.com\/es\/wp-json\/wp\/v2\/product\/945","targetHints":{"allow":["GET"]}}],"collection":[{"href":"https:\/\/headstashseedbank.com\/es\/wp-json\/wp\/v2\/product"}],"about":[{"href":"https:\/\/headstashseedbank.com\/es\/wp-json\/wp\/v2\/types\/product"}],"wp:featuredmedia":[{"embeddable":true,"href":"https:\/\/headstashseedbank.com\/es\/wp-json\/wp\/v2\/media\/940"}],"wp:attachment":[{"href":"https:\/\/headstashseedbank.com\/es\/wp-json\/wp\/v2\/media?parent=945"}],"wp:term":[{"taxonomy":"pwb-brand","embeddable":true,"href":"https:\/\/headstashseedbank.com\/es\/wp-json\/wp\/v2\/pwb-brand?post=945"},{"taxonomy":"product_brand","embeddable":true,"href":"https:\/\/headstashseedbank.com\/es\/wp-json\/wp\/v2\/product_brand?post=945"},{"taxonomy":"product_cat","embeddable":true,"href":"https:\/\/headstashseedbank.com\/es\/wp-json\/wp\/v2\/product_cat?post=945"},{"taxonomy":"product_tag","embeddable":true,"href":"https:\/\/headstashseedbank.com\/es\/wp-json\/wp\/v2\/product_tag?post=945"}],"curies":[{"name":"wp","href":"https:\/\/api.w.org\/{rel}","templated":true}]}}