{"id":955,"date":"2023-07-18T14:56:22","date_gmt":"2023-07-18T13:56:22","guid":{"rendered":"https:\/\/headstashseedbank.com\/?post_type=product&#038;p=955"},"modified":"2023-07-18T14:56:22","modified_gmt":"2023-07-18T13:56:22","slug":"green-bodhi-laotian-og-ogla-collection","status":"publish","type":"product","link":"https:\/\/headstashseedbank.com\/es\/producto\/green-bodhi-laotian-og-ogla-collection\/","title":{"rendered":"Green Bodhi | Laotian OG | Colecci\u00f3n OGLA"},"content":{"rendered":"<p>La Laotian OG Regular es una variedad de cannabis especial creada por Green Bodhi, conocida por su experiencia en el desarrollo de variedades \u00fanicas. Esta\u00a0<a title=\"Sativa\" href=\"https:\/\/www.seedsman.com\/eu-en\/cannabis-seeds\/variety\/sativa-strains\" target=\"_self\" rel=\"noopener\">sativa<\/a>-dominante h\u00edbrido combina la gen\u00e9tica de la Laotian Landrace y la OGLA78, dando como resultado una cepa distintiva y cautivadora. La Laotian OG ofrece una experiencia de cultivo adecuada para principiantes, mostrando sus impresionantes rendimientos, crecimiento manejable y alta resistencia al moho. Con su estructura tradicional de OG y sus cogollos densos e incrustados de tricomas, esta variedad es una verdadera delicia para los entusiastas del cannabis.<\/p>\n<h4>Cultivo:<\/h4>\n<p>La Laotian OG exhibe una planta bien estructurada que se adhiere a la morfolog\u00eda tradicional de la OG. Sus cogollos est\u00e1n adornados con tricomas, lo que les da un aspecto brillante. Esta variedad tiene una baja proporci\u00f3n de hojas por cogollo, lo que contribuye a la formaci\u00f3n de cogollos densos y compactos. Cuando se cultiva\u00a0<a title=\"En interiores\" href=\"https:\/\/www.seedsman.com\/eu-en\/cannabis-seeds\/cultivation\/grows-indoors\" target=\"_self\" rel=\"noopener\">en el interior<\/a>La Laotian OG Regular requiere aproximadamente de 56 a 70 d\u00edas desde la semilla hasta la cosecha. Los cultivadores pueden esperar un rendimiento generoso que oscila entre 450 y 600 gramos por metro cuadrado. Al aire libre, en el hemisferio norte, esta cepa se cosecha normalmente en octubre, ofreciendo abundantes rendimientos de 750 gramos o m\u00e1s por planta. Para obtener resultados \u00f3ptimos, se recomienda podar la planta varias veces y utilizar un sistema de espaldera durante el cultivo.<\/p>\n<h4>Sabores y aromas:<\/h4>\n<p>La Laotian OG Regular atrae los sentidos con sus deliciosos sabores y aromas. Al degustar esta variedad, los consumidores se encuentran con un sabor dulce y terroso, acompa\u00f1ado de un sutil toque de incienso. La combinaci\u00f3n de estos sabores crea una experiencia de fumada realmente agradable y \u00fanica. El perfil olfativo de la Laotian OG es igualmente cautivador, exudando un alto nivel de fragancia durante todo el cultivo. Aromas a combustible,\u00a0<a title=\"Haze\" href=\"https:\/\/www.seedsman.com\/eu-en\/cannabis-seeds\/strain-type\/haze\" target=\"_self\" rel=\"noopener\">Haze<\/a>, especias y almizcle se entrelazan, proporcionando una tentadora experiencia olfativa para los conocedores del cannabis.<\/p>\n<h4>Efectos:<\/h4>\n<p>Los efectos de la Laotian OG Regular son predominantemente edificantes, energ\u00e9ticos y concentrados, lo que la convierte en una excelente elecci\u00f3n para el consumo diurno. Con un contenido de THC que oscila entre 16% y 24%, esta cepa ofrece un subid\u00f3n equilibrado y agradable. El bajo contenido de CBD, menos de 1%, contribuye a los efectos energizantes de la cepa. La Laotian OG es conocida por inducir un estado mental l\u00facido y concentrado, perfecto para tareas creativas o para participar en actividades sociales.<\/p>","protected":false},"excerpt":{"rendered":"<table id=\"product-attribute-specs-table\" class=\"data table additional-attributes\">\n<tbody>\n<tr>\n<th class=\"col label\" scope=\"row\">Criador\/Marca<\/th>\n<td class=\"col data\" data-th=\"Breeder\/Brand\">Bodhi verde<\/td>\n<\/tr>\n<tr>\n<th class=\"col label\" scope=\"row\">Talla<\/th>\n<td class=\"col data\" data-th=\"Size\">1049<\/td>\n<\/tr>\n<tr>\n<th class=\"col label\" scope=\"row\">Tama\u00f1o del envase<\/th>\n<td class=\"col data\" data-th=\"Pack Size\">11 Semillas<\/td>\n<\/tr>\n<tr>\n<th class=\"col label\" scope=\"row\">Gen\u00e9tica<\/th>\n<td class=\"col data\" data-th=\"Genetics\">Laotian Land Race x OGLA78<\/td>\n<\/tr>\n<tr>\n<th class=\"col label\" scope=\"row\">Variedad<\/th>\n<td class=\"col data\" data-th=\"Variety\">Sativa dominante<\/td>\n<\/tr>\n<tr>\n<th class=\"col label\" scope=\"row\">Tipo de floraci\u00f3n<\/th>\n<td class=\"col data\" data-th=\"Flowering Type\">Fotoperiodo<\/td>\n<\/tr>\n<tr>\n<th class=\"col label\" scope=\"row\">Sexo<\/th>\n<td class=\"col data\" data-th=\"Sex\">Regular<\/td>\n<\/tr>\n<tr>\n<th class=\"col label\" scope=\"row\">Max. Contenido de THC %<\/th>\n<td class=\"col data\" data-th=\"Max. THC Content %\">hasta 24%<\/td>\n<\/tr>\n<tr>\n<th class=\"col label\" scope=\"row\">Contenido CBD %<\/th>\n<td class=\"col data\" data-th=\"CBD Content %\">Bajo (0-1%)<\/td>\n<\/tr>\n<tr>\n<th class=\"col label\" scope=\"row\">Rendimiento Interior gr\/m2<\/th>\n<td class=\"col data\" data-th=\"Yield Indoor gr\/m2\">Alta (450-600 gr\/m2)<\/td>\n<\/tr>\n<tr>\n<th class=\"col label\" scope=\"row\">Max. Altura de la planta cm<\/th>\n<td class=\"col data\" data-th=\"Max. Plant Height cm\">110 cm<\/td>\n<\/tr>\n<tr>\n<th class=\"col label\" scope=\"row\">Mes de la cosecha del Norte<\/th>\n<td class=\"col data\" data-th=\"Harvest Month Northern\">Octubre<\/td>\n<\/tr>\n<tr>\n<th class=\"col label\" scope=\"row\">Sabor<\/th>\n<td class=\"col data\" data-th=\"Taste\/Flavour\">Dulce, terroso, incienso<\/td>\n<\/tr>\n<tr>\n<th class=\"col label\" scope=\"row\">Efecto<\/th>\n<td class=\"col data\" data-th=\"Effect\">Estimulante, en\u00e9rgico, centrado<\/td>\n<\/tr>\n<tr>\n<th class=\"col label\" scope=\"row\">\u00c9poca de floraci\u00f3n<\/th>\n<td class=\"col data\" data-th=\"Flowering Time\">De 8 a 10 semanas<\/td>\n<\/tr>\n<\/tbody>\n<\/table>","protected":false},"featured_media":940,"template":"","meta":[],"pwb-brand":[76],"product_brand":[],"product_cat":[20,22],"product_tag":[77,89,56],"class_list":{"0":"post-955","1":"product","2":"type-product","3":"status-publish","4":"has-post-thumbnail","6":"pwb-brand-green-bodhi","7":"product_cat-seeds","8":"product_cat-regular","9":"product_tag-green-bodhi","10":"product_tag-laotian-og","11":"product_tag-regular-seeds","13":"entry","14":"has-media","16":"first","17":"instock","18":"taxable","19":"shipping-taxable","20":"purchasable","21":"product-type-simple","22":"has-product-nav","23":"col","24":"span_1_of_3","25":"owp-content-center","26":"owp-thumbs-layout-horizontal","27":"owp-btn-normal","28":"owp-tabs-layout-horizontal","29":"has-no-thumbnails"},"yoast_head":"<!-- This site is optimized with the Yoast SEO plugin v26.1 - https:\/\/yoast.com\/wordpress\/plugins\/seo\/ -->\n<title>Green Bodhi | Laotian OG | OGLA Collection - HeadStash SeedBank<\/title>\n<meta name=\"robots\" content=\"index, follow, max-snippet:-1, max-image-preview:large, max-video-preview:-1\" \/>\n<link rel=\"canonical\" href=\"https:\/\/headstashseedbank.com\/es\/producto\/green-bodhi-laotian-og-ogla-collection\/\" \/>\n<meta property=\"og:locale\" content=\"es_ES\" \/>\n<meta property=\"og:type\" content=\"article\" \/>\n<meta property=\"og:title\" content=\"Green Bodhi | Laotian OG | OGLA Collection - HeadStash SeedBank\" \/>\n<meta property=\"og:description\" content=\"Breeder\/Brand Green Bodhi   Size 1049   Pack Size 11 Seeds   Genetics Laotian Land Race x OGLA78   Variety Sativa Dominant   Flowering Type Photoperiod   Sex Regular   Max. THC Content % up to 24%   CBD Content % Low (0-1%)   Yield Indoor gr\/m2 High (450-600 gr\/m2)   Max. Plant Height cm 110 cm   Harvest Month Northern October   Taste\/Flavour Sweet, earthy, incense   Effect Uplifting, energetic, focused   Flowering Time 8 to 10 weeks\" \/>\n<meta property=\"og:url\" content=\"https:\/\/headstashseedbank.com\/es\/producto\/green-bodhi-laotian-og-ogla-collection\/\" \/>\n<meta property=\"og:site_name\" content=\"HeadStash SeedBank\" \/>\n<meta property=\"og:image\" content=\"https:\/\/headstashseedbank.com\/wp-content\/uploads\/2023\/07\/Page-1-879x1024.png\" \/>\n\t<meta property=\"og:image:width\" content=\"879\" \/>\n\t<meta property=\"og:image:height\" content=\"1024\" \/>\n\t<meta property=\"og:image:type\" content=\"image\/png\" \/>\n<meta name=\"twitter:card\" content=\"summary_large_image\" \/>\n<meta name=\"twitter:label1\" content=\"Tiempo de lectura\" \/>\n\t<meta name=\"twitter:data1\" content=\"2 minutos\" \/>\n<script type=\"application\/ld+json\" class=\"yoast-schema-graph\">{\"@context\":\"https:\/\/schema.org\",\"@graph\":[{\"@type\":\"WebPage\",\"@id\":\"https:\/\/headstashseedbank.com\/product\/green-bodhi-laotian-og-ogla-collection\/\",\"url\":\"https:\/\/headstashseedbank.com\/product\/green-bodhi-laotian-og-ogla-collection\/\",\"name\":\"Green Bodhi | Laotian OG | OGLA Collection - HeadStash SeedBank\",\"isPartOf\":{\"@id\":\"https:\/\/headstashseedbank.com\/#website\"},\"primaryImageOfPage\":{\"@id\":\"https:\/\/headstashseedbank.com\/product\/green-bodhi-laotian-og-ogla-collection\/#primaryimage\"},\"image\":{\"@id\":\"https:\/\/headstashseedbank.com\/product\/green-bodhi-laotian-og-ogla-collection\/#primaryimage\"},\"thumbnailUrl\":\"https:\/\/headstashseedbank.com\/wp-content\/uploads\/2023\/07\/Page-1.png\",\"datePublished\":\"2023-07-18T13:56:22+00:00\",\"breadcrumb\":{\"@id\":\"https:\/\/headstashseedbank.com\/product\/green-bodhi-laotian-og-ogla-collection\/#breadcrumb\"},\"inLanguage\":\"es\",\"potentialAction\":[{\"@type\":\"ReadAction\",\"target\":[\"https:\/\/headstashseedbank.com\/product\/green-bodhi-laotian-og-ogla-collection\/\"]}]},{\"@type\":\"ImageObject\",\"inLanguage\":\"es\",\"@id\":\"https:\/\/headstashseedbank.com\/product\/green-bodhi-laotian-og-ogla-collection\/#primaryimage\",\"url\":\"https:\/\/headstashseedbank.com\/wp-content\/uploads\/2023\/07\/Page-1.png\",\"contentUrl\":\"https:\/\/headstashseedbank.com\/wp-content\/uploads\/2023\/07\/Page-1.png\",\"width\":2327,\"height\":2712},{\"@type\":\"BreadcrumbList\",\"@id\":\"https:\/\/headstashseedbank.com\/product\/green-bodhi-laotian-og-ogla-collection\/#breadcrumb\",\"itemListElement\":[{\"@type\":\"ListItem\",\"position\":1,\"name\":\"Home\",\"item\":\"https:\/\/headstashseedbank.com\/\"},{\"@type\":\"ListItem\",\"position\":2,\"name\":\"Shop\",\"item\":\"https:\/\/headstashseedbank.com\/shop\/\"},{\"@type\":\"ListItem\",\"position\":3,\"name\":\"Green Bodhi | Laotian OG | OGLA Collection\"}]},{\"@type\":\"WebSite\",\"@id\":\"https:\/\/headstashseedbank.com\/#website\",\"url\":\"https:\/\/headstashseedbank.com\/\",\"name\":\"HeadStash BCN Seed Bank Page\",\"description\":\"\",\"publisher\":{\"@id\":\"https:\/\/headstashseedbank.com\/#organization\"},\"potentialAction\":[{\"@type\":\"SearchAction\",\"target\":{\"@type\":\"EntryPoint\",\"urlTemplate\":\"https:\/\/headstashseedbank.com\/?s={search_term_string}\"},\"query-input\":{\"@type\":\"PropertyValueSpecification\",\"valueRequired\":true,\"valueName\":\"search_term_string\"}}],\"inLanguage\":\"es\"},{\"@type\":\"Organization\",\"@id\":\"https:\/\/headstashseedbank.com\/#organization\",\"name\":\"HeadStash BCN\",\"url\":\"https:\/\/headstashseedbank.com\/\",\"logo\":{\"@type\":\"ImageObject\",\"inLanguage\":\"es\",\"@id\":\"https:\/\/headstashseedbank.com\/#\/schema\/logo\/image\/\",\"url\":\"https:\/\/headstashseedbank.com\/wp-content\/uploads\/2022\/09\/cropped-Head-Stash-SB-Logo.png\",\"contentUrl\":\"https:\/\/headstashseedbank.com\/wp-content\/uploads\/2022\/09\/cropped-Head-Stash-SB-Logo.png\",\"width\":512,\"height\":512,\"caption\":\"HeadStash BCN\"},\"image\":{\"@id\":\"https:\/\/headstashseedbank.com\/#\/schema\/logo\/image\/\"}}]}<\/script>\n<!-- \/ Yoast SEO plugin. -->","yoast_head_json":{"title":"Green Bodhi | Laotian OG | OGLA Collection - HeadStash SeedBank","robots":{"index":"index","follow":"follow","max-snippet":"max-snippet:-1","max-image-preview":"max-image-preview:large","max-video-preview":"max-video-preview:-1"},"canonical":"https:\/\/headstashseedbank.com\/es\/producto\/green-bodhi-laotian-og-ogla-collection\/","og_locale":"es_ES","og_type":"article","og_title":"Green Bodhi | Laotian OG | OGLA Collection - HeadStash SeedBank","og_description":"Breeder\/Brand Green Bodhi   Size 1049   Pack Size 11 Seeds   Genetics Laotian Land Race x OGLA78   Variety Sativa Dominant   Flowering Type Photoperiod   Sex Regular   Max. THC Content % up to 24%   CBD Content % Low (0-1%)   Yield Indoor gr\/m2 High (450-600 gr\/m2)   Max. Plant Height cm 110 cm   Harvest Month Northern October   Taste\/Flavour Sweet, earthy, incense   Effect Uplifting, energetic, focused   Flowering Time 8 to 10 weeks","og_url":"https:\/\/headstashseedbank.com\/es\/producto\/green-bodhi-laotian-og-ogla-collection\/","og_site_name":"HeadStash SeedBank","og_image":[{"width":879,"height":1024,"url":"https:\/\/headstashseedbank.com\/wp-content\/uploads\/2023\/07\/Page-1-879x1024.png","type":"image\/png"}],"twitter_card":"summary_large_image","twitter_misc":{"Tiempo de lectura":"2 minutos"},"schema":{"@context":"https:\/\/schema.org","@graph":[{"@type":"WebPage","@id":"https:\/\/headstashseedbank.com\/product\/green-bodhi-laotian-og-ogla-collection\/","url":"https:\/\/headstashseedbank.com\/product\/green-bodhi-laotian-og-ogla-collection\/","name":"Green Bodhi | Laotian OG | OGLA Collection - HeadStash SeedBank","isPartOf":{"@id":"https:\/\/headstashseedbank.com\/#website"},"primaryImageOfPage":{"@id":"https:\/\/headstashseedbank.com\/product\/green-bodhi-laotian-og-ogla-collection\/#primaryimage"},"image":{"@id":"https:\/\/headstashseedbank.com\/product\/green-bodhi-laotian-og-ogla-collection\/#primaryimage"},"thumbnailUrl":"https:\/\/headstashseedbank.com\/wp-content\/uploads\/2023\/07\/Page-1.png","datePublished":"2023-07-18T13:56:22+00:00","breadcrumb":{"@id":"https:\/\/headstashseedbank.com\/product\/green-bodhi-laotian-og-ogla-collection\/#breadcrumb"},"inLanguage":"es","potentialAction":[{"@type":"ReadAction","target":["https:\/\/headstashseedbank.com\/product\/green-bodhi-laotian-og-ogla-collection\/"]}]},{"@type":"ImageObject","inLanguage":"es","@id":"https:\/\/headstashseedbank.com\/product\/green-bodhi-laotian-og-ogla-collection\/#primaryimage","url":"https:\/\/headstashseedbank.com\/wp-content\/uploads\/2023\/07\/Page-1.png","contentUrl":"https:\/\/headstashseedbank.com\/wp-content\/uploads\/2023\/07\/Page-1.png","width":2327,"height":2712},{"@type":"BreadcrumbList","@id":"https:\/\/headstashseedbank.com\/product\/green-bodhi-laotian-og-ogla-collection\/#breadcrumb","itemListElement":[{"@type":"ListItem","position":1,"name":"Home","item":"https:\/\/headstashseedbank.com\/"},{"@type":"ListItem","position":2,"name":"Shop","item":"https:\/\/headstashseedbank.com\/shop\/"},{"@type":"ListItem","position":3,"name":"Green Bodhi | Laotian OG | OGLA Collection"}]},{"@type":"WebSite","@id":"https:\/\/headstashseedbank.com\/#website","url":"https:\/\/headstashseedbank.com\/","name":"HeadStash BCN Seed Bank Page","description":"","publisher":{"@id":"https:\/\/headstashseedbank.com\/#organization"},"potentialAction":[{"@type":"SearchAction","target":{"@type":"EntryPoint","urlTemplate":"https:\/\/headstashseedbank.com\/?s={search_term_string}"},"query-input":{"@type":"PropertyValueSpecification","valueRequired":true,"valueName":"search_term_string"}}],"inLanguage":"es"},{"@type":"Organization","@id":"https:\/\/headstashseedbank.com\/#organization","name":"HeadStash BCN","url":"https:\/\/headstashseedbank.com\/","logo":{"@type":"ImageObject","inLanguage":"es","@id":"https:\/\/headstashseedbank.com\/#\/schema\/logo\/image\/","url":"https:\/\/headstashseedbank.com\/wp-content\/uploads\/2022\/09\/cropped-Head-Stash-SB-Logo.png","contentUrl":"https:\/\/headstashseedbank.com\/wp-content\/uploads\/2022\/09\/cropped-Head-Stash-SB-Logo.png","width":512,"height":512,"caption":"HeadStash BCN"},"image":{"@id":"https:\/\/headstashseedbank.com\/#\/schema\/logo\/image\/"}}]}},"brands":[{"id":76,"name":"Green Bodhi","slug":"green-bodhi"}],"_links":{"self":[{"href":"https:\/\/headstashseedbank.com\/es\/wp-json\/wp\/v2\/product\/955","targetHints":{"allow":["GET"]}}],"collection":[{"href":"https:\/\/headstashseedbank.com\/es\/wp-json\/wp\/v2\/product"}],"about":[{"href":"https:\/\/headstashseedbank.com\/es\/wp-json\/wp\/v2\/types\/product"}],"wp:featuredmedia":[{"embeddable":true,"href":"https:\/\/headstashseedbank.com\/es\/wp-json\/wp\/v2\/media\/940"}],"wp:attachment":[{"href":"https:\/\/headstashseedbank.com\/es\/wp-json\/wp\/v2\/media?parent=955"}],"wp:term":[{"taxonomy":"pwb-brand","embeddable":true,"href":"https:\/\/headstashseedbank.com\/es\/wp-json\/wp\/v2\/pwb-brand?post=955"},{"taxonomy":"product_brand","embeddable":true,"href":"https:\/\/headstashseedbank.com\/es\/wp-json\/wp\/v2\/product_brand?post=955"},{"taxonomy":"product_cat","embeddable":true,"href":"https:\/\/headstashseedbank.com\/es\/wp-json\/wp\/v2\/product_cat?post=955"},{"taxonomy":"product_tag","embeddable":true,"href":"https:\/\/headstashseedbank.com\/es\/wp-json\/wp\/v2\/product_tag?post=955"}],"curies":[{"name":"wp","href":"https:\/\/api.w.org\/{rel}","templated":true}]}}