{"id":956,"date":"2023-07-18T14:59:35","date_gmt":"2023-07-18T13:59:35","guid":{"rendered":"https:\/\/headstashseedbank.com\/?post_type=product&#038;p=956"},"modified":"2024-10-03T14:39:48","modified_gmt":"2024-10-03T13:39:48","slug":"green-bodhi-skywalker-78-ogla-collection","status":"publish","type":"product","link":"https:\/\/headstashseedbank.com\/es\/producto\/green-bodhi-skywalker-78-ogla-collection\/","title":{"rendered":"Bodhi verde | Skywalker 78 | Colecci\u00f3n OGLA"},"content":{"rendered":"<p>Skywalker 78 Regular es una extraordinaria variedad h\u00edbrida de cannabis creada por Green Bodhi. Resultado del cruce del famoso esqueje Skywalker OG con el macho selectivo OGLA78, este cultivar exhibe una combinaci\u00f3n distintiva de sabores, aromas y efectos. Con una resistencia media al moho y una estructura de cogollos densa y compacta, Skywalker 78 es una elecci\u00f3n adecuada para cultivadores principiantes. Esta cepa ofrece una experiencia agradable, y es una excelente opci\u00f3n para aliviar el estr\u00e9s durante todo el d\u00eda.<\/p>\n<h4>Cultivo:<\/h4>\n<p>Skywalker 78 es una variedad de fotoper\u00edodo que requiere un ciclo de luz est\u00e1ndar para la floraci\u00f3n. Se recomienda proporcionar un soporte como enjaulado, entutorado o espaldera, junto con algunos toppings para obtener los mejores resultados. La estructura de esta variedad presenta una formaci\u00f3n de cogollos escalonada, t\u00edpica de su linaje OG. Debido a que s\u00f3lo tiene una resistencia media al moho, se debe tener especial cuidado para mantener un entorno de cultivo favorable, especialmente al final de la floraci\u00f3n.<\/p>\n<p>La floraci\u00f3n suele durar entre 56 y 70 d\u00edas\u00a0<a title=\"En interiores\" href=\"https:\/\/www.seedsman.com\/eu-en\/cannabis-seeds\/cultivation\/grows-indoors\" target=\"_self\" rel=\"noopener\">en el interior<\/a>\u00a0desde la semilla hasta la cosecha, con rendimientos de entre 450 y 600 gr\/m2. Cuando se cultiva al aire libre en el hemisferio norte, Skywalker 78 Regular se puede cosechar en octubre con plantas de exterior que producen m\u00e1s de 750 gramos por planta.<\/p>\n<h4>Sabores y aromas:<\/h4>\n<p>Los sabores y aromas de Skywalker 78 son una atractiva mezcla de combustible, almizcle y dulzor. Esta cepa hereda el robusto combustible y las notas herbales de su progenitora Skywalker OG, complementadas con terpenos OG adicionales y especias ex\u00f3ticas de la OGLA78. La combinaci\u00f3n resultante crea un perfil arom\u00e1tico distintivo que es intrigante.<\/p>\n<h4>Efectos:<\/h4>\n<p>Con un contenido de THC de 25% o superior y niveles de CBD inferiores a 1%, Skywalker 78 Regular ofrece una experiencia potente y completa. Esta cepa es conocida por sus propiedades para aliviar el estr\u00e9s sin causar sedaci\u00f3n excesiva, por lo que es una opci\u00f3n adecuada para el uso diurno. Los efectos de la Skywalker 78 Regular proporcionan un subid\u00f3n equilibrado y agradable, que permite a los usuarios aliviar el estr\u00e9s manteniendo la claridad y la funcionalidad.<\/p>","protected":false},"excerpt":{"rendered":"<table id=\"product-attribute-specs-table\" class=\"data table additional-attributes\">\n<tbody>\n<tr>\n<th class=\"col label\" scope=\"row\">Criador\/Marca<\/th>\n<td class=\"col data\" data-th=\"Breeder\/Brand\">Bodhi verde<\/td>\n<\/tr>\n<tr>\n<th class=\"col label\" scope=\"row\">Tama\u00f1o del envase<\/th>\n<td class=\"col data\" data-th=\"Pack Size\">11 Semillas<\/td>\n<\/tr>\n<tr>\n<th class=\"col label\" scope=\"row\">Gen\u00e9tica<\/th>\n<td class=\"col data\" data-th=\"Genetics\">Skywalker x OGLA78<\/td>\n<\/tr>\n<tr>\n<th class=\"col label\" scope=\"row\">Variedad<\/th>\n<td class=\"col data\" data-th=\"Variety\">H\u00edbrido<\/td>\n<\/tr>\n<tr>\n<th class=\"col label\" scope=\"row\">Tipo de floraci\u00f3n<\/th>\n<td class=\"col data\" data-th=\"Flowering Type\">Fotoperiodo<\/td>\n<\/tr>\n<tr>\n<th class=\"col label\" scope=\"row\">Sexo<\/th>\n<td class=\"col data\" data-th=\"Sex\">Regular<\/td>\n<\/tr>\n<tr>\n<th class=\"col label\" scope=\"row\">Max. Contenido de THC %<\/th>\n<td class=\"col data\" data-th=\"Max. THC Content %\">25%+<\/td>\n<\/tr>\n<tr>\n<th class=\"col label\" scope=\"row\">Contenido CBD %<\/th>\n<td class=\"col data\" data-th=\"CBD Content %\">Bajo (0-1%)<\/td>\n<\/tr>\n<tr>\n<th class=\"col label\" scope=\"row\">Max. Rendimiento Exterior gr\/planta<\/th>\n<td class=\"col data\" data-th=\"Max. Yield Outdoor gr\/plant\">750gr+<\/td>\n<\/tr>\n<tr>\n<th class=\"col label\" scope=\"row\">Rendimiento Interior gr\/m2<\/th>\n<td class=\"col data\" data-th=\"Yield Indoor gr\/m2\">Alta (450-600 gr\/m2)<\/td>\n<\/tr>\n<tr>\n<th class=\"col label\" scope=\"row\">Max. Altura de la planta cm<\/th>\n<td class=\"col data\" data-th=\"Max. Plant Height cm\">120 cm<\/td>\n<\/tr>\n<tr>\n<th class=\"col label\" scope=\"row\">\u00c9poca de floraci\u00f3n<\/th>\n<td class=\"col data\" data-th=\"Flowering Time\">De 8 a 10 semanas<\/td>\n<\/tr>\n<tr>\n<th class=\"col label\" scope=\"row\">Mes de la cosecha del Norte<\/th>\n<td class=\"col data\" data-th=\"Harvest Month Northern\">Octubre<\/td>\n<\/tr>\n<tr>\n<th class=\"col label\" scope=\"row\">Sabor<\/th>\n<td class=\"col data\" data-th=\"Taste\/Flavour\">Combustible, almizcle, dulce<\/td>\n<\/tr>\n<tr>\n<th class=\"col label\" scope=\"row\">Efecto<\/th>\n<td class=\"col data\" data-th=\"Effect\">Perfecto para aliviar el estr\u00e9s sin ser narc\u00f3tico. Se puede fumar todo el d\u00eda.<\/td>\n<\/tr>\n<\/tbody>\n<\/table>","protected":false},"featured_media":940,"template":"","meta":[],"pwb-brand":[76],"product_brand":[],"product_cat":[20,22],"product_tag":[77,56,90],"class_list":{"0":"post-956","1":"product","2":"type-product","3":"status-publish","4":"has-post-thumbnail","6":"pwb-brand-green-bodhi","7":"product_cat-seeds","8":"product_cat-regular","9":"product_tag-green-bodhi","10":"product_tag-regular-seeds","11":"product_tag-skywalker-78","13":"entry","14":"has-media","16":"first","17":"outofstock","18":"taxable","19":"shipping-taxable","20":"purchasable","21":"product-type-simple","22":"has-product-nav","23":"col","24":"span_1_of_3","25":"owp-content-center","26":"owp-thumbs-layout-horizontal","27":"owp-btn-normal","28":"owp-tabs-layout-horizontal","29":"has-no-thumbnails"},"yoast_head":"<!-- This site is optimized with the Yoast SEO plugin v26.1 - https:\/\/yoast.com\/wordpress\/plugins\/seo\/ -->\n<title>Green Bodhi | Skywalker 78 | OGLA Collection - HeadStash SeedBank<\/title>\n<meta name=\"robots\" content=\"index, follow, max-snippet:-1, max-image-preview:large, max-video-preview:-1\" \/>\n<link rel=\"canonical\" href=\"https:\/\/headstashseedbank.com\/es\/producto\/green-bodhi-skywalker-78-ogla-collection\/\" \/>\n<meta property=\"og:locale\" content=\"es_ES\" \/>\n<meta property=\"og:type\" content=\"article\" \/>\n<meta property=\"og:title\" content=\"Green Bodhi | Skywalker 78 | OGLA Collection - HeadStash SeedBank\" \/>\n<meta property=\"og:description\" content=\"Breeder\/Brand Green Bodhi   Pack Size 11 Seeds   Genetics Skywalker x OGLA78   Variety Hybrid   Flowering Type Photoperiod   Sex Regular   Max. THC Content % 25%+   CBD Content % Low (0-1%)   Max. Yield Outdoor gr\/plant 750gr+   Yield Indoor gr\/m2 High (450-600 gr\/m2)   Max. Plant Height cm 120 cm   Flowering Time 8 to 10 weeks   Harvest Month Northern October   Taste\/Flavour Fuel, musk, sweet   Effect Perfect stress-relief without being narcotic. All day smoke.\" \/>\n<meta property=\"og:url\" content=\"https:\/\/headstashseedbank.com\/es\/producto\/green-bodhi-skywalker-78-ogla-collection\/\" \/>\n<meta property=\"og:site_name\" content=\"HeadStash SeedBank\" \/>\n<meta property=\"article:modified_time\" content=\"2024-10-03T13:39:48+00:00\" \/>\n<meta property=\"og:image\" content=\"https:\/\/headstashseedbank.com\/wp-content\/uploads\/2023\/07\/Page-1-879x1024.png\" \/>\n\t<meta property=\"og:image:width\" content=\"879\" \/>\n\t<meta property=\"og:image:height\" content=\"1024\" \/>\n\t<meta property=\"og:image:type\" content=\"image\/png\" \/>\n<meta name=\"twitter:card\" content=\"summary_large_image\" \/>\n<meta name=\"twitter:label1\" content=\"Tiempo de lectura\" \/>\n\t<meta name=\"twitter:data1\" content=\"2 minutos\" \/>\n<script type=\"application\/ld+json\" class=\"yoast-schema-graph\">{\"@context\":\"https:\/\/schema.org\",\"@graph\":[{\"@type\":\"WebPage\",\"@id\":\"https:\/\/headstashseedbank.com\/product\/green-bodhi-skywalker-78-ogla-collection\/\",\"url\":\"https:\/\/headstashseedbank.com\/product\/green-bodhi-skywalker-78-ogla-collection\/\",\"name\":\"Green Bodhi | Skywalker 78 | OGLA Collection - HeadStash SeedBank\",\"isPartOf\":{\"@id\":\"https:\/\/headstashseedbank.com\/#website\"},\"primaryImageOfPage\":{\"@id\":\"https:\/\/headstashseedbank.com\/product\/green-bodhi-skywalker-78-ogla-collection\/#primaryimage\"},\"image\":{\"@id\":\"https:\/\/headstashseedbank.com\/product\/green-bodhi-skywalker-78-ogla-collection\/#primaryimage\"},\"thumbnailUrl\":\"https:\/\/headstashseedbank.com\/wp-content\/uploads\/2023\/07\/Page-1.png\",\"datePublished\":\"2023-07-18T13:59:35+00:00\",\"dateModified\":\"2024-10-03T13:39:48+00:00\",\"breadcrumb\":{\"@id\":\"https:\/\/headstashseedbank.com\/product\/green-bodhi-skywalker-78-ogla-collection\/#breadcrumb\"},\"inLanguage\":\"es\",\"potentialAction\":[{\"@type\":\"ReadAction\",\"target\":[\"https:\/\/headstashseedbank.com\/product\/green-bodhi-skywalker-78-ogla-collection\/\"]}]},{\"@type\":\"ImageObject\",\"inLanguage\":\"es\",\"@id\":\"https:\/\/headstashseedbank.com\/product\/green-bodhi-skywalker-78-ogla-collection\/#primaryimage\",\"url\":\"https:\/\/headstashseedbank.com\/wp-content\/uploads\/2023\/07\/Page-1.png\",\"contentUrl\":\"https:\/\/headstashseedbank.com\/wp-content\/uploads\/2023\/07\/Page-1.png\",\"width\":2327,\"height\":2712},{\"@type\":\"BreadcrumbList\",\"@id\":\"https:\/\/headstashseedbank.com\/product\/green-bodhi-skywalker-78-ogla-collection\/#breadcrumb\",\"itemListElement\":[{\"@type\":\"ListItem\",\"position\":1,\"name\":\"Home\",\"item\":\"https:\/\/headstashseedbank.com\/\"},{\"@type\":\"ListItem\",\"position\":2,\"name\":\"Shop\",\"item\":\"https:\/\/headstashseedbank.com\/shop\/\"},{\"@type\":\"ListItem\",\"position\":3,\"name\":\"Green Bodhi | Skywalker 78 | OGLA Collection\"}]},{\"@type\":\"WebSite\",\"@id\":\"https:\/\/headstashseedbank.com\/#website\",\"url\":\"https:\/\/headstashseedbank.com\/\",\"name\":\"HeadStash BCN Seed Bank Page\",\"description\":\"\",\"publisher\":{\"@id\":\"https:\/\/headstashseedbank.com\/#organization\"},\"potentialAction\":[{\"@type\":\"SearchAction\",\"target\":{\"@type\":\"EntryPoint\",\"urlTemplate\":\"https:\/\/headstashseedbank.com\/?s={search_term_string}\"},\"query-input\":{\"@type\":\"PropertyValueSpecification\",\"valueRequired\":true,\"valueName\":\"search_term_string\"}}],\"inLanguage\":\"es\"},{\"@type\":\"Organization\",\"@id\":\"https:\/\/headstashseedbank.com\/#organization\",\"name\":\"HeadStash BCN\",\"url\":\"https:\/\/headstashseedbank.com\/\",\"logo\":{\"@type\":\"ImageObject\",\"inLanguage\":\"es\",\"@id\":\"https:\/\/headstashseedbank.com\/#\/schema\/logo\/image\/\",\"url\":\"https:\/\/headstashseedbank.com\/wp-content\/uploads\/2022\/09\/cropped-Head-Stash-SB-Logo.png\",\"contentUrl\":\"https:\/\/headstashseedbank.com\/wp-content\/uploads\/2022\/09\/cropped-Head-Stash-SB-Logo.png\",\"width\":512,\"height\":512,\"caption\":\"HeadStash BCN\"},\"image\":{\"@id\":\"https:\/\/headstashseedbank.com\/#\/schema\/logo\/image\/\"}}]}<\/script>\n<!-- \/ Yoast SEO plugin. -->","yoast_head_json":{"title":"Green Bodhi | Skywalker 78 | OGLA Collection - HeadStash SeedBank","robots":{"index":"index","follow":"follow","max-snippet":"max-snippet:-1","max-image-preview":"max-image-preview:large","max-video-preview":"max-video-preview:-1"},"canonical":"https:\/\/headstashseedbank.com\/es\/producto\/green-bodhi-skywalker-78-ogla-collection\/","og_locale":"es_ES","og_type":"article","og_title":"Green Bodhi | Skywalker 78 | OGLA Collection - HeadStash SeedBank","og_description":"Breeder\/Brand Green Bodhi   Pack Size 11 Seeds   Genetics Skywalker x OGLA78   Variety Hybrid   Flowering Type Photoperiod   Sex Regular   Max. THC Content % 25%+   CBD Content % Low (0-1%)   Max. Yield Outdoor gr\/plant 750gr+   Yield Indoor gr\/m2 High (450-600 gr\/m2)   Max. Plant Height cm 120 cm   Flowering Time 8 to 10 weeks   Harvest Month Northern October   Taste\/Flavour Fuel, musk, sweet   Effect Perfect stress-relief without being narcotic. All day smoke.","og_url":"https:\/\/headstashseedbank.com\/es\/producto\/green-bodhi-skywalker-78-ogla-collection\/","og_site_name":"HeadStash SeedBank","article_modified_time":"2024-10-03T13:39:48+00:00","og_image":[{"width":879,"height":1024,"url":"https:\/\/headstashseedbank.com\/wp-content\/uploads\/2023\/07\/Page-1-879x1024.png","type":"image\/png"}],"twitter_card":"summary_large_image","twitter_misc":{"Tiempo de lectura":"2 minutos"},"schema":{"@context":"https:\/\/schema.org","@graph":[{"@type":"WebPage","@id":"https:\/\/headstashseedbank.com\/product\/green-bodhi-skywalker-78-ogla-collection\/","url":"https:\/\/headstashseedbank.com\/product\/green-bodhi-skywalker-78-ogla-collection\/","name":"Green Bodhi | Skywalker 78 | OGLA Collection - HeadStash SeedBank","isPartOf":{"@id":"https:\/\/headstashseedbank.com\/#website"},"primaryImageOfPage":{"@id":"https:\/\/headstashseedbank.com\/product\/green-bodhi-skywalker-78-ogla-collection\/#primaryimage"},"image":{"@id":"https:\/\/headstashseedbank.com\/product\/green-bodhi-skywalker-78-ogla-collection\/#primaryimage"},"thumbnailUrl":"https:\/\/headstashseedbank.com\/wp-content\/uploads\/2023\/07\/Page-1.png","datePublished":"2023-07-18T13:59:35+00:00","dateModified":"2024-10-03T13:39:48+00:00","breadcrumb":{"@id":"https:\/\/headstashseedbank.com\/product\/green-bodhi-skywalker-78-ogla-collection\/#breadcrumb"},"inLanguage":"es","potentialAction":[{"@type":"ReadAction","target":["https:\/\/headstashseedbank.com\/product\/green-bodhi-skywalker-78-ogla-collection\/"]}]},{"@type":"ImageObject","inLanguage":"es","@id":"https:\/\/headstashseedbank.com\/product\/green-bodhi-skywalker-78-ogla-collection\/#primaryimage","url":"https:\/\/headstashseedbank.com\/wp-content\/uploads\/2023\/07\/Page-1.png","contentUrl":"https:\/\/headstashseedbank.com\/wp-content\/uploads\/2023\/07\/Page-1.png","width":2327,"height":2712},{"@type":"BreadcrumbList","@id":"https:\/\/headstashseedbank.com\/product\/green-bodhi-skywalker-78-ogla-collection\/#breadcrumb","itemListElement":[{"@type":"ListItem","position":1,"name":"Home","item":"https:\/\/headstashseedbank.com\/"},{"@type":"ListItem","position":2,"name":"Shop","item":"https:\/\/headstashseedbank.com\/shop\/"},{"@type":"ListItem","position":3,"name":"Green Bodhi | Skywalker 78 | OGLA Collection"}]},{"@type":"WebSite","@id":"https:\/\/headstashseedbank.com\/#website","url":"https:\/\/headstashseedbank.com\/","name":"HeadStash BCN Seed Bank Page","description":"","publisher":{"@id":"https:\/\/headstashseedbank.com\/#organization"},"potentialAction":[{"@type":"SearchAction","target":{"@type":"EntryPoint","urlTemplate":"https:\/\/headstashseedbank.com\/?s={search_term_string}"},"query-input":{"@type":"PropertyValueSpecification","valueRequired":true,"valueName":"search_term_string"}}],"inLanguage":"es"},{"@type":"Organization","@id":"https:\/\/headstashseedbank.com\/#organization","name":"HeadStash BCN","url":"https:\/\/headstashseedbank.com\/","logo":{"@type":"ImageObject","inLanguage":"es","@id":"https:\/\/headstashseedbank.com\/#\/schema\/logo\/image\/","url":"https:\/\/headstashseedbank.com\/wp-content\/uploads\/2022\/09\/cropped-Head-Stash-SB-Logo.png","contentUrl":"https:\/\/headstashseedbank.com\/wp-content\/uploads\/2022\/09\/cropped-Head-Stash-SB-Logo.png","width":512,"height":512,"caption":"HeadStash BCN"},"image":{"@id":"https:\/\/headstashseedbank.com\/#\/schema\/logo\/image\/"}}]}},"brands":[{"id":76,"name":"Green Bodhi","slug":"green-bodhi"}],"_links":{"self":[{"href":"https:\/\/headstashseedbank.com\/es\/wp-json\/wp\/v2\/product\/956","targetHints":{"allow":["GET"]}}],"collection":[{"href":"https:\/\/headstashseedbank.com\/es\/wp-json\/wp\/v2\/product"}],"about":[{"href":"https:\/\/headstashseedbank.com\/es\/wp-json\/wp\/v2\/types\/product"}],"wp:featuredmedia":[{"embeddable":true,"href":"https:\/\/headstashseedbank.com\/es\/wp-json\/wp\/v2\/media\/940"}],"wp:attachment":[{"href":"https:\/\/headstashseedbank.com\/es\/wp-json\/wp\/v2\/media?parent=956"}],"wp:term":[{"taxonomy":"pwb-brand","embeddable":true,"href":"https:\/\/headstashseedbank.com\/es\/wp-json\/wp\/v2\/pwb-brand?post=956"},{"taxonomy":"product_brand","embeddable":true,"href":"https:\/\/headstashseedbank.com\/es\/wp-json\/wp\/v2\/product_brand?post=956"},{"taxonomy":"product_cat","embeddable":true,"href":"https:\/\/headstashseedbank.com\/es\/wp-json\/wp\/v2\/product_cat?post=956"},{"taxonomy":"product_tag","embeddable":true,"href":"https:\/\/headstashseedbank.com\/es\/wp-json\/wp\/v2\/product_tag?post=956"}],"curies":[{"name":"wp","href":"https:\/\/api.w.org\/{rel}","templated":true}]}}