{"id":958,"date":"2023-07-18T15:07:02","date_gmt":"2023-07-18T14:07:02","guid":{"rendered":"https:\/\/headstashseedbank.com\/?post_type=product&#038;p=958"},"modified":"2024-10-02T12:29:08","modified_gmt":"2024-10-02T11:29:08","slug":"green-bodhi-platinum-affie-78-ogla-collection","status":"publish","type":"product","link":"https:\/\/headstashseedbank.com\/es\/producto\/green-bodhi-platinum-affie-78-ogla-collection\/","title":{"rendered":"Bodhi verde | Affie platino 78 | Colecci\u00f3n OGLA"},"content":{"rendered":"<p>Platinum Affie 78 Regular es una variedad h\u00edbrida de cannabis creada por Green Bodhi, que combina la gen\u00e9tica de Platinum GSC y OGLA78. Esta cepa ofrece una experiencia equilibrada, por lo que es adecuada para su consumo a cualquier hora del d\u00eda. Con su nivel de cultivo apto para principiantes y su alta resistencia al moho, Platinum Affie 78 Regular es una excelente elecci\u00f3n tanto para cultivadores novatos como experimentados.<\/p>\n<h4>Cultivo:<\/h4>\n<p>Al cultivar Platinum Affie 78 Regular, se recomienda encarecidamente utilizar t\u00e9cnicas SCROG (Screen of Green) o en espaldera, junto con alg\u00fan ligero topping. Esta variedad presenta un estiramiento bajo durante la fase de floraci\u00f3n, lo que facilita la gesti\u00f3n de su crecimiento. La estructura de la planta de Platinum Affie 78 Regular presenta dos fenotipos distintos. El fenotipo Platinum de tendencia GSC se desarrolla en una planta robusta con colas s\u00f3lidas, incrustadas y grandes. Por otro lado, el fenotipo con tendencia OGLA78 muestra un aspecto OG m\u00e1s achaparrado con una proporci\u00f3n hoja\/flor m\u00e1s baja. En un tiempo de floraci\u00f3n de entre 56 y 70 d\u00edas\u00a0<a title=\"En interiores\" href=\"https:\/\/www.seedsman.com\/eu-en\/cannabis-seeds\/cultivation\/grows-indoors\" target=\"_self\" rel=\"noopener\">en el interior<\/a>\u00a0Los rendimientos son de unos impresionantes 450 - 600 gr\/m2.  Para el cultivo al aire libre en el hemisferio norte, el momento \u00f3ptimo para la cosecha cae en octubre con plantas que rinden 750 gramos o m\u00e1s por planta.<\/p>\n<h4>Sabores y aromas:<\/h4>\n<p>Platinum Affie 78 asalta los sentidos con una amplia gama de sabores y aromas. Su perfil gustativo incluye notas de bayas, canela, especias, tierra, matices herb\u00e1ceos y toques de combustible. Esta rica combinaci\u00f3n de sabores crea una experiencia de fumada muy agradable. A lo largo del cultivo, esta cepa emite un potente aroma, intensificando a\u00fan m\u00e1s el entorno de cultivo, por lo que se recomienda encarecidamente el uso de filtros de carbono.<\/p>\n<h4>Efectos:<\/h4>\n<p>Con un contenido de THC que oscila entre 16% y 24% y un contenido de CBD inferior a 1%, Platinum Affie 78 ofrece una experiencia equilibrada. Los efectos de esta cepa son adecuados para cualquier momento del d\u00eda, permitiendo a los usuarios disfrutar de sus beneficios sin sentirse demasiado sedados o energizados. Proporciona una mezcla armoniosa de relajaci\u00f3n f\u00edsica y claridad mental.<\/p>","protected":false},"excerpt":{"rendered":"<table id=\"product-attribute-specs-table\" class=\"data table additional-attributes\">\n<tbody>\n<tr>\n<th class=\"col label\" scope=\"row\">Criador\/Marca<\/th>\n<td class=\"col data\" data-th=\"Breeder\/Brand\">Bodhi verde<\/td>\n<\/tr>\n<tr>\n<th class=\"col label\" scope=\"row\">Tama\u00f1o del envase<\/th>\n<td class=\"col data\" data-th=\"Pack Size\">11 Semillas<\/td>\n<\/tr>\n<tr>\n<th class=\"col label\" scope=\"row\">Gen\u00e9tica<\/th>\n<td class=\"col data\" data-th=\"Genetics\">Platino GSC x OGLA78<\/td>\n<\/tr>\n<tr>\n<th class=\"col label\" scope=\"row\">Variedad<\/th>\n<td class=\"col data\" data-th=\"Variety\">H\u00edbrido<\/td>\n<\/tr>\n<tr>\n<th class=\"col label\" scope=\"row\">Tipo de floraci\u00f3n<\/th>\n<td class=\"col data\" data-th=\"Flowering Type\">Fotoperiodo<\/td>\n<\/tr>\n<tr>\n<th class=\"col label\" scope=\"row\">Sexo<\/th>\n<td class=\"col data\" data-th=\"Sex\">Regular<\/td>\n<\/tr>\n<tr>\n<th class=\"col label\" scope=\"row\">Max. Contenido de THC %<\/th>\n<td class=\"col data\" data-th=\"Max. THC Content %\">hasta 24%<\/td>\n<\/tr>\n<tr>\n<th class=\"col label\" scope=\"row\">Contenido CBD %<\/th>\n<td class=\"col data\" data-th=\"CBD Content %\">Bajo (0-1%)<\/td>\n<\/tr>\n<tr>\n<th class=\"col label\" scope=\"row\">Rendimiento Interior gr\/m2<\/th>\n<td class=\"col data\" data-th=\"Yield Indoor gr\/m2\">Alta (450-600 gr\/m2)<\/td>\n<\/tr>\n<tr>\n<th class=\"col label\" scope=\"row\">Max. Altura de la planta cm<\/th>\n<td class=\"col data\" data-th=\"Max. Plant Height cm\">120 cm<\/td>\n<\/tr>\n<tr>\n<th class=\"col label\" scope=\"row\">Mes de la cosecha del Norte<\/th>\n<td class=\"col data\" data-th=\"Harvest Month Northern\">Octubre<\/td>\n<\/tr>\n<tr>\n<th class=\"col label\" scope=\"row\">Sabor<\/th>\n<td class=\"col data\" data-th=\"Taste\/Flavour\">Bayas, qu\u00edmica, especias, terroso, hierbas, combustible<\/td>\n<\/tr>\n<tr>\n<th class=\"col label\" scope=\"row\">Efecto<\/th>\n<td class=\"col data\" data-th=\"Effect\">bien equilibrado<\/td>\n<\/tr>\n<tr>\n<th class=\"col label\" scope=\"row\">\u00c9poca de floraci\u00f3n<\/th>\n<td class=\"col data\" data-th=\"Flowering Time\">De 8 a 10 semanas<\/td>\n<\/tr>\n<\/tbody>\n<\/table>","protected":false},"featured_media":940,"template":"","meta":[],"pwb-brand":[76],"product_brand":[],"product_cat":[20,22],"product_tag":[77,92,56],"class_list":{"0":"post-958","1":"product","2":"type-product","3":"status-publish","4":"has-post-thumbnail","6":"pwb-brand-green-bodhi","7":"product_cat-seeds","8":"product_cat-regular","9":"product_tag-green-bodhi","10":"product_tag-platinum-affie-78","11":"product_tag-regular-seeds","13":"entry","14":"has-media","16":"first","17":"instock","18":"taxable","19":"shipping-taxable","20":"purchasable","21":"product-type-simple","22":"has-product-nav","23":"col","24":"span_1_of_3","25":"owp-content-center","26":"owp-thumbs-layout-horizontal","27":"owp-btn-normal","28":"owp-tabs-layout-horizontal","29":"has-no-thumbnails"},"yoast_head":"<!-- This site is optimized with the Yoast SEO plugin v26.1 - https:\/\/yoast.com\/wordpress\/plugins\/seo\/ -->\n<title>Green Bodhi | Platinum Affie 78 | OGLA Collection - HeadStash SeedBank<\/title>\n<meta name=\"robots\" content=\"index, follow, max-snippet:-1, max-image-preview:large, max-video-preview:-1\" \/>\n<link rel=\"canonical\" href=\"https:\/\/headstashseedbank.com\/es\/producto\/green-bodhi-platinum-affie-78-ogla-collection\/\" \/>\n<meta property=\"og:locale\" content=\"es_ES\" \/>\n<meta property=\"og:type\" content=\"article\" \/>\n<meta property=\"og:title\" content=\"Green Bodhi | Platinum Affie 78 | OGLA Collection - HeadStash SeedBank\" \/>\n<meta property=\"og:description\" content=\"Breeder\/Brand Green Bodhi   Pack Size 11 Seeds   Genetics Platinum GSC x OGLA78   Variety Hybrid   Flowering Type Photoperiod   Sex Regular   Max. THC Content % up to 24%   CBD Content % Low (0-1%)   Yield Indoor gr\/m2 High (450-600 gr\/m2)   Max. Plant Height cm 120 cm   Harvest Month Northern October   Taste\/Flavour Berry, chem, spice, earthy, herbal, fuel   Effect well-balanced   Flowering Time 8 to 10 weeks\" \/>\n<meta property=\"og:url\" content=\"https:\/\/headstashseedbank.com\/es\/producto\/green-bodhi-platinum-affie-78-ogla-collection\/\" \/>\n<meta property=\"og:site_name\" content=\"HeadStash SeedBank\" \/>\n<meta property=\"article:modified_time\" content=\"2024-10-02T11:29:08+00:00\" \/>\n<meta property=\"og:image\" content=\"https:\/\/headstashseedbank.com\/wp-content\/uploads\/2023\/07\/Page-1-879x1024.png\" \/>\n\t<meta property=\"og:image:width\" content=\"879\" \/>\n\t<meta property=\"og:image:height\" content=\"1024\" \/>\n\t<meta property=\"og:image:type\" content=\"image\/png\" \/>\n<meta name=\"twitter:card\" content=\"summary_large_image\" \/>\n<meta name=\"twitter:label1\" content=\"Tiempo de lectura\" \/>\n\t<meta name=\"twitter:data1\" content=\"2 minutos\" \/>\n<script type=\"application\/ld+json\" class=\"yoast-schema-graph\">{\"@context\":\"https:\/\/schema.org\",\"@graph\":[{\"@type\":\"WebPage\",\"@id\":\"https:\/\/headstashseedbank.com\/product\/green-bodhi-platinum-affie-78-ogla-collection\/\",\"url\":\"https:\/\/headstashseedbank.com\/product\/green-bodhi-platinum-affie-78-ogla-collection\/\",\"name\":\"Green Bodhi | Platinum Affie 78 | OGLA Collection - HeadStash SeedBank\",\"isPartOf\":{\"@id\":\"https:\/\/headstashseedbank.com\/#website\"},\"primaryImageOfPage\":{\"@id\":\"https:\/\/headstashseedbank.com\/product\/green-bodhi-platinum-affie-78-ogla-collection\/#primaryimage\"},\"image\":{\"@id\":\"https:\/\/headstashseedbank.com\/product\/green-bodhi-platinum-affie-78-ogla-collection\/#primaryimage\"},\"thumbnailUrl\":\"https:\/\/headstashseedbank.com\/wp-content\/uploads\/2023\/07\/Page-1.png\",\"datePublished\":\"2023-07-18T14:07:02+00:00\",\"dateModified\":\"2024-10-02T11:29:08+00:00\",\"breadcrumb\":{\"@id\":\"https:\/\/headstashseedbank.com\/product\/green-bodhi-platinum-affie-78-ogla-collection\/#breadcrumb\"},\"inLanguage\":\"es\",\"potentialAction\":[{\"@type\":\"ReadAction\",\"target\":[\"https:\/\/headstashseedbank.com\/product\/green-bodhi-platinum-affie-78-ogla-collection\/\"]}]},{\"@type\":\"ImageObject\",\"inLanguage\":\"es\",\"@id\":\"https:\/\/headstashseedbank.com\/product\/green-bodhi-platinum-affie-78-ogla-collection\/#primaryimage\",\"url\":\"https:\/\/headstashseedbank.com\/wp-content\/uploads\/2023\/07\/Page-1.png\",\"contentUrl\":\"https:\/\/headstashseedbank.com\/wp-content\/uploads\/2023\/07\/Page-1.png\",\"width\":2327,\"height\":2712},{\"@type\":\"BreadcrumbList\",\"@id\":\"https:\/\/headstashseedbank.com\/product\/green-bodhi-platinum-affie-78-ogla-collection\/#breadcrumb\",\"itemListElement\":[{\"@type\":\"ListItem\",\"position\":1,\"name\":\"Home\",\"item\":\"https:\/\/headstashseedbank.com\/\"},{\"@type\":\"ListItem\",\"position\":2,\"name\":\"Shop\",\"item\":\"https:\/\/headstashseedbank.com\/shop\/\"},{\"@type\":\"ListItem\",\"position\":3,\"name\":\"Green Bodhi | Platinum Affie 78 | OGLA Collection\"}]},{\"@type\":\"WebSite\",\"@id\":\"https:\/\/headstashseedbank.com\/#website\",\"url\":\"https:\/\/headstashseedbank.com\/\",\"name\":\"HeadStash BCN Seed Bank Page\",\"description\":\"\",\"publisher\":{\"@id\":\"https:\/\/headstashseedbank.com\/#organization\"},\"potentialAction\":[{\"@type\":\"SearchAction\",\"target\":{\"@type\":\"EntryPoint\",\"urlTemplate\":\"https:\/\/headstashseedbank.com\/?s={search_term_string}\"},\"query-input\":{\"@type\":\"PropertyValueSpecification\",\"valueRequired\":true,\"valueName\":\"search_term_string\"}}],\"inLanguage\":\"es\"},{\"@type\":\"Organization\",\"@id\":\"https:\/\/headstashseedbank.com\/#organization\",\"name\":\"HeadStash BCN\",\"url\":\"https:\/\/headstashseedbank.com\/\",\"logo\":{\"@type\":\"ImageObject\",\"inLanguage\":\"es\",\"@id\":\"https:\/\/headstashseedbank.com\/#\/schema\/logo\/image\/\",\"url\":\"https:\/\/headstashseedbank.com\/wp-content\/uploads\/2022\/09\/cropped-Head-Stash-SB-Logo.png\",\"contentUrl\":\"https:\/\/headstashseedbank.com\/wp-content\/uploads\/2022\/09\/cropped-Head-Stash-SB-Logo.png\",\"width\":512,\"height\":512,\"caption\":\"HeadStash BCN\"},\"image\":{\"@id\":\"https:\/\/headstashseedbank.com\/#\/schema\/logo\/image\/\"}}]}<\/script>\n<!-- \/ Yoast SEO plugin. -->","yoast_head_json":{"title":"Green Bodhi | Platinum Affie 78 | OGLA Collection - HeadStash SeedBank","robots":{"index":"index","follow":"follow","max-snippet":"max-snippet:-1","max-image-preview":"max-image-preview:large","max-video-preview":"max-video-preview:-1"},"canonical":"https:\/\/headstashseedbank.com\/es\/producto\/green-bodhi-platinum-affie-78-ogla-collection\/","og_locale":"es_ES","og_type":"article","og_title":"Green Bodhi | Platinum Affie 78 | OGLA Collection - HeadStash SeedBank","og_description":"Breeder\/Brand Green Bodhi   Pack Size 11 Seeds   Genetics Platinum GSC x OGLA78   Variety Hybrid   Flowering Type Photoperiod   Sex Regular   Max. THC Content % up to 24%   CBD Content % Low (0-1%)   Yield Indoor gr\/m2 High (450-600 gr\/m2)   Max. Plant Height cm 120 cm   Harvest Month Northern October   Taste\/Flavour Berry, chem, spice, earthy, herbal, fuel   Effect well-balanced   Flowering Time 8 to 10 weeks","og_url":"https:\/\/headstashseedbank.com\/es\/producto\/green-bodhi-platinum-affie-78-ogla-collection\/","og_site_name":"HeadStash SeedBank","article_modified_time":"2024-10-02T11:29:08+00:00","og_image":[{"width":879,"height":1024,"url":"https:\/\/headstashseedbank.com\/wp-content\/uploads\/2023\/07\/Page-1-879x1024.png","type":"image\/png"}],"twitter_card":"summary_large_image","twitter_misc":{"Tiempo de lectura":"2 minutos"},"schema":{"@context":"https:\/\/schema.org","@graph":[{"@type":"WebPage","@id":"https:\/\/headstashseedbank.com\/product\/green-bodhi-platinum-affie-78-ogla-collection\/","url":"https:\/\/headstashseedbank.com\/product\/green-bodhi-platinum-affie-78-ogla-collection\/","name":"Green Bodhi | Platinum Affie 78 | OGLA Collection - HeadStash SeedBank","isPartOf":{"@id":"https:\/\/headstashseedbank.com\/#website"},"primaryImageOfPage":{"@id":"https:\/\/headstashseedbank.com\/product\/green-bodhi-platinum-affie-78-ogla-collection\/#primaryimage"},"image":{"@id":"https:\/\/headstashseedbank.com\/product\/green-bodhi-platinum-affie-78-ogla-collection\/#primaryimage"},"thumbnailUrl":"https:\/\/headstashseedbank.com\/wp-content\/uploads\/2023\/07\/Page-1.png","datePublished":"2023-07-18T14:07:02+00:00","dateModified":"2024-10-02T11:29:08+00:00","breadcrumb":{"@id":"https:\/\/headstashseedbank.com\/product\/green-bodhi-platinum-affie-78-ogla-collection\/#breadcrumb"},"inLanguage":"es","potentialAction":[{"@type":"ReadAction","target":["https:\/\/headstashseedbank.com\/product\/green-bodhi-platinum-affie-78-ogla-collection\/"]}]},{"@type":"ImageObject","inLanguage":"es","@id":"https:\/\/headstashseedbank.com\/product\/green-bodhi-platinum-affie-78-ogla-collection\/#primaryimage","url":"https:\/\/headstashseedbank.com\/wp-content\/uploads\/2023\/07\/Page-1.png","contentUrl":"https:\/\/headstashseedbank.com\/wp-content\/uploads\/2023\/07\/Page-1.png","width":2327,"height":2712},{"@type":"BreadcrumbList","@id":"https:\/\/headstashseedbank.com\/product\/green-bodhi-platinum-affie-78-ogla-collection\/#breadcrumb","itemListElement":[{"@type":"ListItem","position":1,"name":"Home","item":"https:\/\/headstashseedbank.com\/"},{"@type":"ListItem","position":2,"name":"Shop","item":"https:\/\/headstashseedbank.com\/shop\/"},{"@type":"ListItem","position":3,"name":"Green Bodhi | Platinum Affie 78 | OGLA Collection"}]},{"@type":"WebSite","@id":"https:\/\/headstashseedbank.com\/#website","url":"https:\/\/headstashseedbank.com\/","name":"HeadStash BCN Seed Bank Page","description":"","publisher":{"@id":"https:\/\/headstashseedbank.com\/#organization"},"potentialAction":[{"@type":"SearchAction","target":{"@type":"EntryPoint","urlTemplate":"https:\/\/headstashseedbank.com\/?s={search_term_string}"},"query-input":{"@type":"PropertyValueSpecification","valueRequired":true,"valueName":"search_term_string"}}],"inLanguage":"es"},{"@type":"Organization","@id":"https:\/\/headstashseedbank.com\/#organization","name":"HeadStash BCN","url":"https:\/\/headstashseedbank.com\/","logo":{"@type":"ImageObject","inLanguage":"es","@id":"https:\/\/headstashseedbank.com\/#\/schema\/logo\/image\/","url":"https:\/\/headstashseedbank.com\/wp-content\/uploads\/2022\/09\/cropped-Head-Stash-SB-Logo.png","contentUrl":"https:\/\/headstashseedbank.com\/wp-content\/uploads\/2022\/09\/cropped-Head-Stash-SB-Logo.png","width":512,"height":512,"caption":"HeadStash BCN"},"image":{"@id":"https:\/\/headstashseedbank.com\/#\/schema\/logo\/image\/"}}]}},"brands":[{"id":76,"name":"Green Bodhi","slug":"green-bodhi"}],"_links":{"self":[{"href":"https:\/\/headstashseedbank.com\/es\/wp-json\/wp\/v2\/product\/958","targetHints":{"allow":["GET"]}}],"collection":[{"href":"https:\/\/headstashseedbank.com\/es\/wp-json\/wp\/v2\/product"}],"about":[{"href":"https:\/\/headstashseedbank.com\/es\/wp-json\/wp\/v2\/types\/product"}],"wp:featuredmedia":[{"embeddable":true,"href":"https:\/\/headstashseedbank.com\/es\/wp-json\/wp\/v2\/media\/940"}],"wp:attachment":[{"href":"https:\/\/headstashseedbank.com\/es\/wp-json\/wp\/v2\/media?parent=958"}],"wp:term":[{"taxonomy":"pwb-brand","embeddable":true,"href":"https:\/\/headstashseedbank.com\/es\/wp-json\/wp\/v2\/pwb-brand?post=958"},{"taxonomy":"product_brand","embeddable":true,"href":"https:\/\/headstashseedbank.com\/es\/wp-json\/wp\/v2\/product_brand?post=958"},{"taxonomy":"product_cat","embeddable":true,"href":"https:\/\/headstashseedbank.com\/es\/wp-json\/wp\/v2\/product_cat?post=958"},{"taxonomy":"product_tag","embeddable":true,"href":"https:\/\/headstashseedbank.com\/es\/wp-json\/wp\/v2\/product_tag?post=958"}],"curies":[{"name":"wp","href":"https:\/\/api.w.org\/{rel}","templated":true}]}}