{"id":96,"date":"2022-08-31T16:59:32","date_gmt":"2022-08-31T15:59:32","guid":{"rendered":"https:\/\/headstashseedbank.com\/?post_type=product&#038;p=96"},"modified":"2025-08-14T06:46:33","modified_gmt":"2025-08-14T05:46:33","slug":"karma-genetics-sour-melon-regular-seeds","status":"publish","type":"product","link":"https:\/\/headstashseedbank.com\/es\/producto\/karma-genetics-sour-melon-regular-seeds\/","title":{"rendered":"Karma Genetics | Sour Melon | Semillas Regulares"},"content":{"rendered":"<p><b>Mel\u00f3n \u00e1cido\u00a0<\/b>de\u00a0<b>Karma Gen\u00e9tica\u00a0<\/b>es una nueva variedad de cannabis derivada de un cruce de\u00a0<b>KG Melon Cut x KG Sour D BX<\/b>.<\/p>\n<p>Este cruce es una fusi\u00f3n de dos de las variedades m\u00e1s populares de Karma Genetics y ha sido largamente esperado por los fanboys.<br \/>\nLos cultivadores legales pueden esperar plantas fuertes y prol\u00edficas con flores verde claro y hojas verde oscuro. Una gran productora, Sour Melon puede ser empujada por cultivadores experimentados para conseguir enormes cosechas. Tambi\u00e9n produce mucha resina, lo que la convierte en una gran elecci\u00f3n para los artistas de las extracciones.<\/p>\n<p>Los sabores y aromas son fuertes y pronunciados, con fruta \u00e1cida y sobremadurada y un dulzor gaseoso. Una aut\u00e9ntica sinfon\u00eda de sabores que se complementan a la perfecci\u00f3n.<br \/>\nLos efectos son fuertes y robustos, como la mayor\u00eda de las obras de Karma. Una cepa especial que seguramente ser\u00e1 popular entre los conocedores.<\/p>\n<p>Sour Melon ya est\u00e1 disponible en paquetes de 12 semillas de cannabis regulares.<\/p>\n<p><strong>LAS SEMILLAS S\u00d3LO SE VENDEN COMO NOVEDAD<\/strong><\/p>\n<p>&nbsp;<\/p>","protected":false},"excerpt":{"rendered":"<table id=\"product-attribute-specs-table\" class=\"data table additional-attributes\">\n<tbody>\n<tr>\n<th class=\"col label\" scope=\"row\">Marca<\/th>\n<td class=\"col data\" data-th=\"Brand\">Karma Gen\u00e9tica<\/td>\n<\/tr>\n<tr>\n<th class=\"col label\" scope=\"row\">Tama\u00f1o del envase<\/th>\n<td class=\"col data\" data-th=\"Pack Size\">12 semillas por paquete<\/td>\n<\/tr>\n<tr>\n<th class=\"col label\" scope=\"row\">Interior \/ Exterior<\/th>\n<td class=\"col data\" data-th=\"Indoor \/ Outdoor\">Interior \/ Exterior<\/td>\n<\/tr>\n<tr>\n<th class=\"col label\" scope=\"row\">\u00c9poca de floraci\u00f3n<\/th>\n<td class=\"col data\" data-th=\"Flowering Time\">8-11 semanas<\/td>\n<\/tr>\n<tr>\n<th class=\"col label\" scope=\"row\">Gen\u00e9tica<\/th>\n<td class=\"col data\" data-th=\"Genetics\">H\u00edbrido<\/td>\n<\/tr>\n<tr>\n<th class=\"col label\" scope=\"row\">Linaje<\/th>\n<td class=\"col data\" data-th=\"Lineage\">KG Mel\u00f3n cortado x KG Sour D Bx<\/td>\n<\/tr>\n<tr>\n<th class=\"col label\" scope=\"row\">Rendimiento<\/th>\n<td class=\"col data\" data-th=\"Yield\">Media a alta<\/td>\n<\/tr>\n<tr>\n<th class=\"col label\" scope=\"row\">Tipo de semilla<\/th>\n<td class=\"col data\" data-th=\"Seed Type\">Regular<\/td>\n<\/tr>\n<\/tbody>\n<\/table>","protected":false},"featured_media":83,"template":"","meta":[],"pwb-brand":[29],"product_brand":[],"product_cat":[20,22],"product_tag":[],"class_list":{"0":"post-96","1":"product","2":"type-product","3":"status-publish","4":"has-post-thumbnail","6":"pwb-brand-karma-genetics","7":"product_cat-seeds","8":"product_cat-regular","10":"entry","11":"has-media","13":"first","14":"outofstock","15":"taxable","16":"shipping-taxable","17":"purchasable","18":"product-type-simple","19":"has-product-nav","20":"col","21":"span_1_of_3","22":"owp-content-center","23":"owp-thumbs-layout-horizontal","24":"owp-btn-normal","25":"owp-tabs-layout-horizontal","26":"has-no-thumbnails"},"yoast_head":"<!-- This site is optimized with the Yoast SEO plugin v26.1 - https:\/\/yoast.com\/wordpress\/plugins\/seo\/ -->\n<title>Karma Genetics | Sour Melon | Regular Seeds - HeadStash SeedBank<\/title>\n<meta name=\"robots\" content=\"index, follow, max-snippet:-1, max-image-preview:large, max-video-preview:-1\" \/>\n<link rel=\"canonical\" href=\"https:\/\/headstashseedbank.com\/es\/producto\/karma-genetics-sour-melon-regular-seeds\/\" \/>\n<meta property=\"og:locale\" content=\"es_ES\" \/>\n<meta property=\"og:type\" content=\"article\" \/>\n<meta property=\"og:title\" content=\"Karma Genetics | Sour Melon | Regular Seeds - HeadStash SeedBank\" \/>\n<meta property=\"og:description\" content=\"Brand Karma Genetics   Pack Size 12 Seeds Per Pack   Indoor \/ Outdoor Indoor \/ Outdoor   Flowering Time 8-11 Weeks   Genetics Hybrid   Lineage KG Melon cut x KG Sour D Bx   Yield Medium to High   Seed Type Regular\" \/>\n<meta property=\"og:url\" content=\"https:\/\/headstashseedbank.com\/es\/producto\/karma-genetics-sour-melon-regular-seeds\/\" \/>\n<meta property=\"og:site_name\" content=\"HeadStash SeedBank\" \/>\n<meta property=\"article:modified_time\" content=\"2025-08-14T05:46:33+00:00\" \/>\n<meta property=\"og:image\" content=\"https:\/\/headstashseedbank.com\/wp-content\/uploads\/2022\/08\/Karma-Genetics-Archive-Product.jpg\" \/>\n\t<meta property=\"og:image:width\" content=\"720\" \/>\n\t<meta property=\"og:image:height\" content=\"720\" \/>\n\t<meta property=\"og:image:type\" content=\"image\/jpeg\" \/>\n<meta name=\"twitter:card\" content=\"summary_large_image\" \/>\n<meta name=\"twitter:label1\" content=\"Tiempo de lectura\" \/>\n\t<meta name=\"twitter:data1\" content=\"1 minuto\" \/>\n<script type=\"application\/ld+json\" class=\"yoast-schema-graph\">{\"@context\":\"https:\/\/schema.org\",\"@graph\":[{\"@type\":\"WebPage\",\"@id\":\"https:\/\/headstashseedbank.com\/product\/karma-genetics-sour-melon-regular-seeds\/\",\"url\":\"https:\/\/headstashseedbank.com\/product\/karma-genetics-sour-melon-regular-seeds\/\",\"name\":\"Karma Genetics | Sour Melon | Regular Seeds - HeadStash SeedBank\",\"isPartOf\":{\"@id\":\"https:\/\/headstashseedbank.com\/#website\"},\"primaryImageOfPage\":{\"@id\":\"https:\/\/headstashseedbank.com\/product\/karma-genetics-sour-melon-regular-seeds\/#primaryimage\"},\"image\":{\"@id\":\"https:\/\/headstashseedbank.com\/product\/karma-genetics-sour-melon-regular-seeds\/#primaryimage\"},\"thumbnailUrl\":\"https:\/\/headstashseedbank.com\/wp-content\/uploads\/2022\/08\/Karma-Genetics-Archive-Product.jpg\",\"datePublished\":\"2022-08-31T15:59:32+00:00\",\"dateModified\":\"2025-08-14T05:46:33+00:00\",\"breadcrumb\":{\"@id\":\"https:\/\/headstashseedbank.com\/product\/karma-genetics-sour-melon-regular-seeds\/#breadcrumb\"},\"inLanguage\":\"es\",\"potentialAction\":[{\"@type\":\"ReadAction\",\"target\":[\"https:\/\/headstashseedbank.com\/product\/karma-genetics-sour-melon-regular-seeds\/\"]}]},{\"@type\":\"ImageObject\",\"inLanguage\":\"es\",\"@id\":\"https:\/\/headstashseedbank.com\/product\/karma-genetics-sour-melon-regular-seeds\/#primaryimage\",\"url\":\"https:\/\/headstashseedbank.com\/wp-content\/uploads\/2022\/08\/Karma-Genetics-Archive-Product.jpg\",\"contentUrl\":\"https:\/\/headstashseedbank.com\/wp-content\/uploads\/2022\/08\/Karma-Genetics-Archive-Product.jpg\",\"width\":720,\"height\":720},{\"@type\":\"BreadcrumbList\",\"@id\":\"https:\/\/headstashseedbank.com\/product\/karma-genetics-sour-melon-regular-seeds\/#breadcrumb\",\"itemListElement\":[{\"@type\":\"ListItem\",\"position\":1,\"name\":\"Home\",\"item\":\"https:\/\/headstashseedbank.com\/\"},{\"@type\":\"ListItem\",\"position\":2,\"name\":\"Shop\",\"item\":\"https:\/\/headstashseedbank.com\/shop\/\"},{\"@type\":\"ListItem\",\"position\":3,\"name\":\"Karma Genetics | Sour Melon | Regular Seeds\"}]},{\"@type\":\"WebSite\",\"@id\":\"https:\/\/headstashseedbank.com\/#website\",\"url\":\"https:\/\/headstashseedbank.com\/\",\"name\":\"HeadStash BCN Seed Bank Page\",\"description\":\"\",\"publisher\":{\"@id\":\"https:\/\/headstashseedbank.com\/#organization\"},\"potentialAction\":[{\"@type\":\"SearchAction\",\"target\":{\"@type\":\"EntryPoint\",\"urlTemplate\":\"https:\/\/headstashseedbank.com\/?s={search_term_string}\"},\"query-input\":{\"@type\":\"PropertyValueSpecification\",\"valueRequired\":true,\"valueName\":\"search_term_string\"}}],\"inLanguage\":\"es\"},{\"@type\":\"Organization\",\"@id\":\"https:\/\/headstashseedbank.com\/#organization\",\"name\":\"HeadStash BCN\",\"url\":\"https:\/\/headstashseedbank.com\/\",\"logo\":{\"@type\":\"ImageObject\",\"inLanguage\":\"es\",\"@id\":\"https:\/\/headstashseedbank.com\/#\/schema\/logo\/image\/\",\"url\":\"https:\/\/headstashseedbank.com\/wp-content\/uploads\/2022\/09\/cropped-Head-Stash-SB-Logo.png\",\"contentUrl\":\"https:\/\/headstashseedbank.com\/wp-content\/uploads\/2022\/09\/cropped-Head-Stash-SB-Logo.png\",\"width\":512,\"height\":512,\"caption\":\"HeadStash BCN\"},\"image\":{\"@id\":\"https:\/\/headstashseedbank.com\/#\/schema\/logo\/image\/\"}}]}<\/script>\n<!-- \/ Yoast SEO plugin. -->","yoast_head_json":{"title":"Karma Genetics | Sour Melon | Regular Seeds - HeadStash SeedBank","robots":{"index":"index","follow":"follow","max-snippet":"max-snippet:-1","max-image-preview":"max-image-preview:large","max-video-preview":"max-video-preview:-1"},"canonical":"https:\/\/headstashseedbank.com\/es\/producto\/karma-genetics-sour-melon-regular-seeds\/","og_locale":"es_ES","og_type":"article","og_title":"Karma Genetics | Sour Melon | Regular Seeds - HeadStash SeedBank","og_description":"Brand Karma Genetics   Pack Size 12 Seeds Per Pack   Indoor \/ Outdoor Indoor \/ Outdoor   Flowering Time 8-11 Weeks   Genetics Hybrid   Lineage KG Melon cut x KG Sour D Bx   Yield Medium to High   Seed Type Regular","og_url":"https:\/\/headstashseedbank.com\/es\/producto\/karma-genetics-sour-melon-regular-seeds\/","og_site_name":"HeadStash SeedBank","article_modified_time":"2025-08-14T05:46:33+00:00","og_image":[{"width":720,"height":720,"url":"https:\/\/headstashseedbank.com\/wp-content\/uploads\/2022\/08\/Karma-Genetics-Archive-Product.jpg","type":"image\/jpeg"}],"twitter_card":"summary_large_image","twitter_misc":{"Tiempo de lectura":"1 minuto"},"schema":{"@context":"https:\/\/schema.org","@graph":[{"@type":"WebPage","@id":"https:\/\/headstashseedbank.com\/product\/karma-genetics-sour-melon-regular-seeds\/","url":"https:\/\/headstashseedbank.com\/product\/karma-genetics-sour-melon-regular-seeds\/","name":"Karma Genetics | Sour Melon | Regular Seeds - HeadStash SeedBank","isPartOf":{"@id":"https:\/\/headstashseedbank.com\/#website"},"primaryImageOfPage":{"@id":"https:\/\/headstashseedbank.com\/product\/karma-genetics-sour-melon-regular-seeds\/#primaryimage"},"image":{"@id":"https:\/\/headstashseedbank.com\/product\/karma-genetics-sour-melon-regular-seeds\/#primaryimage"},"thumbnailUrl":"https:\/\/headstashseedbank.com\/wp-content\/uploads\/2022\/08\/Karma-Genetics-Archive-Product.jpg","datePublished":"2022-08-31T15:59:32+00:00","dateModified":"2025-08-14T05:46:33+00:00","breadcrumb":{"@id":"https:\/\/headstashseedbank.com\/product\/karma-genetics-sour-melon-regular-seeds\/#breadcrumb"},"inLanguage":"es","potentialAction":[{"@type":"ReadAction","target":["https:\/\/headstashseedbank.com\/product\/karma-genetics-sour-melon-regular-seeds\/"]}]},{"@type":"ImageObject","inLanguage":"es","@id":"https:\/\/headstashseedbank.com\/product\/karma-genetics-sour-melon-regular-seeds\/#primaryimage","url":"https:\/\/headstashseedbank.com\/wp-content\/uploads\/2022\/08\/Karma-Genetics-Archive-Product.jpg","contentUrl":"https:\/\/headstashseedbank.com\/wp-content\/uploads\/2022\/08\/Karma-Genetics-Archive-Product.jpg","width":720,"height":720},{"@type":"BreadcrumbList","@id":"https:\/\/headstashseedbank.com\/product\/karma-genetics-sour-melon-regular-seeds\/#breadcrumb","itemListElement":[{"@type":"ListItem","position":1,"name":"Home","item":"https:\/\/headstashseedbank.com\/"},{"@type":"ListItem","position":2,"name":"Shop","item":"https:\/\/headstashseedbank.com\/shop\/"},{"@type":"ListItem","position":3,"name":"Karma Genetics | Sour Melon | Regular Seeds"}]},{"@type":"WebSite","@id":"https:\/\/headstashseedbank.com\/#website","url":"https:\/\/headstashseedbank.com\/","name":"HeadStash BCN Seed Bank Page","description":"","publisher":{"@id":"https:\/\/headstashseedbank.com\/#organization"},"potentialAction":[{"@type":"SearchAction","target":{"@type":"EntryPoint","urlTemplate":"https:\/\/headstashseedbank.com\/?s={search_term_string}"},"query-input":{"@type":"PropertyValueSpecification","valueRequired":true,"valueName":"search_term_string"}}],"inLanguage":"es"},{"@type":"Organization","@id":"https:\/\/headstashseedbank.com\/#organization","name":"HeadStash BCN","url":"https:\/\/headstashseedbank.com\/","logo":{"@type":"ImageObject","inLanguage":"es","@id":"https:\/\/headstashseedbank.com\/#\/schema\/logo\/image\/","url":"https:\/\/headstashseedbank.com\/wp-content\/uploads\/2022\/09\/cropped-Head-Stash-SB-Logo.png","contentUrl":"https:\/\/headstashseedbank.com\/wp-content\/uploads\/2022\/09\/cropped-Head-Stash-SB-Logo.png","width":512,"height":512,"caption":"HeadStash BCN"},"image":{"@id":"https:\/\/headstashseedbank.com\/#\/schema\/logo\/image\/"}}]}},"brands":[{"id":29,"name":"Karma Genetics","slug":"karma-genetics"}],"_links":{"self":[{"href":"https:\/\/headstashseedbank.com\/es\/wp-json\/wp\/v2\/product\/96","targetHints":{"allow":["GET"]}}],"collection":[{"href":"https:\/\/headstashseedbank.com\/es\/wp-json\/wp\/v2\/product"}],"about":[{"href":"https:\/\/headstashseedbank.com\/es\/wp-json\/wp\/v2\/types\/product"}],"wp:featuredmedia":[{"embeddable":true,"href":"https:\/\/headstashseedbank.com\/es\/wp-json\/wp\/v2\/media\/83"}],"wp:attachment":[{"href":"https:\/\/headstashseedbank.com\/es\/wp-json\/wp\/v2\/media?parent=96"}],"wp:term":[{"taxonomy":"pwb-brand","embeddable":true,"href":"https:\/\/headstashseedbank.com\/es\/wp-json\/wp\/v2\/pwb-brand?post=96"},{"taxonomy":"product_brand","embeddable":true,"href":"https:\/\/headstashseedbank.com\/es\/wp-json\/wp\/v2\/product_brand?post=96"},{"taxonomy":"product_cat","embeddable":true,"href":"https:\/\/headstashseedbank.com\/es\/wp-json\/wp\/v2\/product_cat?post=96"},{"taxonomy":"product_tag","embeddable":true,"href":"https:\/\/headstashseedbank.com\/es\/wp-json\/wp\/v2\/product_tag?post=96"}],"curies":[{"name":"wp","href":"https:\/\/api.w.org\/{rel}","templated":true}]}}