{"id":965,"date":"2023-07-18T15:31:12","date_gmt":"2023-07-18T14:31:12","guid":{"rendered":"https:\/\/headstashseedbank.com\/?post_type=product&#038;p=965"},"modified":"2024-11-23T17:22:52","modified_gmt":"2024-11-23T16:22:52","slug":"green-bodhi-sour-chem-ogcd-collection","status":"publish","type":"product","link":"https:\/\/headstashseedbank.com\/es\/producto\/green-bodhi-sour-chem-ogcd-collection\/","title":{"rendered":"Green Bodhi | Sour Chem | Colecci\u00f3n OGCD"},"content":{"rendered":"<p>Tomamos la Sour OG, un cultivar procedente de Espa\u00f1a, una creaci\u00f3n de nuestros amigos de Mamiko seeds a nuestra selecta OGCD78 Male. Esto dio lugar a una fuerte mezcla de sabores de lim\u00f3n, gas, chem cl\u00e1sico, con matices de skunk.<\/p>","protected":false},"excerpt":{"rendered":"<p><strong>Linaje<\/strong><\/p>\n<p>Sour OG x OGCD78<\/p>\n<p><strong>\u00c9poca de floraci\u00f3n<\/strong><\/p>\n<p>63-68 d\u00edas<\/p>\n<p><strong>Rendimiento<\/strong><\/p>\n<p>4-6 oz por planta<\/p>\n<p><strong>Estructura<\/strong><\/p>\n<p>Otra pesada estructura OG con grandes y densas colas principales y secundarias. Relaci\u00f3n hoja\/flor baja. Hermosa corona en todas las flores. Estiramiento medio.<\/p>\n<p><strong>Notas de cultivo<\/strong><\/p>\n<p>Es preferible cultivarla con el apoyo de tutores o enrejados.<\/p>","protected":false},"featured_media":940,"template":"","meta":[],"pwb-brand":[76],"product_brand":[],"product_cat":[20,22],"product_tag":[77,56,99],"class_list":{"0":"post-965","1":"product","2":"type-product","3":"status-publish","4":"has-post-thumbnail","6":"pwb-brand-green-bodhi","7":"product_cat-seeds","8":"product_cat-regular","9":"product_tag-green-bodhi","10":"product_tag-regular-seeds","11":"product_tag-sour-chem-78","13":"entry","14":"has-media","16":"first","17":"instock","18":"taxable","19":"shipping-taxable","20":"purchasable","21":"product-type-simple","22":"has-product-nav","23":"col","24":"span_1_of_3","25":"owp-content-center","26":"owp-thumbs-layout-horizontal","27":"owp-btn-normal","28":"owp-tabs-layout-horizontal","29":"has-no-thumbnails"},"yoast_head":"<!-- This site is optimized with the Yoast SEO plugin v26.1 - https:\/\/yoast.com\/wordpress\/plugins\/seo\/ -->\n<title>Green Bodhi | Sour Chem | OGCD Collection - HeadStash SeedBank<\/title>\n<meta name=\"robots\" content=\"index, follow, max-snippet:-1, max-image-preview:large, max-video-preview:-1\" \/>\n<link rel=\"canonical\" href=\"https:\/\/headstashseedbank.com\/es\/producto\/green-bodhi-sour-chem-ogcd-collection\/\" \/>\n<meta property=\"og:locale\" content=\"es_ES\" \/>\n<meta property=\"og:type\" content=\"article\" \/>\n<meta property=\"og:title\" content=\"Green Bodhi | Sour Chem | OGCD Collection - HeadStash SeedBank\" \/>\n<meta property=\"og:description\" content=\"Lineage  Sour OG x OGCD78  Flowering Time  63-68 days  Yield  4-6 oz per plant  Structure  Another heavy OG structure with large dense main and secondary colas. Low leaf to flower ratio. Beautiful crowning on all flowers. Medium Stretch.  Growing Notes  Best to grow with support of stakes or trellising.\" \/>\n<meta property=\"og:url\" content=\"https:\/\/headstashseedbank.com\/es\/producto\/green-bodhi-sour-chem-ogcd-collection\/\" \/>\n<meta property=\"og:site_name\" content=\"HeadStash SeedBank\" \/>\n<meta property=\"article:modified_time\" content=\"2024-11-23T16:22:52+00:00\" \/>\n<meta property=\"og:image\" content=\"https:\/\/headstashseedbank.com\/wp-content\/uploads\/2023\/07\/Page-1-879x1024.png\" \/>\n\t<meta property=\"og:image:width\" content=\"879\" \/>\n\t<meta property=\"og:image:height\" content=\"1024\" \/>\n\t<meta property=\"og:image:type\" content=\"image\/png\" \/>\n<meta name=\"twitter:card\" content=\"summary_large_image\" \/>\n<meta name=\"twitter:label1\" content=\"Tiempo de lectura\" \/>\n\t<meta name=\"twitter:data1\" content=\"1 minuto\" \/>\n<script type=\"application\/ld+json\" class=\"yoast-schema-graph\">{\"@context\":\"https:\/\/schema.org\",\"@graph\":[{\"@type\":\"WebPage\",\"@id\":\"https:\/\/headstashseedbank.com\/product\/green-bodhi-sour-chem-ogcd-collection\/\",\"url\":\"https:\/\/headstashseedbank.com\/product\/green-bodhi-sour-chem-ogcd-collection\/\",\"name\":\"Green Bodhi | Sour Chem | OGCD Collection - HeadStash SeedBank\",\"isPartOf\":{\"@id\":\"https:\/\/headstashseedbank.com\/#website\"},\"primaryImageOfPage\":{\"@id\":\"https:\/\/headstashseedbank.com\/product\/green-bodhi-sour-chem-ogcd-collection\/#primaryimage\"},\"image\":{\"@id\":\"https:\/\/headstashseedbank.com\/product\/green-bodhi-sour-chem-ogcd-collection\/#primaryimage\"},\"thumbnailUrl\":\"https:\/\/headstashseedbank.com\/wp-content\/uploads\/2023\/07\/Page-1.png\",\"datePublished\":\"2023-07-18T14:31:12+00:00\",\"dateModified\":\"2024-11-23T16:22:52+00:00\",\"breadcrumb\":{\"@id\":\"https:\/\/headstashseedbank.com\/product\/green-bodhi-sour-chem-ogcd-collection\/#breadcrumb\"},\"inLanguage\":\"es\",\"potentialAction\":[{\"@type\":\"ReadAction\",\"target\":[\"https:\/\/headstashseedbank.com\/product\/green-bodhi-sour-chem-ogcd-collection\/\"]}]},{\"@type\":\"ImageObject\",\"inLanguage\":\"es\",\"@id\":\"https:\/\/headstashseedbank.com\/product\/green-bodhi-sour-chem-ogcd-collection\/#primaryimage\",\"url\":\"https:\/\/headstashseedbank.com\/wp-content\/uploads\/2023\/07\/Page-1.png\",\"contentUrl\":\"https:\/\/headstashseedbank.com\/wp-content\/uploads\/2023\/07\/Page-1.png\",\"width\":2327,\"height\":2712},{\"@type\":\"BreadcrumbList\",\"@id\":\"https:\/\/headstashseedbank.com\/product\/green-bodhi-sour-chem-ogcd-collection\/#breadcrumb\",\"itemListElement\":[{\"@type\":\"ListItem\",\"position\":1,\"name\":\"Home\",\"item\":\"https:\/\/headstashseedbank.com\/\"},{\"@type\":\"ListItem\",\"position\":2,\"name\":\"Shop\",\"item\":\"https:\/\/headstashseedbank.com\/shop\/\"},{\"@type\":\"ListItem\",\"position\":3,\"name\":\"Green Bodhi | Sour Chem | OGCD Collection\"}]},{\"@type\":\"WebSite\",\"@id\":\"https:\/\/headstashseedbank.com\/#website\",\"url\":\"https:\/\/headstashseedbank.com\/\",\"name\":\"HeadStash BCN Seed Bank Page\",\"description\":\"\",\"publisher\":{\"@id\":\"https:\/\/headstashseedbank.com\/#organization\"},\"potentialAction\":[{\"@type\":\"SearchAction\",\"target\":{\"@type\":\"EntryPoint\",\"urlTemplate\":\"https:\/\/headstashseedbank.com\/?s={search_term_string}\"},\"query-input\":{\"@type\":\"PropertyValueSpecification\",\"valueRequired\":true,\"valueName\":\"search_term_string\"}}],\"inLanguage\":\"es\"},{\"@type\":\"Organization\",\"@id\":\"https:\/\/headstashseedbank.com\/#organization\",\"name\":\"HeadStash BCN\",\"url\":\"https:\/\/headstashseedbank.com\/\",\"logo\":{\"@type\":\"ImageObject\",\"inLanguage\":\"es\",\"@id\":\"https:\/\/headstashseedbank.com\/#\/schema\/logo\/image\/\",\"url\":\"https:\/\/headstashseedbank.com\/wp-content\/uploads\/2022\/09\/cropped-Head-Stash-SB-Logo.png\",\"contentUrl\":\"https:\/\/headstashseedbank.com\/wp-content\/uploads\/2022\/09\/cropped-Head-Stash-SB-Logo.png\",\"width\":512,\"height\":512,\"caption\":\"HeadStash BCN\"},\"image\":{\"@id\":\"https:\/\/headstashseedbank.com\/#\/schema\/logo\/image\/\"}}]}<\/script>\n<!-- \/ Yoast SEO plugin. -->","yoast_head_json":{"title":"Green Bodhi | Sour Chem | OGCD Collection - HeadStash SeedBank","robots":{"index":"index","follow":"follow","max-snippet":"max-snippet:-1","max-image-preview":"max-image-preview:large","max-video-preview":"max-video-preview:-1"},"canonical":"https:\/\/headstashseedbank.com\/es\/producto\/green-bodhi-sour-chem-ogcd-collection\/","og_locale":"es_ES","og_type":"article","og_title":"Green Bodhi | Sour Chem | OGCD Collection - HeadStash SeedBank","og_description":"Lineage  Sour OG x OGCD78  Flowering Time  63-68 days  Yield  4-6 oz per plant  Structure  Another heavy OG structure with large dense main and secondary colas. Low leaf to flower ratio. Beautiful crowning on all flowers. Medium Stretch.  Growing Notes  Best to grow with support of stakes or trellising.","og_url":"https:\/\/headstashseedbank.com\/es\/producto\/green-bodhi-sour-chem-ogcd-collection\/","og_site_name":"HeadStash SeedBank","article_modified_time":"2024-11-23T16:22:52+00:00","og_image":[{"width":879,"height":1024,"url":"https:\/\/headstashseedbank.com\/wp-content\/uploads\/2023\/07\/Page-1-879x1024.png","type":"image\/png"}],"twitter_card":"summary_large_image","twitter_misc":{"Tiempo de lectura":"1 minuto"},"schema":{"@context":"https:\/\/schema.org","@graph":[{"@type":"WebPage","@id":"https:\/\/headstashseedbank.com\/product\/green-bodhi-sour-chem-ogcd-collection\/","url":"https:\/\/headstashseedbank.com\/product\/green-bodhi-sour-chem-ogcd-collection\/","name":"Green Bodhi | Sour Chem | OGCD Collection - HeadStash SeedBank","isPartOf":{"@id":"https:\/\/headstashseedbank.com\/#website"},"primaryImageOfPage":{"@id":"https:\/\/headstashseedbank.com\/product\/green-bodhi-sour-chem-ogcd-collection\/#primaryimage"},"image":{"@id":"https:\/\/headstashseedbank.com\/product\/green-bodhi-sour-chem-ogcd-collection\/#primaryimage"},"thumbnailUrl":"https:\/\/headstashseedbank.com\/wp-content\/uploads\/2023\/07\/Page-1.png","datePublished":"2023-07-18T14:31:12+00:00","dateModified":"2024-11-23T16:22:52+00:00","breadcrumb":{"@id":"https:\/\/headstashseedbank.com\/product\/green-bodhi-sour-chem-ogcd-collection\/#breadcrumb"},"inLanguage":"es","potentialAction":[{"@type":"ReadAction","target":["https:\/\/headstashseedbank.com\/product\/green-bodhi-sour-chem-ogcd-collection\/"]}]},{"@type":"ImageObject","inLanguage":"es","@id":"https:\/\/headstashseedbank.com\/product\/green-bodhi-sour-chem-ogcd-collection\/#primaryimage","url":"https:\/\/headstashseedbank.com\/wp-content\/uploads\/2023\/07\/Page-1.png","contentUrl":"https:\/\/headstashseedbank.com\/wp-content\/uploads\/2023\/07\/Page-1.png","width":2327,"height":2712},{"@type":"BreadcrumbList","@id":"https:\/\/headstashseedbank.com\/product\/green-bodhi-sour-chem-ogcd-collection\/#breadcrumb","itemListElement":[{"@type":"ListItem","position":1,"name":"Home","item":"https:\/\/headstashseedbank.com\/"},{"@type":"ListItem","position":2,"name":"Shop","item":"https:\/\/headstashseedbank.com\/shop\/"},{"@type":"ListItem","position":3,"name":"Green Bodhi | Sour Chem | OGCD Collection"}]},{"@type":"WebSite","@id":"https:\/\/headstashseedbank.com\/#website","url":"https:\/\/headstashseedbank.com\/","name":"HeadStash BCN Seed Bank Page","description":"","publisher":{"@id":"https:\/\/headstashseedbank.com\/#organization"},"potentialAction":[{"@type":"SearchAction","target":{"@type":"EntryPoint","urlTemplate":"https:\/\/headstashseedbank.com\/?s={search_term_string}"},"query-input":{"@type":"PropertyValueSpecification","valueRequired":true,"valueName":"search_term_string"}}],"inLanguage":"es"},{"@type":"Organization","@id":"https:\/\/headstashseedbank.com\/#organization","name":"HeadStash BCN","url":"https:\/\/headstashseedbank.com\/","logo":{"@type":"ImageObject","inLanguage":"es","@id":"https:\/\/headstashseedbank.com\/#\/schema\/logo\/image\/","url":"https:\/\/headstashseedbank.com\/wp-content\/uploads\/2022\/09\/cropped-Head-Stash-SB-Logo.png","contentUrl":"https:\/\/headstashseedbank.com\/wp-content\/uploads\/2022\/09\/cropped-Head-Stash-SB-Logo.png","width":512,"height":512,"caption":"HeadStash BCN"},"image":{"@id":"https:\/\/headstashseedbank.com\/#\/schema\/logo\/image\/"}}]}},"brands":[{"id":76,"name":"Green Bodhi","slug":"green-bodhi"}],"_links":{"self":[{"href":"https:\/\/headstashseedbank.com\/es\/wp-json\/wp\/v2\/product\/965","targetHints":{"allow":["GET"]}}],"collection":[{"href":"https:\/\/headstashseedbank.com\/es\/wp-json\/wp\/v2\/product"}],"about":[{"href":"https:\/\/headstashseedbank.com\/es\/wp-json\/wp\/v2\/types\/product"}],"wp:featuredmedia":[{"embeddable":true,"href":"https:\/\/headstashseedbank.com\/es\/wp-json\/wp\/v2\/media\/940"}],"wp:attachment":[{"href":"https:\/\/headstashseedbank.com\/es\/wp-json\/wp\/v2\/media?parent=965"}],"wp:term":[{"taxonomy":"pwb-brand","embeddable":true,"href":"https:\/\/headstashseedbank.com\/es\/wp-json\/wp\/v2\/pwb-brand?post=965"},{"taxonomy":"product_brand","embeddable":true,"href":"https:\/\/headstashseedbank.com\/es\/wp-json\/wp\/v2\/product_brand?post=965"},{"taxonomy":"product_cat","embeddable":true,"href":"https:\/\/headstashseedbank.com\/es\/wp-json\/wp\/v2\/product_cat?post=965"},{"taxonomy":"product_tag","embeddable":true,"href":"https:\/\/headstashseedbank.com\/es\/wp-json\/wp\/v2\/product_tag?post=965"}],"curies":[{"name":"wp","href":"https:\/\/api.w.org\/{rel}","templated":true}]}}